
{"id":898,"date":"2023-11-08T09:23:05","date_gmt":"2023-11-08T12:23:05","guid":{"rendered":"https:\/\/eventos.uenp.edu.br\/soletras\/?page_id=898"},"modified":"2023-11-21T11:18:18","modified_gmt":"2023-11-21T14:18:18","slug":"home","status":"publish","type":"page","link":"https:\/\/eventos.uenp.edu.br\/soletras\/","title":{"rendered":"Home"},"content":{"rendered":"<p style=\"text-align: justify;\">\u00a0 \u00a0 De natureza h\u00edbrida, o Semin\u00e1rio de Inicia\u00e7\u00e3o Cient\u00edfica Estudos Lingu\u00edsticos e Liter\u00e1rios \u2013 S\u00f3Letras, em sua XIV edi\u00e7\u00e3o, busca promover a produ\u00e7\u00e3o cient\u00edfica de docentes e discentes, dos Grupos de Pesquisa dos Cursos de Letras, do Centro de Letras, Comunica\u00e7\u00e3o e Artes da UENP\/CJ e sua divulga\u00e7\u00e3o oral, impressa e eletr\u00f4nica, para socializar resultados de pesquisas e pr\u00e1ticas educativas na \u00e1rea dos estudos lingu\u00edsticos e liter\u00e1rios, em seus di\u00e1logos com outros campos do conhecimento. Al\u00e9m disso, objetiva fomentar discuss\u00f5es sobre L\u00edngua Brasileira de Sinais, promovendo-a em seus espa\u00e7os. Pretende-se, assim, que o evento seja democr\u00e1tico e inclusivo, de forma a criar um ambiente prop\u00edcio para trocas de saberes entre pesquisadores, estudantes e profissionais de diferentes \u00e1reas que t\u00eam as l\u00ednguas estrangeiras, a l\u00edngua portuguesa, a l\u00edngua brasileira de sinais, a lingu\u00edstica e a literatura como preocupa\u00e7\u00e3o. Nessa perspectiva, espera-se despertar, em toda a comunidade acad\u00eamica, a import\u00e2ncia do cultivo da pesquisa para a forma\u00e7\u00e3o profissional, cujos frutos convergem para a possibilidade de interven\u00e7\u00e3o cr\u00edtica e criativa na realidade sociocultural local, regional, nacional e internacional.<\/p>\n<p style=\"text-align: justify;\">\u00a0 \u00a0 Nesse enfoque, prop\u00f5e discuss\u00f5es sobre g\u00eaneros discursivos\/textuais, rela\u00e7\u00e3o teoria\/pr\u00e1tica \u2013 a pr\u00e1xis, no ensino de l\u00ednguas, por meio de confer\u00eancias, mesas-redondas, minicursos, oficinas e apresenta\u00e7\u00f5es de trabalhos (comunica\u00e7\u00e3o oral). De forma dial\u00f3gica e transdisciplinar, o evento objetiva expandir o conhecimento acad\u00eamico-cient\u00edfico de alunos da gradua\u00e7\u00e3o e da p\u00f3s-gradua\u00e7\u00e3o, aperfei\u00e7oando, ainda, os saberes profissionais de docentes que atuam no ensino fundamental e m\u00e9dio.<\/p>\n<p style=\"text-align: justify;\">\u00a0 \u00a0 Com a reuni\u00e3o de estudiosos da \u00e1rea de G\u00eaneros Discursivos\/Textuais, Ensino de L\u00edngua Portuguesa e outras linguagens e Forma\u00e7\u00e3o Docente, pretende-se, ent\u00e3o, fomentar a socializa\u00e7\u00e3o de saberes e a intera\u00e7\u00e3o entre os participantes, estabelecendo, assim, um prof\u00edcuo e dial\u00e9tico di\u00e1logo, que culmine em significativas reflex\u00f5es sobre a tem\u00e1tica abordada e o desafio docente de criar as condi\u00e7\u00f5es para que o estudante, situado e significado, possa engajar-se criticamente ao processo de transforma\u00e7\u00e3o da realidade social, econ\u00f4mica e pol\u00edtica de seu contexto hist\u00f3rico-social. O Evento realizar-se-\u00e1 no per\u00edodo de 06 a 08 de fevereiro de 2024, no Centro de Letras, Comunica\u00e7\u00e3o e Artes (CLCA), da Universidade Estadual do Norte do Paran\u00e1 (UENP) campus Jacarezinho no Anfiteatro do PDE.<\/p>\n","protected":false},"excerpt":{"rendered":"","protected":false},"author":1,"featured_media":0,"parent":0,"menu_order":0,"comment_status":"closed","ping_status":"closed","template":"","meta":{"footnotes":""},"class_list":["post-898","page","type-page","status-publish","hentry"],"_links":{"self":[{"href":"https:\/\/eventos.uenp.edu.br\/soletras\/wp-json\/wp\/v2\/pages\/898","targetHints":{"allow":["GET"]}}],"collection":[{"href":"https:\/\/eventos.uenp.edu.br\/soletras\/wp-json\/wp\/v2\/pages"}],"about":[{"href":"https:\/\/eventos.uenp.edu.br\/soletras\/wp-json\/wp\/v2\/types\/page"}],"author":[{"embeddable":true,"href":"https:\/\/eventos.uenp.edu.br\/soletras\/wp-json\/wp\/v2\/users\/1"}],"replies":[{"embeddable":true,"href":"https:\/\/eventos.uenp.edu.br\/soletras\/wp-json\/wp\/v2\/comments?post=898"}],"version-history":[{"count":7,"href":"https:\/\/eventos.uenp.edu.br\/soletras\/wp-json\/wp\/v2\/pages\/898\/revisions"}],"predecessor-version":[{"id":1114,"href":"https:\/\/eventos.uenp.edu.br\/soletras\/wp-json\/wp\/v2\/pages\/898\/revisions\/1114"}],"wp:attachment":[{"href":"https:\/\/eventos.uenp.edu.br\/soletras\/wp-json\/wp\/v2\/media?parent=898"}],"curies":[{"name":"wp","href":"https:\/\/api.w.org\/{rel}","templated":true}]}}