
{"id":791,"date":"2023-11-07T10:00:30","date_gmt":"2023-11-07T13:00:30","guid":{"rendered":"https:\/\/eventos.uenp.edu.br\/soletras\/?page_id=791"},"modified":"2023-12-11T09:14:07","modified_gmt":"2023-12-11T12:14:07","slug":"certificados","status":"publish","type":"page","link":"https:\/\/eventos.uenp.edu.br\/soletras\/xiv-soletras\/certificados\/","title":{"rendered":"Minicursos"},"content":{"rendered":"<hr \/>\n<p><strong>[1]\u00a0 Implica\u00e7\u00f5es do ingl\u00eas como l\u00edngua franca na educa\u00e7\u00e3o.<\/strong><\/p>\n<p>Profa. Ma. Fernanda de C\u00e1ssia Miranda e alunos do primeiro letras\/ingl\u00eas \u2013 (CLCA \u2013 UENP\/CJ)<\/p>\n<hr \/>\n<p><strong>[2]\u00a0 Tecnologias na educa\u00e7\u00e3o: contribui\u00e7\u00f5es das metodologias ativas no trabalho docente para uma aprendizagem<\/strong><br \/>\n<strong>significativa<\/strong><\/p>\n<p>Prof. Dr. F\u00e1bio Antonio Gabriel (CLCA \u2013 UENP\/CJ)<\/p>\n<hr \/>\n<p><strong>[3]\u00a0 Leitura de literatura em sala de aula: desafios e possibilidades<\/strong><\/p>\n<p>Profa. Dra. Rafaela Stopa (CLCA \u2013 UENP\/CJ)<br \/>\nProfa. Dra. Valdirene Barbosa de Ara\u00fajo Batista (CLCA \u2013 UENP\/CJ)<\/p>\n<hr \/>\n<p><strong>[4]\u00a0 Adult\u00e9rio na Literatura<\/strong><\/p>\n<p>Prof. Esp. M\u00f4nica de Aguiar Moreira Garbelini (CLCA \u2013 UENP\/CJ).<br \/>\nProfa. Dra. Tania Regina Montanha Toledo Scoparo (CLCA \u2013 UENP\/CJ).<br \/>\nDiscentes do quarto ano Letras \u2013 Portugu\u00eas\/Ingl\u00eas \u2013 (CLCA \u2013 UENP\/CJ)<\/p>\n<hr \/>\n<p><strong>[5]\u00a0 Tecnologias digitais de informa\u00e7\u00e3o e comunica\u00e7\u00e3o (TDIC) no ensino de l\u00ednguas<\/strong><\/p>\n<p>Prof. Mdo William Messias Secco (Paran\u00e1 Fala Idiomas \u2013 Ingl\u00eas -CRI\/UENP).<br \/>\nProfa Mda Fernanda Tamarozzi de Oliveira (Paran\u00e1 Fala Idiomas \u2013 Espanhol-CRI\/UENP)<\/p>\n<hr \/>\n<p><strong>[6]\u00a0 Leitura de diversos g\u00eaneros textuais em sala de aula<\/strong><\/p>\n<p>Profa. Esp. Vanessa Aparecida Duarte Almeida (GP Leitura e Ensino &#8211; CLCA &#8211; UENP\/CJ).<\/p>\n<hr \/>\n<p><strong>[7]\u00a0 Artigo de opini\u00e3o no vestibular: processo de cria\u00e7\u00e3o e recep\u00e7\u00e3o<\/strong><\/p>\n<p>Prof. Dr. Luiz Antonio Xavier Dias (CLCA \u2013 UENP\/CJ) e alunos do primeiro ano Letras\/Ingl\u00eas<\/p>\n<hr \/>\n<p><strong>[8] &#8211; CANVA NA EDUCA\u00c7\u00c3O BIL\u00cdNGUE: ESTRAT\u00c9GIAS VISUAIS E INCLUSIVAS PARA SURDOS<\/strong><\/p>\n<p>Prof. Esp. Everton Diego Lisboa (CAS &#8211; SEED -PR)<\/p>\n<hr \/>\n<p><strong>[9] &#8211; QUE HIST\u00d3RIA \u00c9 ESSA? LUDONARRAR PARA ENGAJAR<\/strong><\/p>\n<p>Prof. Dr. David Jos\u00e9 de Andrade Silva (IFPR\/Campus Jacarezinho)<\/p>\n","protected":false},"excerpt":{"rendered":"","protected":false},"author":1,"featured_media":0,"parent":783,"menu_order":0,"comment_status":"closed","ping_status":"closed","template":"","meta":{"footnotes":""},"class_list":["post-791","page","type-page","status-publish","hentry"],"_links":{"self":[{"href":"https:\/\/eventos.uenp.edu.br\/soletras\/wp-json\/wp\/v2\/pages\/791","targetHints":{"allow":["GET"]}}],"collection":[{"href":"https:\/\/eventos.uenp.edu.br\/soletras\/wp-json\/wp\/v2\/pages"}],"about":[{"href":"https:\/\/eventos.uenp.edu.br\/soletras\/wp-json\/wp\/v2\/types\/page"}],"author":[{"embeddable":true,"href":"https:\/\/eventos.uenp.edu.br\/soletras\/wp-json\/wp\/v2\/users\/1"}],"replies":[{"embeddable":true,"href":"https:\/\/eventos.uenp.edu.br\/soletras\/wp-json\/wp\/v2\/comments?post=791"}],"version-history":[{"count":18,"href":"https:\/\/eventos.uenp.edu.br\/soletras\/wp-json\/wp\/v2\/pages\/791\/revisions"}],"predecessor-version":[{"id":1169,"href":"https:\/\/eventos.uenp.edu.br\/soletras\/wp-json\/wp\/v2\/pages\/791\/revisions\/1169"}],"up":[{"embeddable":true,"href":"https:\/\/eventos.uenp.edu.br\/soletras\/wp-json\/wp\/v2\/pages\/783"}],"wp:attachment":[{"href":"https:\/\/eventos.uenp.edu.br\/soletras\/wp-json\/wp\/v2\/media?parent=791"}],"curies":[{"name":"wp","href":"https:\/\/api.w.org\/{rel}","templated":true}]}}