
{"id":789,"date":"2023-11-07T10:00:36","date_gmt":"2023-11-07T13:00:36","guid":{"rendered":"https:\/\/eventos.uenp.edu.br\/soletras\/?page_id=789"},"modified":"2023-12-11T09:21:56","modified_gmt":"2023-12-11T12:21:56","slug":"inscricoes","status":"publish","type":"page","link":"https:\/\/eventos.uenp.edu.br\/soletras\/xiv-soletras\/inscricoes\/","title":{"rendered":"Inscri\u00e7\u00f5es"},"content":{"rendered":"<hr \/>\n<p style=\"text-align: justify;\"><strong>DATAS<\/strong><\/p>\n<p style=\"text-align: justify;\"><strong>1)<\/strong> COM APRESENTA\u00c7\u00c3O DE TRABALHO:<\/p>\n<ul style=\"text-align: justify;\">\n<li>De 06 de novembro a 10 de dezembro de 2023 <span style=\"font-size: 14pt;\"><span style=\"color: #000000; background-color: #ffff00;\"><strong>[PRORROGADAS AT\u00c9 15\/12\/2023]<\/strong><\/span><\/span><\/li>\n<\/ul>\n<p style=\"text-align: justify;\"><strong>2)<\/strong> COMO OUVINTE:<\/p>\n<ul style=\"text-align: justify;\">\n<li>De 06 de novembro, 2023 a 05 de fevereiro de 2024.<\/li>\n<\/ul>\n<p style=\"text-align: justify;\"><strong>VALOR<\/strong>: R$ 40,00 at\u00e9 05 de fevereiro de 2024.<\/p>\n<hr \/>\n<p style=\"text-align: justify;\"><strong>As inscri\u00e7\u00f5es devem ser feitas online no site do evento.<\/strong><\/p>\n<p style=\"text-align: justify;\"><a href=\"https:\/\/forms.gle\/hNg6AkFxf3xXRHFQ7\" target=\"_blank\" rel=\"noopener\"><strong><span style=\"color: #00ccff;\">CLIQUE AQUI PARA REALIZAR A INSCRI\u00c7\u00c3O<\/span><\/strong><\/a><\/p>\n<p style=\"text-align: justify;\">Tanto ouvinte como comunicador devem obrigatoriamente preencher a <a href=\"https:\/\/forms.gle\/hNg6AkFxf3xXRHFQ7\"><span style=\"color: #ff0000;\">FICHA DE INSCRI\u00c7\u00c3O ONLINE<\/span><\/a> para lan\u00e7ar dados cadastrais e fazer a op\u00e7\u00e3o de escolha de um dos minicursos.<\/p>\n<p style=\"text-align: justify;\">O pagamento da inscri\u00e7\u00e3o (R$ 40,00) dever\u00e1 ser efetuado via dep\u00f3sito banc\u00e1rio, No BANCO DO BRASIL, devendo ser realizado como dep\u00f3sito identificado, conforme os seguintes dados:<\/p>\n<blockquote>\n<p style=\"padding-left: 40px;\"><span style=\"color: #ffffff;\">Banco: Banco do Brasil<\/span><br \/>\n<span style=\"color: #ffffff;\">Ag: 0100<\/span><br \/>\n<span style=\"color: #ffffff;\">Conta corrente : 52.102-7<\/span><br \/>\n<span style=\"color: #ffffff;\">Favorecido: UENP<\/span><br \/>\n<span style=\"color: #ffffff;\">CNPJ 08.885.100\/0002-35<\/span><br \/>\n<span style=\"color: #ffffff;\">Exemplo: DEPEPOSITADO POR- Maria Gorete Ribeiro<\/span><\/p>\n<hr \/>\n<p style=\"padding-left: 40px;\"><span style=\"color: #ffffff;\">PIX : soletras@uenp.edu.br<\/span><\/p>\n<\/blockquote>\n<p style=\"text-align: justify;\">O comprovante do dep\u00f3sito deve ser enviado para o e-mail <strong>soletras@uenp.edu.br<\/strong> como anexo. Na mensagem, campo assunto, escrever comprovante de dep\u00f3sito da inscri\u00e7\u00e3o de (nome completo).<\/p>\n<h1 style=\"text-align: justify;\"><\/h1>\n","protected":false},"excerpt":{"rendered":"","protected":false},"author":1,"featured_media":0,"parent":783,"menu_order":0,"comment_status":"closed","ping_status":"closed","template":"","meta":{"footnotes":""},"class_list":["post-789","page","type-page","status-publish","hentry"],"_links":{"self":[{"href":"https:\/\/eventos.uenp.edu.br\/soletras\/wp-json\/wp\/v2\/pages\/789","targetHints":{"allow":["GET"]}}],"collection":[{"href":"https:\/\/eventos.uenp.edu.br\/soletras\/wp-json\/wp\/v2\/pages"}],"about":[{"href":"https:\/\/eventos.uenp.edu.br\/soletras\/wp-json\/wp\/v2\/types\/page"}],"author":[{"embeddable":true,"href":"https:\/\/eventos.uenp.edu.br\/soletras\/wp-json\/wp\/v2\/users\/1"}],"replies":[{"embeddable":true,"href":"https:\/\/eventos.uenp.edu.br\/soletras\/wp-json\/wp\/v2\/comments?post=789"}],"version-history":[{"count":36,"href":"https:\/\/eventos.uenp.edu.br\/soletras\/wp-json\/wp\/v2\/pages\/789\/revisions"}],"predecessor-version":[{"id":1177,"href":"https:\/\/eventos.uenp.edu.br\/soletras\/wp-json\/wp\/v2\/pages\/789\/revisions\/1177"}],"up":[{"embeddable":true,"href":"https:\/\/eventos.uenp.edu.br\/soletras\/wp-json\/wp\/v2\/pages\/783"}],"wp:attachment":[{"href":"https:\/\/eventos.uenp.edu.br\/soletras\/wp-json\/wp\/v2\/media?parent=789"}],"curies":[{"name":"wp","href":"https:\/\/api.w.org\/{rel}","templated":true}]}}