
{"id":777,"date":"2023-11-07T10:00:21","date_gmt":"2023-11-07T13:00:21","guid":{"rendered":"https:\/\/eventos.uenp.edu.br\/soletras\/?page_id=777"},"modified":"2023-12-11T11:06:03","modified_gmt":"2023-12-11T14:06:03","slug":"apresentacao","status":"publish","type":"page","link":"https:\/\/eventos.uenp.edu.br\/soletras\/xiv-soletras\/apresentacao\/","title":{"rendered":"Apresenta\u00e7\u00e3o de Trabalhos"},"content":{"rendered":"<p>As inscri\u00e7\u00f5es com apresenta\u00e7\u00e3o de trabalho (envio de resumos para comunica\u00e7\u00e3o individual)<br \/>\nat\u00e9 dia <strong>10\/12\/2023<\/strong>. <span style=\"font-size: 14pt;\"><span style=\"color: #000000; background-color: #ffff00;\"><strong>[PRORROGADAS AT\u00c9 15\/12\/2023]<\/strong><\/span><\/span><\/p>\n<p><strong><span style=\"font-size: 12pt;\">Informa\u00e7\u00f5es gerais:<\/span><\/strong><\/p>\n<ul>\n<li>\n<h5><span style=\"font-size: 12pt;\">Participa\u00e7\u00e3o de at\u00e9 3 (tr\u00eas) autores por trabalho (todos devem se inscrever).<\/span><\/h5>\n<\/li>\n<li>\n<h5><span style=\"font-size: 12pt;\">Apresenta\u00e7\u00e3o de at\u00e9 15 (quinze) minutos.<\/span><\/h5>\n<\/li>\n<li>\n<h5><span style=\"font-size: 12pt;\">As \u00e1reas tem\u00e1ticas para a apresenta\u00e7\u00e3o de trabalhos s\u00e3o: G\u00eaneros discursivos\/textuais; Ensino de l\u00ednguas (materna e estrangeira); Forma\u00e7\u00e3o docente; Estudos lingu\u00edsticos; Estudos Liter\u00e1rios.<\/span><\/h5>\n<\/li>\n<li>\n<h5><span style=\"font-size: 12pt;\">Cada inscrito pode apresentar, no m\u00e1ximo, 3 (tr\u00eas) trabalhos <strong>e pagar\u00e1 apenas uma inscri\u00e7\u00e3o por pessoa<\/strong>.<\/span><\/h5>\n<\/li>\n<li>\n<h5><span style=\"font-size: 12pt;\">A inscri\u00e7\u00e3o no evento d\u00e1 direito a cada participante escolher um minicurso.<\/span><\/h5>\n<\/li>\n<li>\n<h5><span style=\"font-size: 12pt;\">Tanto ouvinte como comunicador devem obrigatoriamente preencher <span style=\"color: #ff0000;\">FICHA DE INSCRI\u00c7\u00c3O ONLINE<\/span> na p\u00e1gina do evento para lan\u00e7ar dados cadastrais e fazer a op\u00e7\u00e3o de escolha de umdos minicursos.<\/span><\/h5>\n<\/li>\n<li>\n<h5><span style=\"font-size: 12pt;\">Os certificados ser\u00e3o emitidos online (24h).<\/span><\/h5>\n<\/li>\n<\/ul>\n","protected":false},"excerpt":{"rendered":"","protected":false},"author":1,"featured_media":0,"parent":783,"menu_order":0,"comment_status":"closed","ping_status":"closed","template":"","meta":{"footnotes":""},"class_list":["post-777","page","type-page","status-publish","hentry"],"_links":{"self":[{"href":"https:\/\/eventos.uenp.edu.br\/soletras\/wp-json\/wp\/v2\/pages\/777","targetHints":{"allow":["GET"]}}],"collection":[{"href":"https:\/\/eventos.uenp.edu.br\/soletras\/wp-json\/wp\/v2\/pages"}],"about":[{"href":"https:\/\/eventos.uenp.edu.br\/soletras\/wp-json\/wp\/v2\/types\/page"}],"author":[{"embeddable":true,"href":"https:\/\/eventos.uenp.edu.br\/soletras\/wp-json\/wp\/v2\/users\/1"}],"replies":[{"embeddable":true,"href":"https:\/\/eventos.uenp.edu.br\/soletras\/wp-json\/wp\/v2\/comments?post=777"}],"version-history":[{"count":35,"href":"https:\/\/eventos.uenp.edu.br\/soletras\/wp-json\/wp\/v2\/pages\/777\/revisions"}],"predecessor-version":[{"id":1179,"href":"https:\/\/eventos.uenp.edu.br\/soletras\/wp-json\/wp\/v2\/pages\/777\/revisions\/1179"}],"up":[{"embeddable":true,"href":"https:\/\/eventos.uenp.edu.br\/soletras\/wp-json\/wp\/v2\/pages\/783"}],"wp:attachment":[{"href":"https:\/\/eventos.uenp.edu.br\/soletras\/wp-json\/wp\/v2\/media?parent=777"}],"curies":[{"name":"wp","href":"https:\/\/api.w.org\/{rel}","templated":true}]}}