
{"id":771,"date":"2023-11-07T10:00:42","date_gmt":"2023-11-07T13:00:42","guid":{"rendered":"https:\/\/eventos.uenp.edu.br\/soletras\/?page_id=771"},"modified":"2023-12-11T14:57:20","modified_gmt":"2023-12-11T17:57:20","slug":"programacao","status":"publish","type":"page","link":"https:\/\/eventos.uenp.edu.br\/soletras\/xiv-soletras\/programacao\/","title":{"rendered":"Programa\u00e7\u00e3o"},"content":{"rendered":"<p>&nbsp;<\/p>\n<table style=\"height: 123px; width: 100%;\">\n<tbody>\n<tr style=\"height: 28px;\">\n<td style=\"background-color: #a07d36; border-color: #5358ed; height: 28px; text-align: center; width: 100%;\" colspan=\"4\"><span style=\"color: #ffffff;\"><strong>06 \/ 02 \/2024 &#8211; Ter\u00e7a-Feira<\/strong><\/span><\/td>\n<\/tr>\n<tr style=\"height: 10px;\">\n<td style=\"background-color: #a07d36; border-color: #5358ed; height: 10px; text-align: center; width: 25%;\"><span style=\"color: #ffffff;\"><strong><strong>14:00 &#8211; 19:20 h<\/strong><\/strong><\/span><\/td>\n<td style=\"background-color: #a07d36; border-color: #5358ed; height: 10px; text-align: center; width: 18.0384%;\"><span style=\"color: #ffffff;\"><strong>19:30 h<\/strong><\/span><\/td>\n<td style=\"background-color: #a07d36; border-color: #5358ed; height: 10px; text-align: center; width: 17.3858%;\"><span style=\"color: #ffffff;\"><strong>20:00 &#8211; 20:30 h<\/strong><\/span><\/td>\n<td style=\"background-color: #a07d36; border-color: #5358ed; height: 10px; text-align: center; width: 39.5758%;\"><span style=\"color: #ffffff;\"><strong>20:30 &#8211; 21:30 h<\/strong><\/span><\/td>\n<\/tr>\n<tr style=\"height: 85px;\">\n<td style=\"background-color: #e6e1e1; border-color: #5358ed; height: 85px; width: 25%; border-style: dotted;\">&nbsp;<\/p>\n<p>&nbsp;<\/p>\n<p>&nbsp;<\/p>\n<p style=\"text-align: center;\"><strong>Local &#8211; N\u00facleo Institucional de Pesquisas<\/strong><\/p>\n<p style=\"text-align: center;\">Credenciamento e reuni\u00e3o com os Grupos de Pesquisa na \u00e1rea de Lingu\u00edstica.<\/p>\n<\/td>\n<td style=\"background-color: #e6e1e1; border-color: #5358ed; height: 85px; text-align: center; width: 18.0384%; border-style: dotted;\">&nbsp;<\/p>\n<p>&nbsp;<\/p>\n<p>&nbsp;<\/p>\n<p><strong>Abertura<\/strong><\/p>\n<p><strong>Local:<\/strong> Anfiteatro do PDE<\/td>\n<td style=\"background-color: #e6e1e1; border-color: #5358ed; height: 85px; text-align: center; width: 17.3858%; border-style: dotted;\">&nbsp;<\/p>\n<p>&nbsp;<\/p>\n<p>&nbsp;<\/p>\n<p><strong>Apresenta\u00e7\u00e3o Cultural<\/strong><\/td>\n<td style=\"background-color: #e6e1e1; border-color: #5358ed; height: 85px; text-align: center; width: 39.5758%; border-style: dotted;\"><strong>Confer\u00eancia de abertura<\/strong><\/p>\n<p><strong>Teletandem<\/strong>: conectando culturas para o ensino e aprendizagem de ingl\u00eas e espanhol<\/p>\n<p style=\"text-align: left;\">Profa. Dra. Laura Rampazzo (IFSP)<\/p>\n<p style=\"text-align: left;\">Profa. Dra. Micheli Gomes de Souza (UNESP)<\/p>\n<p><strong>Mediadores:<\/strong><\/p>\n<p style=\"text-align: left;\">Prof. Mdo William Messias Secco<\/p>\n<p style=\"text-align: left;\">Prof. Mda Fernanda Tamarozzi de Oliveira (Paran\u00e1 Fala Idiomas\/CRI &#8211; UENP)<\/p>\n<\/td>\n<\/tr>\n<\/tbody>\n<\/table>\n<hr \/>\n<table style=\"height: 123px; width: 100%;\">\n<tbody>\n<tr style=\"height: 28px;\">\n<td style=\"background-color: #a07d36; border-color: #5358ed; height: 28px; text-align: center; width: 43.0383%;\" colspan=\"2\"><span style=\"color: #ffffff;\"><strong>07 \/ 02 \/ 2024 &#8211; Ter\u00e7a-Feira<\/strong><\/span><\/td>\n<\/tr>\n<tr style=\"height: 10px;\">\n<td style=\"background-color: #a07d36; border-color: #5358ed; height: 10px; text-align: center; width: 11.4394%;\"><span style=\"color: #ffffff;\"><strong>14:00 \u2013 17:30 h Tarde<\/strong><\/span><\/td>\n<td style=\"background-color: #a07d36; border-color: #5358ed; height: 10px; text-align: center; width: 31.5989%;\"><span style=\"color: #ffffff;\"><strong>20:00 \u2013 22:50 h Noite<\/strong><\/span><\/td>\n<\/tr>\n<tr style=\"height: 85px;\">\n<td style=\"background-color: #e6e1e1; border-color: #5358ed; height: 85px; width: 11.4394%; border-style: dotted;\">&nbsp;<\/p>\n<p>&nbsp;<\/p>\n<p>&nbsp;<\/p>\n<p>&nbsp;<\/p>\n<p>&nbsp;<\/p>\n<p>&nbsp;<\/p>\n<p>&nbsp;<\/p>\n<p>&nbsp;<\/p>\n<p style=\"text-align: center;\"><strong>Comunica\u00e7\u00f5es orais \u2013 via Google Meet (tarde)<\/strong><\/p>\n<\/td>\n<td style=\"background-color: #e6e1e1; border-color: #5358ed; height: 85px; text-align: center; width: 31.5989%; border-style: dotted;\"><strong>Minicursos e Oficinas<\/strong><\/p>\n<p><strong>Local: Local: Salas de aula CLCA \u2013 Bloco II<\/strong><\/p>\n<p><strong>\u00a0<\/strong><\/p>\n<p style=\"text-align: left;\"><strong>1- Implica\u00e7\u00f5es do ingl\u00eas como l\u00edngua franca na educa\u00e7\u00e3o.<\/strong><\/p>\n<p style=\"text-align: left;\">Profa. Ma. Fernanda de C\u00e1ssia Miranda e alunos do primeiro<\/p>\n<p style=\"text-align: left;\">letras\/ingl\u00eas \u2013 (CLCA \u2013 UENP\/CJ)<\/p>\n<p>&nbsp;<\/p>\n<p style=\"text-align: left;\"><strong>2 \u2013 Tecnologias na educa\u00e7\u00e3o: contribui\u00e7\u00f5es das metodologias ativas no trabalho docente para uma aprendizagem significativa<\/strong><\/p>\n<p style=\"text-align: left;\">Prof. Dr. F\u00e1bio Antonio Gabriel (CLCA \u2013 UENP\/CJ)<\/p>\n<p>&nbsp;<\/p>\n<p style=\"text-align: left;\"><strong>3 \u2013 Leitura de literatura em sala de aula: desafios e possibilidades<\/strong><\/p>\n<p style=\"text-align: left;\">Profa. Dra. Rafaela Stopa (CLCA \u2013 UENP\/CJ)<\/p>\n<p style=\"text-align: left;\">Profa. Dra. Valdirene Barbosa de Ara\u00fajo Batista (CLCA \u2013 UENP\/CJ)<\/p>\n<p>&nbsp;<\/p>\n<p style=\"text-align: left;\"><strong>\u00a0<\/strong><strong>4 \u2013 Adult\u00e9rio na Literatura.<\/strong><\/p>\n<p style=\"text-align: left;\">Prof. Esp. M\u00f4nica de Aguiar Moreira Garbelini (CLCA \u2013 UENP\/CJ).<\/p>\n<p style=\"text-align: left;\">Profa. Dra. Tania Regina Montanha Toledo Scoparo (CLCA \u2013 UENP\/CJ).<\/p>\n<p style=\"text-align: left;\">Discentes do quarto ano Letras \u2013 Portugu\u00eas\/Ingl\u00eas \u2013 (CLCA \u2013 UENP\/CJ)<\/p>\n<p>&nbsp;<\/p>\n<p style=\"text-align: left;\"><strong>5 &#8211; Tecnologias digitais de informa\u00e7\u00e3o e comunica\u00e7\u00e3o (TDIC) no ensino de l\u00ednguas<\/strong><\/p>\n<p style=\"text-align: left;\">Prof. Mdo William Messias Secco (Paran\u00e1 Fala Idiomas \u2013 Ingl\u00eas -CRI\/UENP).<\/p>\n<p style=\"text-align: left;\">Profa Mda Fernanda Tamarozzi de Oliveira (Paran\u00e1 Fala Idiomas \u2013 Espanhol-CRI\/UENP)<\/p>\n<p>&nbsp;<\/p>\n<p style=\"text-align: left;\"><strong>6 &#8211; Leitura de diversos g\u00eaneros textuais em sala de aula<\/strong><\/p>\n<p style=\"text-align: left;\">Profa. Esp. Vanessa Aparecida Duarte Almeida (GP Leitura e Ensino \u2013 CLCA \u2013 UENP\/CJ).<\/p>\n<p>&nbsp;<\/p>\n<p style=\"text-align: left;\"><strong>7 &#8211; \u00a0Artigo de opini\u00e3o no vestibular: processo de cria\u00e7\u00e3o e recep\u00e7\u00e3o<\/strong><\/p>\n<p style=\"text-align: left;\">Prof. Dr. Luiz Antonio Xavier Dias (CLCA \u2013 UENP\/CJ) e alunos do primeiro ano Letras\/Ingl\u00eas<\/p>\n<p>&nbsp;<\/p>\n<p style=\"text-align: left;\"><strong>8 &#8211; CANVA NA EDUCA\u00c7\u00c3O BIL\u00cdNGUE: ESTRAT\u00c9GIAS VISUAIS E INCLUSIVAS PARA SURDOS<\/strong><\/p>\n<p style=\"text-align: left;\">Prof. Esp. Everton Diego Lisboa (CAS \u2013 SEED -PR)<\/p>\n<p>&nbsp;<\/p>\n<p style=\"text-align: left;\"><strong>9 &#8211; QUE HIST\u00d3RIA \u00c9 ESSA? LUDONARRAR PARA ENGAJAR<\/strong><\/p>\n<p style=\"text-align: left;\">Prof. Dr. David Jos\u00e9 de Andrade Silva (IFPR\/Campus Jacarezinho)<\/p>\n<\/td>\n<\/tr>\n<\/tbody>\n<\/table>\n<hr \/>\n<table style=\"height: 100px; width: 100%;\">\n<tbody>\n<tr style=\"height: 28px;\">\n<td style=\"background-color: #a07d36; border-color: #5358ed; height: 28px; text-align: center; width: 43.0384%;\" colspan=\"2\"><span style=\"color: #ffffff;\"><strong>08 \/ 02 \/ 2024 &#8211; Ter\u00e7a-Feira<\/strong><\/span><\/td>\n<\/tr>\n<tr style=\"height: 10px;\">\n<td style=\"background-color: #a07d36; border-color: #5358ed; height: 10px; text-align: center; width: 25%;\"><span style=\"color: #ffffff;\"><strong>14:00 &#8211; 19:00 h<\/strong><\/span><\/td>\n<td style=\"background-color: #a07d36; border-color: #5358ed; height: 10px; text-align: center; width: 18.0384%;\"><span style=\"color: #ffffff;\"><strong>19:30 \u2013 22:30 h<\/strong><\/span><\/td>\n<\/tr>\n<tr style=\"height: 85px;\">\n<td style=\"background-color: #e6e1e1; border-color: #5358ed; height: 62px; width: 25%;\">\n<p style=\"text-align: center;\"><strong>Local \u2013 N\u00facleo Institucional de Pesquisas<\/strong><\/p>\n<p style=\"text-align: center;\">Reuni\u00e3o com os Grupos de Pesquisa na \u00e1rea de L\u00ednguas Estrangeiras Modernas<\/p>\n<\/td>\n<td style=\"background-color: #e6e1e1; border-color: #5358ed; height: 62px; text-align: center; width: 18.0384%;\"><strong>Comunica\u00e7\u00f5es Orais (Noite)<\/strong><\/p>\n<p>Salas de aula via Google Meet<\/td>\n<\/tr>\n<\/tbody>\n<\/table>\n","protected":false},"excerpt":{"rendered":"","protected":false},"author":1,"featured_media":0,"parent":783,"menu_order":0,"comment_status":"closed","ping_status":"closed","template":"","meta":{"footnotes":""},"class_list":["post-771","page","type-page","status-publish","hentry"],"_links":{"self":[{"href":"https:\/\/eventos.uenp.edu.br\/soletras\/wp-json\/wp\/v2\/pages\/771","targetHints":{"allow":["GET"]}}],"collection":[{"href":"https:\/\/eventos.uenp.edu.br\/soletras\/wp-json\/wp\/v2\/pages"}],"about":[{"href":"https:\/\/eventos.uenp.edu.br\/soletras\/wp-json\/wp\/v2\/types\/page"}],"author":[{"embeddable":true,"href":"https:\/\/eventos.uenp.edu.br\/soletras\/wp-json\/wp\/v2\/users\/1"}],"replies":[{"embeddable":true,"href":"https:\/\/eventos.uenp.edu.br\/soletras\/wp-json\/wp\/v2\/comments?post=771"}],"version-history":[{"count":61,"href":"https:\/\/eventos.uenp.edu.br\/soletras\/wp-json\/wp\/v2\/pages\/771\/revisions"}],"predecessor-version":[{"id":1218,"href":"https:\/\/eventos.uenp.edu.br\/soletras\/wp-json\/wp\/v2\/pages\/771\/revisions\/1218"}],"up":[{"embeddable":true,"href":"https:\/\/eventos.uenp.edu.br\/soletras\/wp-json\/wp\/v2\/pages\/783"}],"wp:attachment":[{"href":"https:\/\/eventos.uenp.edu.br\/soletras\/wp-json\/wp\/v2\/media?parent=771"}],"curies":[{"name":"wp","href":"https:\/\/api.w.org\/{rel}","templated":true}]}}