
{"id":1034,"date":"2023-11-09T11:26:25","date_gmt":"2023-11-09T14:26:25","guid":{"rendered":"https:\/\/eventos.uenp.edu.br\/soletras\/?page_id=1034"},"modified":"2023-11-09T11:35:59","modified_gmt":"2023-11-09T14:35:59","slug":"normas-submissao-de-resumo","status":"publish","type":"page","link":"https:\/\/eventos.uenp.edu.br\/soletras\/xiv-soletras\/normas-submissao-de-resumo\/","title":{"rendered":"Normas Submiss\u00e3o de Resumo"},"content":{"rendered":"<p><strong>\u200b\u200b\u200b\u200b\u200b\u200b\u200bCOMUNICA\u00c7\u00c3O INDIVIDUAL:<\/strong><\/p>\n<p><strong>[1]\u00a0<\/strong> Os resumos dever\u00e3o ser enviados para o e-mail do <span style=\"color: #ff0000;\"><strong>soletras@uenp.edu.br<\/strong><\/span> at\u00e9 o dia 10 de dezembro, 2023 como anexo. Colocar no assunto do e-mail <span style=\"color: #ff0000;\"><strong>Resumo de Fulano de TAL<\/strong><\/span>.<\/p>\n<p><strong>[2]<\/strong>\u00a0 O texto do resumo dever\u00e1 conter entre 100 e 200 palavras.<\/p>\n<p><strong>[3]<\/strong>\u00a0 Programa: Word for Windows.<\/p>\n<ul>\n<li style=\"list-style-type: none;\">\n<ul>\n<li><span style=\"font-size: 12pt;\">Fonte: Times New Roman, corpo 12.<\/span><\/li>\n<li><span style=\"font-size: 12pt;\">Espa\u00e7o entre linhas: Simples.<\/span><\/li>\n<li><span style=\"font-size: 12pt;\">Alinhamento: Justificado.<\/span><\/li>\n<li><span style=\"font-size: 12pt;\">Margens: 3 cm;<\/span><\/li>\n<li><strong><span style=\"font-size: 12pt;\"><span style=\"color: #ff0000;\">Salvo em documento tipo DOC (Word)<\/span>.<\/span><\/strong><\/li>\n<\/ul>\n<\/li>\n<\/ul>\n<p><strong>[4]<\/strong>\u00a0 T\u00edtulo da comunica\u00e7\u00e3o: centralizado, em mai\u00fasculas, em negrito.<\/p>\n<p><strong>[5]<\/strong>\u00a0 Nome completo do(s) autor(es) e\/ou coautor(es) no lado direito, na segunda linha ap\u00f3s o t\u00edtulo, somente com as inicias do nome em mai\u00fasculas. A institui\u00e7\u00e3o a que pertence(m) deve vir ap\u00f3s o nome, entre par\u00eanteses (utilize sigla da institui\u00e7\u00e3o, se houver). <strong><span style=\"color: #ff0000;\">Tamb\u00e9m deve conter grau de forma\u00e7\u00e3o, se estudante \u2013 G ou PG, institui\u00e7\u00e3o, ag\u00eancia de fomento, caso seja bolsista, e e-mail para contato<\/span>.<\/strong><\/p>\n<p><strong>[6]<\/strong>\u00a0 Alunos de gradua\u00e7\u00e3o dever\u00e3o indicar o nome do professor orientador, logo abaixo do nome do autor: Marina Andrade (G-CLCA &#8211; UENP\/CJ) Orientador: Paulo de Oliveira (CLCA &#8211; UENP\/CJ)<\/p>\n<p><strong>[7]\u00a0<\/strong> O resumo dever\u00e1 ser iniciado duas linhas ap\u00f3s a identifica\u00e7\u00e3o de autoria, sem entrada de par\u00e1grafo.<\/p>\n<p><strong>[8]\u00a0<\/strong> N\u00e3o ser\u00e3o aceitos resumos fora das normas especificadas acima.<\/p>\n","protected":false},"excerpt":{"rendered":"","protected":false},"author":1,"featured_media":0,"parent":783,"menu_order":0,"comment_status":"closed","ping_status":"closed","template":"","meta":{"footnotes":""},"class_list":["post-1034","page","type-page","status-publish","hentry"],"_links":{"self":[{"href":"https:\/\/eventos.uenp.edu.br\/soletras\/wp-json\/wp\/v2\/pages\/1034","targetHints":{"allow":["GET"]}}],"collection":[{"href":"https:\/\/eventos.uenp.edu.br\/soletras\/wp-json\/wp\/v2\/pages"}],"about":[{"href":"https:\/\/eventos.uenp.edu.br\/soletras\/wp-json\/wp\/v2\/types\/page"}],"author":[{"embeddable":true,"href":"https:\/\/eventos.uenp.edu.br\/soletras\/wp-json\/wp\/v2\/users\/1"}],"replies":[{"embeddable":true,"href":"https:\/\/eventos.uenp.edu.br\/soletras\/wp-json\/wp\/v2\/comments?post=1034"}],"version-history":[{"count":13,"href":"https:\/\/eventos.uenp.edu.br\/soletras\/wp-json\/wp\/v2\/pages\/1034\/revisions"}],"predecessor-version":[{"id":1049,"href":"https:\/\/eventos.uenp.edu.br\/soletras\/wp-json\/wp\/v2\/pages\/1034\/revisions\/1049"}],"up":[{"embeddable":true,"href":"https:\/\/eventos.uenp.edu.br\/soletras\/wp-json\/wp\/v2\/pages\/783"}],"wp:attachment":[{"href":"https:\/\/eventos.uenp.edu.br\/soletras\/wp-json\/wp\/v2\/media?parent=1034"}],"curies":[{"name":"wp","href":"https:\/\/api.w.org\/{rel}","templated":true}]}}