
{"id":1004,"date":"2023-11-08T23:32:05","date_gmt":"2023-11-09T02:32:05","guid":{"rendered":"https:\/\/eventos.uenp.edu.br\/soletras\/?page_id=1004"},"modified":"2023-12-11T09:31:24","modified_gmt":"2023-12-11T12:31:24","slug":"normas-de-publicacao","status":"publish","type":"page","link":"https:\/\/eventos.uenp.edu.br\/soletras\/xiv-soletras\/normas-de-publicacao\/","title":{"rendered":"Normas de Publica\u00e7\u00e3o Artigo"},"content":{"rendered":"<hr \/>\n<p style=\"text-align: center;\"><strong><span style=\"color: #ff0000;\">Normas para Publica\u00e7\u00e3o de Artigos nos Anais<\/span><\/strong><\/p>\n<hr \/>\n<p><span style=\"color: #ff0000;\"><strong>Informa\u00e7\u00f5es Gerais:<\/strong><\/span><\/p>\n<p>Para serem publicados nos anais do <span style=\"color: #ff0000;\">XIV S\u00d3LETRAS<\/span>, os textos originais dever\u00e3o ser enviados, em sua<br \/>\nvers\u00e3o final, revisados pelos pr\u00f3prios autores e\/ou orientadores, para o e-mail soletras@uenp.edu.br, de<br \/>\n06 de novembro, 2023 a a 04 de fevereiro, 2024.<\/p>\n<p>O arquivo dever\u00e1 estar obrigatoriamente em formato .DOC e com no m\u00e1ximo 2 MB.<\/p>\n<p>O assunto da mensagem que encaminhar\u00e1 o artigo deve vir da seguinte maneira: Artigo de seguido do nome completo do(s) autor(es) e\/ou coautor(es), como no exemplo: Artigo de Maria Jos\u00e9 de Souza.<\/p>\n<ul>\n<li>\n<h3><span style=\"font-size: 12pt;\">O envio do texto para publica\u00e7\u00e3o nos Anais do I XXX \u00e9 opcional. Textos formatados fora das normas do simp\u00f3sio n\u00e3o ser\u00e3o aceitos pela Comiss\u00e3o Editorial.<\/span><\/h3>\n<\/li>\n<li>\n<h3><span style=\"font-size: 12pt;\">N\u00e3o haver\u00e1 revis\u00e3o pela comiss\u00e3o cient\u00edfica do artigo enviado, sendo o texto de total responsabilidade de seu(s) autor(res). Por isso, trabalhos de alunos de gradua\u00e7\u00e3o dever\u00e3o ser enviados, obrigatoriamente, por seus orientadores.<\/span><\/h3>\n<\/li>\n<\/ul>\n<hr \/>\n<p><strong><span style=\"color: #ff0000;\">Normas para formata\u00e7\u00e3o do texto:<\/span><\/strong><\/p>\n<ul>\n<li>\n<h3><span style=\"font-size: 12pt;\">Margens: superior e esquerda: 3,0cm. Inferior e direita: 2,5cm. Sem numera\u00e7\u00e3o de p\u00e1ginas.<\/span><\/h3>\n<\/li>\n<li>\n<h3><span style=\"font-size: 12pt;\">T\u00edtulo: Letra Times New Roman 12, em mai\u00fascula, centralizado, espa\u00e7amento simples, em negrito.<\/span><\/h3>\n<\/li>\n<li>\n<h3><span style=\"font-size: 12pt;\">Nome dos(as) autores(as) e coautores(as): em espa\u00e7amento simples, letra Times New Roman 12. Inserido duas linhas abaixo do t\u00edtulo, alinhado \u00e0 direita, o nome completo deve ser digitado apenas com as iniciais mai\u00fasculas, seguido da sigla da institui\u00e7\u00e3o entre par\u00eanteses. Ex.: Antonio Jos\u00e9 Moraes (UENP\/CJ).<\/span><\/h3>\n<\/li>\n<li>\n<h3><span style=\"font-size: 12pt;\">Resumo e palavras-chave: em espa\u00e7amento simples, letra Times New Roman, 12. Inserido duas linhas ap\u00f3s o nome completo do(s) autor(es) e\/ou coautor(es). O resumo deve ser precedido do subt\u00edtulo Resumo: (em negrito e com dois pontos, com a inicial em mai\u00fascula) e ser redigido em par\u00e1grafo \u00fanico. Esse resumo deve ser exatamente aquele encaminhado para avalia\u00e7\u00e3o da comiss\u00e3o cient\u00edfica, produzido com no m\u00e1ximo 200 palavras. O alinhamento do resumo deve ser justificado, sem adentramento, em espa\u00e7amento simples, e ser inserido duas linhas abaixo do nome do(s) autor(es) e\/ou coautor(es). As palavras-chave devem ser inseridas uma linha abaixo do resumo, precedidas do subt\u00edtulo Palavras-chave: (em negrito e com dois pontos, com a inicial em mai\u00fascula) e mesma formata\u00e7\u00e3o do resumo. Insira no m\u00ednimo 3 e no m\u00e1ximo 5 palavras-chave, separadas por ponto final.<\/span><\/h3>\n<\/li>\n<li>\n<h3><span style=\"font-size: 12pt;\">Texto: Letra Times New Roman, tamanho 12, espa\u00e7amento 1,5, estilo normal, alinhamento justificado. Cita\u00e7\u00f5es textuais com mais de 3 linhas dever\u00e3o ser destacadas com recuo de margem esquerda (4cm), espa\u00e7o simples e letra Times New Roman, 11.<\/span><\/h3>\n<\/li>\n<li>\n<h3><span style=\"font-size: 12pt;\">N\u00famero de p\u00e1ginas, incluindo refer\u00eancias bibliogr\u00e1ficas e anexos: de 08 a 25 p\u00e1ginas.<\/span><\/h3>\n<\/li>\n<li>\n<h3><span style=\"font-size: 12pt;\">A cita\u00e7\u00e3o de fontes bibliogr\u00e1ficas, entre par\u00eanteses, no pr\u00f3prio texto, deve seguir o sistema \u201cautor, ano e p\u00e1gina\u201d. Exemplo: (SILVA, 2013, p. 80).<\/span><\/h3>\n<\/li>\n<li>\n<h3><span style=\"font-size: 12pt;\">As refer\u00eancias bibliogr\u00e1ficas, no final do texto, dever\u00e3o obedecer \u00e0s normas da ABNT.<\/span><\/h3>\n<\/li>\n<\/ul>\n<h3><\/h3>\n","protected":false},"excerpt":{"rendered":"","protected":false},"author":1,"featured_media":0,"parent":783,"menu_order":0,"comment_status":"closed","ping_status":"closed","template":"","meta":{"footnotes":""},"class_list":["post-1004","page","type-page","status-publish","hentry"],"_links":{"self":[{"href":"https:\/\/eventos.uenp.edu.br\/soletras\/wp-json\/wp\/v2\/pages\/1004","targetHints":{"allow":["GET"]}}],"collection":[{"href":"https:\/\/eventos.uenp.edu.br\/soletras\/wp-json\/wp\/v2\/pages"}],"about":[{"href":"https:\/\/eventos.uenp.edu.br\/soletras\/wp-json\/wp\/v2\/types\/page"}],"author":[{"embeddable":true,"href":"https:\/\/eventos.uenp.edu.br\/soletras\/wp-json\/wp\/v2\/users\/1"}],"replies":[{"embeddable":true,"href":"https:\/\/eventos.uenp.edu.br\/soletras\/wp-json\/wp\/v2\/comments?post=1004"}],"version-history":[{"count":8,"href":"https:\/\/eventos.uenp.edu.br\/soletras\/wp-json\/wp\/v2\/pages\/1004\/revisions"}],"predecessor-version":[{"id":1178,"href":"https:\/\/eventos.uenp.edu.br\/soletras\/wp-json\/wp\/v2\/pages\/1004\/revisions\/1178"}],"up":[{"embeddable":true,"href":"https:\/\/eventos.uenp.edu.br\/soletras\/wp-json\/wp\/v2\/pages\/783"}],"wp:attachment":[{"href":"https:\/\/eventos.uenp.edu.br\/soletras\/wp-json\/wp\/v2\/media?parent=1004"}],"curies":[{"name":"wp","href":"https:\/\/api.w.org\/{rel}","templated":true}]}}