{"id":923,"date":"2024-10-04T11:04:28","date_gmt":"2024-10-04T14:04:28","guid":{"rendered":"https:\/\/eventos.uenp.edu.br\/simposioprofletras\/?page_id=923"},"modified":"2025-10-17T10:27:20","modified_gmt":"2025-10-17T13:27:20","slug":"submissao-de-trabalhos","status":"publish","type":"page","link":"https:\/\/eventos.uenp.edu.br\/simposioprofletras\/simposioprofletras2024\/submissao-de-trabalhos\/","title":{"rendered":"Submiss\u00e3o de Trabalhos 2024"},"content":{"rendered":"\n<h3 class=\"wp-block-heading\">Envio dos Trabalhos dos Alunos do PROFLETRAS (UEL, UEM, UENP e UNIOESTE) &#8211; Turmas 9 e 10<\/h3>\n\n\n\n<p>Prazo para envio: at\u00e9 dia <strong>15\/11\/2024<\/strong><\/p>\n\n\n\n<ul class=\"wp-block-list\">\n<li><strong>Turma 10:<\/strong> Envio do projeto (n\u00e3o h\u00e1 modelo)<\/li>\n\n\n\n<li><strong>Turma 9:<\/strong> Envio de um arquivo com a introdu\u00e7\u00e3o da disserta\u00e7\u00e3o (vis\u00e3o geral do trabalho), um cap\u00edtulo te\u00f3rico e uma s\u00edntese da interven\u00e7\u00e3o did\u00e1tica (j\u00e1 implementada ou projetada)<\/li>\n<\/ul>\n\n\n\n<p><\/p>\n\n\n\n<p class=\"has-text-align-center\"><a href=\"https:\/\/forms.gle\/5TjG2fwtpNooS4fs7\"><strong>Envie seu trabalho aqui!<\/strong><\/a><\/p>\n","protected":false},"excerpt":{"rendered":"","protected":false},"author":15,"featured_media":0,"parent":631,"menu_order":0,"comment_status":"closed","ping_status":"closed","template":"","meta":{"footnotes":""},"class_list":["post-923","page","type-page","status-publish","hentry"],"_links":{"self":[{"href":"https:\/\/eventos.uenp.edu.br\/simposioprofletras\/wp-json\/wp\/v2\/pages\/923","targetHints":{"allow":["GET"]}}],"collection":[{"href":"https:\/\/eventos.uenp.edu.br\/simposioprofletras\/wp-json\/wp\/v2\/pages"}],"about":[{"href":"https:\/\/eventos.uenp.edu.br\/simposioprofletras\/wp-json\/wp\/v2\/types\/page"}],"author":[{"embeddable":true,"href":"https:\/\/eventos.uenp.edu.br\/simposioprofletras\/wp-json\/wp\/v2\/users\/15"}],"replies":[{"embeddable":true,"href":"https:\/\/eventos.uenp.edu.br\/simposioprofletras\/wp-json\/wp\/v2\/comments?post=923"}],"version-history":[{"count":6,"href":"https:\/\/eventos.uenp.edu.br\/simposioprofletras\/wp-json\/wp\/v2\/pages\/923\/revisions"}],"predecessor-version":[{"id":1117,"href":"https:\/\/eventos.uenp.edu.br\/simposioprofletras\/wp-json\/wp\/v2\/pages\/923\/revisions\/1117"}],"up":[{"embeddable":true,"href":"https:\/\/eventos.uenp.edu.br\/simposioprofletras\/wp-json\/wp\/v2\/pages\/631"}],"wp:attachment":[{"href":"https:\/\/eventos.uenp.edu.br\/simposioprofletras\/wp-json\/wp\/v2\/media?parent=923"}],"curies":[{"name":"wp","href":"https:\/\/api.w.org\/{rel}","templated":true}]}}