{"id":819,"date":"2024-09-05T10:26:12","date_gmt":"2024-09-05T13:26:12","guid":{"rendered":"https:\/\/eventos.uenp.edu.br\/simposioprofletras\/?page_id=819"},"modified":"2025-10-17T10:27:09","modified_gmt":"2025-10-17T13:27:09","slug":"palestrantes","status":"publish","type":"page","link":"https:\/\/eventos.uenp.edu.br\/simposioprofletras\/simposioprofletras2024\/palestrantes\/","title":{"rendered":"Palestrantes 2024"},"content":{"rendered":"\n<h3 class=\"wp-block-heading\">Profa. Dra. Renata Peres Barbosa<\/h3>\n\n\n\n<p><em><strong>(Universidade Estadual de Londrina &#8211; UEL)<\/strong><\/em><\/p>\n\n\n\n<figure class=\"wp-block-image size-full is-resized\"><img loading=\"lazy\" decoding=\"async\" width=\"635\" height=\"759\" src=\"https:\/\/eventos.uenp.edu.br\/simposioprofletras\/wp-content\/uploads\/sites\/23\/2024\/10\/RENATA.jpg\" alt=\"\" class=\"wp-image-937\" style=\"aspect-ratio:1.3762575452716297;width:359px;height:auto\" srcset=\"https:\/\/eventos.uenp.edu.br\/simposioprofletras\/wp-content\/uploads\/sites\/23\/2024\/10\/RENATA.jpg 635w, https:\/\/eventos.uenp.edu.br\/simposioprofletras\/wp-content\/uploads\/sites\/23\/2024\/10\/RENATA-251x300.jpg 251w\" sizes=\"auto, (max-width: 635px) 100vw, 635px\" \/><\/figure>\n\n\n\n<p>Possui gradua\u00e7\u00e3o em Pedagogia pela Universidade Estadual de Londrina &#8211; UEL (2008), Mestrado (2011) e Doutorado em Educa\u00e7\u00e3o (2017) pela Universidade Estadual Paulista J\u00falio de Mesquita Filho &#8211; UNESP\/ Mar\u00edlia (2017). Realizou o P\u00f3s-Doutorado no Instituto de Educa\u00e7\u00e3o da Universidade de Lisboa, Portugal (2023), est\u00e1gio de doutorado sandu\u00edche no Instituto de Filosof\u00eda del Consejo Superior de Investigaci\u00f3n Cient\u00edfica &#8211; CSIC\/Madrid, Espanha (2015), e est\u00e1gio de doutorado na Faculdade de Psicologia e Ci\u00eancias da Educa\u00e7\u00e3o da Universidade de Coimbra, Portugal (2015). Foi pedagoga no Setor de Educa\u00e7\u00e3o da UTFPR &#8211; Universidade Tecnol\u00f3gica Federal do Paran\u00e1 (2010 a 2018). Atuou como professora colaboradora da Universidade Estadual de Londrina, Departamento de Educa\u00e7\u00e3o, \u00e1rea de Pol\u00edtica e Gest\u00e3o da Educa\u00e7\u00e3o (2011). \u00c9 Professora Adjunta do Departamento de Planejamento e Administra\u00e7\u00e3o Escolar da UFPR e Professora do Programa de P\u00f3s-Gradua\u00e7\u00e3o em Educa\u00e7\u00e3o\/UFPR. No campo da pesquisa, tem interesse e atuado nos seguintes temas: teoria cr\u00edtica da sociedade e educa\u00e7\u00e3o; teorias, pol\u00edticas e reformas curriculares; Ensino M\u00e9dio. <\/p>\n\n\n\n<p><\/p>\n\n\n\n<p><\/p>\n\n\n\n<h3 class=\"wp-block-heading\">Profa. Me. Fernanda Gregol Veronez<\/h3>\n\n\n\n<p><em><strong>(PROFLETRAS &#8211; UNIOESTE)<\/strong><\/em><\/p>\n\n\n\n<figure class=\"wp-block-image size-full is-resized\"><img loading=\"lazy\" decoding=\"async\" width=\"125\" height=\"160\" src=\"https:\/\/eventos.uenp.edu.br\/simposioprofletras\/wp-content\/uploads\/sites\/23\/2024\/10\/FERNANDA.png\" alt=\"\" class=\"wp-image-938\" style=\"aspect-ratio:1.0753424657534247;width:342px;height:auto\"\/><\/figure>\n\n\n\n<p>Mestre pelo PROFLETRAS-UNIOESTE. Possui gradua\u00e7\u00e3o em Letras &#8211; Portugu\u00eas e Espanhol pela Faculdade de Ci\u00eancias Aplicadas de Cascavel (2003), licenciada pela Universidade Paranaense (2004), tamb\u00e9m especializa\u00e7\u00e3o em doc\u00eancia do ensino superior pela Funda\u00e7\u00e3o Assis Gurgaz (2013). Atualmente \u00e9 professora do ensino fundamental e m\u00e9dio. &#8211; Secretaria de Educa\u00e7\u00e3o do Estado do Paran\u00e1. Tem experi\u00eancia na \u00e1rea de Letras, com \u00eanfase em Espanhol. <\/p>\n\n\n\n<p><\/p>\n\n\n\n<p><\/p>\n\n\n\n<h3 class=\"wp-block-heading\">Prof. Dr. Wagner Vonder Belinato<\/h3>\n\n\n\n<p><em>(<em><strong>Universidade Estadual de Maring\u00e1 &#8211; UEM<\/strong><\/em>)<\/em><\/p>\n\n\n\n<figure class=\"wp-block-image size-full\"><img loading=\"lazy\" decoding=\"async\" width=\"322\" height=\"451\" src=\"https:\/\/eventos.uenp.edu.br\/simposioprofletras\/wp-content\/uploads\/sites\/23\/2024\/10\/WAGNER.png\" alt=\"\" class=\"wp-image-941\" srcset=\"https:\/\/eventos.uenp.edu.br\/simposioprofletras\/wp-content\/uploads\/sites\/23\/2024\/10\/WAGNER.png 322w, https:\/\/eventos.uenp.edu.br\/simposioprofletras\/wp-content\/uploads\/sites\/23\/2024\/10\/WAGNER-214x300.png 214w\" sizes=\"auto, (max-width: 322px) 100vw, 322px\" \/><\/figure>\n\n\n\n<p>Professor Adjunto de L\u00edngua e Literaturas de L\u00edngua Francesa (DLM-UEM). Doutor em Letras (UEM\/2016). Tese: &#8220;Para al\u00e9m da escrita: negocia\u00e7\u00f5es simb\u00f3licas do tornar-se autor &#8211; Caio Fernando Abreu e o Campo Liter\u00e1rio Brasileiro&#8221;, com Doutorado Sandu\u00edche na Universit\u00e9 Lumi\u00e8re-Lyon II (agosto-novembro\/2014 &#8211; PSDE\/CAPES). Desenvolve pesquisas em Did\u00e1tica de L\u00edngua Francesa e francofonia. Coordena o Programa Paran\u00e1 Fala Franc\u00eas\/UEM &#8211; SETI. \u00c9 autor de &#8220;Panorama do teatro franc\u00eas &#8211; de Corneille a Artaud&#8221; (EDUEM, 2023); &#8220;Abordagens para o ensino de Franc\u00eas L\u00edngua Estrangeira&#8221; (Guedes, Peraro, Teles, Belinato, EDUEM, 2021), &#8220;Fragmentos de uma antiga Indochina&#8221; (DLM\/e-pub, 2020) e organizador do volume &#8220;Pr\u00e1ticas did\u00e1ticas para o ensino de literatura nas escolas&#8221; (RFB, 2024). <\/p>\n\n\n\n<p><\/p>\n\n\n\n<p><\/p>\n","protected":false},"excerpt":{"rendered":"","protected":false},"author":15,"featured_media":0,"parent":631,"menu_order":0,"comment_status":"closed","ping_status":"closed","template":"","meta":{"footnotes":""},"class_list":["post-819","page","type-page","status-publish","hentry"],"_links":{"self":[{"href":"https:\/\/eventos.uenp.edu.br\/simposioprofletras\/wp-json\/wp\/v2\/pages\/819","targetHints":{"allow":["GET"]}}],"collection":[{"href":"https:\/\/eventos.uenp.edu.br\/simposioprofletras\/wp-json\/wp\/v2\/pages"}],"about":[{"href":"https:\/\/eventos.uenp.edu.br\/simposioprofletras\/wp-json\/wp\/v2\/types\/page"}],"author":[{"embeddable":true,"href":"https:\/\/eventos.uenp.edu.br\/simposioprofletras\/wp-json\/wp\/v2\/users\/15"}],"replies":[{"embeddable":true,"href":"https:\/\/eventos.uenp.edu.br\/simposioprofletras\/wp-json\/wp\/v2\/comments?post=819"}],"version-history":[{"count":13,"href":"https:\/\/eventos.uenp.edu.br\/simposioprofletras\/wp-json\/wp\/v2\/pages\/819\/revisions"}],"predecessor-version":[{"id":1115,"href":"https:\/\/eventos.uenp.edu.br\/simposioprofletras\/wp-json\/wp\/v2\/pages\/819\/revisions\/1115"}],"up":[{"embeddable":true,"href":"https:\/\/eventos.uenp.edu.br\/simposioprofletras\/wp-json\/wp\/v2\/pages\/631"}],"wp:attachment":[{"href":"https:\/\/eventos.uenp.edu.br\/simposioprofletras\/wp-json\/wp\/v2\/media?parent=819"}],"curies":[{"name":"wp","href":"https:\/\/api.w.org\/{rel}","templated":true}]}}