{"id":818,"date":"2024-09-05T10:26:12","date_gmt":"2024-09-05T13:26:12","guid":{"rendered":"https:\/\/eventos.uenp.edu.br\/simposioprofletras\/?page_id=818"},"modified":"2025-10-17T10:26:59","modified_gmt":"2025-10-17T13:26:59","slug":"local","status":"publish","type":"page","link":"https:\/\/eventos.uenp.edu.br\/simposioprofletras\/simposioprofletras2024\/local\/","title":{"rendered":"Local 2024"},"content":{"rendered":"\n<h3 class=\"wp-block-heading\">Debates<\/h3>\n\n\n\n<p>Para consultar o ensalamento dos debates, <em><a href=\"https:\/\/eventos.uenp.edu.br\/simposioprofletras\/ensalamento\/\">clique aqui<\/a>.<\/em><\/p>\n\n\n\n<hr class=\"wp-block-separator has-alpha-channel-opacity\"\/>\n\n\n\n<h3 class=\"wp-block-heading\">Mesa-redonda<\/h3>\n\n\n\n<p>Link de transmiss\u00e3o do YouTube: <a href=\"https:\/\/www.youtube.com\/@uenpoficial4461\">https:\/\/www.youtube.com\/@uenpoficial4461<\/a><\/p>\n\n\n\n<hr class=\"wp-block-separator has-alpha-channel-opacity\"\/>\n\n\n\n<h3 class=\"wp-block-heading\">Minicursos<\/h3>\n\n\n\n<p><strong>Tema:<\/strong> Processos fonol\u00f3gicos recorrentes na escrita de alunos do 1\u00b0 ao 5\u00b0 ano do Ensino Fundamental<br><strong>Ministrante:<\/strong> Viviani Dias Barradas de Souza (egressa PROFLETRAS\/Unioste)<br><strong>Link para acesso \u00e0 sala virtual:<\/strong> <a href=\"https:\/\/meet.google.com\/kfr-gvue-uko?authuser=0\"><em>Clique aqui<\/em><\/a><\/p>\n\n\n\n<hr class=\"wp-block-separator has-alpha-channel-opacity\"\/>\n\n\n\n<p><strong>Tema:<\/strong> Ensino da oralidade na Sala de Recursos Multifuncionais a estudante autista<br><strong>Ministrante:<\/strong> Dayanna de Paula Mariani dos Santos Santana (egressa PROFLETRAS-UENP)<br><strong>Link para acesso \u00e0 sala virtual:<\/strong> <a href=\"https:\/\/meet.google.com\/uif-txjh-cdn\"><em>Clique aqui<\/em><\/a><\/p>\n\n\n\n<hr class=\"wp-block-separator has-alpha-channel-opacity\"\/>\n\n\n\n<p><strong>Tema:<\/strong> Sociolingu\u00edstica Educacional: da teoria a poss\u00edveis pr\u00e1ticas e a pr\u00e1ticas poss\u00edveis<br><strong>Ministrante:<\/strong> Suely Claudia Lobato Maciel (egressa PROFLETRAS-UEL e doutoranda PPGEL-UEL)<br><strong>Link para acesso \u00e0 sala virtual:<\/strong> <a href=\"https:\/\/meet.google.com\/pzo-yemn-epv\"><em>Clique aqui<\/em><\/a><\/p>\n\n\n\n<hr class=\"wp-block-separator has-alpha-channel-opacity\"\/>\n\n\n\n<p><strong>Tema:<\/strong> Intertextualidade em contos de fada: proposta de unidade did\u00e1tica para um segundo ano do Ensino Fundamental<br><strong>Ministrante:<\/strong> Gessika Karyne Saraiva Oliveira (egressa do PROFLETRAS-UNIOESTE)<br><strong>Link para acesso \u00e0 sala virtual:<\/strong><em> <a href=\"https:\/\/meet.google.com\/cbt-ppqq-odm\">Clique aqui<\/a><\/em><\/p>\n\n\n\n<hr class=\"wp-block-separator has-alpha-channel-opacity\"\/>\n\n\n\n<p><strong>Tema:<\/strong> O C\u00edrculo de Leitura na media\u00e7\u00e3o do texto liter\u00e1rio \u2013 um passeio pelas Mem\u00f3rias P\u00f3stumas de Br\u00e1s Cubas de Machado de Assis<br><strong>Ministrante:<\/strong> Juliana Garcia Martins de Lima<br><strong>Link para acesso \u00e0 sala virtual:<\/strong> <a href=\"http:\/\/meet.google.com\/ets-kjyn-ziv\"><em>Clique aqui<\/em><\/a><\/p>\n\n\n\n<p><\/p>\n\n\n\n<figure class=\"wp-block-image size-large\"><img loading=\"lazy\" decoding=\"async\" width=\"1024\" height=\"1024\" src=\"https:\/\/eventos.uenp.edu.br\/simposioprofletras\/wp-content\/uploads\/sites\/23\/2024\/11\/profletras-1024x1024.png\" alt=\"\" class=\"wp-image-1023\" srcset=\"https:\/\/eventos.uenp.edu.br\/simposioprofletras\/wp-content\/uploads\/sites\/23\/2024\/11\/profletras-1024x1024.png 1024w, https:\/\/eventos.uenp.edu.br\/simposioprofletras\/wp-content\/uploads\/sites\/23\/2024\/11\/profletras-300x300.png 300w, https:\/\/eventos.uenp.edu.br\/simposioprofletras\/wp-content\/uploads\/sites\/23\/2024\/11\/profletras-150x150.png 150w, https:\/\/eventos.uenp.edu.br\/simposioprofletras\/wp-content\/uploads\/sites\/23\/2024\/11\/profletras-768x768.png 768w, https:\/\/eventos.uenp.edu.br\/simposioprofletras\/wp-content\/uploads\/sites\/23\/2024\/11\/profletras.png 1080w\" sizes=\"auto, (max-width: 1024px) 100vw, 1024px\" \/><\/figure>\n","protected":false},"excerpt":{"rendered":"","protected":false},"author":15,"featured_media":0,"parent":631,"menu_order":0,"comment_status":"closed","ping_status":"closed","template":"","meta":{"footnotes":""},"class_list":["post-818","page","type-page","status-publish","hentry"],"_links":{"self":[{"href":"https:\/\/eventos.uenp.edu.br\/simposioprofletras\/wp-json\/wp\/v2\/pages\/818","targetHints":{"allow":["GET"]}}],"collection":[{"href":"https:\/\/eventos.uenp.edu.br\/simposioprofletras\/wp-json\/wp\/v2\/pages"}],"about":[{"href":"https:\/\/eventos.uenp.edu.br\/simposioprofletras\/wp-json\/wp\/v2\/types\/page"}],"author":[{"embeddable":true,"href":"https:\/\/eventos.uenp.edu.br\/simposioprofletras\/wp-json\/wp\/v2\/users\/15"}],"replies":[{"embeddable":true,"href":"https:\/\/eventos.uenp.edu.br\/simposioprofletras\/wp-json\/wp\/v2\/comments?post=818"}],"version-history":[{"count":14,"href":"https:\/\/eventos.uenp.edu.br\/simposioprofletras\/wp-json\/wp\/v2\/pages\/818\/revisions"}],"predecessor-version":[{"id":1113,"href":"https:\/\/eventos.uenp.edu.br\/simposioprofletras\/wp-json\/wp\/v2\/pages\/818\/revisions\/1113"}],"up":[{"embeddable":true,"href":"https:\/\/eventos.uenp.edu.br\/simposioprofletras\/wp-json\/wp\/v2\/pages\/631"}],"wp:attachment":[{"href":"https:\/\/eventos.uenp.edu.br\/simposioprofletras\/wp-json\/wp\/v2\/media?parent=818"}],"curies":[{"name":"wp","href":"https:\/\/api.w.org\/{rel}","templated":true}]}}