{"id":690,"date":"2022-11-25T08:50:51","date_gmt":"2022-11-25T11:50:51","guid":{"rendered":"https:\/\/eventos.uenp.edu.br\/simposioprofletras\/?page_id=690"},"modified":"2025-10-17T10:26:53","modified_gmt":"2025-10-17T13:26:53","slug":"inscricoes","status":"publish","type":"page","link":"https:\/\/eventos.uenp.edu.br\/simposioprofletras\/simposioprofletras2024\/inscricoes\/","title":{"rendered":"Inscri\u00e7\u00f5es 2024"},"content":{"rendered":"<p><!-- Evento Gratuito --><\/p>\n<p style=\"font-family: Arial, sans-serif; font-size: large; font-weight: bold; text-align: justify;\">\n  Evento Gratuito\n<\/p>\n<p><!-- Prazo M\u00e1ximo para Inscri\u00e7\u00f5es --><\/p>\n<p style=\"font-family: Arial, sans-serif; font-size: medium; text-align: justify;\">\n  <strong>Prazo m\u00e1ximo para inscri\u00e7\u00f5es: 26\/11\/2024<\/strong>\n<\/p>\n<p><!-- Bot\u00e3o de Inscri\u00e7\u00e3o --><\/p>\n<p style=\"text-align: left;\">\n  <a href=\"https:\/\/forms.gle\/kzHRCJC1qn4euHzJ7\" style=\"display: inline-block; background-color: #0073aa; color: #ffffff; padding: 10px 20px; text-decoration: none; border-radius: 5px;\"><br \/>\n    Inscreva-se aqui!<br \/>\n  <\/a><\/p>\n\n\n<hr \/>","protected":false},"excerpt":{"rendered":"","protected":false},"author":1,"featured_media":0,"parent":631,"menu_order":0,"comment_status":"closed","ping_status":"closed","template":"","meta":{"footnotes":""},"class_list":["post-690","page","type-page","status-publish","hentry"],"_links":{"self":[{"href":"https:\/\/eventos.uenp.edu.br\/simposioprofletras\/wp-json\/wp\/v2\/pages\/690","targetHints":{"allow":["GET"]}}],"collection":[{"href":"https:\/\/eventos.uenp.edu.br\/simposioprofletras\/wp-json\/wp\/v2\/pages"}],"about":[{"href":"https:\/\/eventos.uenp.edu.br\/simposioprofletras\/wp-json\/wp\/v2\/types\/page"}],"author":[{"embeddable":true,"href":"https:\/\/eventos.uenp.edu.br\/simposioprofletras\/wp-json\/wp\/v2\/users\/1"}],"replies":[{"embeddable":true,"href":"https:\/\/eventos.uenp.edu.br\/simposioprofletras\/wp-json\/wp\/v2\/comments?post=690"}],"version-history":[{"count":20,"href":"https:\/\/eventos.uenp.edu.br\/simposioprofletras\/wp-json\/wp\/v2\/pages\/690\/revisions"}],"predecessor-version":[{"id":1112,"href":"https:\/\/eventos.uenp.edu.br\/simposioprofletras\/wp-json\/wp\/v2\/pages\/690\/revisions\/1112"}],"up":[{"embeddable":true,"href":"https:\/\/eventos.uenp.edu.br\/simposioprofletras\/wp-json\/wp\/v2\/pages\/631"}],"wp:attachment":[{"href":"https:\/\/eventos.uenp.edu.br\/simposioprofletras\/wp-json\/wp\/v2\/media?parent=690"}],"curies":[{"name":"wp","href":"https:\/\/api.w.org\/{rel}","templated":true}]}}