{"id":656,"date":"2022-11-23T09:07:58","date_gmt":"2022-11-23T12:07:58","guid":{"rendered":"https:\/\/eventos.uenp.edu.br\/simposioprofletras\/?page_id=656"},"modified":"2025-10-17T10:27:15","modified_gmt":"2025-10-17T13:27:15","slug":"programacao","status":"publish","type":"page","link":"https:\/\/eventos.uenp.edu.br\/simposioprofletras\/simposioprofletras2024\/programacao\/","title":{"rendered":"Programa\u00e7\u00e3o 2024"},"content":{"rendered":"\n<h2 class=\"wp-block-heading\">8h \u00e0s 12h &#8211; Minicursos<\/h2>\n\n\n\n<p class=\"has-vivid-red-color has-text-color\"><\/p>\n\n\n\n<ul class=\"wp-block-list\">\n<li><strong>T\u00edtulo:<\/strong> Processos fonol\u00f3gicos recorrentes na escrita de alunos do 1\u00b0 ao 5\u00b0 ano do Ensino Fundamental<br><strong>Ministrante:<\/strong> Viviani Dias Barradas de Souza (egressa PROFLETRAS\/Unioste)<\/li>\n<\/ul>\n\n\n\n<ul class=\"wp-block-list\">\n<li><strong>T\u00edtulo:<\/strong> Ensino da oralidade na Sala de Recursos Multifuncionais a estudante autista<br><strong>Ministrante:<\/strong> Dayanna de Paula Mariani dos Santos Santana (egressa PROFLETRAS-UENP)<\/li>\n<\/ul>\n\n\n\n<ul class=\"wp-block-list\">\n<li><strong>T\u00edtulo:<\/strong> Sociolingu\u00edstica Educacional: da teoria a poss\u00edveis pr\u00e1ticas e a pr\u00e1ticas poss\u00edveis<br><strong>Ministrante:<\/strong> Suely Claudia Lobato Maciel (egressa PROFLETRAS-UEL e doutoranda PPGEL-UEL)<\/li>\n<\/ul>\n\n\n\n<ul class=\"wp-block-list\">\n<li><strong>T\u00edtulo:<\/strong> O C\u00edrculo de Leitura na media\u00e7\u00e3o do texto liter\u00e1rio &#8211; um passeio pelas Mem\u00f3rias quase p\u00f3stumas de Machado de Assis<br><strong>Ministrante:<\/strong> Juliana Garcia Martins de Lima<\/li>\n<\/ul>\n\n\n\n<ul class=\"wp-block-list\">\n<li><strong>T\u00edtulo:<\/strong> Intertextualidade em contos de fada: proposta de unidade did\u00e1tica para um segundo ano do Ensino Fundamental.<br><strong>Ministrante:<\/strong> Gessika Karyne Saraiva Oliveira (egressa do PROFLETRAS-UNIOESTE)<\/li>\n<\/ul>\n\n\n\n<h3 class=\"wp-block-heading\">13h \u00e0s 16h<\/h3>\n\n\n\n<p>Roda de conversa fechada com professores do PROFLETRAS das quatro IES do PR<\/p>\n\n\n\n<h3 class=\"wp-block-heading\">17h \u00e0s 19h30<\/h3>\n\n\n\n<p><strong>Mesa-redonda sobre plataformiza\u00e7\u00e3o do ensino no estado do Paran\u00e1<\/strong><\/p>\n\n\n\n<p><\/p>\n\n\n\n<p><strong>Link de transmiss\u00e3o do Youtube:<\/strong> <a href=\"https:\/\/www.youtube.com\/@uenpoficial4461\">https:\/\/www.youtube.com\/@uenpoficial4461<\/a><\/p>\n\n\n\n<ul class=\"wp-block-list\">\n<li><strong>T\u00edtulo:<\/strong> Plataformizar e empreender: a expans\u00e3o da privatiza\u00e7\u00e3o e o projeto formativo para a juventude no estado do Paran\u00e1<br><strong>Profa. Dra.:<\/strong> Renata Peres Barbosa (PPGE\/UFPR)<\/li>\n<\/ul>\n\n\n\n<ul class=\"wp-block-list\">\n<li><strong>T\u00edtulo:<\/strong> Plataforma Reda\u00e7\u00e3o Paran\u00e1: limita\u00e7\u00f5es e possibilidades<br><strong>Profa. Me.:<\/strong> Fernanda Gregol Veronez (SEED)<\/li>\n<\/ul>\n\n\n\n<ul class=\"wp-block-list\"><\/ul>\n\n\n\n<ul class=\"wp-block-list\">\n<li><strong>T\u00edtulo:<\/strong> Ensinar literatura com a Plataforma Leia Paran\u00e1: desafios da uniformidade<br><strong>Prof. Dr.:<\/strong> Wagner Vonder Belinato (DLM-UEM)<\/li>\n<\/ul>\n\n\n\n<h3 class=\"wp-block-heading\">20h \u00e0s 22h30<\/h3>\n\n\n\n<p>Salas de debate com apresenta\u00e7\u00f5es dos projetos dos mestrandos da Turma 10<br>Salas de debate com apresenta\u00e7\u00f5es dos trabalhos em andamento dos mestrandos da Turma 9<\/p>\n\n\n\n<p><a href=\"https:\/\/eventos.uenp.edu.br\/simposioprofletras\/ensalamento\/\"><strong>Consulte o ensalamento aqui<\/strong><\/a><\/p>\n","protected":false},"excerpt":{"rendered":"","protected":false},"author":1,"featured_media":0,"parent":631,"menu_order":0,"comment_status":"closed","ping_status":"closed","template":"","meta":{"footnotes":""},"class_list":["post-656","page","type-page","status-publish","hentry"],"_links":{"self":[{"href":"https:\/\/eventos.uenp.edu.br\/simposioprofletras\/wp-json\/wp\/v2\/pages\/656","targetHints":{"allow":["GET"]}}],"collection":[{"href":"https:\/\/eventos.uenp.edu.br\/simposioprofletras\/wp-json\/wp\/v2\/pages"}],"about":[{"href":"https:\/\/eventos.uenp.edu.br\/simposioprofletras\/wp-json\/wp\/v2\/types\/page"}],"author":[{"embeddable":true,"href":"https:\/\/eventos.uenp.edu.br\/simposioprofletras\/wp-json\/wp\/v2\/users\/1"}],"replies":[{"embeddable":true,"href":"https:\/\/eventos.uenp.edu.br\/simposioprofletras\/wp-json\/wp\/v2\/comments?post=656"}],"version-history":[{"count":23,"href":"https:\/\/eventos.uenp.edu.br\/simposioprofletras\/wp-json\/wp\/v2\/pages\/656\/revisions"}],"predecessor-version":[{"id":1116,"href":"https:\/\/eventos.uenp.edu.br\/simposioprofletras\/wp-json\/wp\/v2\/pages\/656\/revisions\/1116"}],"up":[{"embeddable":true,"href":"https:\/\/eventos.uenp.edu.br\/simposioprofletras\/wp-json\/wp\/v2\/pages\/631"}],"wp:attachment":[{"href":"https:\/\/eventos.uenp.edu.br\/simposioprofletras\/wp-json\/wp\/v2\/media?parent=656"}],"curies":[{"name":"wp","href":"https:\/\/api.w.org\/{rel}","templated":true}]}}