{"id":652,"date":"2022-11-23T09:07:14","date_gmt":"2022-11-23T12:07:14","guid":{"rendered":"https:\/\/eventos.uenp.edu.br\/simposioprofletras\/?page_id=652"},"modified":"2025-10-17T10:26:20","modified_gmt":"2025-10-17T13:26:20","slug":"comissao-organizadora","status":"publish","type":"page","link":"https:\/\/eventos.uenp.edu.br\/simposioprofletras\/simposioprofletras2024\/comissao-organizadora\/","title":{"rendered":"Comiss\u00e3o Organizadora 2024"},"content":{"rendered":"\n<h3 class=\"wp-block-heading\"><\/h3>\n\n\n\n<p><strong>COORDENA\u00c7\u00c3O GERAL<\/strong><br>PROFA. DRA. ELIANA MERLIN DEGANUTTI DE BARROS &#8211; UENP<\/p>\n\n\n\n<p><strong>COMISS\u00c3O ORGANIZADORA<\/strong><br>PROFA. DRA. CL\u00c1UDIA VAL\u00c9RIA DON\u00c1 HILA &#8211; UEM<br>PROF. DR. DIRCEL APARECIDA KAILER &#8211; UEL<br>PROFA. DRA. CLARICE CRISTINA CORBARI &#8211; UNIOESTE <br><\/p>\n\n\n\n<p><\/p>\n","protected":false},"excerpt":{"rendered":"","protected":false},"author":1,"featured_media":0,"parent":631,"menu_order":0,"comment_status":"closed","ping_status":"closed","template":"","meta":{"footnotes":""},"class_list":["post-652","page","type-page","status-publish","hentry"],"_links":{"self":[{"href":"https:\/\/eventos.uenp.edu.br\/simposioprofletras\/wp-json\/wp\/v2\/pages\/652","targetHints":{"allow":["GET"]}}],"collection":[{"href":"https:\/\/eventos.uenp.edu.br\/simposioprofletras\/wp-json\/wp\/v2\/pages"}],"about":[{"href":"https:\/\/eventos.uenp.edu.br\/simposioprofletras\/wp-json\/wp\/v2\/types\/page"}],"author":[{"embeddable":true,"href":"https:\/\/eventos.uenp.edu.br\/simposioprofletras\/wp-json\/wp\/v2\/users\/1"}],"replies":[{"embeddable":true,"href":"https:\/\/eventos.uenp.edu.br\/simposioprofletras\/wp-json\/wp\/v2\/comments?post=652"}],"version-history":[{"count":9,"href":"https:\/\/eventos.uenp.edu.br\/simposioprofletras\/wp-json\/wp\/v2\/pages\/652\/revisions"}],"predecessor-version":[{"id":1108,"href":"https:\/\/eventos.uenp.edu.br\/simposioprofletras\/wp-json\/wp\/v2\/pages\/652\/revisions\/1108"}],"up":[{"embeddable":true,"href":"https:\/\/eventos.uenp.edu.br\/simposioprofletras\/wp-json\/wp\/v2\/pages\/631"}],"wp:attachment":[{"href":"https:\/\/eventos.uenp.edu.br\/simposioprofletras\/wp-json\/wp\/v2\/media?parent=652"}],"curies":[{"name":"wp","href":"https:\/\/api.w.org\/{rel}","templated":true}]}}