{"id":649,"date":"2022-11-23T09:05:17","date_gmt":"2022-11-23T12:05:17","guid":{"rendered":"https:\/\/eventos.uenp.edu.br\/simposioprofletras\/?page_id=649"},"modified":"2025-10-17T10:27:04","modified_gmt":"2025-10-17T13:27:04","slug":"minicursos-e-oficinas","status":"publish","type":"page","link":"https:\/\/eventos.uenp.edu.br\/simposioprofletras\/simposioprofletras2024\/minicursos-e-oficinas\/","title":{"rendered":"MiniCursos 2024"},"content":{"rendered":"\n<h2 class=\"wp-block-heading\"><strong>Hor\u00e1rio: <\/strong>09h \u00e0s 11h<\/h2>\n\n\n\n<figure class=\"wp-block-image\"><img decoding=\"async\" src=\"https:\/\/eventos.uenp.edu.br\/simposioprofletras\/wp-content\/uploads\/sites\/23\/2024\/11\/vivianidias-300x300.jpg\" alt=\"Viviani Dias Barradas de Souza\"\/><\/figure>\n\n\n\n<p><strong>Tema:<\/strong> Processos fonol\u00f3gicos recorrentes na escrita de alunos do 1\u00b0 ao 5\u00b0 ano do Ensino Fundamental<\/p>\n\n\n\n<p><strong>Ministrante:<\/strong> Viviani Dias Barradas de Souza (egressa PROFLETRAS\/Unioste)<\/p>\n\n\n\n<p class=\"has-vivid-red-color has-text-color\"><a href=\"https:\/\/forms.gle\/pKhwa8sSKYVXgARv5\"><em><strong>Inscreva-se aqui<\/strong><\/em><\/a><\/p>\n\n\n\n<p><strong>Link para acesso \u00e0 sala virtual: <\/strong><a href=\"https:\/\/meet.google.com\/kfr-gvue-uko?authuser=0\">https:\/\/meet.google.com\/kfr-gvue-uko?authuser=0<\/a><\/p>\n\n\n\n<p><\/p>\n\n\n\n<h2 class=\"wp-block-heading\"><strong>Hor\u00e1rio:<\/strong> 09h \u00e0s 11h<\/h2>\n\n\n\n<figure class=\"wp-block-image\"><img decoding=\"async\" src=\"https:\/\/eventos.uenp.edu.br\/simposioprofletras\/wp-content\/uploads\/sites\/23\/2024\/11\/dayanna-225x300.jpg\" alt=\"Dayanna de Paula Mariani dos Santos Santana\"\/><\/figure>\n\n\n\n<p><strong>Tema:<\/strong> Ensino da oralidade na Sala de Recursos Multifuncionais a estudante autista<\/p>\n\n\n\n<p><strong>Ministrante:<\/strong> Dayanna de Paula Mariani dos Santos Santana (egressa PROFLETRAS-UENP)<\/p>\n\n\n\n<p><a href=\"https:\/\/forms.gle\/C24r8i5muCFt4Nuy8\"><strong><em>Inscreva-se aqui<\/em><\/strong><\/a><\/p>\n\n\n\n<p><strong>Link para acesso \u00e0 sala virtual:<\/strong> <a href=\"https:\/\/meet.google.com\/uif-txjh-cdn\">https:\/\/meet.google.com\/uif-txjh-cdn<\/a><\/p>\n\n\n\n<p><\/p>\n\n\n\n<h2 class=\"wp-block-heading\"><strong>Hor\u00e1rio:<\/strong> 09h \u00e0s 11h<\/h2>\n\n\n\n<figure class=\"wp-block-image size-full\"><img loading=\"lazy\" decoding=\"async\" width=\"320\" height=\"320\" src=\"https:\/\/eventos.uenp.edu.br\/simposioprofletras\/wp-content\/uploads\/sites\/23\/2024\/11\/suely.png\" alt=\"\" class=\"wp-image-1011\" srcset=\"https:\/\/eventos.uenp.edu.br\/simposioprofletras\/wp-content\/uploads\/sites\/23\/2024\/11\/suely.png 320w, https:\/\/eventos.uenp.edu.br\/simposioprofletras\/wp-content\/uploads\/sites\/23\/2024\/11\/suely-300x300.png 300w, https:\/\/eventos.uenp.edu.br\/simposioprofletras\/wp-content\/uploads\/sites\/23\/2024\/11\/suely-150x150.png 150w\" sizes=\"auto, (max-width: 320px) 100vw, 320px\" \/><\/figure>\n\n\n\n<p><strong>Tema: <\/strong>Sociolingu\u00edstica Educacional: da teoria a poss\u00edveis pr\u00e1ticas e a pr\u00e1ticas poss\u00edveis.<\/p>\n\n\n\n<p><strong>Ministrante:<\/strong> Suely Claudia Lobato Maciel (egressa PROFLETRAS-UEL e doutoranda PPGEL-UEL)<\/p>\n\n\n\n<p><a href=\"https:\/\/forms.gle\/NNcFUHMyG6D45QD58\"><strong><em>Inscreva-se aqui<\/em><\/strong><\/a><\/p>\n\n\n\n<p><strong>Link para acesso \u00e0 sala virtual:<\/strong> <a href=\"https:\/\/meet.google.com\/pzo-yemn-epv\">https:\/\/meet.google.com\/pzo-yemn-epv<\/a><\/p>\n\n\n\n<p><\/p>\n\n\n\n<h2 class=\"wp-block-heading\"><strong>Hor\u00e1rio: <\/strong>09h \u00e0s 11h<\/h2>\n\n\n\n<figure class=\"wp-block-image\"><img decoding=\"async\" src=\"https:\/\/eventos.uenp.edu.br\/simposioprofletras\/wp-content\/uploads\/sites\/23\/2024\/11\/gessika-230x300.jpg\" alt=\"Gessika Karyne Saraiva Oliveira\"\/><\/figure>\n\n\n\n<p><strong>Tema: <\/strong>Intertextualidade em contos de fada: proposta de unidade did\u00e1tica para um segundo ano do Ensino Fundamental.<\/p>\n\n\n\n<p><strong>Ministrante:<\/strong> Gessika Karyne Saraiva Oliveira (egressa do PROFLETRAS-UNIOESTE)<\/p>\n\n\n\n<p><a href=\"https:\/\/forms.gle\/tnAVMAuqGnAQE7Rb7\"><strong><em>Inscreva-se aqui<\/em><\/strong><\/a><\/p>\n\n\n\n<p><strong>Link para acesso \u00e0 sala virtual:<\/strong> <a href=\"https:\/\/meet.google.com\/cbt-ppqq-odm\">https:\/\/meet.google.com\/cbt-ppqq-odm<\/a><\/p>\n\n\n\n<p><\/p>\n\n\n\n<p><\/p>\n\n\n\n<h2 class=\"wp-block-heading\"><strong>Hor\u00e1rio: <\/strong>09h \u00e0s 11h<\/h2>\n\n\n\n<figure class=\"wp-block-image size-full is-resized\"><img loading=\"lazy\" decoding=\"async\" width=\"346\" height=\"587\" src=\"https:\/\/eventos.uenp.edu.br\/simposioprofletras\/wp-content\/uploads\/sites\/23\/2024\/11\/image-2.png\" alt=\"\" class=\"wp-image-997\" style=\"aspect-ratio:0.5894378194207837;width:222px;height:auto\" srcset=\"https:\/\/eventos.uenp.edu.br\/simposioprofletras\/wp-content\/uploads\/sites\/23\/2024\/11\/image-2.png 346w, https:\/\/eventos.uenp.edu.br\/simposioprofletras\/wp-content\/uploads\/sites\/23\/2024\/11\/image-2-177x300.png 177w\" sizes=\"auto, (max-width: 346px) 100vw, 346px\" \/><\/figure>\n\n\n\n<p><strong>Tema: <\/strong>O C\u00edrculo de Leitura na media\u00e7\u00e3o do texto liter\u00e1rio &#8211; um passeio pelas Mem\u00f3rias quase p\u00f3stumas de Machado de Assis<\/p>\n\n\n\n<p><strong>Ministrante:<\/strong> Juliana Garcia Martins de Lima<\/p>\n\n\n\n<p><a href=\"https:\/\/forms.gle\/nunibGMuPgCi24Ln9\"><strong><em>Inscreva-se aqui<\/em><\/strong><\/a><\/p>\n\n\n\n<p><strong>Link de acesso \u00e0 sala virtual:<\/strong> <a href=\"http:\/\/meet.google.com\/ets-kjyn-ziv\">http:\/\/meet.google.com\/ets-kjyn-ziv<\/a><\/p>\n","protected":false},"excerpt":{"rendered":"","protected":false},"author":1,"featured_media":0,"parent":631,"menu_order":0,"comment_status":"closed","ping_status":"closed","template":"","meta":{"footnotes":""},"class_list":["post-649","page","type-page","status-publish","hentry"],"_links":{"self":[{"href":"https:\/\/eventos.uenp.edu.br\/simposioprofletras\/wp-json\/wp\/v2\/pages\/649","targetHints":{"allow":["GET"]}}],"collection":[{"href":"https:\/\/eventos.uenp.edu.br\/simposioprofletras\/wp-json\/wp\/v2\/pages"}],"about":[{"href":"https:\/\/eventos.uenp.edu.br\/simposioprofletras\/wp-json\/wp\/v2\/types\/page"}],"author":[{"embeddable":true,"href":"https:\/\/eventos.uenp.edu.br\/simposioprofletras\/wp-json\/wp\/v2\/users\/1"}],"replies":[{"embeddable":true,"href":"https:\/\/eventos.uenp.edu.br\/simposioprofletras\/wp-json\/wp\/v2\/comments?post=649"}],"version-history":[{"count":31,"href":"https:\/\/eventos.uenp.edu.br\/simposioprofletras\/wp-json\/wp\/v2\/pages\/649\/revisions"}],"predecessor-version":[{"id":1114,"href":"https:\/\/eventos.uenp.edu.br\/simposioprofletras\/wp-json\/wp\/v2\/pages\/649\/revisions\/1114"}],"up":[{"embeddable":true,"href":"https:\/\/eventos.uenp.edu.br\/simposioprofletras\/wp-json\/wp\/v2\/pages\/631"}],"wp:attachment":[{"href":"https:\/\/eventos.uenp.edu.br\/simposioprofletras\/wp-json\/wp\/v2\/media?parent=649"}],"curies":[{"name":"wp","href":"https:\/\/api.w.org\/{rel}","templated":true}]}}