{"id":633,"date":"2022-11-22T16:51:09","date_gmt":"2022-11-22T19:51:09","guid":{"rendered":"https:\/\/eventos.uenp.edu.br\/simposioprofletras\/?page_id=633"},"modified":"2025-10-17T10:26:30","modified_gmt":"2025-10-17T13:26:30","slug":"datas-importantes","status":"publish","type":"page","link":"https:\/\/eventos.uenp.edu.br\/simposioprofletras\/simposioprofletras2024\/datas-importantes\/","title":{"rendered":"Datas Importantes 2024"},"content":{"rendered":"<p><strong>Sobre o evento:<\/strong><\/p>\n<ul>\n<li><b>Data do evento:<\/b> 29\/11\/2024<\/li>\n<li><b>Modalidade:\u00a0<\/b>a dist\u00e2ncia (plataforma Google Meet)<\/li>\n<li><b>Carga Hor\u00e1ria:\u00a0<\/b>12h<\/li>\n<\/ul>\n<p><strong>Sobre inscri\u00e7\u00f5es:<\/strong><\/p>\n<ul>\n<li><b>Prazo m\u00e1ximo para inscri\u00e7\u00e3o como ouvinte:<\/b> 26\/11\/2024<\/li>\n<\/ul>\n<p><strong>Sobre envio dos trabalhos:<\/strong><\/p>\n<ul>\n<li><b>Prazo m\u00e1ximo para envio dos trabalhos dos alunos do PROFLETRAS (UEL, UEM, UENP E UNIOESTE): <\/b>15\/11\/2024<\/li>\n<\/ul>\n<p>\u00a0<\/p>\n\n\n<p><\/p>\n","protected":false},"excerpt":{"rendered":"","protected":false},"author":1,"featured_media":0,"parent":631,"menu_order":0,"comment_status":"closed","ping_status":"closed","template":"","meta":{"footnotes":""},"class_list":["post-633","page","type-page","status-publish","hentry"],"_links":{"self":[{"href":"https:\/\/eventos.uenp.edu.br\/simposioprofletras\/wp-json\/wp\/v2\/pages\/633","targetHints":{"allow":["GET"]}}],"collection":[{"href":"https:\/\/eventos.uenp.edu.br\/simposioprofletras\/wp-json\/wp\/v2\/pages"}],"about":[{"href":"https:\/\/eventos.uenp.edu.br\/simposioprofletras\/wp-json\/wp\/v2\/types\/page"}],"author":[{"embeddable":true,"href":"https:\/\/eventos.uenp.edu.br\/simposioprofletras\/wp-json\/wp\/v2\/users\/1"}],"replies":[{"embeddable":true,"href":"https:\/\/eventos.uenp.edu.br\/simposioprofletras\/wp-json\/wp\/v2\/comments?post=633"}],"version-history":[{"count":17,"href":"https:\/\/eventos.uenp.edu.br\/simposioprofletras\/wp-json\/wp\/v2\/pages\/633\/revisions"}],"predecessor-version":[{"id":1110,"href":"https:\/\/eventos.uenp.edu.br\/simposioprofletras\/wp-json\/wp\/v2\/pages\/633\/revisions\/1110"}],"up":[{"embeddable":true,"href":"https:\/\/eventos.uenp.edu.br\/simposioprofletras\/wp-json\/wp\/v2\/pages\/631"}],"wp:attachment":[{"href":"https:\/\/eventos.uenp.edu.br\/simposioprofletras\/wp-json\/wp\/v2\/media?parent=633"}],"curies":[{"name":"wp","href":"https:\/\/api.w.org\/{rel}","templated":true}]}}