{"id":631,"date":"2022-11-22T16:39:41","date_gmt":"2022-11-22T19:39:41","guid":{"rendered":"https:\/\/eventos.uenp.edu.br\/simposioprofletras\/?page_id=631"},"modified":"2025-10-17T09:51:59","modified_gmt":"2025-10-17T12:51:59","slug":"simposioprofletras2024","status":"publish","type":"page","link":"https:\/\/eventos.uenp.edu.br\/simposioprofletras\/simposioprofletras2024\/","title":{"rendered":"Apresenta\u00e7\u00e3o 2024"},"content":{"rendered":"<h2><\/h2>\n<h2>I SIMP\u00d3SIO DO PROFLETRAS-PARAN\u00c1 e X SIMP\u00d3SIO DO PROFLETRAS-UENP<\/h2>\n<p><strong>Data:\u00a0<\/strong>29\/11\/2024<\/p>\n<p><strong>Modalidade: <\/strong>100% a dist\u00e2ncia<\/p>\n<p><strong>Carga Hor\u00e1ria:<\/strong> 12 horas<\/p>\n<p><strong>Mesa-redonda, Link de transmiss\u00e3o do Youtube:<\/strong> <a href=\"https:\/\/www.youtube.com\/@uenpoficial4461\">https:\/\/www.youtube.com\/@uenpoficial4461<\/a><\/p>\n<p><strong>MiniCursos: <\/strong>para consultar as salas,<strong>\u00a0<\/strong><a href=\"https:\/\/eventos.uenp.edu.br\/simposioprofletras\/minicursos-e-oficinas\/\"><strong>clique aqui!<\/strong><\/a><\/p>\n<h3>Apresenta\u00e7\u00e3o<\/h3>\n<p>O <strong>I Simp\u00f3sio do PROFLETRAS-Paran\u00e1<\/strong> e o <strong>X Simp\u00f3sio do PROFLETRAS-UENP<\/strong> s\u00e3o eventos <strong>totalmente virtuais<\/strong>, organizados conjuntamente pelas quatro unidades do <strong>PROFLETRAS<\/strong> (Mestrado Profissional em Letras em Rede Nacional) do estado do Paran\u00e1:<\/p>\n<ul>\n<li><strong>UENP<\/strong><\/li>\n<li><strong>UEM<\/strong><\/li>\n<li><strong>UEL<\/strong><\/li>\n<li><strong>UNIOESTE<\/strong><\/li>\n<\/ul>\n<h3>Hist\u00f3ria e Inova\u00e7\u00e3o<\/h3>\n<ul>\n<li><strong>X Simp\u00f3sio do PROFLETRAS-UENP<\/strong>: Evento restrito \u00e0 unidade da UENP, em sua d\u00e9cima edi\u00e7\u00e3o.<\/li>\n<li><strong>I Simp\u00f3sio do PROFLETRAS-Paran\u00e1<\/strong>: Inova\u00e7\u00e3o que estabelece a parceria com as outras unidades estaduais.<\/li>\n<\/ul>\n<h3>Objetivos do Evento<\/h3>\n<ol>\n<li><strong>Divulga\u00e7\u00e3o e Debate<\/strong>: Proporcionar aos mestrandos do programa um espa\u00e7o para divulgar e debater suas pesquisas em desenvolvimento.<\/li>\n<li><strong>Fomento de Estudos<\/strong>: Incentivar os estudos sobre ensino, aprendizagem e forma\u00e7\u00e3o do professor de l\u00edngua portuguesa e literatura.<\/li>\n<li><strong>Palestras e Minicursos\/Oficinas<\/strong>: Promover atividades sobre temas relevantes para a \u00e1rea.<\/li>\n<\/ol>\n<h3>Destaques da Edi\u00e7\u00e3o Atual<\/h3>\n<ul>\n<li><strong>Tema da Mesa-Redonda<\/strong>: <em>Plataformiza\u00e7\u00e3o do Ensino no Estado do Paran\u00e1<\/em>.<\/li>\n<li><strong>Apresenta\u00e7\u00f5es<\/strong>: Quatro apresenta\u00e7\u00f5es ser\u00e3o realizadas.<\/li>\n<\/ul>\n<h3>P\u00fablico-Alvo<\/h3>\n<p>O evento \u00e9 direcionado a:<\/p>\n<ul>\n<li><strong>Professores e Pesquisadores<\/strong>: Atuantes no ensino da l\u00edngua portuguesa e literatura.<\/li>\n<li><strong>Alunos de P\u00f3s-Gradua\u00e7\u00e3o<\/strong>: Que atuam na \u00e1rea.<\/li>\n<li><strong>Licenciados em Letras e Pedagogia<\/strong>.<\/li>\n<li><strong>Profissionais da Educa\u00e7\u00e3o B\u00e1sica<\/strong>: P\u00fablico atendido pelo PROFLETRAS.<\/li>\n<\/ul>\n<h3>Participe!<\/h3>\n<p>N\u00e3o perca a oportunidade de participar deste evento enriquecedor e contribuir para o avan\u00e7o dos estudos em Letras no Paran\u00e1!<\/p>\n","protected":false},"excerpt":{"rendered":"","protected":false},"author":1,"featured_media":0,"parent":0,"menu_order":0,"comment_status":"closed","ping_status":"closed","template":"","meta":{"footnotes":""},"class_list":["post-631","page","type-page","status-publish","hentry"],"_links":{"self":[{"href":"https:\/\/eventos.uenp.edu.br\/simposioprofletras\/wp-json\/wp\/v2\/pages\/631","targetHints":{"allow":["GET"]}}],"collection":[{"href":"https:\/\/eventos.uenp.edu.br\/simposioprofletras\/wp-json\/wp\/v2\/pages"}],"about":[{"href":"https:\/\/eventos.uenp.edu.br\/simposioprofletras\/wp-json\/wp\/v2\/types\/page"}],"author":[{"embeddable":true,"href":"https:\/\/eventos.uenp.edu.br\/simposioprofletras\/wp-json\/wp\/v2\/users\/1"}],"replies":[{"embeddable":true,"href":"https:\/\/eventos.uenp.edu.br\/simposioprofletras\/wp-json\/wp\/v2\/comments?post=631"}],"version-history":[{"count":19,"href":"https:\/\/eventos.uenp.edu.br\/simposioprofletras\/wp-json\/wp\/v2\/pages\/631\/revisions"}],"predecessor-version":[{"id":1056,"href":"https:\/\/eventos.uenp.edu.br\/simposioprofletras\/wp-json\/wp\/v2\/pages\/631\/revisions\/1056"}],"wp:attachment":[{"href":"https:\/\/eventos.uenp.edu.br\/simposioprofletras\/wp-json\/wp\/v2\/media?parent=631"}],"curies":[{"name":"wp","href":"https:\/\/api.w.org\/{rel}","templated":true}]}}