{"id":1088,"date":"2025-10-17T10:10:09","date_gmt":"2025-10-17T13:10:09","guid":{"rendered":"https:\/\/eventos.uenp.edu.br\/simposioprofletras\/?page_id=1088"},"modified":"2025-10-20T14:09:01","modified_gmt":"2025-10-20T17:09:01","slug":"submissao-de-trabalhos","status":"publish","type":"page","link":"https:\/\/eventos.uenp.edu.br\/simposioprofletras\/simposioprofletras2025\/submissao-de-trabalhos\/","title":{"rendered":"Submiss\u00e3o de Trabalhos"},"content":{"rendered":"<div style=\"border: 1px solid #ddd; border-radius: 12px; padding: 20px; background-color: #f9f9f9; max-width: 800px; margin: 20px auto; line-height: 1.6;\">\n<p>Os mestrandos do <strong>PROFLETRAS-UENP<\/strong> das turmas 10 e 11 devem enviar o texto para debate at\u00e9 <strong>17\/11\/2025<\/strong>, seguindo as orienta\u00e7\u00f5es abaixo:<\/p>\n<ul style=\"padding-left: 20px;\">\n<li><strong>Destinat\u00e1rio:<\/strong> E-mail do orientador respons\u00e1vel.<\/li>\n<li><strong>Formato:<\/strong> Documento em PDF.<\/li>\n<li><strong>Assunto do e-mail:<\/strong> Submiss\u00e3o de Trabalho \u2013 Nome do Mestrando.<\/li>\n<li><strong>Observa\u00e7\u00e3o:<\/strong> Apenas os textos enviados dentro do prazo ser\u00e3o considerados para apresenta\u00e7\u00e3o.<\/li>\n<\/ul>\n<p>Certifique-se de revisar o documento, garantindo clareza, coer\u00eancia e qualidade antes do envio.<\/p>\n<\/div>\n","protected":false},"excerpt":{"rendered":"","protected":false},"author":1,"featured_media":0,"parent":1066,"menu_order":0,"comment_status":"closed","ping_status":"closed","template":"","meta":{"footnotes":""},"class_list":["post-1088","page","type-page","status-publish","hentry"],"_links":{"self":[{"href":"https:\/\/eventos.uenp.edu.br\/simposioprofletras\/wp-json\/wp\/v2\/pages\/1088","targetHints":{"allow":["GET"]}}],"collection":[{"href":"https:\/\/eventos.uenp.edu.br\/simposioprofletras\/wp-json\/wp\/v2\/pages"}],"about":[{"href":"https:\/\/eventos.uenp.edu.br\/simposioprofletras\/wp-json\/wp\/v2\/types\/page"}],"author":[{"embeddable":true,"href":"https:\/\/eventos.uenp.edu.br\/simposioprofletras\/wp-json\/wp\/v2\/users\/1"}],"replies":[{"embeddable":true,"href":"https:\/\/eventos.uenp.edu.br\/simposioprofletras\/wp-json\/wp\/v2\/comments?post=1088"}],"version-history":[{"count":4,"href":"https:\/\/eventos.uenp.edu.br\/simposioprofletras\/wp-json\/wp\/v2\/pages\/1088\/revisions"}],"predecessor-version":[{"id":1156,"href":"https:\/\/eventos.uenp.edu.br\/simposioprofletras\/wp-json\/wp\/v2\/pages\/1088\/revisions\/1156"}],"up":[{"embeddable":true,"href":"https:\/\/eventos.uenp.edu.br\/simposioprofletras\/wp-json\/wp\/v2\/pages\/1066"}],"wp:attachment":[{"href":"https:\/\/eventos.uenp.edu.br\/simposioprofletras\/wp-json\/wp\/v2\/media?parent=1088"}],"curies":[{"name":"wp","href":"https:\/\/api.w.org\/{rel}","templated":true}]}}