{"id":1086,"date":"2025-10-17T10:09:54","date_gmt":"2025-10-17T13:09:54","guid":{"rendered":"https:\/\/eventos.uenp.edu.br\/simposioprofletras\/?page_id=1086"},"modified":"2025-10-20T13:49:14","modified_gmt":"2025-10-20T16:49:14","slug":"progamacao","status":"publish","type":"page","link":"https:\/\/eventos.uenp.edu.br\/simposioprofletras\/simposioprofletras2025\/progamacao\/","title":{"rendered":"Progama\u00e7\u00e3o"},"content":{"rendered":"<h3>Programa\u00e7\u00e3o do Simp\u00f3sio<\/h3>\n<div style=\"display: flex; flex-direction: column; gap: 20px;\">\n<p>  <!-- Manh\u00e3 --><\/p>\n<div style=\"border: 1px solid #ccc; border-radius: 10px; padding: 15px; background-color: #f5f5f5;\">\n<h4>Manh\u00e3: 8h \u00e0s 12h<\/h4>\n<p><strong>Atividade:<\/strong> Apresenta\u00e7\u00e3o e debate dos trabalhos em andamento dos mestrandos das turmas 10 e 11 do <strong>PROFLETRAS\/UENP<\/strong>.<\/p>\n<p><strong>Modalidade:<\/strong> Presencial<\/p>\n<p><strong>Local:<\/strong> Salas do Bloco C do Campus Corn\u00e9lio Proc\u00f3pio<\/p>\n<p><strong>Ensalamento:<\/strong> Em breve<\/p>\n<\/div>\n<p><!-- Tarde --><\/p>\n<div style=\"border: 1px solid #ccc; border-radius: 10px; padding: 15px; background-color: #e6f0ff;\">\n<h4>Tarde: 14h \u00e0s 18h<\/h4>\n<p><strong>Atividade:<\/strong> Minicursos<\/p>\n<p><strong>Modalidade:<\/strong> Virtual \u2013 Google Meet<\/p>\n<p><strong>Links das salas:<\/strong><\/p>\n<ul>\n<li>Minicurso 01 (16h \u00e0s 18h) \u2013 Profa. Luciane: <a href=\"https:\/\/meet.google.com\/pxf-ooqn-aut\" target=\"_blank\" rel=\"noopener\">meet.google.com\/pxf-ooqn-aut<\/a><\/li>\n<li>Minicurso 02 (14h \u00e0s 16h) \u2013 Profa. Michelle: <a href=\"https:\/\/meet.google.com\/rum-wxgy-tzb\" target=\"_blank\" rel=\"noopener\">meet.google.com\/rum-wxgy-tzb<\/a><\/li>\n<\/ul>\n<\/div>\n<p><!-- Intervalo --><\/p>\n<div style=\"border: 1px solid #ccc; border-radius: 10px; padding: 15px; background-color: #fff3e6;\">\n<h4>Intervalo: 18h \u00e0s 19h<\/h4>\n<p><strong>Atividade:<\/strong> Atividade cultural<\/p>\n<p><strong>Modalidade:<\/strong> Presencial<\/p>\n<p><strong>Local:<\/strong> Bloco C do Campus Corn\u00e9lio Proc\u00f3pio<\/p>\n<\/div>\n<p><!-- Noite --><\/p>\n<div style=\"border: 1px solid #ccc; border-radius: 10px; padding: 15px; background-color: #f0e6ff;\">\n<h4>Noite: 19h \u00e0s 22h<\/h4>\n<p><strong>Atividade:<\/strong> Mesa-redonda com duas palestras sobre ensino da leitura<\/p>\n<p><strong>Modalidade:<\/strong> Presencial<\/p>\n<p><strong>Local:<\/strong> Miniaudit\u00f3rio da P\u00f3s-Gradua\u00e7\u00e3o do Campus Corn\u00e9lio Proc\u00f3pio, Bloco H<\/p>\n<\/div>\n<\/div>\n","protected":false},"excerpt":{"rendered":"","protected":false},"author":1,"featured_media":0,"parent":1066,"menu_order":0,"comment_status":"closed","ping_status":"closed","template":"","meta":{"footnotes":""},"class_list":["post-1086","page","type-page","status-publish","hentry"],"_links":{"self":[{"href":"https:\/\/eventos.uenp.edu.br\/simposioprofletras\/wp-json\/wp\/v2\/pages\/1086","targetHints":{"allow":["GET"]}}],"collection":[{"href":"https:\/\/eventos.uenp.edu.br\/simposioprofletras\/wp-json\/wp\/v2\/pages"}],"about":[{"href":"https:\/\/eventos.uenp.edu.br\/simposioprofletras\/wp-json\/wp\/v2\/types\/page"}],"author":[{"embeddable":true,"href":"https:\/\/eventos.uenp.edu.br\/simposioprofletras\/wp-json\/wp\/v2\/users\/1"}],"replies":[{"embeddable":true,"href":"https:\/\/eventos.uenp.edu.br\/simposioprofletras\/wp-json\/wp\/v2\/comments?post=1086"}],"version-history":[{"count":4,"href":"https:\/\/eventos.uenp.edu.br\/simposioprofletras\/wp-json\/wp\/v2\/pages\/1086\/revisions"}],"predecessor-version":[{"id":1140,"href":"https:\/\/eventos.uenp.edu.br\/simposioprofletras\/wp-json\/wp\/v2\/pages\/1086\/revisions\/1140"}],"up":[{"embeddable":true,"href":"https:\/\/eventos.uenp.edu.br\/simposioprofletras\/wp-json\/wp\/v2\/pages\/1066"}],"wp:attachment":[{"href":"https:\/\/eventos.uenp.edu.br\/simposioprofletras\/wp-json\/wp\/v2\/media?parent=1086"}],"curies":[{"name":"wp","href":"https:\/\/api.w.org\/{rel}","templated":true}]}}