{"id":1083,"date":"2025-10-17T10:08:44","date_gmt":"2025-10-17T13:08:44","guid":{"rendered":"https:\/\/eventos.uenp.edu.br\/simposioprofletras\/?page_id=1083"},"modified":"2025-10-29T13:47:27","modified_gmt":"2025-10-29T16:47:27","slug":"mesa-redonda","status":"publish","type":"page","link":"https:\/\/eventos.uenp.edu.br\/simposioprofletras\/simposioprofletras2025\/mesa-redonda\/","title":{"rendered":"Mesa-redonda"},"content":{"rendered":"<p>A <strong>mesa-redonda<\/strong> acontecer\u00e1 de forma <strong>presencial<\/strong>, no <strong>Miniaudit\u00f3rio da P\u00f3s-Gradua\u00e7\u00e3o<\/strong> do <strong>Campus Corn\u00e9lio Proc\u00f3pio<\/strong>, <strong>Bloco H<\/strong>.<\/p>\n<h4>Palestra 1<\/h4>\n<p><strong>Tema:<\/strong> Contribui\u00e7\u00f5es das teorias do texto\/discurso para o ensino de leitura: articula\u00e7\u00f5es entre a Semi\u00f3tica e a Lingu\u00edstica Textual<\/p>\n<p><strong>Palestrante:<\/strong> Prof. Dr. Antonio Lemes Guerra Junior (UEL)<\/p>\n<p><strong>Curr\u00edculo Lattes:<\/strong> <a href=\"http:\/\/lattes.cnpq.br\/7382780768191096\" target=\"_blank\" rel=\"noopener\">http:\/\/lattes.cnpq.br\/7382780768191096<\/a><\/p>\n<p><img decoding=\"async\" src=\"https:\/\/eventos.uenp.edu.br\/simposioprofletras\/wp-content\/uploads\/sites\/23\/2025\/10\/Antonio-Lemes-Guerra-Junior.png\" alt=\"Foto do Prof. Dr. Antonio Lemes Guerra Junior\" style=\"max-width:300px; height:auto; border-radius:8px; margin-top:10px;\"><\/p>\n<h4>Palestra 2<\/h4>\n<p><strong>Tema:<\/strong> Ensino da leitura liter\u00e1ria<\/p>\n<p><strong>Palestrante:<\/strong> Profa. Dra. Sonia Pascolati (UEL)<\/p>\n<p><strong>Curr\u00edculo Lattes:<\/strong> <a href=\"http:\/\/lattes.cnpq.br\/8576885635916940\" target=\"_blank\" rel=\"noopener\">http:\/\/lattes.cnpq.br\/8576885635916940<\/a><\/p>\n<p><img decoding=\"async\" src=\"https:\/\/eventos.uenp.edu.br\/simposioprofletras\/wp-content\/uploads\/sites\/23\/2025\/10\/Sonia-Pascolati.jpg\" alt=\"Foto do Prof. Dr. Sonia Aparecido Vido Pascolati\" style=\"max-width:300px; height:auto; border-radius:8px; margin-top:10px;\"><\/p>\n","protected":false},"excerpt":{"rendered":"","protected":false},"author":1,"featured_media":0,"parent":1066,"menu_order":0,"comment_status":"closed","ping_status":"closed","template":"","meta":{"footnotes":""},"class_list":["post-1083","page","type-page","status-publish","hentry"],"_links":{"self":[{"href":"https:\/\/eventos.uenp.edu.br\/simposioprofletras\/wp-json\/wp\/v2\/pages\/1083","targetHints":{"allow":["GET"]}}],"collection":[{"href":"https:\/\/eventos.uenp.edu.br\/simposioprofletras\/wp-json\/wp\/v2\/pages"}],"about":[{"href":"https:\/\/eventos.uenp.edu.br\/simposioprofletras\/wp-json\/wp\/v2\/types\/page"}],"author":[{"embeddable":true,"href":"https:\/\/eventos.uenp.edu.br\/simposioprofletras\/wp-json\/wp\/v2\/users\/1"}],"replies":[{"embeddable":true,"href":"https:\/\/eventos.uenp.edu.br\/simposioprofletras\/wp-json\/wp\/v2\/comments?post=1083"}],"version-history":[{"count":6,"href":"https:\/\/eventos.uenp.edu.br\/simposioprofletras\/wp-json\/wp\/v2\/pages\/1083\/revisions"}],"predecessor-version":[{"id":1160,"href":"https:\/\/eventos.uenp.edu.br\/simposioprofletras\/wp-json\/wp\/v2\/pages\/1083\/revisions\/1160"}],"up":[{"embeddable":true,"href":"https:\/\/eventos.uenp.edu.br\/simposioprofletras\/wp-json\/wp\/v2\/pages\/1066"}],"wp:attachment":[{"href":"https:\/\/eventos.uenp.edu.br\/simposioprofletras\/wp-json\/wp\/v2\/media?parent=1083"}],"curies":[{"name":"wp","href":"https:\/\/api.w.org\/{rel}","templated":true}]}}