{"id":1081,"date":"2025-10-17T10:04:14","date_gmt":"2025-10-17T13:04:14","guid":{"rendered":"https:\/\/eventos.uenp.edu.br\/simposioprofletras\/?page_id=1081"},"modified":"2025-10-20T14:06:27","modified_gmt":"2025-10-20T17:06:27","slug":"minicursos","status":"publish","type":"page","link":"https:\/\/eventos.uenp.edu.br\/simposioprofletras\/simposioprofletras2025\/minicursos\/","title":{"rendered":"Minicursos"},"content":{"rendered":"<h3>\ud83d\udcbb Minicursos<\/h3>\n<div style=\"max-width: 800px; margin: 0 auto; line-height: 1.6;\">\n<p>Os minicursos acontecer\u00e3o de forma <strong>virtual<\/strong>, pelo Google Meet.<br \/>\nPara participar, \u00e9 necess\u00e1rio optar por um dos dois minicursos no formul\u00e1rio de inscri\u00e7\u00e3o.<br \/>\nHaver\u00e1 certificado espec\u00edfico para esta atividade.<\/p>\n<p><!-- Minicurso 1 --><\/p>\n<div style=\"display: flex; gap: 20px; border: 1px solid #ddd; border-radius: 10px; padding: 20px; background-color: #e6f0ff; margin-top: 20px; flex-wrap: wrap; align-items: flex-start;\">\n<p>    <!-- Imagem do ministrante --><\/p>\n<div style=\"flex: 0 0 150px;\">\n      <img decoding=\"async\" src=\"https:\/\/eventos.uenp.edu.br\/simposioprofletras\/wp-content\/uploads\/sites\/23\/2025\/10\/Profa.-Me.-Luciane-Rodrigues.png\" \n           alt=\"Profa. Luciane Rodrigues Sales Marchetto\" \n           style=\"width: 100%; border-radius: 8px;\"><\/div>\n<p><!-- Conte\u00fado --><\/p>\n<div style=\"flex: 1; min-width: 200px;\">\n<h4>Produto Educacional: Guia Did\u00e1tico para a forma\u00e7\u00e3o de leitores<\/h4>\n<p><strong>Data e hor\u00e1rio:<\/strong> 24\/11\/2025 \u2013 16h \u00e0s 18h<\/p>\n<p><strong>Ministrante:<\/strong> Profa. Me. Luciane Rodrigues Sales Marchetto (egressa do PROFLETRAS\/UENP)<\/p>\n<p><strong>P\u00fablico-alvo:<\/strong> Professores dos anos iniciais do Ensino Fundamental<\/p>\n<p><strong>Carga hor\u00e1ria:<\/strong> 2h<\/p>\n<p><strong>Link de acesso:<\/strong> <a href=\"http:\/\/meet.google.com\/pxf-ooqn-aut\" target=\"_blank\" rel=\"noopener\">meet.google.com\/pxf-ooqn-aut<\/a><\/p>\n<p>O minicurso apresenta resultados de pesquisa do PROFLETRAS, com atividades pr\u00e1ticas de leitura e compreens\u00e3o de textos liter\u00e1rios fundamentadas no M\u00e9todo Recepcional. A metodologia prop\u00f5e progress\u00e3o leitora gradual, favorecendo prazer e compet\u00eancia leitora.<\/p>\n<\/div>\n<\/div>\n<p><!-- Minicurso 2 --><\/p>\n<div style=\"display: flex; gap: 20px; border: 1px solid #ddd; border-radius: 10px; padding: 20px; background-color: #e6f0ff; margin-top: 20px; flex-wrap: wrap; align-items: flex-start;\">\n<p>    <!-- Imagem do ministrante --><\/p>\n<div style=\"flex: 0 0 150px;\">\n      <img decoding=\"async\" src=\"https:\/\/eventos.uenp.edu.br\/simposioprofletras\/wp-content\/uploads\/sites\/23\/2025\/10\/Profa.-Me.-Michelle-Sortil.png\" \n           alt=\"Profa. Michelle Sortil Azambuja Kaiser\" \n           style=\"width: 100%; border-radius: 8px;\"><\/div>\n<p><!-- Conte\u00fado --><\/p>\n<div style=\"flex: 1; min-width: 200px;\">\n<h4>Media\u00e7\u00e3o de leitura liter\u00e1ria no contexto da Educa\u00e7\u00e3o de Jovens e Adultos (EJA)<\/h4>\n<p><strong>Data e hor\u00e1rio:<\/strong> 24\/11\/2025 \u2013 14h \u00e0s 16h<\/p>\n<p><strong>Ministrante:<\/strong> Profa. Me. Michelle Sortil Azambuja Kaiser (egressa do PROFLETRAS\/UENP)<\/p>\n<p><strong>P\u00fablico-alvo:<\/strong> Professores da Educa\u00e7\u00e3o de Jovens e Adultos (EJA) e interessados na media\u00e7\u00e3o de leitura liter\u00e1ria<\/p>\n<p><strong>Carga hor\u00e1ria:<\/strong> 2h<\/p>\n<p><strong>Link de acesso:<\/strong> <a href=\"http:\/\/meet.google.com\/rum-wxgy-tzb\" target=\"_blank\" rel=\"noopener\">meet.google.com\/rum-wxgy-tzb<\/a><\/p>\n<p>O minicurso oferece uma proposta did\u00e1tica baseada no C\u00edrculo de Leitura, abordando literatura do fant\u00e1stico e metodologias de media\u00e7\u00e3o de leitura liter\u00e1ria, para desenvolver habilidades de planejamento, media\u00e7\u00e3o e frui\u00e7\u00e3o leitora dos participantes.<\/p>\n<\/div>\n<\/div>\n<\/div>\n","protected":false},"excerpt":{"rendered":"","protected":false},"author":1,"featured_media":0,"parent":1066,"menu_order":0,"comment_status":"closed","ping_status":"closed","template":"","meta":{"footnotes":""},"class_list":["post-1081","page","type-page","status-publish","hentry"],"_links":{"self":[{"href":"https:\/\/eventos.uenp.edu.br\/simposioprofletras\/wp-json\/wp\/v2\/pages\/1081","targetHints":{"allow":["GET"]}}],"collection":[{"href":"https:\/\/eventos.uenp.edu.br\/simposioprofletras\/wp-json\/wp\/v2\/pages"}],"about":[{"href":"https:\/\/eventos.uenp.edu.br\/simposioprofletras\/wp-json\/wp\/v2\/types\/page"}],"author":[{"embeddable":true,"href":"https:\/\/eventos.uenp.edu.br\/simposioprofletras\/wp-json\/wp\/v2\/users\/1"}],"replies":[{"embeddable":true,"href":"https:\/\/eventos.uenp.edu.br\/simposioprofletras\/wp-json\/wp\/v2\/comments?post=1081"}],"version-history":[{"count":7,"href":"https:\/\/eventos.uenp.edu.br\/simposioprofletras\/wp-json\/wp\/v2\/pages\/1081\/revisions"}],"predecessor-version":[{"id":1155,"href":"https:\/\/eventos.uenp.edu.br\/simposioprofletras\/wp-json\/wp\/v2\/pages\/1081\/revisions\/1155"}],"up":[{"embeddable":true,"href":"https:\/\/eventos.uenp.edu.br\/simposioprofletras\/wp-json\/wp\/v2\/pages\/1066"}],"wp:attachment":[{"href":"https:\/\/eventos.uenp.edu.br\/simposioprofletras\/wp-json\/wp\/v2\/media?parent=1081"}],"curies":[{"name":"wp","href":"https:\/\/api.w.org\/{rel}","templated":true}]}}