{"id":1079,"date":"2025-10-17T10:03:54","date_gmt":"2025-10-17T13:03:54","guid":{"rendered":"https:\/\/eventos.uenp.edu.br\/simposioprofletras\/?page_id=1079"},"modified":"2025-10-20T13:45:33","modified_gmt":"2025-10-20T16:45:33","slug":"local-2025","status":"publish","type":"page","link":"https:\/\/eventos.uenp.edu.br\/simposioprofletras\/simposioprofletras2025\/local-2025\/","title":{"rendered":"Local"},"content":{"rendered":"<h3>Programa\u00e7\u00e3o<\/h3>\n<h4>Manh\u00e3: 8h \u00e0s 12h<\/h4>\n<p><strong>Atividade:<\/strong> Apresenta\u00e7\u00e3o e debate dos trabalhos em andamento dos mestrandos das turmas 10 e 11 do <strong>PROFLETRAS\/UENP<\/strong>.<br \/>\n<strong>Modalidade:<\/strong> Presencial<br \/>\n<strong>Local:<\/strong> Salas do Bloco C do Campus Corn\u00e9lio Proc\u00f3pio.<br \/>\n<strong>Ensalamento:<\/strong> Em breve.<\/p>\n<h4>Tarde: 14h \u00e0s 18h<\/h4>\n<p><strong>Atividade:<\/strong> Minicursos<br \/>\n<strong>Modalidade:<\/strong> Virtual \u2013 Google Meet<br \/>\n<strong>Links das salas:<\/strong><br \/>\n&#8211; Minicurso 01 (16h \u00e0s 18h) \u2013 Profa. Luciane: <a href=\"https:\/\/meet.google.com\/pxf-ooqn-aut\" target=\"_blank\" rel=\"noopener\">meet.google.com\/pxf-ooqn-aut<\/a><br \/>\n&#8211; Minicurso 02 (14h \u00e0s 16h) \u2013 Profa. Michelle: <a href=\"https:\/\/meet.google.com\/rum-wxgy-tzb\" target=\"_blank\" rel=\"noopener\">meet.google.com\/rum-wxgy-tzb<\/a><\/p>\n<h4>Intervalo: 18h \u00e0s 19h<\/h4>\n<p><strong>Atividade:<\/strong> Atividade cultural<br \/>\n<strong>Modalidade:<\/strong> Presencial<br \/>\n<strong>Local:<\/strong> Bloco C do Campus Corn\u00e9lio Proc\u00f3pio.<\/p>\n<h4>Noite: 19h \u00e0s 22h<\/h4>\n<p><strong>Atividade:<\/strong> Mesa-redonda com duas palestras sobre ensino da leitura<br \/>\n<strong>Modalidade:<\/strong> Presencial<br \/>\n<strong>Local:<\/strong> Miniaudit\u00f3rio da P\u00f3s-Gradua\u00e7\u00e3o do Campus Corn\u00e9lio Proc\u00f3pio, Bloco H.<\/p>\n","protected":false},"excerpt":{"rendered":"","protected":false},"author":1,"featured_media":0,"parent":1066,"menu_order":0,"comment_status":"closed","ping_status":"closed","template":"","meta":{"footnotes":""},"class_list":["post-1079","page","type-page","status-publish","hentry"],"_links":{"self":[{"href":"https:\/\/eventos.uenp.edu.br\/simposioprofletras\/wp-json\/wp\/v2\/pages\/1079","targetHints":{"allow":["GET"]}}],"collection":[{"href":"https:\/\/eventos.uenp.edu.br\/simposioprofletras\/wp-json\/wp\/v2\/pages"}],"about":[{"href":"https:\/\/eventos.uenp.edu.br\/simposioprofletras\/wp-json\/wp\/v2\/types\/page"}],"author":[{"embeddable":true,"href":"https:\/\/eventos.uenp.edu.br\/simposioprofletras\/wp-json\/wp\/v2\/users\/1"}],"replies":[{"embeddable":true,"href":"https:\/\/eventos.uenp.edu.br\/simposioprofletras\/wp-json\/wp\/v2\/comments?post=1079"}],"version-history":[{"count":3,"href":"https:\/\/eventos.uenp.edu.br\/simposioprofletras\/wp-json\/wp\/v2\/pages\/1079\/revisions"}],"predecessor-version":[{"id":1139,"href":"https:\/\/eventos.uenp.edu.br\/simposioprofletras\/wp-json\/wp\/v2\/pages\/1079\/revisions\/1139"}],"up":[{"embeddable":true,"href":"https:\/\/eventos.uenp.edu.br\/simposioprofletras\/wp-json\/wp\/v2\/pages\/1066"}],"wp:attachment":[{"href":"https:\/\/eventos.uenp.edu.br\/simposioprofletras\/wp-json\/wp\/v2\/media?parent=1079"}],"curies":[{"name":"wp","href":"https:\/\/api.w.org\/{rel}","templated":true}]}}