{"id":1077,"date":"2025-10-17T10:03:06","date_gmt":"2025-10-17T13:03:06","guid":{"rendered":"https:\/\/eventos.uenp.edu.br\/simposioprofletras\/?page_id=1077"},"modified":"2025-10-20T13:52:54","modified_gmt":"2025-10-20T16:52:54","slug":"inscricoes-2025","status":"publish","type":"page","link":"https:\/\/eventos.uenp.edu.br\/simposioprofletras\/simposioprofletras2025\/inscricoes-2025\/","title":{"rendered":"Inscri\u00e7\u00f5es"},"content":{"rendered":"<div style=\"border: 1px solid #ccc; border-radius: 10px; padding: 20px; background-color: #f9f9f9; max-width: 700px; line-height: 1.6;\">\n<p>  <!-- Prazo --><\/p>\n<p><strong>\ud83d\uddd3 Prazo M\u00e1ximo para Inscri\u00e7\u00f5es:<\/strong> 22\/11\/2024<\/p>\n<p><!-- Valores --><\/p>\n<h4>\ud83d\udcb0 Valores das Inscri\u00e7\u00f5es<\/h4>\n<ul>\n<li>Estudantes de Gradua\u00e7\u00e3o ou P\u00f3s-Gradua\u00e7\u00e3o: <strong>R$ 10,00<\/strong><\/li>\n<li>Professores da Educa\u00e7\u00e3o B\u00e1sica e do Ensino Superior e demais Pesquisadores: <strong>R$ 20,00<\/strong><\/li>\n<li>Mestrandos do PROFLETRAS\/UENP (Turmas 10 e 11): <strong>R$ 70,00<\/strong><\/li>\n<\/ul>\n<p><!-- Pagamento --><\/p>\n<h4>\ud83c\udfe6 Pagamento<\/h4>\n<p>O valor da inscri\u00e7\u00e3o pode ser pago por meio de <strong>dep\u00f3sito banc\u00e1rio<\/strong> ou <strong>PIX<\/strong>.<br \/>\nCaso o titular da conta banc\u00e1ria n\u00e3o seja o participante do evento, favor informar o seu nome no formul\u00e1rio de inscri\u00e7\u00e3o.<\/p>\n<p><strong>Somente ser\u00e3o emitidos certificados para os participantes que efetuarem o pagamento.<\/strong><\/p>\n<ul>\n<li><strong>Banco:<\/strong> Banco do Brasil \u2013 001<\/li>\n<li><strong>Ag\u00eancia:<\/strong> 0224-0<\/li>\n<li><strong>Conta Corrente:<\/strong> 115012-X<\/li>\n<li><strong>Chave PIX:<\/strong> <a href=\"mailto:profletras@uenp.edu.br\" target=\"_blank\" rel=\"noopener\">profletras@uenp.edu.br<\/a><\/li>\n<\/ul>\n<p><!-- Bot\u00e3o de Inscri\u00e7\u00e3o --><\/p>\n<p style=\"text-align: center; margin-top: 20px;\">\n    <a href=\"https:\/\/forms.gle\/DBqjKA2FZhtW6zRu7\" target=\"_blank\" rel=\"noopener\" style=\"display: inline-block; padding: 12px 25px; background-color: #1a73e8; color: white; font-weight: bold; text-decoration: none; border-radius: 6px; transition: background-color 0.3s;\"><br \/>\nInscreva-se Aqui<br \/>\n<\/a><\/p>\n<\/div>\n","protected":false},"excerpt":{"rendered":"","protected":false},"author":1,"featured_media":0,"parent":1066,"menu_order":0,"comment_status":"closed","ping_status":"closed","template":"","meta":{"footnotes":""},"class_list":["post-1077","page","type-page","status-publish","hentry"],"_links":{"self":[{"href":"https:\/\/eventos.uenp.edu.br\/simposioprofletras\/wp-json\/wp\/v2\/pages\/1077","targetHints":{"allow":["GET"]}}],"collection":[{"href":"https:\/\/eventos.uenp.edu.br\/simposioprofletras\/wp-json\/wp\/v2\/pages"}],"about":[{"href":"https:\/\/eventos.uenp.edu.br\/simposioprofletras\/wp-json\/wp\/v2\/types\/page"}],"author":[{"embeddable":true,"href":"https:\/\/eventos.uenp.edu.br\/simposioprofletras\/wp-json\/wp\/v2\/users\/1"}],"replies":[{"embeddable":true,"href":"https:\/\/eventos.uenp.edu.br\/simposioprofletras\/wp-json\/wp\/v2\/comments?post=1077"}],"version-history":[{"count":5,"href":"https:\/\/eventos.uenp.edu.br\/simposioprofletras\/wp-json\/wp\/v2\/pages\/1077\/revisions"}],"predecessor-version":[{"id":1143,"href":"https:\/\/eventos.uenp.edu.br\/simposioprofletras\/wp-json\/wp\/v2\/pages\/1077\/revisions\/1143"}],"up":[{"embeddable":true,"href":"https:\/\/eventos.uenp.edu.br\/simposioprofletras\/wp-json\/wp\/v2\/pages\/1066"}],"wp:attachment":[{"href":"https:\/\/eventos.uenp.edu.br\/simposioprofletras\/wp-json\/wp\/v2\/media?parent=1077"}],"curies":[{"name":"wp","href":"https:\/\/api.w.org\/{rel}","templated":true}]}}