{"id":1073,"date":"2025-10-17T10:01:10","date_gmt":"2025-10-17T13:01:10","guid":{"rendered":"https:\/\/eventos.uenp.edu.br\/simposioprofletras\/?page_id=1073"},"modified":"2025-10-20T13:54:36","modified_gmt":"2025-10-20T16:54:36","slug":"datas-importantes-2025","status":"publish","type":"page","link":"https:\/\/eventos.uenp.edu.br\/simposioprofletras\/simposioprofletras2025\/datas-importantes-2025\/","title":{"rendered":"Datas Importantes"},"content":{"rendered":"<div style=\"border: 1px solid #ccc; border-radius: 10px; padding: 20px; background-color: #f9f9f9; max-width: 700px; line-height: 1.6;\">\n<ul style=\"list-style: none; padding-left: 0;\">\n<li>\ud83d\udcc5 <strong>Data do Evento:<\/strong> 24\/11\/2025<\/li>\n<li>\u23f0 <strong>Prazo M\u00e1ximo para Inscri\u00e7\u00e3o:<\/strong> 22\/11\/2024<\/li>\n<li>\u2709\ufe0f <strong>Prazo m\u00e1ximo para os mestrandos das turmas 10 e 11 do PROFLETRAS\/UENP enviarem o texto do projeto para o e-mail do orientador:<\/strong> 17\/11\/2025<\/li>\n<\/ul>\n<\/div>\n","protected":false},"excerpt":{"rendered":"","protected":false},"author":1,"featured_media":0,"parent":1066,"menu_order":0,"comment_status":"closed","ping_status":"closed","template":"","meta":{"footnotes":""},"class_list":["post-1073","page","type-page","status-publish","hentry"],"_links":{"self":[{"href":"https:\/\/eventos.uenp.edu.br\/simposioprofletras\/wp-json\/wp\/v2\/pages\/1073","targetHints":{"allow":["GET"]}}],"collection":[{"href":"https:\/\/eventos.uenp.edu.br\/simposioprofletras\/wp-json\/wp\/v2\/pages"}],"about":[{"href":"https:\/\/eventos.uenp.edu.br\/simposioprofletras\/wp-json\/wp\/v2\/types\/page"}],"author":[{"embeddable":true,"href":"https:\/\/eventos.uenp.edu.br\/simposioprofletras\/wp-json\/wp\/v2\/users\/1"}],"replies":[{"embeddable":true,"href":"https:\/\/eventos.uenp.edu.br\/simposioprofletras\/wp-json\/wp\/v2\/comments?post=1073"}],"version-history":[{"count":3,"href":"https:\/\/eventos.uenp.edu.br\/simposioprofletras\/wp-json\/wp\/v2\/pages\/1073\/revisions"}],"predecessor-version":[{"id":1145,"href":"https:\/\/eventos.uenp.edu.br\/simposioprofletras\/wp-json\/wp\/v2\/pages\/1073\/revisions\/1145"}],"up":[{"embeddable":true,"href":"https:\/\/eventos.uenp.edu.br\/simposioprofletras\/wp-json\/wp\/v2\/pages\/1066"}],"wp:attachment":[{"href":"https:\/\/eventos.uenp.edu.br\/simposioprofletras\/wp-json\/wp\/v2\/media?parent=1073"}],"curies":[{"name":"wp","href":"https:\/\/api.w.org\/{rel}","templated":true}]}}