
{"id":836,"date":"2024-09-05T10:30:14","date_gmt":"2024-09-05T13:30:14","guid":{"rendered":"https:\/\/eventos.uenp.edu.br\/simgelf\/?page_id=836"},"modified":"2024-09-05T10:39:22","modified_gmt":"2024-09-05T13:39:22","slug":"submissao-de-artigos","status":"publish","type":"page","link":"https:\/\/eventos.uenp.edu.br\/simgelf\/submissao-de-artigos\/","title":{"rendered":"Submiss\u00e3o de Artigos"},"content":{"rendered":"\n<p><strong>Instru\u00e7\u00f5es para envio de ARTIGOS<\/strong><\/p>\n\n\n\n<p>Para serem publicados nos anais do IV SIMGELF, os textos originais dever\u00e3o ser enviados, em sua vers\u00e3o final, revisados pelos pr\u00f3prios autores, para o e-mail: <strong><a>simgelf.cj@uenp.edu.br<\/a><\/strong>, no per\u00edodo de <strong>14 de novembro de 2024 a 02 de fevereiro de 2025<\/strong>.<\/p>\n\n\n\n<p>O arquivo dever\u00e1 obrigatoriamente estar no formato .DOC e com tamanho m\u00e1ximo de 2 MB.<\/p>\n\n\n\n<p>O <strong>assunto da mensagem<\/strong> deve ser: <strong>Artigo de<\/strong> seguido do nome completo do(s) autor(es) e\/ou coautor(es). Exemplo: <strong>Artigo de Maria Jos\u00e9 de Souza<\/strong>.<\/p>\n\n\n\n<p><strong>Observa\u00e7\u00f5es importantes:<\/strong><\/p>\n\n\n\n<ul class=\"wp-block-list\">\n<li>O envio do texto para publica\u00e7\u00e3o nos Anais do IV SIMGELF \u00e9 opcional. Textos que n\u00e3o seguirem as normas do simp\u00f3sio n\u00e3o ser\u00e3o aceitos pela Comiss\u00e3o Editorial.<\/li>\n\n\n\n<li>N\u00e3o haver\u00e1 revis\u00e3o pela Comiss\u00e3o Cient\u00edfica dos artigos enviados. O conte\u00fado e a revis\u00e3o s\u00e3o de inteira responsabilidade do(s) autor(es). Trabalhos de alunos de gradua\u00e7\u00e3o dever\u00e3o ser enviados pelos orientadores.<\/li>\n<\/ul>\n\n\n\n<p><strong>Normas para formata\u00e7\u00e3o do texto:<\/strong><\/p>\n\n\n\n<ul class=\"wp-block-list\">\n<li><strong>Margens<\/strong>: Superior e esquerda: 3,0cm; inferior e direita: 2,5cm. Sem numera\u00e7\u00e3o de p\u00e1ginas.<\/li>\n\n\n\n<li><strong>T\u00edtulo<\/strong>: Letra <em>Times New Roman<\/em> 12, mai\u00fasculas, centralizado, espa\u00e7amento simples, em negrito.<\/li>\n\n\n\n<li><strong>Nome dos autores e coautores<\/strong>: Letra <em>Times New Roman<\/em> 12, espa\u00e7amento simples, alinhado \u00e0 direita, duas linhas abaixo do t\u00edtulo. Escreva o nome completo com iniciais mai\u00fasculas, seguido da sigla da institui\u00e7\u00e3o entre par\u00eanteses. Ex.: <strong>Antonio Jos\u00e9 Moraes (UENP\/CJ)<\/strong>.<\/li>\n\n\n\n<li><strong>Resumo e palavras-chave<\/strong>: Letra <em>Times New Roman<\/em> 12, espa\u00e7amento simples, justificado, duas linhas ap\u00f3s o nome dos autores. O resumo deve ser precedido do subt\u00edtulo <strong>Resumo:<\/strong> (negrito e dois pontos). Deve ser redigido em par\u00e1grafo \u00fanico, com at\u00e9 200 palavras. As <strong>palavras-chave<\/strong> devem vir uma linha abaixo do resumo, precedidas pelo subt\u00edtulo <strong>Palavras-chave:<\/strong>, com no m\u00ednimo 3 e no m\u00e1ximo 5 palavras, separadas por ponto final.<\/li>\n\n\n\n<li><strong>Texto<\/strong>: Letra <em>Times New Roman<\/em> 12, espa\u00e7amento 1,5, justificado. Cita\u00e7\u00f5es com mais de 3 linhas devem ser destacadas com recuo \u00e0 esquerda (4cm), espa\u00e7amento simples, letra <em>Times New Roman<\/em> 11.<\/li>\n\n\n\n<li><strong>N\u00famero de p\u00e1ginas<\/strong>: 8 a 25 p\u00e1ginas, incluindo refer\u00eancias e anexos.<\/li>\n\n\n\n<li><strong>Cita\u00e7\u00e3o de fontes<\/strong>: Deve seguir o formato &#8220;autor, ano, p\u00e1gina&#8221;. Exemplo: <strong>(Silva, 2013, p. 80)<\/strong>.<\/li>\n\n\n\n<li><strong>Refer\u00eancias bibliogr\u00e1ficas<\/strong>: No final do texto, conforme as normas da ABNT.<\/li>\n<\/ul>\n","protected":false},"excerpt":{"rendered":"","protected":false},"author":15,"featured_media":0,"parent":0,"menu_order":0,"comment_status":"closed","ping_status":"closed","template":"","meta":{"footnotes":""},"class_list":["post-836","page","type-page","status-publish","hentry"],"_links":{"self":[{"href":"https:\/\/eventos.uenp.edu.br\/simgelf\/wp-json\/wp\/v2\/pages\/836","targetHints":{"allow":["GET"]}}],"collection":[{"href":"https:\/\/eventos.uenp.edu.br\/simgelf\/wp-json\/wp\/v2\/pages"}],"about":[{"href":"https:\/\/eventos.uenp.edu.br\/simgelf\/wp-json\/wp\/v2\/types\/page"}],"author":[{"embeddable":true,"href":"https:\/\/eventos.uenp.edu.br\/simgelf\/wp-json\/wp\/v2\/users\/15"}],"replies":[{"embeddable":true,"href":"https:\/\/eventos.uenp.edu.br\/simgelf\/wp-json\/wp\/v2\/comments?post=836"}],"version-history":[{"count":2,"href":"https:\/\/eventos.uenp.edu.br\/simgelf\/wp-json\/wp\/v2\/pages\/836\/revisions"}],"predecessor-version":[{"id":852,"href":"https:\/\/eventos.uenp.edu.br\/simgelf\/wp-json\/wp\/v2\/pages\/836\/revisions\/852"}],"wp:attachment":[{"href":"https:\/\/eventos.uenp.edu.br\/simgelf\/wp-json\/wp\/v2\/media?parent=836"}],"curies":[{"name":"wp","href":"https:\/\/api.w.org\/{rel}","templated":true}]}}