
{"id":819,"date":"2024-09-05T10:26:12","date_gmt":"2024-09-05T13:26:12","guid":{"rendered":"https:\/\/eventos.uenp.edu.br\/simgelf\/?page_id=819"},"modified":"2024-09-05T12:21:00","modified_gmt":"2024-09-05T15:21:00","slug":"palestrantes","status":"publish","type":"page","link":"https:\/\/eventos.uenp.edu.br\/simgelf\/palestrantes\/","title":{"rendered":"Palestrantes"},"content":{"rendered":"\n<h3 class=\"wp-block-heading\">Prof. Dr. Fernando Jos\u00e9 Fraga de Azevedo<\/h3>\n\n\n\n<p><em>(Instituto de Educa\u00e7\u00e3o da Universidade do Minho Braga\/Portugal)<\/em><\/p>\n\n\n\n<figure class=\"wp-block-image is-resized\"><img decoding=\"async\" src=\"https:\/\/eventos.uenp.edu.br\/simgelf\/wp-content\/uploads\/sites\/22\/2024\/09\/drfernandojosefraga.png\" alt=\"Prof. Dr. Fernando Jos\u00e9 Fraga de Azevedo\" style=\"aspect-ratio:1.3762575452716297;width:442px;height:auto\"\/><\/figure>\n\n\n\n<p>Concluiu o T\u00edtulo de Agregado em Estudos da Crian\u00e7a em 2012 pela Universidade do Minho, Doutoramento em Ci\u00eancias da Literatura em 2001 pela Universidade do Minho (Instituto de Letras e Ci\u00eancias Humanas), Mestrado em Ensino da L\u00edngua e da Literatura Portuguesas em 1994 pela Universidade do Minho e Licenciatura em Ensino de Portugu\u00eas e Franc\u00eas em 1989 pela Universidade do Minho. \u00c9 Professor Associado na Universidade do Minho e Diretor do Programa Doutoral em Estudos da Crian\u00e7a na Universidade do Minho &#8211; Instituto de Educa\u00e7\u00e3o. Publicou 78 artigos em revistas especializadas. Possui 103 cap\u00edtulos de livros e 15 livros. Organizou 28 eventos. Participou em 86 eventos. Orientou 17 teses de doutoramento e coorientou 6. Orientou 34 disserta\u00e7\u00f5es de mestrado e coorientou 4. Participa e\/ou participou como Investigador em 3 projetos. Atua na \u00e1rea de Ci\u00eancias Sociais com \u00eanfase em Ci\u00eancias da Educa\u00e7\u00e3o e Humanidades com \u00eanfase em L\u00ednguas e Literaturas.<\/p>\n\n\n\n<h3 class=\"wp-block-heading\">Prof. Dr. F\u00e1bio Henrique Rosa Senefonte<\/h3>\n\n\n\n<p><em>(UENP)<\/em><\/p>\n\n\n\n<figure class=\"wp-block-image is-resized\"><img decoding=\"async\" src=\"https:\/\/eventos.uenp.edu.br\/simgelf\/wp-content\/uploads\/sites\/22\/2024\/09\/drfabiosenefonte.jpg\" alt=\"Prof. Dr. F\u00e1bio Henrique Rosa Senefonte\" style=\"aspect-ratio:1.0753424657534247;width:380px;height:auto\"\/><\/figure>\n\n\n\n<p>Professor adjunto, da sub\u00e1rea de Lingu\u00edstica Aplicada\/L\u00ednguas Estrangeiras e Coordenador de Rela\u00e7\u00f5es Internacionais da Universidade Estadual do Norte do Paran\u00e1 (UENP-CP). Doutor e Mestre em Estudos da Linguagem (na linha de pesquisa ensino, aprendizagem e forma\u00e7\u00e3o do professor de l\u00edngua estrangeira) pela Universidade Estadual de Londrina (UEL). Especialista em Ensino de L\u00edngua Inglesa pela Universidade Estadual do Norte do Paran\u00e1. Pela mesma universidade, tamb\u00e9m \u00e9 licenciado em Letras, com habilita\u00e7\u00f5es em l\u00edngua portuguesa e l\u00edngua inglesa com suas respectivas literaturas. Tem experi\u00eancia no ensino, aprendizagem e forma\u00e7\u00e3o de professores de l\u00edngua inglesa. Foi bolsista da Fulbright e da Coordena\u00e7\u00e3o de Aperfei\u00e7oamento de Pessoal de N\u00edvel Superior (CAPES) como professor assistente de l\u00edngua portuguesa na Howard University (Washington DC-EUA) e aluno de p\u00f3s-gradua\u00e7\u00e3o da mesma Universidade, onde cursou disciplinas de p\u00f3s-gradua\u00e7\u00e3o nos departamentos de Comunica\u00e7\u00e3o, Ci\u00eancias Sociais e Educa\u00e7\u00e3o. \u00c9 l\u00edder do Grupo de Pesquisa &#8220;Estudos Lingu\u00edsticos e Liter\u00e1rios em Ingl\u00eas -ELLI&#8221;. Os interesses de pesquisa abrangem Lingu\u00edstica\/Sociolingu\u00edstica aplicadas ao ensino, aprendizagem e forma\u00e7\u00e3o de professores de l\u00ednguas adicionais (com foco em varia\u00e7\u00e3o lingu\u00edstica), pol\u00edticas lingu\u00edsticas, internacionaliza\u00e7\u00e3o do ensino superior, bem como metodologia de pesquisa qualitativa.<\/p>\n\n\n\n<h3 class=\"wp-block-heading\">Prof. Dr. Luiz Antonio Xavier Dias<\/h3>\n\n\n\n<p><em>(UENP)<\/em><\/p>\n\n\n\n<figure class=\"wp-block-image is-resized\"><img decoding=\"async\" src=\"https:\/\/eventos.uenp.edu.br\/simgelf\/wp-content\/uploads\/sites\/22\/2024\/09\/drluizxavier.png\" alt=\"Prof. Dr. Luiz Antonio Xavier Dias\" style=\"aspect-ratio:1.011049723756906;width:387px;height:auto\"\/><\/figure>\n\n\n\n<p>Doutor (2019) e Mestre (2015) pelo Programa de P\u00f3s-Gradua\u00e7\u00e3o em Estudos da Linguagem pela Universidade Estadual de Londrina &#8211; UEL. \u00c9 Licenciado em Letras Portugu\u00eas e Ingl\u00eas (Licenciatura Plena) pela Faculdade Estadual de Filosofia, Ci\u00eancias e Letras de Jacarezinho &#8211; PR (2005) e Licenciado em Letras\/Espanhol (Licenciatura Plena em L\u00edngua Espanhola e Literatura) pela Universidade Estadual do Norte do Paran\u00e1 &#8211; UENP (2020). \u00c9 Especialista em Estudos Lingu\u00edsticos e Liter\u00e1rios pela Faculdade Estadual de Filosofia, Ci\u00eancias e Letras e em Metodologia de Ensino de L\u00ednguas pela Universidade Internacional de Curitiba (Uninter). Tem experi\u00eancia na \u00e1rea de ensino de L\u00ednguas: Espanhol, Portugu\u00eas, Latim e Ingl\u00eas. Graduou-se em Gest\u00e3o P\u00fablica pelo Instituto Federal do Paran\u00e1 e em Gest\u00e3o de Recursos Humanos pela Unimes. Foi Supervisor do Subprojeto PIBID de L\u00edngua Portuguesa (2018 &#8211; 2020; 2020 &#8211; 2022), membro do Grupo de Pesquisa da UENP: Leitura e Ensino (desde 2003) e do Grupo de Pesquisa Ensino-aprendizagem de L\u00edngua Estrangeira Moderna e forma\u00e7\u00e3o de professores (desde 2021). Tem experi\u00eancia no Ensino Superior e na b\u00e1sica no ensino de L\u00ednguas. Atualmente, \u00e9 Professor efetivo da Seed &#8211; Secretaria do Estado da Educa\u00e7\u00e3o e Docente da Universidade Estadual do Norte do Paran\u00e1 e Coordenador Institucional do Programa \u201cO Paran\u00e1 Fala Espanhol\u201d da UENP.<\/p>\n\n\n\n<h3 class=\"wp-block-heading\">Profa. Esp. Monica de Aguiar Moreira Garbelini<\/h3>\n\n\n\n<p><em>(UENP)<\/em><\/p>\n\n\n\n<figure class=\"wp-block-image\"><img decoding=\"async\" src=\"https:\/\/eventos.uenp.edu.br\/simgelf\/wp-content\/uploads\/sites\/22\/2024\/09\/monica.png\" alt=\"Profa. Esp. Monica de Aguiar Moreira Garbelini\"\/><\/figure>\n\n\n\n<p>Possui gradua\u00e7\u00e3o em Letras &#8211; Ingl\u00eas pela Pontif\u00edcia Universidade Cat\u00f3lica do Paran\u00e1 (1984) e p\u00f3s-gradua\u00e7\u00e3o em L\u00edngua Portuguesa e Literatura pela Faculdade de Filosofia de Jacarezinho (1993). Atualmente, \u00e9 professora nos cursos de Letras Ingl\u00eas e Letras Espanhol na Universidade Estadual do Norte do Paran\u00e1, ministrando as seguintes disciplinas: Literatura Inglesa I, II, III e Literatura e Ensino Coordenadora institucional do Projeto Paran\u00e1 Fala Franc\u00eas &#8211; UENP e Diretora de Assuntos Acad\u00eamicos do Campus Jacarezinho e Vice-l\u00edder do Grupo de Pesquisa Estudos do Romance. Tamb\u00e9m \u00e9 membro da Comiss\u00e3o Executiva do Colegiado de Letras, Coordenadora de Est\u00e1gio do Colegiado de Letras Ingl\u00eas, Membro do Conselho de Centro do CLCA, Membro da Congrega\u00e7\u00e3o do Campus de Jacarezinho e Membro do Conselho Universit\u00e1rio da UENP -CONSUNI.<\/p>\n\n\n\n<h3 class=\"wp-block-heading\">Profa. Ma. Paula Elisie Madoglio Izidoro<\/h3>\n\n\n\n<p><em>(UENP)<\/em><\/p>\n\n\n\n<figure class=\"wp-block-image\"><img decoding=\"async\" src=\"https:\/\/eventos.uenp.edu.br\/simgelf\/wp-content\/uploads\/sites\/22\/2024\/09\/paulaelisie.jpg\" alt=\"Profa. Ma. Paula Elisie Madoglio Izidoro\"\/><\/figure>\n\n\n\n<p>Doutoranda no Programa de P\u00f3s-Gradua\u00e7\u00e3o em Estudos da Linguagem &#8211; PPGEL\/UEL. Mestre em Ensino pelo Programa de P\u00f3s-Gradua\u00e7\u00e3o em Ensino pela Universidade Estadual do Norte do Paran\u00e1 &#8211; PPGEN\/UENP\/CP (2019). Licenciada em Letras com habilita\u00e7\u00e3o em Portugu\u00eas e Espanhol e respectivas Literaturas pela Universidade Estadual do Norte do Paran\u00e1 &#8211; UENP\/CJ (2014). Atualmente, leciono no curso de Letras &#8211; Portugu\u00eas\/Espanhol, na Universidade Estadual do Norte do Paran\u00e1 &#8211; UENP\/CJ. Sou professora QPM na Secretaria Estadual de Educa\u00e7\u00e3o &#8211; SEED\/PR. Leciono a disciplina de L\u00edngua Portuguesa no grupo &#8220;T\u00e1 na lousa&#8221; &#8211; Curso preparat\u00f3rio para concursos p\u00fablicos na carreira do magist\u00e9rio. Ainda, participo do Grupo de Pesquisa PENSA: Pesquisas em Ensino, Aprendizagem e Avalia\u00e7\u00e3o Educacional e \u00e9 Orientadora Pedag\u00f3gica do Programa \u201cO Paran\u00e1 Fala Espanhol\u201d da UENP.<\/p>\n\n\n\n<h3 class=\"wp-block-heading\">Profa. Ma. Priscila A. Borges Ferreira<\/h3>\n\n\n\n<p><em>(UENP)<\/em><\/p>\n\n\n\n<p>Mestre em Ensino de Ci\u00eancias Humanas, Sociais e da Natureza pela Universidade Tecnol\u00f3gica Federal do Paran\u00e1. Doutoranda em Estudos Liter\u00e1rios pela Universidade Estadual de Londrina. Atualmente \u00e9 professora colaboradora do Curso de Letras da Universidade Estadual do Norte do Paran\u00e1. Membro dos grupos de Pesquisa Estudos Lingu\u00edsticos e Liter\u00e1rios em Ingl\u00eas (ELLI) e Cr\u00edtica e Recep\u00e7\u00e3o Liter\u00e1ria (CRELIT). Tem experi\u00eancia na \u00e1rea de Letras, com \u00eanfase em Literatura Comparada, atuando principalmente nos seguintes temas: literatura de autoria feminina e fic\u00e7\u00e3o cient\u00edfica de autoria feminina.<\/p>\n\n\n\n<h3 class=\"wp-block-heading\">Prof. Dr. Ricardo Andr\u00e9 Ferreira Martins<\/h3>\n\n\n\n<p><em>(UENP)<\/em><\/p>\n\n\n\n<figure class=\"wp-block-image is-resized\"><img decoding=\"async\" src=\"https:\/\/eventos.uenp.edu.br\/simgelf\/wp-content\/uploads\/sites\/22\/2024\/09\/ricardoandre.jpg\" alt=\"Ricardo Andr\u00e9 Ferreira Martins\" style=\"aspect-ratio:1;width:371px;height:auto\"\/><\/figure>\n\n\n\n<p>Licenciado em Letras Portugu\u00eas\/Franc\u00eas pela Universidade Federal do Maranh\u00e3o\/UFMA (1997). Mestre em Letras pela Universidade Estadual Paulista J\u00falio de Mesquita Filho\/UNESP (2000). Doutor em Teoria e Hist\u00f3ria Liter\u00e1ria pela Universidade Estadual de Campinas\/UNICAMP (2009). Desenvolveu est\u00e1gio de P\u00f3s-doutorado na Universidade Federal de Santa Maria. Detentor de 11 premia\u00e7\u00f5es de car\u00e1ter liter\u00e1rio, entre as quais o Pr\u00eamio de Ensaio e Cr\u00edtica Liter\u00e1ria da Academia Brasileira de Letras (2012). Foi bolsista da Funda\u00e7\u00e3o de Amparo \u00e0 Pesquisa do Estado de S\u00e3o Paulo (mestrado e doutorado). Tem experi\u00eancia na \u00e1rea de Letras, com \u00eanfase em Teoria Liter\u00e1ria, Historiografia Liter\u00e1ria, Literatura Brasileira e Literatura Portuguesa, atuando principalmente nos seguintes temas: poesia, literatura brasileira dos s\u00e9culos XIX e XX, c\u00e2none liter\u00e1rio, hist\u00f3ria liter\u00e1ria, teoria e cr\u00edtica liter\u00e1ria. Atualmente \u00e9 Professor Adjunto de Literatura Brasileira do Colegiado de Letras no campus de Jacarezinho da Universidade Estadual do Norte do Paran\u00e1 (UENP).<\/p>\n\n\n\n<p><\/p>\n","protected":false},"excerpt":{"rendered":"","protected":false},"author":15,"featured_media":0,"parent":0,"menu_order":0,"comment_status":"closed","ping_status":"closed","template":"","meta":{"footnotes":""},"class_list":["post-819","page","type-page","status-publish","hentry"],"_links":{"self":[{"href":"https:\/\/eventos.uenp.edu.br\/simgelf\/wp-json\/wp\/v2\/pages\/819","targetHints":{"allow":["GET"]}}],"collection":[{"href":"https:\/\/eventos.uenp.edu.br\/simgelf\/wp-json\/wp\/v2\/pages"}],"about":[{"href":"https:\/\/eventos.uenp.edu.br\/simgelf\/wp-json\/wp\/v2\/types\/page"}],"author":[{"embeddable":true,"href":"https:\/\/eventos.uenp.edu.br\/simgelf\/wp-json\/wp\/v2\/users\/15"}],"replies":[{"embeddable":true,"href":"https:\/\/eventos.uenp.edu.br\/simgelf\/wp-json\/wp\/v2\/comments?post=819"}],"version-history":[{"count":5,"href":"https:\/\/eventos.uenp.edu.br\/simgelf\/wp-json\/wp\/v2\/pages\/819\/revisions"}],"predecessor-version":[{"id":881,"href":"https:\/\/eventos.uenp.edu.br\/simgelf\/wp-json\/wp\/v2\/pages\/819\/revisions\/881"}],"wp:attachment":[{"href":"https:\/\/eventos.uenp.edu.br\/simgelf\/wp-json\/wp\/v2\/media?parent=819"}],"curies":[{"name":"wp","href":"https:\/\/api.w.org\/{rel}","templated":true}]}}