
{"id":656,"date":"2022-11-23T09:07:58","date_gmt":"2022-11-23T12:07:58","guid":{"rendered":"https:\/\/eventos.uenp.edu.br\/simgelf\/?page_id=656"},"modified":"2024-10-10T14:38:51","modified_gmt":"2024-10-10T17:38:51","slug":"programacao","status":"publish","type":"page","link":"https:\/\/eventos.uenp.edu.br\/simgelf\/programacao\/","title":{"rendered":"Programa\u00e7\u00e3o do Evento"},"content":{"rendered":"\n<h3 class=\"wp-block-heading\"><\/h3>\n\n\n\n<h4 class=\"wp-block-heading\"><strong>11\/11\/2024 \u2013 Segunda-feira<\/strong><\/h4>\n\n\n\n<p><strong>Local:<\/strong> Anfiteatro do PDE (UENP \u2013 Campus Jacarezinho)<\/p>\n\n\n\n<ul class=\"wp-block-list\">\n<li><strong>14:00h \u00e0s 19:30h<\/strong> \u2013 Credenciamento<\/li>\n\n\n\n<li><strong>19:30h \u00e0s 22:40h<\/strong> \u2013 Palestra de Abertura<br><strong>T\u00edtulo:<\/strong> Letramentos como Pr\u00e1tica Transformadora: o Papel dos Clubes de Leitura no Ensino Superior<br><strong>Palestrante:<\/strong> Prof. Dr. Fernando Azevedo (Instituto de Educa\u00e7\u00e3o da Universidade do Minho, Braga\/Portugal)<\/li>\n<\/ul>\n\n\n\n<h4 class=\"wp-block-heading\"><strong>12\/11\/2024 \u2013 Ter\u00e7a-feira<\/strong><\/h4>\n\n\n\n<p><strong>Manh\u00e3<\/strong><br><strong>Local:<\/strong> N\u00facleo Institucional de Pesquisas (NIP)<\/p>\n\n\n\n<ul class=\"wp-block-list\">\n<li><strong>08:00h \u00e0s 12:00h<\/strong> \u2013 Reuni\u00e3o com os Grupos de Pesquisa na \u00e1rea de Literatura<\/li>\n<\/ul>\n\n\n\n<p><strong>Tarde<\/strong><br><strong>On-line, via Google Meet<\/strong><\/p>\n\n\n\n<ul class=\"wp-block-list\">\n<li><strong>14:00h \u00e0s 18:00h<\/strong> \u2013 Simp\u00f3sios (Comunica\u00e7\u00f5es Orais)<\/li>\n<\/ul>\n\n\n\n<p><strong>Noite<\/strong><br><strong>Local:<\/strong> Anfiteatro PDE (UENP \u2013 Campus Jacarezinho)<\/p>\n\n\n\n<ul class=\"wp-block-list\">\n<li><strong>19:00h \u00e0s 20:00h<\/strong> \u2013 Apresenta\u00e7\u00e3o Cultural<\/li>\n\n\n\n<li><strong>20:00h \u00e0s 22:30h<\/strong> \u2013 Roda de Conversa: Literaturas Afro-brasileira, Ind\u00edgena e LGBTQIA+<br><strong>Mediadores:<\/strong> Prof. Dr. Ricardo Ferreira Martins (UENP-CJ), Prof. Ddo. James Rios<\/li>\n<\/ul>\n\n\n\n<hr class=\"wp-block-separator has-alpha-channel-opacity\"\/>\n\n\n\n<h4 class=\"wp-block-heading\"><strong>13\/11\/2024 \u2013 Quarta-feira<\/strong><\/h4>\n\n\n\n<p><strong>Manh\u00e3<\/strong><br><strong>Local:<\/strong> N\u00facleo Institucional de Pesquisas (NIP)<\/p>\n\n\n\n<ul class=\"wp-block-list\">\n<li><strong>08:00h \u00e0s 12:00h<\/strong> \u2013 Reuni\u00e3o com os Grupos de Pesquisa na \u00e1rea de Lingu\u00edstica<\/li>\n<\/ul>\n\n\n\n<p><strong>Tarde<\/strong><br><strong>On-line, via Google Meet<\/strong><\/p>\n\n\n\n<ul class=\"wp-block-list\">\n<li><strong>14:00h \u00e0s 17:00h<\/strong> \u2013 Minicursos: Intelig\u00eancia Artificial (IA) no Ensino: Benef\u00edcios, Malef\u00edcios e Pr\u00e1ticas \u00c9ticas<br><strong>Integrantes:<\/strong> Grupo de Pesquisa Leitura e Ensino (UENP-CJ)<\/li>\n<\/ul>\n\n\n\n<p><strong>Tarde<\/strong><br><strong>On-line, via Google Meet<\/strong><\/p>\n\n\n\n<ul class=\"wp-block-list\">\n<li><strong>14:00h \u00e0s 17:00h<\/strong> \u2013 Minicursos: A influ\u00eancia do ingl\u00eas como L\u00edngua Franca nas pr\u00e1ticas educacionais: an\u00e1lises de atividades did\u00e1ticas.<br><strong>Integrantes:<\/strong> \u00cdtalo Yuri Veiga da Silva de Assis, Let\u00edcia da Silva Gon\u00e7alves, Murilo Henrique de Almeida, Fernanda de C\u00e1ssia Miranda. (Integrantes do Projeto de Pesquisa &#8220;Estudos do Ingl\u00eas como L\u00edngua Franca e da Lingu\u00edstica Contrastiva&#8221; &#8211; CLCA &#8211; UENP\/CJ).<\/li>\n<\/ul>\n\n\n\n<p><strong>Noite<\/strong><br><strong>On-line, via Google Meet<\/strong><\/p>\n\n\n\n<ul class=\"wp-block-list\">\n<li><strong>19:00h \u00e0s 22:30h<\/strong> \u2013 Simp\u00f3sios (Comunica\u00e7\u00f5es Orais)<\/li>\n<\/ul>\n\n\n\n<hr class=\"wp-block-separator has-alpha-channel-opacity\"\/>\n\n\n\n<h4 class=\"wp-block-heading\"><strong>14\/11\/2024 \u2013 Quinta-feira<\/strong><\/h4>\n\n\n\n<p><strong>Manh\u00e3<\/strong><br><strong>Local:<\/strong> N\u00facleo Institucional de Pesquisas (NIP)<\/p>\n\n\n\n<ul class=\"wp-block-list\">\n<li><strong>08:00h \u00e0s 12:00h<\/strong> \u2013 Reuni\u00e3o com os Grupos de Pesquisa na \u00e1rea de Lingu\u00edstica<\/li>\n<\/ul>\n\n\n\n<p><strong>Tarde<\/strong><br><strong>On-line, via Google Meet<\/strong><\/p>\n\n\n\n<ul class=\"wp-block-list\">\n<li><strong>14:00h \u00e0s 17:00h<\/strong> \u2013 Minicurso: Literatura e Escola: a Forma\u00e7\u00e3o Latente do Sujeito-mediador e a Constru\u00e7\u00e3o Perene do Sujeito-leitor<br><strong>Palestrante:<\/strong> Dda. Juliete Rosa Domingos (UNESP-ASSIS\/SP)<\/li>\n<\/ul>\n\n\n\n<p><strong>Noite<\/strong><br><strong>Local:<\/strong> Anfiteatro PDE (UENP \u2013 Campus Jacarezinho)<\/p>\n\n\n\n<ul class=\"wp-block-list\">\n<li><strong>19:00h \u00e0s 20:00h<\/strong> \u2013 Apresenta\u00e7\u00e3o Cultural<\/li>\n\n\n\n<li><strong>20:00h \u00e0s 22:40h<\/strong> \u2013 Mesa Redonda: O PFI e a UENP: Uma Trajet\u00f3ria de Internacionaliza\u00e7\u00e3o e Transforma\u00e7\u00e3o<br><strong>Componentes da Mesa:<\/strong><br>Prof. Dr. F\u00e1bio Henrique Rosa Senefonte (CRI-UENP-CP)<br>Prof. Dr. Luiz Antonio Xavier Dias (PFE-UENP-CJ)<br>Prof\u00aa M\u00f4nica de Aguiar Moreira Garbelini (FFF-UENP-CJ)<br>Prof\u00aa Dda. Paula Elisie Madoglio Izidoro (PFE-UENP-CJ)<br>Prof\u00aa Ma. Priscila A. Borges Ferreira (PFE-UENP-CJ)<br><strong>Mediador:<\/strong> Prof. Dr. Ricardo Andr\u00e9 Ferreira Martins (PFF-UENP-CJ)<\/li>\n<\/ul>\n\n\n\n<hr class=\"wp-block-separator has-alpha-channel-opacity\"\/>\n\n\n\n<h3 class=\"wp-block-heading\"><strong>Simp\u00f3sios<\/strong><\/h3>\n\n\n\n<ul class=\"wp-block-list\">\n<li>Teoria da Literatura<\/li>\n\n\n\n<li>Literatura Comparada<\/li>\n\n\n\n<li>Literatura Brasileira<\/li>\n\n\n\n<li>Literaturas Estrangeiras e L\u00ednguas Ind\u00edgenas<\/li>\n\n\n\n<li>Lingu\u00edstica Aplicada<\/li>\n\n\n\n<li>Sociolingu\u00edstica<\/li>\n\n\n\n<li>An\u00e1lise do Discurso<\/li>\n\n\n\n<li>Literaturas Estrangeiras<\/li>\n\n\n\n<li>L\u00edngua Portuguesa<\/li>\n\n\n\n<li>Metodologias de Ensino<\/li>\n<\/ul>\n","protected":false},"excerpt":{"rendered":"","protected":false},"author":1,"featured_media":0,"parent":0,"menu_order":0,"comment_status":"closed","ping_status":"closed","template":"","meta":{"footnotes":""},"class_list":["post-656","page","type-page","status-publish","hentry"],"_links":{"self":[{"href":"https:\/\/eventos.uenp.edu.br\/simgelf\/wp-json\/wp\/v2\/pages\/656","targetHints":{"allow":["GET"]}}],"collection":[{"href":"https:\/\/eventos.uenp.edu.br\/simgelf\/wp-json\/wp\/v2\/pages"}],"about":[{"href":"https:\/\/eventos.uenp.edu.br\/simgelf\/wp-json\/wp\/v2\/types\/page"}],"author":[{"embeddable":true,"href":"https:\/\/eventos.uenp.edu.br\/simgelf\/wp-json\/wp\/v2\/users\/1"}],"replies":[{"embeddable":true,"href":"https:\/\/eventos.uenp.edu.br\/simgelf\/wp-json\/wp\/v2\/comments?post=656"}],"version-history":[{"count":12,"href":"https:\/\/eventos.uenp.edu.br\/simgelf\/wp-json\/wp\/v2\/pages\/656\/revisions"}],"predecessor-version":[{"id":909,"href":"https:\/\/eventos.uenp.edu.br\/simgelf\/wp-json\/wp\/v2\/pages\/656\/revisions\/909"}],"wp:attachment":[{"href":"https:\/\/eventos.uenp.edu.br\/simgelf\/wp-json\/wp\/v2\/media?parent=656"}],"curies":[{"name":"wp","href":"https:\/\/api.w.org\/{rel}","templated":true}]}}