
{"id":652,"date":"2022-11-23T09:07:14","date_gmt":"2022-11-23T12:07:14","guid":{"rendered":"https:\/\/eventos.uenp.edu.br\/simgelf\/?page_id=652"},"modified":"2024-09-05T10:04:53","modified_gmt":"2024-09-05T13:04:53","slug":"comissao-organizadora","status":"publish","type":"page","link":"https:\/\/eventos.uenp.edu.br\/simgelf\/comissao-organizadora\/","title":{"rendered":"Comiss\u00e3o Organizadora"},"content":{"rendered":"\n<h3 class=\"wp-block-heading\"><\/h3>\n\n\n\n<p><strong>COORDENA\u00c7\u00c3O GERAL<\/strong><br>PROFA. DRA. VERA MARIA RAMOS PINTO<\/p>\n\n\n\n<p><strong>COMISS\u00c3O ORGANIZADORA<\/strong><br>PROF. ME. \u00c9VERTON BERNARDES WENCESLAU<br>PROF. ME. \u00c9DERSON DA PAIX\u00c3O<br>PROF. DR. LUIZ ANTONIO XAVIER DIAS<br>PROFA. DRA. NERYNEI MEIRA CARNEIRO BELLINI<br>PROFA. ESP. P\u00c2MELA CRISTINA GONZAGA<br>PROFA. DRA. PATR\u00cdCIA CRISTINA DE OLIVEIRA DUARTE<br>PROF. DR. THIAGO LEONARDO RIBEIRO<br>PROFA. DRA. VERA MARIA RAMOS PINTO<\/p>\n\n\n\n<p><strong>COMISS\u00c3O CIENT\u00cdFICA<\/strong><br>PROFA. DRA. ALINE CANDIDO TRIGO<br>PROFA. DRA. CAROLINA NATALE TOTI<br>PROF. ME. \u00c9VERTON BERNARDES WENCESLAU<br>PROF. DR. F\u00c1BIO ANTONIO GABRIEL<br>PROF. DR. FERNANDO MORENO DA SILVA<br>PROFA. DRA. JOAGDA REZENDE ABIB<br>PROFA. DRA. LUCIANA BRITO<br>PROF. DR. LUIZ ANTONIO XAVIER DIAS<br>PROF. DR. MARCOS ANTONIO RODRIGUES<br>PROFA. ESP. M\u00d4NICA DE AGUIAR MOREIRA GARBELINI<br>PROFA. DRA. NERYNEI MEIRA CARNEIRO BELLINI<br>PROFA. ESP. P\u00c2MELA CRISTINA PEREIRA GONZAGA<br>PROFA. DRA. PATR\u00cdCIA CRISTINA DE OLIVEIRA DUARTE<br>PROFA. MA. PAULA ELISIE MADOGLIO IZIDORO<br>PROFA. DRA. RAFAELA STOPA<br>PROF. DR. RICARDO ANDR\u00c9 FERREIRA MARTINS<br>PROF. DR. THIAGO LEONARDO RIBEIRO<br>PROFA. DRA. VALDIRENE BARBOZA ARA\u00daJO BATISTA<br>PROFA. DRA. VERA MARIA RAMOS PINTO<\/p>\n\n\n\n<p><strong>MONITORES<\/strong><br>AM\u00c1BILLY REIS ROCHA<br>CAMILA CARVALHO CZERWINSKI<br>CAMILI SILV\u00c9RIO DE OLIVEIRA<br>FELIPE MIGUEL DA SILVA BEGRAMI<\/p>\n\n\n\n<p><\/p>\n","protected":false},"excerpt":{"rendered":"","protected":false},"author":1,"featured_media":0,"parent":0,"menu_order":0,"comment_status":"closed","ping_status":"closed","template":"","meta":{"footnotes":""},"class_list":["post-652","page","type-page","status-publish","hentry"],"_links":{"self":[{"href":"https:\/\/eventos.uenp.edu.br\/simgelf\/wp-json\/wp\/v2\/pages\/652","targetHints":{"allow":["GET"]}}],"collection":[{"href":"https:\/\/eventos.uenp.edu.br\/simgelf\/wp-json\/wp\/v2\/pages"}],"about":[{"href":"https:\/\/eventos.uenp.edu.br\/simgelf\/wp-json\/wp\/v2\/types\/page"}],"author":[{"embeddable":true,"href":"https:\/\/eventos.uenp.edu.br\/simgelf\/wp-json\/wp\/v2\/users\/1"}],"replies":[{"embeddable":true,"href":"https:\/\/eventos.uenp.edu.br\/simgelf\/wp-json\/wp\/v2\/comments?post=652"}],"version-history":[{"count":7,"href":"https:\/\/eventos.uenp.edu.br\/simgelf\/wp-json\/wp\/v2\/pages\/652\/revisions"}],"predecessor-version":[{"id":794,"href":"https:\/\/eventos.uenp.edu.br\/simgelf\/wp-json\/wp\/v2\/pages\/652\/revisions\/794"}],"wp:attachment":[{"href":"https:\/\/eventos.uenp.edu.br\/simgelf\/wp-json\/wp\/v2\/media?parent=652"}],"curies":[{"name":"wp","href":"https:\/\/api.w.org\/{rel}","templated":true}]}}