
{"id":649,"date":"2022-11-23T09:05:17","date_gmt":"2022-11-23T12:05:17","guid":{"rendered":"https:\/\/eventos.uenp.edu.br\/simgelf\/?page_id=649"},"modified":"2024-09-16T16:30:03","modified_gmt":"2024-09-16T19:30:03","slug":"minicursos-e-oficinas","status":"publish","type":"page","link":"https:\/\/eventos.uenp.edu.br\/simgelf\/minicursos-e-oficinas\/","title":{"rendered":"MiniCursos"},"content":{"rendered":"\n<h3 class=\"wp-block-heading\"><strong>On-line, via Google Meet<\/strong><\/h3>\n\n\n\n<p><\/p>\n\n\n\n<h4 class=\"wp-block-heading\"><strong>Quarta-feira \u2013 13\/09\/2024<\/strong><\/h4>\n\n\n\n<p><strong>Hor\u00e1rio:<\/strong> 14h \u00e0s 17h<br><strong>Tema:<\/strong> Intelig\u00eancia Artificial (IA) no Ensino: Benef\u00edcios, Malef\u00edcios e Pr\u00e1ticas \u00c9ticas<br><strong>Integrantes:<\/strong> Grupo de Pesquisa Leitura e Ensino (UENP-CJ)<\/p>\n\n\n\n<h4 class=\"wp-block-heading\"><strong>Quinta-feira \u2013 14\/09\/2024<\/strong><\/h4>\n\n\n\n<p><strong>Tema:<\/strong> Literatura e Escola: a Forma\u00e7\u00e3o Latente do Sujeito-mediador e a Constru\u00e7\u00e3o Perene do Sujeito-leitor<br><strong>Palestrante:<\/strong> Dda. Juliete Rosa Domingos (UNESP-ASSIS\/SP)<\/p>\n","protected":false},"excerpt":{"rendered":"","protected":false},"author":1,"featured_media":0,"parent":0,"menu_order":0,"comment_status":"closed","ping_status":"closed","template":"","meta":{"footnotes":""},"class_list":["post-649","page","type-page","status-publish","hentry"],"_links":{"self":[{"href":"https:\/\/eventos.uenp.edu.br\/simgelf\/wp-json\/wp\/v2\/pages\/649","targetHints":{"allow":["GET"]}}],"collection":[{"href":"https:\/\/eventos.uenp.edu.br\/simgelf\/wp-json\/wp\/v2\/pages"}],"about":[{"href":"https:\/\/eventos.uenp.edu.br\/simgelf\/wp-json\/wp\/v2\/types\/page"}],"author":[{"embeddable":true,"href":"https:\/\/eventos.uenp.edu.br\/simgelf\/wp-json\/wp\/v2\/users\/1"}],"replies":[{"embeddable":true,"href":"https:\/\/eventos.uenp.edu.br\/simgelf\/wp-json\/wp\/v2\/comments?post=649"}],"version-history":[{"count":15,"href":"https:\/\/eventos.uenp.edu.br\/simgelf\/wp-json\/wp\/v2\/pages\/649\/revisions"}],"predecessor-version":[{"id":898,"href":"https:\/\/eventos.uenp.edu.br\/simgelf\/wp-json\/wp\/v2\/pages\/649\/revisions\/898"}],"wp:attachment":[{"href":"https:\/\/eventos.uenp.edu.br\/simgelf\/wp-json\/wp\/v2\/media?parent=649"}],"curies":[{"name":"wp","href":"https:\/\/api.w.org\/{rel}","templated":true}]}}