
{"id":631,"date":"2022-11-22T16:39:41","date_gmt":"2022-11-22T19:39:41","guid":{"rendered":"https:\/\/eventos.uenp.edu.br\/simgelf\/?page_id=631"},"modified":"2024-09-16T16:05:04","modified_gmt":"2024-09-16T19:05:04","slug":"apresentacao","status":"publish","type":"page","link":"https:\/\/eventos.uenp.edu.br\/simgelf\/apresentacao\/","title":{"rendered":"Apresenta\u00e7\u00e3o"},"content":{"rendered":"<p>O <strong>IV Simp\u00f3sio de G\u00eaneros Discursivos, Ensino de L\u00ednguas e Forma\u00e7\u00e3o Docente (SIMGELF)<\/strong> acontecer\u00e1 de <strong>11 a 14 de novembro de 2024<\/strong>, no <strong>Centro de Letras, Comunica\u00e7\u00e3o e Artes (CLCA)<\/strong> da <strong>Universidade Estadual do Norte do Paran\u00e1 (UENP)<\/strong>, campus Jacarezinho. O tema deste ano \u00e9: <strong>&#8220;Multiletramentos na Forma\u00e7\u00e3o de Professores: Integra\u00e7\u00e3o de G\u00eaneros Discursivos e Tecnologias Digitais no Ensino de L\u00ednguas&#8221;<\/strong>.<\/p>\n<p>Essa tem\u00e1tica proporcionar\u00e1 uma discuss\u00e3o ampla e diversificada sobre a forma\u00e7\u00e3o de professores, promovendo a integra\u00e7\u00e3o de diferentes tipos de letramentos e tecnologias no ensino de l\u00ednguas. Isso est\u00e1 em sintonia com os objetivos do SIMGELF de preparar educadores para os desafios atuais.<\/p>\n<p>O evento pretende explorar o papel da universidade na forma\u00e7\u00e3o de professores cr\u00edticos e reflexivos, preparados para enfrentar as demandas contempor\u00e2neas. Por meio de di\u00e1logos, abordagens dial\u00e9ticas e transdisciplinares, o SIMGELF busca expandir o conhecimento acad\u00eamico e cient\u00edfico dos estudantes de gradua\u00e7\u00e3o, p\u00f3s-gradua\u00e7\u00e3o e da comunidade em geral.<\/p>\n<p>O simp\u00f3sio contar\u00e1 com <strong>palestras<\/strong>, <strong>mesas-redondas<\/strong>, <strong>minicursos<\/strong> e <strong>apresenta\u00e7\u00f5es de trabalhos orais<\/strong>, facilitando a troca de conhecimentos e experi\u00eancias entre pesquisadores, professores e alunos. Dessa maneira, o evento contribuir\u00e1 para a forma\u00e7\u00e3o de profissionais mais qualificados e comprometidos com as exig\u00eancias educativas da atualidade.<\/p>\n<p><strong>Comiss\u00e3o Organizadora do Evento<\/strong><\/p>\n<p>Projeto registrado sob o n\u00famero: <strong>SECAPEE 7240\/2024<\/strong><\/p>\n","protected":false},"excerpt":{"rendered":"","protected":false},"author":1,"featured_media":0,"parent":0,"menu_order":0,"comment_status":"closed","ping_status":"closed","template":"","meta":{"footnotes":""},"class_list":["post-631","page","type-page","status-publish","hentry"],"_links":{"self":[{"href":"https:\/\/eventos.uenp.edu.br\/simgelf\/wp-json\/wp\/v2\/pages\/631","targetHints":{"allow":["GET"]}}],"collection":[{"href":"https:\/\/eventos.uenp.edu.br\/simgelf\/wp-json\/wp\/v2\/pages"}],"about":[{"href":"https:\/\/eventos.uenp.edu.br\/simgelf\/wp-json\/wp\/v2\/types\/page"}],"author":[{"embeddable":true,"href":"https:\/\/eventos.uenp.edu.br\/simgelf\/wp-json\/wp\/v2\/users\/1"}],"replies":[{"embeddable":true,"href":"https:\/\/eventos.uenp.edu.br\/simgelf\/wp-json\/wp\/v2\/comments?post=631"}],"version-history":[{"count":11,"href":"https:\/\/eventos.uenp.edu.br\/simgelf\/wp-json\/wp\/v2\/pages\/631\/revisions"}],"predecessor-version":[{"id":889,"href":"https:\/\/eventos.uenp.edu.br\/simgelf\/wp-json\/wp\/v2\/pages\/631\/revisions\/889"}],"wp:attachment":[{"href":"https:\/\/eventos.uenp.edu.br\/simgelf\/wp-json\/wp\/v2\/media?parent=631"}],"curies":[{"name":"wp","href":"https:\/\/api.w.org\/{rel}","templated":true}]}}