
{"id":791,"date":"2023-11-07T10:00:30","date_gmt":"2023-11-07T13:00:30","guid":{"rendered":"https:\/\/eventos.uenp.edu.br\/sellitcon\/?page_id=791"},"modified":"2025-08-13T08:21:17","modified_gmt":"2025-08-13T11:21:17","slug":"certificados","status":"publish","type":"page","link":"https:\/\/eventos.uenp.edu.br\/sellitcon\/vii\/certificados\/","title":{"rendered":"Minicursos"},"content":{"rendered":"<p dir=\"ltr\" style=\"text-align: justify;\">13\/08\/2025 \u2013 quarta-feira &#8211; 10h-12h<\/p>\n<p dir=\"ltr\" style=\"text-align: justify;\">Acesse o curso clicando aqui: <a href=\"http:\/\/meet.google.com\/uux-qoab-sys\"><strong>Link Google Meet<\/strong><\/a><\/p>\n<p dir=\"ltr\" style=\"text-align: justify;\">MINICURSO 1\u00a0 &#8211; Vozes femininas de resist\u00eancia nos contos de Jarid Arraes, Profa. Dra. Maria Valdenia da Silva (UECE)<\/p>\n<p dir=\"ltr\" style=\"text-align: justify;\">O presente minicurso prop\u00f5e a leitura de textos da escritora cearense Jarid Arraes sob a perspectiva da literatura de resist\u00eancia, com enfoque para as quest\u00f5es de g\u00eanero. Objetivamos destacar a literatura escrita por mulheres como uma possibilidade de identifica\u00e7\u00e3o e de valoriza\u00e7\u00e3o da representatividade feminina. Como metodologia, sugere-se a elabora\u00e7\u00e3o de um discurso de compreens\u00e3o sobre os contos \u201cGesso\u201d e \u201cTelhado quebrado com gente morando dentro\u201d, presentes na obra Redemoinho em dia quente (2016), possibilitando-nos reconhecer as vozes femininas que habitam as narrativas e ecoam resist\u00eancia \u00e0s viol\u00eancias cotidianas vivenciadas por mulheres. A base te\u00f3rica para estas leituras parte dos estudos de Bosi (2002), sobre a narrativa de resist\u00eancia, e da cr\u00edtica feminista, em especial a obra de Heleieth Saffioti (2015).<\/p>\n<p dir=\"ltr\" style=\"text-align: justify;\">Palavras\u2013chave: g\u00eanero; resist\u00eancia; Jarid Arraes.<\/p>\n<hr \/>\n<p dir=\"ltr\" style=\"text-align: justify;\">14\/08\/2025 \u2013 quinta-feira &#8211; \u00a0 10h-12h<\/p>\n<p dir=\"ltr\" style=\"text-align: justify;\">Acesse o curso clicando aqui: <a href=\"http:\/\/meet.google.com\/ktu-cmdh-uac\"><strong>Link Google Meet<\/strong><\/a><\/p>\n<p dir=\"ltr\" style=\"text-align: justify;\">MINICURSO 2\u00a0 &#8211; A est\u00e9tica da degrada\u00e7\u00e3o: a literatura brutalista de Ana Paula Maia, Prof. Lucas Breda Magalh\u00e3es (Egresso do curso de Letras UENP\/CCP, MestrandoFFLCH-USP)<\/p>\n<p dir=\"ltr\" style=\"text-align: justify;\">O minicurso prop\u00f5e uma leitura cr\u00edtica da obra Entre Tinhas de Cachorros e Porcos Abatidos, de Ana Paula Maia, com \u00eanfase na representa\u00e7\u00e3o da degrada\u00e7\u00e3o humana, do trabalho precarizado e da viol\u00eancia estrutural. A partir da an\u00e1lise de personagens marginalizados e de espa\u00e7os narrativos marcados pela crueza, bem como da investiga\u00e7\u00e3o de recursos formais como a linguagem econ\u00f4mica, o ritmo narrativo acelerado e a recusa ao sentimentalismo, busca-se compreender como a autora constr\u00f3i uma est\u00e9tica brutalista que tensiona os limites entre humanidade e desumaniza\u00e7\u00e3o. Para tanto, o percurso te\u00f3rico articula reflex\u00f5es de Foucault (2021; 2022) Agamben (2010) e Butler (2017), em di\u00e1logo com estudos sobre a literatura brasileira contempor\u00e2nea propostos por Dalcastagn\u00e8 (2012), Resende (2008), Sch\u00f8llhammer (2011), Pellegrini (2005), entre outros.<\/p>\n<p dir=\"ltr\" style=\"text-align: justify;\">Palavras-chave: Literatura contempor\u00e2nea; Ana Paula Maia; Literatura Brutalista.<\/p>\n<p dir=\"ltr\">\n","protected":false},"excerpt":{"rendered":"","protected":false},"author":1,"featured_media":0,"parent":783,"menu_order":0,"comment_status":"closed","ping_status":"closed","template":"","meta":{"footnotes":""},"class_list":["post-791","page","type-page","status-publish","hentry"],"_links":{"self":[{"href":"https:\/\/eventos.uenp.edu.br\/sellitcon\/wp-json\/wp\/v2\/pages\/791","targetHints":{"allow":["GET"]}}],"collection":[{"href":"https:\/\/eventos.uenp.edu.br\/sellitcon\/wp-json\/wp\/v2\/pages"}],"about":[{"href":"https:\/\/eventos.uenp.edu.br\/sellitcon\/wp-json\/wp\/v2\/types\/page"}],"author":[{"embeddable":true,"href":"https:\/\/eventos.uenp.edu.br\/sellitcon\/wp-json\/wp\/v2\/users\/1"}],"replies":[{"embeddable":true,"href":"https:\/\/eventos.uenp.edu.br\/sellitcon\/wp-json\/wp\/v2\/comments?post=791"}],"version-history":[{"count":21,"href":"https:\/\/eventos.uenp.edu.br\/sellitcon\/wp-json\/wp\/v2\/pages\/791\/revisions"}],"predecessor-version":[{"id":1465,"href":"https:\/\/eventos.uenp.edu.br\/sellitcon\/wp-json\/wp\/v2\/pages\/791\/revisions\/1465"}],"up":[{"embeddable":true,"href":"https:\/\/eventos.uenp.edu.br\/sellitcon\/wp-json\/wp\/v2\/pages\/783"}],"wp:attachment":[{"href":"https:\/\/eventos.uenp.edu.br\/sellitcon\/wp-json\/wp\/v2\/media?parent=791"}],"curies":[{"name":"wp","href":"https:\/\/api.w.org\/{rel}","templated":true}]}}