
{"id":789,"date":"2023-11-07T10:00:36","date_gmt":"2023-11-07T13:00:36","guid":{"rendered":"https:\/\/eventos.uenp.edu.br\/sellitcon\/?page_id=789"},"modified":"2025-08-15T17:32:34","modified_gmt":"2025-08-15T20:32:34","slug":"inscricoes","status":"publish","type":"page","link":"https:\/\/eventos.uenp.edu.br\/sellitcon\/vii\/inscricoes\/","title":{"rendered":"Inscri\u00e7\u00f5es"},"content":{"rendered":"<table style=\"border-collapse: collapse; width: 100%;\">\n<tbody>\n<tr style=\"background-color: #c0a062;\">\n<td style=\"width: 100%; text-align: left;\"><span style=\"color: #000000;\"><strong>A) INVESTIMENTO<\/strong><\/span><\/td>\n<\/tr>\n<tr style=\"background-color: #f2f2f2;\">\n<td style=\"width: 100%;\">\n<p dir=\"ltr\">Sem comunica\u00e7\u00e3o &#8211; <strong>de 28\/04\/2025 a 04\/08\/2025<\/strong><\/p>\n<ol>\n<li>Aluno de gradua\u00e7\u00e3o: R$ 40,00<\/li>\n<li>Aluno de p\u00f3s-gradua\u00e7\u00e3o e Professor de Educa\u00e7\u00e3o B\u00e1sica e comunidade: R$ 60,00<\/li>\n<li>Professor de Institui\u00e7\u00e3o de Ensino Superior: R$ 70,00<\/li>\n<\/ol>\n<p>Com comunica\u00e7\u00e3o oral nos Eixos tem\u00e1ticos &#8211; <strong>de 28\/04 a 06\/07\/2025<\/strong><\/p>\n<ol>\n<li dir=\"ltr\">Aluno de gradua\u00e7\u00e3o: R$ 50,00<\/li>\n<li dir=\"ltr\">Aluno de p\u00f3s-gradua\u00e7\u00e3o Professor de Educa\u00e7\u00e3o B\u00e1sica e comunidade : R$ 70,00<\/li>\n<li dir=\"ltr\">Professor de Institui\u00e7\u00e3o de Ensino Superior: R$ 80,00<\/li>\n<li dir=\"ltr\">\u00a0Obs.: m\u00e1ximo de 2 (dois) trabalhos por autor\/coautor; m\u00e1ximo de 4 (quatro) autores por trabalho (exceto para orientadores).<\/li>\n<\/ol>\n<\/td>\n<\/tr>\n<\/tbody>\n<\/table>\n<table style=\"border-collapse: collapse; width: 100%;\">\n<tbody>\n<tr style=\"background-color: #c0a062;\">\n<td style=\"width: 100%;\"><span style=\"color: #000000;\"><strong>B) FORMA DE PAGAMENTO<\/strong><\/span><\/td>\n<\/tr>\n<tr style=\"background-color: #f2f2f2;\">\n<td style=\"width: 100%;\">1. Dep\u00f3sito\/transfer\u00eancia banc\u00e1ria:<\/p>\n<p dir=\"ltr\">Banco do Brasil<br \/>\nAg\u00eancia: 0224-0<br \/>\nConta corrente: 115012-x<br \/>\nCNPJ: 08.885.100\/0003-16<br \/>\nUniversidade Estadual do Norte do Paran\u00e1<\/p>\n<ul>\n<li dir=\"ltr\">No momento da inscri\u00e7\u00e3o \u00e9 necess\u00e1rio efetuar o upload do comprovante de dep\u00f3sito\/transfer\u00eancia em formato .PDF ou .JPG.<\/li>\n<li dir=\"ltr\">O arquivo deve ser nomeado do seguinte modo: <strong>&lt;PAGAMENTO_NOMEDOPARTICIPANTE&gt;<\/strong><\/li>\n<li dir=\"ltr\">ATEN\u00c7\u00c3O! Voc\u00ea deve estar atento \u00e0 identifica\u00e7\u00e3o do seu comprovante de pagamento. Consulte o exemplo de Comprovante Identificado ao lado.<\/li>\n<\/ul>\n<p>2. Chave pix:\u00a0 <span style=\"color: #000000;\"><strong>sellitcon.ccp@uenp.edu.br<\/strong><\/span><\/p>\n<ul>\n<li dir=\"ltr\">Anexar o comprovante do PIX\u00a0 com a identifica\u00e7\u00e3o do nome da inscri\u00e7\u00e3o. Em casos em que a transfer\u00eancia tenha sido feita por outra pessoa, favor identificar o nome do interessado na inscri\u00e7\u00e3o.<\/li>\n<\/ul>\n<table style=\"width: 100%; border-collapse: collapse;\" cellspacing=\"10\">\n<thead>\n<tr style=\"background-color: #183883;\">\n<td style=\"width: 100%; text-align: center;\"><a href=\"https:\/\/forms.gle\/86XVNfiXYXXRDVbA6\" target=\"_blank\" rel=\"noopener\"><strong><span style=\"color: #ffffff;\">CLIQUE AQUI PARA SE INSCREVER<\/span><\/strong><\/a><\/td>\n<\/tr>\n<\/thead>\n<\/table>\n<\/td>\n<\/tr>\n<\/tbody>\n<\/table>\n<table style=\"border-collapse: collapse; width: 100%;\">\n<tbody>\n<tr style=\"background-color: #c0a062;\">\n<td style=\"width: 100%;\"><span style=\"color: #000000;\"><strong><span class=\"C9DxTc \">C) ENVIO DO COMPROVANTE DE PAGAMENTO<\/span><\/strong><\/span><\/td>\n<\/tr>\n<tr style=\"background-color: #f2f2f2;\">\n<td style=\"width: 100%;\">\n<p class=\"zfr3Q CDt4Ke \" dir=\"ltr\"><span class=\"C9DxTc \">No momento da inscri\u00e7\u00e3o \u00e9 necess\u00e1rio efetuar o <\/span><span class=\"C9DxTc \">upload\u00a0<\/span><span class=\"C9DxTc \">do comprovante de dep\u00f3sito\/transfer\u00eancia pix em formato .PDF ou .JPG.\u00a0<\/span><\/p>\n<p class=\"zfr3Q CDt4Ke \" dir=\"ltr\"><span class=\"C9DxTc \">O arquivo deve ser nomeado do seguinte modo: <strong><span style=\"color: #000000;\">&lt;<\/span><\/strong><\/span><strong><span class=\"C9DxTc \" style=\"color: #000000;\">PAGAMENTO_NOMEDOPARTICIPANTE &gt;<\/span><\/strong><\/p>\n<p><span class=\"C9DxTc \">ATEN\u00c7\u00c3O!<\/span><span class=\"C9DxTc \">\u00a0Voc\u00ea\u00a0 deve estar atento \u00e0 identifica\u00e7\u00e3o do seu comprovante de pagamento. Consulte o exemplo de\u00a0<\/span><span class=\"C9DxTc \">Comprovante abaixo.<\/span><\/p>\n<ul>\n<li><span style=\"color: #0000ff;\"><strong><a style=\"color: #0000ff;\" href=\"https:\/\/eventos.uenp.edu.br\/sellitcon\/wp-content\/uploads\/sites\/25\/2025\/04\/COMPROVANTE-DE-PAGAMENTO.pdf\">EXEMPLO COMPROVANTE DE PAGAMENTO<\/a><\/strong><\/span><\/li>\n<\/ul>\n<\/td>\n<\/tr>\n<\/tbody>\n<\/table>\n<table style=\"border-collapse: collapse; width: 100%; height: 120px;\">\n<tbody>\n<tr style=\"background-color: #c0a062;\">\n<td style=\"width: 100%; height: 24px;\"><span style=\"color: #000000;\"><strong><span class=\"C9DxTc \">D) PUBLICA\u00c7\u00c3O NOS ANAIS DO EVENTO<\/span><\/strong><\/span><\/td>\n<\/tr>\n<tr style=\"height: 96px;\">\n<td style=\"width: 100%; height: 96px;\">\n<p class=\"zfr3Q CDt4Ke \" dir=\"ltr\"><span class=\"C9DxTc \">Para publica\u00e7\u00e3o nos Anais, enviar o texto completo por e-mail\u00a0<\/span><span class=\"C9DxTc \">sellitcon.ccp@uenp.edu.br<\/span><span class=\"C9DxTc \"> em formato .doc ou .docx, at\u00e9 o dia 31\/08\/2025, conforme Template disponibilizado abaixo.<\/span><\/p>\n<ul>\n<li dir=\"ltr\"><span style=\"color: #0000ff;\"><strong><a style=\"color: #0000ff;\" href=\"https:\/\/eventos.uenp.edu.br\/sellitcon\/wp-content\/uploads\/sites\/25\/2025\/08\/PARA-AUTORES-TemplateEvento-SELLITCON-2025_rev.docx\">Template para Publica\u00e7\u00e3o nos anais<\/a><\/strong><\/span><\/li>\n<\/ul>\n<\/td>\n<\/tr>\n<\/tbody>\n<\/table>\n<table style=\"border-collapse: collapse; width: 100%;\">\n<tbody>\n<tr style=\"background-color: #c0a062;\">\n<td style=\"width: 100%;\"><span style=\"color: #000000;\"><strong>E) ORIENTA\u00c7\u00d5ES<\/strong><\/span><\/td>\n<\/tr>\n<tr style=\"background-color: #f2f2f2;\">\n<td style=\"width: 100%;\">\n<p class=\"zfr3Q CDt4Ke \" dir=\"ltr\"><span class=\"C9DxTc \">1. SUBMISS\u00c3O DE RESUMO<\/span><\/p>\n<p class=\"zfr3Q CDt4Ke \" dir=\"ltr\"><span class=\"C9DxTc \">Para aqueles que forem se inscrever com apresenta\u00e7\u00e3o de comunica\u00e7\u00e3o, no momento da inscri\u00e7\u00e3o \u00e9 necess\u00e1rio efetuar o\u00a0<\/span><span class=\"C9DxTc \">upload<\/span><span class=\"C9DxTc \"> do resumo em formato .DOC ou DOCX conforme Template disponibilizado abaixo.<\/span><\/p>\n<ul>\n<li class=\"zfr3Q CDt4Ke \" dir=\"ltr\"><span style=\"color: #0000ff;\"><strong><span class=\"C9DxTc \"><a style=\"color: #0000ff;\" href=\"https:\/\/eventos.uenp.edu.br\/sellitcon\/wp-content\/uploads\/sites\/25\/2025\/04\/MODELO-DE-RESUMO-SELLITCON-2025.doc\">Template para submiss\u00e3o de resumo<\/a><\/span><\/strong><\/span><\/li>\n<\/ul>\n<p class=\"zfr3Q CDt4Ke \" dir=\"ltr\"><span class=\"C9DxTc \">O arquivo para submiss\u00e3o dever\u00e1 ser nomeado da seguinte forma: <strong><span style=\"color: #000000;\">&lt;<\/span><\/strong><\/span><strong><span class=\"C9DxTc \" style=\"color: #000000;\">NOMEDOPARTICIPANTE_EIXOTEM\u00c1TICO&gt;<\/span><\/strong><\/p>\n<\/td>\n<\/tr>\n<\/tbody>\n<\/table>\n","protected":false},"excerpt":{"rendered":"","protected":false},"author":1,"featured_media":0,"parent":783,"menu_order":0,"comment_status":"closed","ping_status":"closed","template":"","meta":{"footnotes":""},"class_list":["post-789","page","type-page","status-publish","hentry"],"_links":{"self":[{"href":"https:\/\/eventos.uenp.edu.br\/sellitcon\/wp-json\/wp\/v2\/pages\/789","targetHints":{"allow":["GET"]}}],"collection":[{"href":"https:\/\/eventos.uenp.edu.br\/sellitcon\/wp-json\/wp\/v2\/pages"}],"about":[{"href":"https:\/\/eventos.uenp.edu.br\/sellitcon\/wp-json\/wp\/v2\/types\/page"}],"author":[{"embeddable":true,"href":"https:\/\/eventos.uenp.edu.br\/sellitcon\/wp-json\/wp\/v2\/users\/1"}],"replies":[{"embeddable":true,"href":"https:\/\/eventos.uenp.edu.br\/sellitcon\/wp-json\/wp\/v2\/comments?post=789"}],"version-history":[{"count":60,"href":"https:\/\/eventos.uenp.edu.br\/sellitcon\/wp-json\/wp\/v2\/pages\/789\/revisions"}],"predecessor-version":[{"id":1468,"href":"https:\/\/eventos.uenp.edu.br\/sellitcon\/wp-json\/wp\/v2\/pages\/789\/revisions\/1468"}],"up":[{"embeddable":true,"href":"https:\/\/eventos.uenp.edu.br\/sellitcon\/wp-json\/wp\/v2\/pages\/783"}],"wp:attachment":[{"href":"https:\/\/eventos.uenp.edu.br\/sellitcon\/wp-json\/wp\/v2\/media?parent=789"}],"curies":[{"name":"wp","href":"https:\/\/api.w.org\/{rel}","templated":true}]}}