
{"id":777,"date":"2023-11-07T10:00:21","date_gmt":"2023-11-07T13:00:21","guid":{"rendered":"https:\/\/eventos.uenp.edu.br\/sellitcon\/?page_id=777"},"modified":"2025-04-25T11:02:46","modified_gmt":"2025-04-25T14:02:46","slug":"eixos-tematicos","status":"publish","type":"page","link":"https:\/\/eventos.uenp.edu.br\/sellitcon\/vii\/eixos-tematicos\/","title":{"rendered":"Eixos Tem\u00e1ticos"},"content":{"rendered":"<table style=\"width: 100%; border-collapse: collapse; background-color: #b5964e;\">\n<tbody>\n<tr>\n<td style=\"width: 100%; text-align: center;\"><span style=\"color: #000000;\"><strong>EIXOS TEMATICOS &#8211; COMUNICA\u00c7\u00d5ES ORAIS<\/strong><\/span><\/td>\n<\/tr>\n<\/tbody>\n<\/table>\n<p dir=\"ltr\" style=\"text-align: justify;\"><strong>EIXO TEM\u00c1TICO 1\u00a0 &#8211; Estudos da Narrativa<\/strong><\/p>\n<p dir=\"ltr\" style=\"text-align: justify;\">A proposta deste Eixo Tem\u00e1tico tem como foco os estudos tem\u00e1tico-formais de produ\u00e7\u00f5es liter\u00e1rias vigentes no contexto brasileiro e internacional, especialmente, as dos s\u00e9culos XX e XXI. A partir de considera\u00e7\u00f5es sobre a composi\u00e7\u00e3o ficcional e os diferentes significados subjacentes \u00e0s obras, pretende-se fomentar reflex\u00f5es a respeito da qualidade est\u00e9tica e de suas implica\u00e7\u00f5es sociais. Por isso, s\u00e3o muito bem vindos trabalhos que discutam as transforma\u00e7\u00f5es gerais vigentes no \u00e2mbito liter\u00e1rio, bem como as especificidades de cada produ\u00e7\u00e3o, com vistas \u00e0 configura\u00e7\u00e3o da literatura de diversas nacionalidades ao longo dos s\u00e9culos XX e XXI. Nesse sentido, abre-se um leque de possibilidades anal\u00edticas de textos, por exemplo, na modalidade do fant\u00e1stico e suas vertentes, das lendas nacionais e do maravilhoso, do romance hist\u00f3rico, das narrativas h\u00edbridas, dos estudos de produ\u00e7\u00f5es liter\u00e1rias de express\u00e3o africana, ind\u00edgena, marginal, entre tantos outros fazeres art\u00edsticos da literatura. Como resultado, espera-se que as apresenta\u00e7\u00f5es e debates suscitados lancem luzes sobre a qualidade tem\u00e1tica e estrutural da narrativa de v\u00e1rias nacionalidades e revelem a intensa variedade compositiva e suas implica\u00e7\u00f5es na recep\u00e7\u00e3o do leitor.<\/p>\n<p dir=\"ltr\" style=\"text-align: justify;\">Palavras-chave: Narrativa brasileira; Narrativa estrangeira; Est\u00e9ticas liter\u00e1rias.<\/p>\n<hr \/>\n<p dir=\"ltr\" style=\"text-align: justify;\"><strong>EIXO TEM\u00c1TICO 2 &#8211; Estudos da Poesia\/Dramaturgia<\/strong><\/p>\n<p dir=\"ltr\" style=\"text-align: justify;\">Este eixo tem\u00e1tico abrange diferentes contribui\u00e7\u00f5es hist\u00f3ricas, anal\u00edticas e interpretativas relacionadas ao estudo da poesia e do teatro. Nele, podem ser objeto de discuss\u00e3o trabalhos que contemplem, al\u00e9m das tradi\u00e7\u00f5es po\u00e9tica e teatral estrangeiras, tamb\u00e9m as da tradi\u00e7\u00e3o nacional. Acolhem-se, ainda, estudos das diversas correntes te\u00f3ricas, cr\u00edticas e anal\u00edticas relacionadas \u00e0 poesia e \u00e0 dramaturgia, bem como pesquisas do corpus de autores espec\u00edficos, gera\u00e7\u00f5es, movimentos ou estilos.<\/p>\n<p dir=\"ltr\" style=\"text-align: justify;\">Palavras-chave: Poesia; Dramaturgia; Hist\u00f3ria e Cr\u00edtica Liter\u00e1rias.<\/p>\n<hr \/>\n<p dir=\"ltr\" style=\"text-align: justify;\"><strong>EIXO TEM\u00c1TICO 3 &#8211; Linguagem, Educa\u00e7\u00e3o e Ensino<\/strong><\/p>\n<p dir=\"ltr\" style=\"text-align: justify;\">Este eixo tem\u00e1tico abriga propostas que se voltem \u00e0s investiga\u00e7\u00f5es relacionadas \u00e0 Educa\u00e7\u00e3o e ao Ensino nas diversas \u00e1reas do conhecimento. Aceitam-se, portanto, trabalhos que versem sobre inclus\u00e3o e diversidade, pol\u00edticas de forma\u00e7\u00e3o docente, cur\u00edculo, interdisciplinaridade, avalia\u00e7\u00e3o, BNCC e forma\u00e7\u00e3o de professores, doc\u00eancia na universidade, pr\u00e1ticas pedag\u00f3gicas e estrat\u00e9gias metodol\u00f3gicas para a educa\u00e7\u00e3o b\u00e1sica, educa\u00e7\u00e3o e tecnologia, dentre outros temas afins.<\/p>\n<p dir=\"ltr\" style=\"text-align: justify;\">Palavras-chave: Forma\u00e7\u00e3o docente; Ensino;\u00a0 Estrat\u00e9gias Metodol\u00f3gicas.<\/p>\n","protected":false},"excerpt":{"rendered":"","protected":false},"author":1,"featured_media":0,"parent":783,"menu_order":0,"comment_status":"closed","ping_status":"closed","template":"","meta":{"footnotes":""},"class_list":["post-777","page","type-page","status-publish","hentry"],"_links":{"self":[{"href":"https:\/\/eventos.uenp.edu.br\/sellitcon\/wp-json\/wp\/v2\/pages\/777","targetHints":{"allow":["GET"]}}],"collection":[{"href":"https:\/\/eventos.uenp.edu.br\/sellitcon\/wp-json\/wp\/v2\/pages"}],"about":[{"href":"https:\/\/eventos.uenp.edu.br\/sellitcon\/wp-json\/wp\/v2\/types\/page"}],"author":[{"embeddable":true,"href":"https:\/\/eventos.uenp.edu.br\/sellitcon\/wp-json\/wp\/v2\/users\/1"}],"replies":[{"embeddable":true,"href":"https:\/\/eventos.uenp.edu.br\/sellitcon\/wp-json\/wp\/v2\/comments?post=777"}],"version-history":[{"count":39,"href":"https:\/\/eventos.uenp.edu.br\/sellitcon\/wp-json\/wp\/v2\/pages\/777\/revisions"}],"predecessor-version":[{"id":1356,"href":"https:\/\/eventos.uenp.edu.br\/sellitcon\/wp-json\/wp\/v2\/pages\/777\/revisions\/1356"}],"up":[{"embeddable":true,"href":"https:\/\/eventos.uenp.edu.br\/sellitcon\/wp-json\/wp\/v2\/pages\/783"}],"wp:attachment":[{"href":"https:\/\/eventos.uenp.edu.br\/sellitcon\/wp-json\/wp\/v2\/media?parent=777"}],"curies":[{"name":"wp","href":"https:\/\/api.w.org\/{rel}","templated":true}]}}