
{"id":771,"date":"2023-11-07T10:00:42","date_gmt":"2023-11-07T13:00:42","guid":{"rendered":"https:\/\/eventos.uenp.edu.br\/sellitcon\/?page_id=771"},"modified":"2025-08-05T21:33:30","modified_gmt":"2025-08-06T00:33:30","slug":"programacao","status":"publish","type":"page","link":"https:\/\/eventos.uenp.edu.br\/sellitcon\/vii\/programacao\/","title":{"rendered":"Programa\u00e7\u00e3o"},"content":{"rendered":"<table style=\"width: 100%; border-collapse: collapse;\">\n<tbody>\n<tr style=\"background-color: #c0a062;\">\n<td style=\"width: 100%; text-align: center;\"><span style=\"font-family: arial, helvetica, sans-serif; color: #000000;\"><strong><span style=\"font-size: 14pt;\">12 de agosto de 2025 \u2013 ter\u00e7a-feira<\/span><\/strong><\/span><\/td>\n<\/tr>\n<tr style=\"background-color: #f2f2f2;\">\n<td style=\"width: 100%; text-align: center;\">\n<p dir=\"ltr\" style=\"text-align: left;\"><strong>NUPEL &#8211; BLOCO C:<\/strong> 14h-17h &#8211; reuni\u00e3o t\u00e9cnica dos membros do Grupo de pesquisa \u2013 CRELIT e convidados.<\/p>\n<p dir=\"ltr\" style=\"text-align: left;\"><strong>ANFITEATRO PDE:<\/strong><\/p>\n<ul>\n<li dir=\"ltr\" style=\"text-align: left;\">18h-19h \u2013 Credenciamento<\/li>\n<li dir=\"ltr\" style=\"text-align: left;\">Livraria\/Exposi\u00e7\u00e3o de livros permanente<\/li>\n<li dir=\"ltr\" style=\"text-align: left;\">19h15 &#8211; Apresenta\u00e7\u00e3o Cultural e Abertura oficial<\/li>\n<li dir=\"ltr\" style=\"text-align: left;\">19h40 \u2013 Confer\u00eancia de abertura: Matizes do masculino na prosa liter\u00e1ria brasileira: abordagens e justificativas, Prof. Dr. Luiz Carlos Santos Simon (UEL)<\/li>\n<li dir=\"ltr\" style=\"text-align: left;\">Media\u00e7\u00e3o: Profa. Mestre Maristella Selli (IFSC\/GP CRELIT)<\/li>\n<\/ul>\n<\/td>\n<\/tr>\n<\/tbody>\n<\/table>\n<table style=\"border-collapse: collapse; width: 100%;\">\n<tbody>\n<tr style=\"background-color: #c0a062;\">\n<td style=\"width: 100%; text-align: center;\"><span style=\"color: #000000;\"><strong><span style=\"font-family: arial, helvetica, sans-serif; font-size: 14pt;\">13 de agosto de 2025 \u2013 quarta-feira<\/span><\/strong><\/span><\/td>\n<\/tr>\n<tr style=\"background-color: #f2f2f2;\">\n<td style=\"width: 100%; text-align: center;\">\n<p dir=\"ltr\" style=\"text-align: left;\"><strong>SALA VIRTUAL PELO GOOGLE MEET (<a href=\"http:\/\/meet.google.com\/uux-qoab-sys\" target=\"_blank\" rel=\"noopener\">Clique aqui para acessar a sala<\/a>)<\/strong><\/p>\n<ul style=\"text-align: left;\">\n<li>10h-12h \u2013 Minicurso 1 \u2013 Vozes femininas de resist\u00eancia nos contos de Jarid Arraes, Profa. Dra. Maria Valdenia da Silva (UECE)<\/li>\n<\/ul>\n<p dir=\"ltr\" style=\"text-align: left;\"><strong>BLOCO C<\/strong><\/p>\n<ul style=\"text-align: left;\">\n<li dir=\"ltr\">13h30-17h \u2013 Sess\u00f5es de comunica\u00e7\u00e3o oral nos Eixos tem\u00e1ticos Estudos da Narrativa; Estudos da Poesia\/Dramaturgia; Linguagem, Educa\u00e7\u00e3o e Ensino &#8211; salas presenciais<\/li>\n<\/ul>\n<p dir=\"ltr\" style=\"text-align: left;\"><strong>ANFITEATRO PDE<\/strong><\/p>\n<ul style=\"text-align: left;\">\n<li dir=\"ltr\">Livraria\/Exposi\u00e7\u00e3o de livros permanente<\/li>\n<li dir=\"ltr\">19h15 &#8211; Apresenta\u00e7\u00e3o Cultural<\/li>\n<li dir=\"ltr\">19h30 \u2013\u00a0\u00a0<b>Bate-papo: Margens e bordas da mem\u00f3ria, com Miguel Sanches Neto,\u00a0<\/b>\u00a0parceria com a Programa\u00e7\u00e3o Semana Liter\u00e1ria e Feira do Livro do SESC\/PR.<\/li>\n<li dir=\"ltr\">Media\u00e7\u00e3o: Prof. Dr. Maur\u00edcio Cesar Menon (UTFPR-CAMPO MOUR\u00c3O)<\/li>\n<\/ul>\n<\/td>\n<\/tr>\n<\/tbody>\n<\/table>\n<table style=\"border-collapse: collapse; width: 100%;\">\n<tbody>\n<tr style=\"background-color: #c0a062;\">\n<td style=\"width: 100%; text-align: center;\"><span style=\"font-size: 14pt;\"><strong>14 de agosto de 2025 \u2013 quinta-feira<\/strong><\/span><\/td>\n<\/tr>\n<tr style=\"background-color: #f2f2f2;\">\n<td style=\"width: 100%; text-align: center;\">\n<p dir=\"ltr\" style=\"text-align: left;\"><strong>SALA VIRTUAL PELO GOOGLE MEET (<a href=\"http:\/\/meet.google.com\/ktu-cmdh-uac\" target=\"_blank\" rel=\"noopener\">Clique aqui para acessar a sala<\/a>)<\/strong><\/p>\n<ul style=\"text-align: left;\">\n<li dir=\"ltr\">10h-12h \u2013 Minicurso 2 \u2013 A est\u00e9tica da degrada\u00e7\u00e3o: a literatura brutalista de Ana Paula Maia, Prof. Lucas Breda Magalh\u00e3es (Egresso do curso de Letras UENP\/CCP, MestrandoFFLCH-USP)<\/li>\n<\/ul>\n<p style=\"text-align: left;\"><strong>SALAS &#8211; GOOGLE MEET &#8211; conforme ensalamento<\/strong><\/p>\n<ul>\n<li style=\"text-align: left;\">13h30-17h \u2013 Sess\u00f5es de comunica\u00e7\u00e3o oral nos Eixos tem\u00e1ticos Estudos da Narrativa; Estudos da Poesia\/Dramaturgia; Linguagem, Educa\u00e7\u00e3o e Ensino &#8211;\u00a0salas\u00a0virtuais<\/li>\n<\/ul>\n<p dir=\"ltr\" style=\"text-align: left;\"><strong><span style=\"font-family: inherit; font-size: inherit;\">ANFITEATRO PDE<\/span><\/strong><\/p>\n<ul>\n<li dir=\"ltr\" style=\"text-align: left;\">Livraria\/Exposi\u00e7\u00e3o de livros permanente<\/li>\n<li dir=\"ltr\" style=\"text-align: left;\">19h15 &#8211; Apresenta\u00e7\u00e3o Cultural<\/li>\n<li dir=\"ltr\" style=\"text-align: left;\">19h30 \u2013\u00a0Bate-papo: Inventar outros mundos, com Braulio Tavares e Karen Deb\u00e9rtolis, \u00a0parceria com a Programa\u00e7\u00e3o Semana Liter\u00e1ria e Feira do Livro do SESC\/PR<\/li>\n<li dir=\"ltr\" style=\"text-align: left;\">Media\u00e7\u00e3o: Prof. Dr. Marcos Hidemi de Lima (UTFPR-PATO BRANCO)<\/li>\n<li dir=\"ltr\" style=\"text-align: left;\">Encerramento<\/li>\n<\/ul>\n<\/td>\n<\/tr>\n<\/tbody>\n<\/table>\n","protected":false},"excerpt":{"rendered":"","protected":false},"author":1,"featured_media":0,"parent":783,"menu_order":0,"comment_status":"closed","ping_status":"closed","template":"","meta":{"footnotes":""},"class_list":["post-771","page","type-page","status-publish","hentry"],"_links":{"self":[{"href":"https:\/\/eventos.uenp.edu.br\/sellitcon\/wp-json\/wp\/v2\/pages\/771","targetHints":{"allow":["GET"]}}],"collection":[{"href":"https:\/\/eventos.uenp.edu.br\/sellitcon\/wp-json\/wp\/v2\/pages"}],"about":[{"href":"https:\/\/eventos.uenp.edu.br\/sellitcon\/wp-json\/wp\/v2\/types\/page"}],"author":[{"embeddable":true,"href":"https:\/\/eventos.uenp.edu.br\/sellitcon\/wp-json\/wp\/v2\/users\/1"}],"replies":[{"embeddable":true,"href":"https:\/\/eventos.uenp.edu.br\/sellitcon\/wp-json\/wp\/v2\/comments?post=771"}],"version-history":[{"count":75,"href":"https:\/\/eventos.uenp.edu.br\/sellitcon\/wp-json\/wp\/v2\/pages\/771\/revisions"}],"predecessor-version":[{"id":1444,"href":"https:\/\/eventos.uenp.edu.br\/sellitcon\/wp-json\/wp\/v2\/pages\/771\/revisions\/1444"}],"up":[{"embeddable":true,"href":"https:\/\/eventos.uenp.edu.br\/sellitcon\/wp-json\/wp\/v2\/pages\/783"}],"wp:attachment":[{"href":"https:\/\/eventos.uenp.edu.br\/sellitcon\/wp-json\/wp\/v2\/media?parent=771"}],"curies":[{"name":"wp","href":"https:\/\/api.w.org\/{rel}","templated":true}]}}