
{"id":1278,"date":"2025-04-24T11:22:16","date_gmt":"2025-04-24T14:22:16","guid":{"rendered":"https:\/\/eventos.uenp.edu.br\/sellitcon\/?page_id=1278"},"modified":"2025-08-04T22:25:31","modified_gmt":"2025-08-05T01:25:31","slug":"palestrantes","status":"publish","type":"page","link":"https:\/\/eventos.uenp.edu.br\/sellitcon\/vii\/palestrantes\/","title":{"rendered":"Palestrantes"},"content":{"rendered":"<p>&nbsp;<\/p>\n<table style=\"border-collapse: collapse; width: 100%;\">\n<tbody>\n<tr style=\"background-color: #c0a062;\">\n<td style=\"width: 100%; text-align: center;\"><span style=\"font-family: arial, helvetica, sans-serif;\"><strong><span style=\"font-size: 14pt; color: #000000;\">Prof. Dr. Luiz Carlos Santos Simon (UEL)<\/span><\/strong><\/span><\/td>\n<\/tr>\n<tr>\n<td style=\"width: 100%; text-align: justify;\">Possui gradu<img loading=\"lazy\" decoding=\"async\" class=\"wp-image-1298 alignleft\" style=\"text-align: start;\" src=\"https:\/\/eventos.uenp.edu.br\/sellitcon\/wp-content\/uploads\/sites\/25\/2025\/04\/simon.jpeg\" alt=\"\" width=\"237\" height=\"316\" srcset=\"https:\/\/eventos.uenp.edu.br\/sellitcon\/wp-content\/uploads\/sites\/25\/2025\/04\/simon.jpeg 960w, https:\/\/eventos.uenp.edu.br\/sellitcon\/wp-content\/uploads\/sites\/25\/2025\/04\/simon-225x300.jpeg 225w, https:\/\/eventos.uenp.edu.br\/sellitcon\/wp-content\/uploads\/sites\/25\/2025\/04\/simon-768x1024.jpeg 768w\" sizes=\"auto, (max-width: 237px) 100vw, 237px\" \/>a\u00e7\u00e3o em Letras Portugu\u00eas Literaturas pela Universidade Federal do Rio de Janeiro (1988), mestrado e doutorado em Letras (Ci\u00eancia da Literatura) pela Universidade Federal do Rio de Janeiro (1992\/1999). Fez est\u00e1gios de p\u00f3s-doutorado na Universidade Estadual de Campinas e na Universidade Federal do Rio Grande do Sul (conclu\u00eddos respectivamente em 2010 e 2016). Ingressou na Universidade Estadual de Londrina em 1995, institui\u00e7\u00e3o em que ministra aulas na Gradua\u00e7\u00e3o e na P\u00f3s-Gradua\u00e7\u00e3o como Professor Associado. Atua na \u00e1rea de Letras. Os interesses de estudos s\u00e3o: as rela\u00e7\u00f5es entre as masculinidades e a literatura; a cr\u00f4nica; o conto brasileiro contempor\u00e2neo; o romance brasileiro do s\u00e9culo XIX at\u00e9 os anos 1960; e tem\u00e1ticas relacionadas \u00e0 vida privada e \u00e0 intimidade.<\/td>\n<\/tr>\n<tr style=\"background-color: #c0a062;\">\n<td style=\"width: 100%; text-align: center;\"><span style=\"font-family: arial, helvetica, sans-serif; font-size: 14pt; color: #000000;\"><strong><span class=\"C9DxTc \">Profa. Dra. Maria Valdenia da Silva (UECE)<\/span><\/strong><\/span><\/td>\n<\/tr>\n<tr>\n<td style=\"width: 100%; text-align: justify;\"><img loading=\"lazy\" decoding=\"async\" class=\"alignleft wp-image-1307\" src=\"https:\/\/eventos.uenp.edu.br\/sellitcon\/wp-content\/uploads\/sites\/25\/2025\/04\/Valdenia.jpg\" alt=\"\" width=\"237\" height=\"281\" srcset=\"https:\/\/eventos.uenp.edu.br\/sellitcon\/wp-content\/uploads\/sites\/25\/2025\/04\/Valdenia.jpg 507w, https:\/\/eventos.uenp.edu.br\/sellitcon\/wp-content\/uploads\/sites\/25\/2025\/04\/Valdenia-253x300.jpg 253w\" sizes=\"auto, (max-width: 237px) 100vw, 237px\" \/>Possui doutorado em Letras pela Universidade Federal da Para\u00edba (2008), mestrado em Letras pela Universidade Federal do Cear\u00e1 (1997) e gradua\u00e7\u00e3o em Letras pela Universidade Federal do Cear\u00e1 (1993). Realizou est\u00e1gio p\u00f3s-doutoral no Programa de P\u00f3s-gradua\u00e7\u00e3o em Educa\u00e7\u00e3o Brasileira da Universidade Federal do Cear\u00e1 (2019). Atualmente \u00e9 professora associada da Universidade Estadual do Cear\u00e1, atuando na gradua\u00e7\u00e3o em Letras e no Mestrado interdisciplinar em Hist\u00f3ria e Letras. Tem experi\u00eancia nas \u00e1reas de ensino de literatura; cr\u00edtica liter\u00e1ria, com \u00eanfase em literatura brasileira de autoria feminina e literatura afro-brasileira; letramento liter\u00e1rio, literatura e outras linguagens e literatura e novas tecnologias. Participa como l\u00edder do Grupo &#8220;Literatura e as Metodologias para a Forma\u00e7\u00e3o de Leitores? (UECE); do programa de extens\u00e3o: Viva a palavra: circuitos de linguagem, paz e resist\u00eancia da juventude negra na periferia de Fortaleza?.<\/td>\n<\/tr>\n<tr style=\"background-color: #c0a062;\">\n<td style=\"width: 100%; text-align: center;\"><span style=\"font-size: 14pt; font-family: arial, helvetica, sans-serif; color: #000000;\"><strong>Prof. Lucas Breda Magalh\u00e3es (Egresso do curso de Letras UENP\/CCP, Mestrando FFLCH-USP)<\/strong><\/span><\/td>\n<\/tr>\n<tr>\n<td style=\"width: 100%; text-align: justify;\"><img loading=\"lazy\" decoding=\"async\" class=\"alignleft wp-image-1306\" src=\"https:\/\/eventos.uenp.edu.br\/sellitcon\/wp-content\/uploads\/sites\/25\/2025\/04\/Lucas-225x300.jpeg\" alt=\"\" width=\"237\" height=\"316\" srcset=\"https:\/\/eventos.uenp.edu.br\/sellitcon\/wp-content\/uploads\/sites\/25\/2025\/04\/Lucas-225x300.jpeg 225w, https:\/\/eventos.uenp.edu.br\/sellitcon\/wp-content\/uploads\/sites\/25\/2025\/04\/Lucas-768x1024.jpeg 768w, https:\/\/eventos.uenp.edu.br\/sellitcon\/wp-content\/uploads\/sites\/25\/2025\/04\/Lucas-1152x1536.jpeg 1152w, https:\/\/eventos.uenp.edu.br\/sellitcon\/wp-content\/uploads\/sites\/25\/2025\/04\/Lucas.jpeg 1200w\" sizes=\"auto, (max-width: 237px) 100vw, 237px\" \/>Mestrando no programa Estudos Comparados em Literaturas de L\u00edngua Portuguesa da Universidade de S\u00e3o Paulo (FFLCH-USP) e representante discente do mesmo. Graduado em Letras Portugu\u00eas\/Ingl\u00eas, pela Universidade Estadual do Norte do Paran\u00e1 (UENP\/CCP). Foi bolsista de Inicia\u00e7\u00e3o Cient\u00edfica (Funda\u00e7\u00e3o Arauc\u00e1ria de Apoio ao Desenvolvimento Cient\u00edfico e Tecnol\u00f3gico), desenvolvendo pesquisa acerca da literatura afro-brasileira em ambiente escolar. Atuou como pesquisador de Inicia\u00e7\u00e3o Cient\u00edfica Volunt\u00e1ria (PICV) em projetos ligados \u00e0 \u00e1rea de Literatura Brasileira do s\u00e9culo XX e Literatura Contempor\u00e2nea. Participou do PIBID e Resid\u00eancia Pedag\u00f3gica em projetos voltados para o Letramento Liter\u00e1rio (2017-2019) e Oralidade (2020-2021). Aluno selecionado para Mobilidade Estudantil na Universidade de Coimbra, Portugal, para o 1\u00ba semestre de 2019\/2020. Tem interesse em temas como os fen\u00f4menos liter\u00e1rios advindos de vozes subalternizadas, Literaturas de L\u00edngua Portuguesa, Estudos Comparados e Decolonialidade. Atuou como professor pela Secretaria da Educa\u00e7\u00e3o e do Esporte (SEED\/PR).<\/td>\n<\/tr>\n<tr style=\"background-color: #c0a062;\">\n<td style=\"width: 100%; text-align: center;\"><span style=\"font-size: 14pt; font-family: arial, helvetica, sans-serif; color: #000000;\"><strong>Braulio Tavares e Karen Deb\u00e9rtolis<\/strong><\/span><\/td>\n<\/tr>\n<tr>\n<td style=\"width: 100%; text-align: justify;\"><img loading=\"lazy\" decoding=\"async\" class=\"alignleft wp-image-1306\" src=\"https:\/\/eventos.uenp.edu.br\/sellitcon\/wp-content\/uploads\/sites\/25\/2025\/08\/braulio-e-karen.jpg\" alt=\"\" width=\"237\" height=\"316\" \/><strong>Braulio Tavares<\/strong> \u00e9 paraibano, escritor, poeta, compositor e tradutor. Tem mais de 30 livros publicados, entre romance, conto, poesia, ensaio, cr\u00f4nica, infantil e antologias. Tem tamb\u00e9m mais de 80 m\u00fasicas gravadas. Recebeu o Pr\u00eamio Caminho de Fic\u00e7\u00e3o Cient\u00edfica, em Portugal (1989), Pr\u00eamio Shell de Teatro (1992 e 2017), Pr\u00eamio APCA de Literatura Infantil (2007), Pr\u00eamio Jabuti de Literatura Infantil (2009), entre outros. \u00c9 pesquisador de literatura fant\u00e1stica e de fic\u00e7\u00e3o cient\u00edfica, e organizou v\u00e1rias antologias do g\u00eanero para a editora Casa da Palavra (Rio de Janeiro), entre as quais P\u00e1ginas do Futuro: contos brasileiros de fic\u00e7\u00e3o cientifica (2011) e Contos Obscuros de Edgar Allan Poe (2010). Neste g\u00eanero, \u00e9 autor de O que \u00e9 fic\u00e7\u00e3o cient\u00edfica, lan\u00e7ado em 1986 pela cole\u00e7\u00e3o Primeiros Passos, e da colet\u00e2nea de contos Fanfic (Ed. Patu\u00e1, 2019). Seu blog Mundo Fantasmo conta com mais de 4.500 artigos sobre cultura em geral.<\/p>\n<p><strong>Karen Deb\u00e9rtolis<\/strong> \u00e9 poeta, escritora e jornalista. Publicou Mapas sutis (Editora Patu\u00e1, 2018), Prosa de palavras (Rubra Cartonera, 2012), A Estalagem das almas (Travessa dos Editores, 2006), Guardados (Atrito Art, 2003) e Calidosc\u00f3pio (edi\u00e7\u00e3o de autora, 1995). Gravou o CD de spoken word A Mulher das Palavras (2009), que se desdobrou em uma performance po\u00e9tica. O clipe da composi\u00e7\u00e3o Manh\u00e3s, do CD A Mulher das Palavras, obteve o 4\u00ba lugar no 4\u00ba Pr\u00eamio Poesia em V\u00eddeo da Fliporto 2010 (Recife, Pernambuco). Participou de diversas antologias, em que se destacam: Brazilian Women Poets In Translation (bil\u00edngue) (Editora Venas Abiertas, 2022) e As Poetas Mulheres na Literatura Brasileira (Arriba\u00e7\u00e3 Editora, 2021). \u00c9 verbete no Dicion\u00e1rio Cr\u00edtico de Escritoras Brasileiras, organizado por Nelly Novaes Coelho (Escrituras, 2001). Participou de eventos nacionais e internacionais como: MARXE \u2014 Festival Internacional de Videopoes\u00eda 2022 (Vigo, Espanha); Resid\u00eancia Atelier Po\u00e9tico da Organiza\u00e7\u00e3o dos Estados Ibero-americanos (OEI Espanha\/Portugal), em 2022, que reuniu 17 poetas de l\u00edngua portuguesa e espanhola; Circuitos de Cria\u00e7\u00e3o Liter\u00e1ria e de Autores do projeto Arte da Palavra do Sesc (Brasil, 2018-2019); e programa\u00e7\u00e3o da Radio Documenta 14, da Documenta de Kassel 2017(Kassel, Alemanha).<\/td>\n<\/tr>\n<tr style=\"background-color: #c0a062;\">\n<td style=\"width: 100%; text-align: center;\"><span style=\"font-size: 14pt; font-family: arial, helvetica, sans-serif; color: #000000;\"><strong>Prof. Dr. Miguel Sanches Neto<\/strong><\/span><\/td>\n<\/tr>\n<tr>\n<td style=\"width: 100%; text-align: justify;\"><img loading=\"lazy\" decoding=\"async\" class=\"alignleft wp-image-1306\" src=\"https:\/\/eventos.uenp.edu.br\/sellitcon\/wp-content\/uploads\/sites\/25\/2025\/08\/Miguel-Sanches-Neto-Cornelio-Jacarezinho-Bela-Vista-e-Londrina-720x406-1.jpg\" alt=\"\" width=\"237\" height=\"316\" \/> Miguel Sanches Neto \u00e9 formado em Letras pela Fafiman (1984-1986), especializou-se em Literatura, cursando mestrado e doutorado. \u00c9 professor-associado de literatura brasileira na Universidade Estadual de Ponta Grossa. Possui mais de 40 obras publicadas entre artigos, ensaios, poemas, contos e romances, al\u00e9m de livros sobre autores nacionais como Manoel de Barros, Dalton Trevisan e Cec\u00edlia Meireles.<\/td>\n<\/tr>\n<\/tbody>\n<\/table>\n","protected":false},"excerpt":{"rendered":"","protected":false},"author":1,"featured_media":0,"parent":783,"menu_order":0,"comment_status":"closed","ping_status":"closed","template":"","meta":{"footnotes":""},"class_list":["post-1278","page","type-page","status-publish","hentry"],"_links":{"self":[{"href":"https:\/\/eventos.uenp.edu.br\/sellitcon\/wp-json\/wp\/v2\/pages\/1278","targetHints":{"allow":["GET"]}}],"collection":[{"href":"https:\/\/eventos.uenp.edu.br\/sellitcon\/wp-json\/wp\/v2\/pages"}],"about":[{"href":"https:\/\/eventos.uenp.edu.br\/sellitcon\/wp-json\/wp\/v2\/types\/page"}],"author":[{"embeddable":true,"href":"https:\/\/eventos.uenp.edu.br\/sellitcon\/wp-json\/wp\/v2\/users\/1"}],"replies":[{"embeddable":true,"href":"https:\/\/eventos.uenp.edu.br\/sellitcon\/wp-json\/wp\/v2\/comments?post=1278"}],"version-history":[{"count":22,"href":"https:\/\/eventos.uenp.edu.br\/sellitcon\/wp-json\/wp\/v2\/pages\/1278\/revisions"}],"predecessor-version":[{"id":1443,"href":"https:\/\/eventos.uenp.edu.br\/sellitcon\/wp-json\/wp\/v2\/pages\/1278\/revisions\/1443"}],"up":[{"embeddable":true,"href":"https:\/\/eventos.uenp.edu.br\/sellitcon\/wp-json\/wp\/v2\/pages\/783"}],"wp:attachment":[{"href":"https:\/\/eventos.uenp.edu.br\/sellitcon\/wp-json\/wp\/v2\/media?parent=1278"}],"curies":[{"name":"wp","href":"https:\/\/api.w.org\/{rel}","templated":true}]}}