
{"id":1004,"date":"2023-11-08T23:32:05","date_gmt":"2023-11-09T02:32:05","guid":{"rendered":"https:\/\/eventos.uenp.edu.br\/sellitcon\/?page_id=1004"},"modified":"2025-07-21T14:41:46","modified_gmt":"2025-07-21T17:41:46","slug":"normas-gerais-e-modelos","status":"publish","type":"page","link":"https:\/\/eventos.uenp.edu.br\/sellitcon\/vii\/normas-gerais-e-modelos\/","title":{"rendered":"Normas Gerais e Modelos"},"content":{"rendered":"<p style=\"text-align: justify;\">1. Carga hor\u00e1ria: 32 horas.<\/p>\n<p dir=\"ltr\" style=\"text-align: justify;\" role=\"presentation\">2. Modalidade: H\u00edbrido.<\/p>\n<p dir=\"ltr\" role=\"presentation\">3. Template de exemplo: <a href=\"https:\/\/eventos.uenp.edu.br\/sellitcon\/wp-content\/uploads\/sites\/25\/2025\/07\/TEMPLATE-Apresentacao-SELLITCON.pptx\"><strong>AQUI<\/strong><\/a><\/p>\n<table style=\"height: 872px; width: 100%; border-collapse: collapse;\">\n<tbody>\n<tr style=\"height: 24px; background-color: #c0a062;\">\n<td style=\"width: 100%; height: 24px;\"><span style=\"color: #000000;\"><strong>3. INSCRI\u00c7\u00c3O:<\/strong><\/span><\/td>\n<\/tr>\n<tr style=\"height: 264px; background-color: #f2f2f2;\">\n<td style=\"width: 100%; height: 264px;\">\n<p dir=\"ltr\" style=\"text-align: justify;\">3.1. A inscri\u00e7\u00e3o se dar\u00e1 por meio de formul\u00e1rio Google, conforme orienta\u00e7\u00f5es na aba <strong><a href=\"https:\/\/eventos.uenp.edu.br\/sellitcon\/vii\/inscricoes\/\">INSCRI\u00c7\u00d5ES<\/a><\/strong>.<\/p>\n<p dir=\"ltr\" style=\"text-align: justify;\">3.2\u00a0 A exatid\u00e3o dos dados informados na inscri\u00e7\u00e3o\u00a0 \u00e9 de inteira responsabilidade dos inscritos.<\/p>\n<p dir=\"ltr\" style=\"text-align: justify;\">3.3 A comunica\u00e7\u00e3o entre a Comiss\u00e3o Organizadora e participantes ser\u00e1 feita por meio do e-mail cadastrado nos dados de\u00a0 inscri\u00e7\u00e3o.<\/p>\n<p dir=\"ltr\" style=\"text-align: justify;\">3.4 Aos inscritos ser\u00e3o disponibilizados certificados na p\u00e1gina da PROEC\/UENP (<a href=\"https:\/\/certificados.uenp.edu.br\/\">https:\/\/certificados.uenp.edu.br\/<\/a>) a partir de data a ser divulgada ap\u00f3s o evento.<\/p>\n<p dir=\"ltr\" style=\"text-align: justify;\">3.5 Informa\u00e7\u00f5es que constar\u00e3o dos certificados: T\u00edtulo do trabalho apresentado (quando for o caso); autor; coautor(es); carga hor\u00e1ria, per\u00edodo e programa\u00e7\u00e3o do evento. Recomenda-se aten\u00e7\u00e3o redobrada ao digitar o t\u00edtulo do trabalho a ser apresentado e os nomes dos autor\/coautores, pois os dados constantes do certificado ser\u00e3o automaticamente migrados dos campos preenchidos pelo participante no momento da submiss\u00e3o do trabalho.<\/p>\n<\/td>\n<\/tr>\n<tr>\n<td style=\"width: 100%;\"><\/td>\n<\/tr>\n<tr style=\"height: 24px; background-color: #c0a062;\">\n<td style=\"width: 100%; height: 24px;\"><span style=\"color: #000000;\"><strong>4. MODALIDADE DE PARTICIPA\u00c7\u00c3O<\/strong><\/span><\/td>\n<\/tr>\n<tr style=\"height: 512px; background-color: #f2f2f2;\">\n<td style=\"width: 100%; height: 512px;\">\n<p dir=\"ltr\" style=\"text-align: justify;\">4.1 OUVINTE \u2013 sem apresenta\u00e7\u00e3o de trabalhos.<\/p>\n<p dir=\"ltr\" style=\"text-align: justify; padding-left: 40px;\">Observa\u00e7\u00e3o: Os ouvintes poder\u00e3o assistir \u00e0s apresenta\u00e7\u00f5es de trabalhos, confer\u00eancias\/rodas de conversa, participar de minicursos e demais atividades.<\/p>\n<p dir=\"ltr\" style=\"text-align: justify;\">4.2 PARTICIPANTE COM APRESENTA\u00c7\u00c3O DE TRABALHO<\/p>\n<p dir=\"ltr\" style=\"text-align: justify; padding-left: 40px;\">4.2.1 As sess\u00f5es de comunica\u00e7\u00e3o ser\u00e3o realizadas na modalidade on line, pelo Google Meet, e presencialmente, coordenadas por um docente\/monitor, conforme ensalamento a ser publicado em at\u00e9 4\/8\/2025.<\/p>\n<p dir=\"ltr\" style=\"text-align: justify; padding-left: 40px;\">Obs.: no ato da inscri\u00e7\u00e3o, o interessado dever\u00e1 indicar se participar\u00e1 no formato presencial ou on-line. Os alunos de gradua\u00e7\u00e3o e p\u00f3s-gradua\u00e7\u00e3o da UENP, obrigatoriamente, dever\u00e3o participar na modalidade presencial para apresenta\u00e7\u00e3o de comunica\u00e7\u00f5es.<\/p>\n<p dir=\"ltr\" style=\"text-align: justify; padding-left: 40px;\">4.2.2 Os trabalhos para apresenta\u00e7\u00e3o ser\u00e3o distribu\u00eddos de acordo com os eixos tem\u00e1ticos identificados na inscri\u00e7\u00e3o e na\u00a0 \u00a0 \u00a0 proposta de comunica\u00e7\u00e3o.<\/p>\n<p dir=\"ltr\" style=\"text-align: justify; padding-left: 40px;\">4.2.3 No caso de trabalhos com mais de um autor apenas 1 autor submete (upload) o resumo na ficha de inscri\u00e7\u00e3o.<\/p>\n<p dir=\"ltr\" style=\"text-align: justify; padding-left: 40px;\">4.2.4 O tempo da apresenta\u00e7\u00e3o se dar\u00e1 do seguinte modo: quinze minutos com debate ao final de cada sess\u00e3o. A apresenta\u00e7\u00e3o\u00a0 \u00a0 pode ser feita por um ou mais autores do trabalho dentro do limite de 15 minutos.<\/p>\n<p dir=\"ltr\" style=\"text-align: justify; padding-left: 40px;\">Obs.: o apresentador deve permanecer na sala da sess\u00e3o at\u00e9 seu encerramento.<\/p>\n<p dir=\"ltr\" style=\"text-align: justify; padding-left: 40px;\">4.2.5 Para apresenta\u00e7\u00e3o de trabalhos, respeitar o m\u00e1ximo de dois trabalhos por autor\/coautor\u00a0 (exceto para orientadores); m\u00e1ximo de quatro autores por\u00a0 trabalho (incluindo orientador, se for o caso).<\/p>\n<\/td>\n<\/tr>\n<tr>\n<td style=\"width: 100%;\"><\/td>\n<\/tr>\n<tr style=\"height: 24px; background-color: #c0a062;\">\n<td style=\"width: 100%; height: 24px;\"><span style=\"color: #000000;\"><strong>5. MODELOS PARA RESUMO E ARTIGO COMPLETO PARA ANAIS<\/strong><\/span><\/td>\n<\/tr>\n<tr style=\"height: 24px; background-color: #f2f2f2;\">\n<td style=\"width: 100%; height: 24px;\">\n<p dir=\"ltr\" style=\"text-align: justify;\">5.1 Para participa\u00e7\u00e3o com apresenta\u00e7\u00e3o de trabalhos, o interessado dever\u00e1 elaborar o resumo da proposta de comunica\u00e7\u00e3o, conforme modelo do Template disponibilizado nas orienta\u00e7\u00f5es da p\u00e1gina de <a href=\"https:\/\/sites.google.com\/d\/1WBbssotvCbAp8WEAUPg2nKeBu22O-B5J\/p\/15zfNsmgFn5BjK6jwQUZtiEiEnfgL8itT\/edit\">INSCRI\u00c7\u00d5ES<\/a>.<\/p>\n<p dir=\"ltr\" style=\"text-align: justify;\">O arquivo dever\u00e1 ser enviado por upload na ficha de inscri\u00e7\u00e3o, conforme orienta\u00e7\u00f5es descritas na p\u00e1gina de <strong><a href=\"https:\/\/eventos.uenp.edu.br\/sellitcon\/vii\/inscricoes\/\">INSCRI\u00c7\u00d5ES<\/a><\/strong>.<\/p>\n<p dir=\"ltr\" style=\"text-align: justify;\">ATEN\u00c7\u00c3O: a informa\u00e7\u00e3o sobre o aceite do resumo,\u00a0 para comunica\u00e7\u00e3o nos eixos tem\u00e1ticos, ser\u00e1 enviada pelo e-mail do evento aos inscritos at\u00e9 30\/07\/2025.<\/p>\n<p dir=\"ltr\" style=\"text-align: justify;\">5.2 Para publica\u00e7\u00e3o do artigo completo nos Anais do evento, o interessado dever\u00e1 elaborar o texto de acordo com o Template disponibilizado nas orienta\u00e7\u00f5es da p\u00e1gina de <strong><a href=\"https:\/\/eventos.uenp.edu.br\/sellitcon\/vii\/inscricoes\/\">INSCRI\u00c7\u00d5ES<\/a><\/strong>.<\/p>\n<p dir=\"ltr\" style=\"text-align: justify;\">O arquivo dever\u00e1 ser enviado por e-mail ao <strong>sellitcon.ccp@uenp.edu.br<\/strong> at\u00e9 o dia 31\/08\/2025, no formato .doc. ou .docx.<\/p>\n<\/td>\n<\/tr>\n<\/tbody>\n<\/table>\n","protected":false},"excerpt":{"rendered":"","protected":false},"author":1,"featured_media":0,"parent":783,"menu_order":0,"comment_status":"closed","ping_status":"closed","template":"","meta":{"footnotes":""},"class_list":["post-1004","page","type-page","status-publish","hentry"],"_links":{"self":[{"href":"https:\/\/eventos.uenp.edu.br\/sellitcon\/wp-json\/wp\/v2\/pages\/1004","targetHints":{"allow":["GET"]}}],"collection":[{"href":"https:\/\/eventos.uenp.edu.br\/sellitcon\/wp-json\/wp\/v2\/pages"}],"about":[{"href":"https:\/\/eventos.uenp.edu.br\/sellitcon\/wp-json\/wp\/v2\/types\/page"}],"author":[{"embeddable":true,"href":"https:\/\/eventos.uenp.edu.br\/sellitcon\/wp-json\/wp\/v2\/users\/1"}],"replies":[{"embeddable":true,"href":"https:\/\/eventos.uenp.edu.br\/sellitcon\/wp-json\/wp\/v2\/comments?post=1004"}],"version-history":[{"count":32,"href":"https:\/\/eventos.uenp.edu.br\/sellitcon\/wp-json\/wp\/v2\/pages\/1004\/revisions"}],"predecessor-version":[{"id":1419,"href":"https:\/\/eventos.uenp.edu.br\/sellitcon\/wp-json\/wp\/v2\/pages\/1004\/revisions\/1419"}],"up":[{"embeddable":true,"href":"https:\/\/eventos.uenp.edu.br\/sellitcon\/wp-json\/wp\/v2\/pages\/783"}],"wp:attachment":[{"href":"https:\/\/eventos.uenp.edu.br\/sellitcon\/wp-json\/wp\/v2\/media?parent=1004"}],"curies":[{"name":"wp","href":"https:\/\/api.w.org\/{rel}","templated":true}]}}