{"id":837,"date":"2024-09-05T10:30:14","date_gmt":"2024-09-05T13:30:14","guid":{"rendered":"https:\/\/eventos.uenp.edu.br\/ppeduenp\/?page_id=837"},"modified":"2024-10-11T17:02:46","modified_gmt":"2024-10-11T20:02:46","slug":"submissao-de-resumos","status":"publish","type":"page","link":"https:\/\/eventos.uenp.edu.br\/ppeduenp\/submissao-de-resumos\/","title":{"rendered":"Submiss\u00e3o de Resumos"},"content":{"rendered":"\n<h2 class=\"wp-block-heading\">Normas para Submiss\u00e3o de Resumos<\/h2>\n\n\n\n<p>Os resumos expandidos devem ser enviados no momento da inscri\u00e7\u00e3o, por meio de upload de arquivo, dispon\u00edvel no formul\u00e1rio de inscri\u00e7\u00e3o. O envio do resumo expandido \u00e9 obrigat\u00f3rio para aqueles que desejam participar na modalidade de apresenta\u00e7\u00e3o de trabalho em Simp\u00f3sio Tem\u00e1tico. O per\u00edodo de submiss\u00e3o \u00e9 de <strong>01 de outubro de 2024 at\u00e9 04 de novembro de 2024<\/strong>. Abaixo est\u00e3o as instru\u00e7\u00f5es detalhadas para formata\u00e7\u00e3o e envio dos resumos expandidos.<\/p>\n\n\n\n<h3 class=\"wp-block-heading\">Formata\u00e7\u00e3o Geral<\/h3>\n\n\n\n<ul class=\"wp-block-list\">\n<li><strong>Formato do Arquivo:<\/strong> .DOC, tamanho m\u00e1ximo de <strong>2 MB<\/strong>.<\/li>\n\n\n\n<li><strong>Fonte:<\/strong> Times New Roman, tamanho <strong>12<\/strong>.<\/li>\n\n\n\n<li><strong>Espa\u00e7amento:<\/strong> <strong>Simples<\/strong> entre as linhas.<\/li>\n\n\n\n<li><strong>Par\u00e1grafos:<\/strong> <strong>Justificados<\/strong>, com recuo de <strong>1,25 cm<\/strong> no in\u00edcio de cada par\u00e1grafo.<\/li>\n\n\n\n<li><strong>Tamanho do Texto:<\/strong> M\u00e1ximo de <strong>10.000 caracteres<\/strong> (sem espa\u00e7os).<\/li>\n\n\n\n<li><strong>Cita\u00e7\u00f5es Longas (mais de 3 linhas):<\/strong> Devem ser destacadas com recuo de <strong>5 cm<\/strong> \u00e0 esquerda, fonte Times New Roman, tamanho <strong>11<\/strong>.\n<ul class=\"wp-block-list\">\n<li><strong>Norma ABNT:<\/strong> Para cita\u00e7\u00f5es longas e curtas, deve-se seguir a norma atual da ABNT (e.g., Trivin\u00f5s, 1987, p. 20).<\/li>\n<\/ul>\n<\/li>\n<\/ul>\n\n\n\n<h3 class=\"wp-block-heading\">T\u00edtulo<\/h3>\n\n\n\n<ul class=\"wp-block-list\">\n<li><strong>Formato:<\/strong> Todo em mai\u00fasculas, <strong>centralizado e em negrito<\/strong>, tamanho <strong>12<\/strong>.<\/li>\n\n\n\n<li><strong>Exemplo:<\/strong> <\/li>\n<\/ul>\n\n\n\n<p class=\"has-text-align-left\">T\u00cdTULO DO RESUMO EXPANDIDO<\/p>\n\n\n\n<p><\/p>\n\n\n\n<h3 class=\"wp-block-heading\">Identifica\u00e7\u00e3o dos Autores<\/h3>\n\n\n\n<ul class=\"wp-block-list\">\n<li><strong>Formato:<\/strong> Nome completo seguido de filia\u00e7\u00e3o institucional e e-mail.<\/li>\n\n\n\n<li><strong>Exemplo:<\/strong><\/li>\n<\/ul>\n\n\n\n<p>Nome do Autor 1 (filia\u00e7\u00e3o institucional)<br>e-mail do autor 1<br>Nome do Autor 2 (filia\u00e7\u00e3o institucional)<br>e-mail do autor 2<br>Nome do Autor 3 (filia\u00e7\u00e3o institucional)<br>e-mail do autor 3<\/p>\n\n\n\n<p><\/p>\n\n\n\n<h3 class=\"wp-block-heading\">Estrutura do Resumo Expandido<\/h3>\n\n\n\n<p>O resumo expandido deve seguir a seguinte estrutura:<\/p>\n\n\n\n<ul class=\"wp-block-list\">\n<li><strong>Resumo:<\/strong> Com at\u00e9 <strong>100 palavras<\/strong> (sem espa\u00e7os).<\/li>\n\n\n\n<li><strong>Palavras-chave:<\/strong> Tr\u00eas palavras-chave, separadas por ponto e v\u00edrgula (;) e iniciadas com letra mai\u00fascula.\n<ul class=\"wp-block-list\">\n<li><strong>Exemplo:<\/strong> <code>Palavra 1; Palavra 2; Palavra 3<\/code><\/li>\n<\/ul>\n<\/li>\n\n\n\n<li><strong>Se\u00e7\u00f5es do Texto:<\/strong>\n<ul class=\"wp-block-list\">\n<li><strong>Introdu\u00e7\u00e3o<\/strong><\/li>\n\n\n\n<li><strong>Objetivo<\/strong><\/li>\n\n\n\n<li><strong>Metodologia<\/strong><\/li>\n\n\n\n<li><strong>Resultados<\/strong><\/li>\n\n\n\n<li><strong>Discuss\u00e3o<\/strong><\/li>\n\n\n\n<li><strong>Conclus\u00e3o<\/strong><\/li>\n\n\n\n<li><strong>Refer\u00eancias<\/strong><\/li>\n<\/ul>\n<\/li>\n<\/ul>\n\n\n\n<h3 class=\"wp-block-heading\">Refer\u00eancias<\/h3>\n\n\n\n<ul class=\"wp-block-list\">\n<li><strong>M\u00e1ximo de Quatro Obras.<\/strong> As refer\u00eancias devem seguir a norma ABNT.<\/li>\n\n\n\n<li><strong>Exemplo de Formata\u00e7\u00e3o de Refer\u00eancia:<\/strong><\/li>\n<\/ul>\n\n\n\n<p>FREIRE, P. Pedagogia da Autonomia: saberes necess\u00e1rios \u00e0 pr\u00e1tica educativa. 46a ed. Rio de Janeiro: Paz e Terra, 2013.<br>GRAMSCI, A. Cartas do C\u00e1rcere. Rio de Janeiro: Civiliza\u00e7\u00e3o Brasileira, 2005.<\/p>\n\n\n\n<p><\/p>\n\n\n\n<h3 class=\"wp-block-heading\">Submiss\u00e3o dos Resumos Expandidos<\/h3>\n\n\n\n<ul class=\"wp-block-list\">\n<li><strong>Envio por Upload:<\/strong> O resumo expandido deve ser enviado no momento da inscri\u00e7\u00e3o, por meio de upload de arquivo no formul\u00e1rio de inscri\u00e7\u00e3o.<\/li>\n\n\n\n<li><strong>Prazo:<\/strong> Os resumos expandidos devem ser enviados entre <strong>01 de outubro de 2024 e 04 de novembro de 2024<\/strong>.<\/li>\n\n\n\n<li><strong>Obrigatoriedade:<\/strong> O envio do resumo expandido \u00e9 obrigat\u00f3rio para aqueles que desejam participar com apresenta\u00e7\u00e3o de trabalho.<\/li>\n<\/ul>\n\n\n\n<h3 class=\"wp-block-heading\">Observa\u00e7\u00f5es Importantes<\/h3>\n\n\n\n<ul class=\"wp-block-list\">\n<li><strong>Publica\u00e7\u00e3o nos Anais:<\/strong> O envio do resumo expandido para publica\u00e7\u00e3o nos anais do evento \u00e9 obrigat\u00f3rio para quem deseja apresentar trabalho.<\/li>\n\n\n\n<li><strong>Conformidade com as Normas:<\/strong> Textos que n\u00e3o seguirem as normas estabelecidas <strong>n\u00e3o ser\u00e3o aceitos<\/strong> pela Comiss\u00e3o Editorial.<\/li>\n\n\n\n<li><strong>Responsabilidade pela Revis\u00e3o:<\/strong> N\u00e3o haver\u00e1 revis\u00e3o pela Comiss\u00e3o Cient\u00edfica dos resumos expandidos enviados. A responsabilidade pela revis\u00e3o ortogr\u00e1fica e gramatical \u00e9 <strong>inteiramente do(s) autor(es)<\/strong>.<\/li>\n\n\n\n<li><strong>Envio por Orientadores:<\/strong> Trabalhos de alunos de gradua\u00e7\u00e3o devem ser enviados pelos orientadores.<\/li>\n<\/ul>\n","protected":false},"excerpt":{"rendered":"","protected":false},"author":15,"featured_media":0,"parent":0,"menu_order":0,"comment_status":"closed","ping_status":"closed","template":"","meta":{"footnotes":""},"class_list":["post-837","page","type-page","status-publish","hentry"],"_links":{"self":[{"href":"https:\/\/eventos.uenp.edu.br\/ppeduenp\/wp-json\/wp\/v2\/pages\/837","targetHints":{"allow":["GET"]}}],"collection":[{"href":"https:\/\/eventos.uenp.edu.br\/ppeduenp\/wp-json\/wp\/v2\/pages"}],"about":[{"href":"https:\/\/eventos.uenp.edu.br\/ppeduenp\/wp-json\/wp\/v2\/types\/page"}],"author":[{"embeddable":true,"href":"https:\/\/eventos.uenp.edu.br\/ppeduenp\/wp-json\/wp\/v2\/users\/15"}],"replies":[{"embeddable":true,"href":"https:\/\/eventos.uenp.edu.br\/ppeduenp\/wp-json\/wp\/v2\/comments?post=837"}],"version-history":[{"count":7,"href":"https:\/\/eventos.uenp.edu.br\/ppeduenp\/wp-json\/wp\/v2\/pages\/837\/revisions"}],"predecessor-version":[{"id":1007,"href":"https:\/\/eventos.uenp.edu.br\/ppeduenp\/wp-json\/wp\/v2\/pages\/837\/revisions\/1007"}],"wp:attachment":[{"href":"https:\/\/eventos.uenp.edu.br\/ppeduenp\/wp-json\/wp\/v2\/media?parent=837"}],"curies":[{"name":"wp","href":"https:\/\/api.w.org\/{rel}","templated":true}]}}