{"id":819,"date":"2024-09-05T10:26:12","date_gmt":"2024-09-05T13:26:12","guid":{"rendered":"https:\/\/eventos.uenp.edu.br\/ppeduenp\/?page_id=819"},"modified":"2024-10-15T15:39:30","modified_gmt":"2024-10-15T18:39:30","slug":"palestrantes","status":"publish","type":"page","link":"https:\/\/eventos.uenp.edu.br\/ppeduenp\/palestrantes\/","title":{"rendered":"Palestrantes"},"content":{"rendered":"\n<p class=\"has-text-align-left\"><\/p>\n\n\n\n<h3 class=\"wp-block-heading\">Prof. Dr. Paulo Ricardo Torres Diniz (<strong>Confer\u00eancia de Abertura<\/strong>)<\/h3>\n\n\n\n<figure class=\"wp-block-image size-full is-resized\"><img loading=\"lazy\" decoding=\"async\" width=\"275\" height=\"257\" src=\"https:\/\/eventos.uenp.edu.br\/ppeduenp\/wp-content\/uploads\/sites\/24\/2024\/10\/pauloricardo.png\" alt=\"\" class=\"wp-image-921\" style=\"aspect-ratio:1.0753424657534247;width:380px;height:auto\"\/><\/figure>\n\n\n\n<p><strong>Forma\u00e7\u00e3o Acad\u00eamica:<\/strong><\/p>\n\n\n\n<ul class=\"wp-block-list\">\n<li><strong>Gradua\u00e7\u00e3o:<\/strong> Administra\u00e7\u00e3o de Empresas, com \u00eanfase em An\u00e1lise de Sistemas &#8211; Universidade Estadual de Londrina (1991)<\/li>\n\n\n\n<li><strong>Especializa\u00e7\u00e3o:<\/strong> Did\u00e1tica e Metodologia do Ensino &#8211; Universidade Norte do Paran\u00e1 (1997)<\/li>\n\n\n\n<li><strong>Mestrado:<\/strong> Ci\u00eancias da Computa\u00e7\u00e3o &#8211; Universidade Federal de Santa Catarina (2002)<\/li>\n<\/ul>\n\n\n\n<p><strong>Experi\u00eancia Profissional:<\/strong><\/p>\n\n\n\n<ul class=\"wp-block-list\">\n<li><strong>Professor:<\/strong> Universidade Norte do Paran\u00e1 (UNOPAR)\n<ul class=\"wp-block-list\">\n<li>Cursos nas \u00e1reas de Inform\u00e1tica e Administra\u00e7\u00e3o, nas modalidades Presencial e a Dist\u00e2ncia (1995 a 2010).<\/li>\n<\/ul>\n<\/li>\n\n\n\n<li><strong>Diretor de Gest\u00e3o de Polos:<\/strong> Kroton Educacional\n<ul class=\"wp-block-list\">\n<li>Desenvolvimento e coordena\u00e7\u00e3o de projetos para condi\u00e7\u00f5es adequadas de oferta de cursos nos polos de apoio presencial na modalidade de Educa\u00e7\u00e3o a Dist\u00e2ncia (EaD).<\/li>\n<\/ul>\n<\/li>\n\n\n\n<li><strong>Diretor de Formata\u00e7\u00e3o, Auditoria e Treinamentos:<\/strong>\n<ul class=\"wp-block-list\">\n<li>Continuidade do processo de auditoria de polos e implementa\u00e7\u00e3o de modelo de capacita\u00e7\u00e3o continuada.<\/li>\n<\/ul>\n<\/li>\n\n\n\n<li><strong>Avaliador AD HOC:<\/strong> INEP\/MEC\n<ul class=\"wp-block-list\">\n<li>Para cursos de Gradua\u00e7\u00e3o Presencial e a Dist\u00e2ncia, desde 2004.<\/li>\n<\/ul>\n<\/li>\n<\/ul>\n\n\n\n<p><strong>Pesquisa e Atua\u00e7\u00e3o Acad\u00eamica:<\/strong><\/p>\n\n\n\n<ul class=\"wp-block-list\">\n<li><strong>Pesquisador:<\/strong> \u00c1rea de Educa\u00e7\u00e3o, com \u00eanfase em Tecnologias Educacionais\n<ul class=\"wp-block-list\">\n<li>Atua\u00e7\u00e3o em Educa\u00e7\u00e3o a Dist\u00e2ncia, Sistemas de Informa\u00e7\u00e3o, Avalia\u00e7\u00e3o, Ensino a Dist\u00e2ncia, Gest\u00e3o de Aprendizagem, Software Educacional e Intelig\u00eancia Artificial aplicada \u00e0 Educa\u00e7\u00e3o.<\/li>\n\n\n\n<li>Projetos desenvolvidos desde 1996.<\/li>\n<\/ul>\n<\/li>\n\n\n\n<li><strong>CPO:<\/strong> Really Experience LLC (Orlando\/FL\/USA)\n<ul class=\"wp-block-list\">\n<li>Desenvolvimento de metodologia de ensino a dist\u00e2ncia no ensino de l\u00edngua inglesa para brasileiros.<\/li>\n<\/ul>\n<\/li>\n<\/ul>\n\n\n\n<p><strong>Forma\u00e7\u00e3o Complementar:<\/strong><\/p>\n\n\n\n<ul class=\"wp-block-list\">\n<li><strong>Coaching:<\/strong> Foco em An\u00e1lise Comportamental, Linguagem Corporal e Micro-express\u00f5es.<\/li>\n<\/ul>\n\n\n\n<p><\/p>\n\n\n\n<h3 class=\"wp-block-heading\">Profa. Dra. Gina Morales<\/h3>\n\n\n\n<figure class=\"wp-block-image size-large is-resized\"><img loading=\"lazy\" decoding=\"async\" width=\"1024\" height=\"769\" src=\"https:\/\/eventos.uenp.edu.br\/ppeduenp\/wp-content\/uploads\/sites\/24\/2024\/10\/Gina-1024x769.png\" alt=\"\" class=\"wp-image-920\" style=\"aspect-ratio:1.3762575452716297;width:442px;height:auto\" srcset=\"https:\/\/eventos.uenp.edu.br\/ppeduenp\/wp-content\/uploads\/sites\/24\/2024\/10\/Gina-1024x769.png 1024w, https:\/\/eventos.uenp.edu.br\/ppeduenp\/wp-content\/uploads\/sites\/24\/2024\/10\/Gina-300x225.png 300w, https:\/\/eventos.uenp.edu.br\/ppeduenp\/wp-content\/uploads\/sites\/24\/2024\/10\/Gina-768x576.png 768w, https:\/\/eventos.uenp.edu.br\/ppeduenp\/wp-content\/uploads\/sites\/24\/2024\/10\/Gina-1536x1153.png 1536w, https:\/\/eventos.uenp.edu.br\/ppeduenp\/wp-content\/uploads\/sites\/24\/2024\/10\/Gina-1320x991.png 1320w, https:\/\/eventos.uenp.edu.br\/ppeduenp\/wp-content\/uploads\/sites\/24\/2024\/10\/Gina.png 1588w\" sizes=\"auto, (max-width: 1024px) 100vw, 1024px\" \/><\/figure>\n\n\n\n<p><strong>Forma\u00e7\u00e3o Acad\u00eamica:<\/strong><\/p>\n\n\n\n<ul class=\"wp-block-list\">\n<li><strong>Gradua\u00e7\u00e3o:<\/strong> Fonoaudiologia &#8211; Universidad del Valle (2006)<\/li>\n\n\n\n<li><strong>Mestrado:<\/strong> Master em Coopera\u00e7\u00e3o Internacional e Desenvolvimento &#8211; Divulgaci\u00f3n Din\u00e1mica (2010)<\/li>\n\n\n\n<li><strong>Doutorado:<\/strong> Doctorado em Educa\u00e7\u00e3o Intercultural &#8211; Universidad de Santiago de Chile (2017)<\/li>\n<\/ul>\n\n\n\n<p><strong>Experi\u00eancia Profissional:<\/strong><\/p>\n\n\n\n<ul class=\"wp-block-list\">\n<li>Especialista na \u00e1rea de Fonoaudiologia, com \u00eanfase em Fonoaudiologia.<\/li>\n\n\n\n<li><strong>Diretora:<\/strong> Laborat\u00f3rio Virtual de Comunica\u00e7\u00e3o e Linguagem.<\/li>\n\n\n\n<li><strong>Colaboradora:<\/strong>\n<ul class=\"wp-block-list\">\n<li>Grupo de Pesquisa da C\u00e1tedra de Defici\u00eancia e Reabilita\u00e7\u00e3o, Universidad del Valle, Col\u00f4mbia.<\/li>\n\n\n\n<li>Grupo de Educa\u00e7\u00e3o, Inf\u00e2ncia e Intercultural, Universidade Aut\u00f4noma de Tamaulipas, M\u00e9xico.<\/li>\n<\/ul>\n<\/li>\n<\/ul>\n\n\n\n<p><strong>Atividades Acad\u00eamicas:<\/strong><\/p>\n\n\n\n<ul class=\"wp-block-list\">\n<li>Escritora de narrativas inclusivas, com tradu\u00e7\u00e3o para as l\u00ednguas de sinais:\n<ul class=\"wp-block-list\">\n<li>Col\u00f4mbia (LSC)<\/li>\n\n\n\n<li>Brasil (Libras)<\/li>\n\n\n\n<li>Chile (LSCh)<\/li>\n<\/ul>\n<\/li>\n\n\n\n<li>Participa\u00e7\u00e3o em confer\u00eancias nacionais e internacionais.<\/li>\n\n\n\n<li>Membro da Rede Global de Leitura e Escrita para a Abordagem das Culturas (POEPAZ) e da Rede Ibero-Americana de Estudos Interculturais e Interdisciplinares.<\/li>\n<\/ul>\n\n\n\n<p><strong>Forma\u00e7\u00e3o Complementar:<\/strong><\/p>\n\n\n\n<ul class=\"wp-block-list\">\n<li>Investigadora Fondecyt Iniciaci\u00f3n 11230383\/2024<\/li>\n<\/ul>\n\n\n\n<p><\/p>\n\n\n\n<h3 class=\"wp-block-heading\">Prof. Dr. Ricardo Andr\u00e9 Ferreira Martins<\/h3>\n\n\n\n<figure class=\"wp-block-image size-full is-resized\"><img loading=\"lazy\" decoding=\"async\" width=\"720\" height=\"720\" src=\"https:\/\/eventos.uenp.edu.br\/ppeduenp\/wp-content\/uploads\/sites\/24\/2024\/10\/ricardoandre.jpg\" alt=\"\" class=\"wp-image-922\" style=\"aspect-ratio:1;width:367px;height:auto\" srcset=\"https:\/\/eventos.uenp.edu.br\/ppeduenp\/wp-content\/uploads\/sites\/24\/2024\/10\/ricardoandre.jpg 720w, https:\/\/eventos.uenp.edu.br\/ppeduenp\/wp-content\/uploads\/sites\/24\/2024\/10\/ricardoandre-300x300.jpg 300w, https:\/\/eventos.uenp.edu.br\/ppeduenp\/wp-content\/uploads\/sites\/24\/2024\/10\/ricardoandre-150x150.jpg 150w\" sizes=\"auto, (max-width: 720px) 100vw, 720px\" \/><\/figure>\n\n\n\n<p><strong>Forma\u00e7\u00e3o Acad\u00eamica:<\/strong><\/p>\n\n\n\n<ul class=\"wp-block-list\">\n<li><strong>Gradua\u00e7\u00e3o:<\/strong> Letras Portugu\u00eas\/Franc\u00eas &#8211; Universidade Federal do Maranh\u00e3o (UFMA) (1997)<\/li>\n<\/ul>\n\n\n\n<ul class=\"wp-block-list\">\n<li><strong>Mestrado:<\/strong> Letras &#8211; Universidade Estadual Paulista J\u00falio de Mesquita Filho (UNESP) (2000)<\/li>\n<\/ul>\n\n\n\n<ul class=\"wp-block-list\">\n<li><strong>Doutorado:<\/strong> Teoria e Hist\u00f3ria Liter\u00e1ria &#8211; Universidade Estadual de Campinas (UNICAMP) (2009)<\/li>\n<\/ul>\n\n\n\n<ul class=\"wp-block-list\">\n<li><strong>P\u00f3s-Doutorado:<\/strong> Est\u00e1gio na Universidade Federal de Santa Maria<\/li>\n<\/ul>\n\n\n\n<p><strong>Experi\u00eancia Profissional:<\/strong><\/p>\n\n\n\n<ul class=\"wp-block-list\">\n<li><strong>Professor Adjunto:<\/strong> Universidade Estadual do Norte do Paran\u00e1 (UENP)<br>Atua\u00e7\u00e3o no Colegiado de Letras, campus de Jacarezinho, com foco em Literatura Brasileira.<\/li>\n<\/ul>\n\n\n\n<ul class=\"wp-block-list\">\n<li><strong>Pesquisador:<\/strong><br>\u00c1rea de Letras, com \u00eanfase em Teoria Liter\u00e1ria, Historiografia Liter\u00e1ria, Literatura Brasileira e Literatura Portuguesa. Principais temas: poesia, literatura brasileira dos s\u00e9culos XIX e XX, c\u00e2none liter\u00e1rio, hist\u00f3ria liter\u00e1ria, teoria e cr\u00edtica liter\u00e1ria.<\/li>\n<\/ul>\n\n\n\n<p><strong>Premia\u00e7\u00f5es:<\/strong><\/p>\n\n\n\n<ul class=\"wp-block-list\">\n<li>Detentor de 11 pr\u00eamios liter\u00e1rios, incluindo o Pr\u00eamio de Ensaio e Cr\u00edtica Liter\u00e1ria da Academia Brasileira de Letras (2012).<\/li>\n<\/ul>\n\n\n\n<p><strong>Forma\u00e7\u00e3o Complementar:<\/strong><\/p>\n\n\n\n<ul class=\"wp-block-list\">\n<li>Bolsista da Funda\u00e7\u00e3o de Amparo \u00e0 Pesquisa do Estado de S\u00e3o Paulo (mestrado e doutorado).<\/li>\n<\/ul>\n\n\n\n<p><\/p>\n\n\n\n<h3 class=\"wp-block-heading\">Prof. Dr. S\u00e9rgio Vale da Paix\u00e3o<\/h3>\n\n\n\n<figure class=\"wp-block-image size-full is-resized\"><img loading=\"lazy\" decoding=\"async\" width=\"800\" height=\"800\" src=\"https:\/\/eventos.uenp.edu.br\/ppeduenp\/wp-content\/uploads\/sites\/24\/2024\/10\/sergiovale.png\" alt=\"\" class=\"wp-image-927\" style=\"aspect-ratio:1;width:350px;height:auto\" srcset=\"https:\/\/eventos.uenp.edu.br\/ppeduenp\/wp-content\/uploads\/sites\/24\/2024\/10\/sergiovale.png 800w, https:\/\/eventos.uenp.edu.br\/ppeduenp\/wp-content\/uploads\/sites\/24\/2024\/10\/sergiovale-300x300.png 300w, https:\/\/eventos.uenp.edu.br\/ppeduenp\/wp-content\/uploads\/sites\/24\/2024\/10\/sergiovale-150x150.png 150w, https:\/\/eventos.uenp.edu.br\/ppeduenp\/wp-content\/uploads\/sites\/24\/2024\/10\/sergiovale-768x768.png 768w\" sizes=\"auto, (max-width: 800px) 100vw, 800px\" \/><\/figure>\n\n\n\n<p><strong>Forma\u00e7\u00e3o Acad\u00eamica:<\/strong><\/p>\n\n\n\n<ul class=\"wp-block-list\">\n<li><strong>Gradua\u00e7\u00e3o:<\/strong> Letras &#8211; Universidade Estadual de Maring\u00e1 (UEM)<\/li>\n<\/ul>\n\n\n\n<ul class=\"wp-block-list\">\n<li><strong>Mestrado:<\/strong> Estudos da Linguagem &#8211; Universidade Estadual de Londrina (UEL)<\/li>\n<\/ul>\n\n\n\n<ul class=\"wp-block-list\">\n<li><strong>Doutorado:<\/strong> Psicologia &#8211; Universidade Estadual Paulista J\u00falio de Mesquita Filho (UNESP)<\/li>\n<\/ul>\n\n\n\n<ul class=\"wp-block-list\">\n<li><strong>P\u00f3s-Doutorado:<\/strong> Pesquisa em Letras &#8211; Universidade Estadual de Maring\u00e1 (UEM)<\/li>\n<\/ul>\n\n\n\n<p><strong>Experi\u00eancia Profissional:<\/strong><\/p>\n\n\n\n<ul class=\"wp-block-list\">\n<li><strong>Professor:<\/strong> Instituto Federal do Paran\u00e1 (IFPR) &#8211; campus Jacarezinho<br>Atua\u00e7\u00e3o no ensino e coordena\u00e7\u00e3o de projetos relacionados \u00e0 educa\u00e7\u00e3o.<\/li>\n<\/ul>\n\n\n\n<ul class=\"wp-block-list\">\n<li><strong>L\u00edder de Pesquisa:<\/strong><br>Grupo de Pesquisa Ensino, Cultura, Linguagem e suas Tecnologias (GECLIT &#8211; IFPR\/CNPq).<\/li>\n<\/ul>\n\n\n\n<ul class=\"wp-block-list\">\n<li><strong>Coordenador:<\/strong><br>Especializa\u00e7\u00e3o em Educa\u00e7\u00e3o, Sociedade e Tecnologia &#8211; IFPR, Jacarezinho.<\/li>\n<\/ul>\n\n\n\n<ul class=\"wp-block-list\">\n<li><strong>Coordenador Diocesano:<\/strong><br>Pastoral da Educa\u00e7\u00e3o &#8211; Jacarezinho.<\/li>\n<\/ul>\n\n\n\n<ul class=\"wp-block-list\">\n<li><strong>Palestrante e Conferencista:<\/strong><br>Participa\u00e7\u00e3o em diversos eventos de educa\u00e7\u00e3o, autor de livros e artigos.<\/li>\n<\/ul>\n\n\n\n<p><strong>Premia\u00e7\u00f5es:<\/strong><\/p>\n\n\n\n<ul class=\"wp-block-list\">\n<li><strong>1\u00ba Lugar:<\/strong> III FELIC com o projeto &#8220;Educa\u00e7\u00e3o Integral para Todos!&#8221;<\/li>\n\n\n\n<li><strong>2\u00ba Lugar:<\/strong> Pr\u00eamio Voluntariado &#8211; P\u00e1tria Volunt\u00e1ria, promovido pelo governo Federal, com o projeto de forma\u00e7\u00e3o de professores da Pastoral da Educa\u00e7\u00e3o.<\/li>\n\n\n\n<li><strong>Vencedor:<\/strong> Pr\u00eamio Professor Transformador 2024, promovido pelo Sebrae, Bett Brasil e Instituto Significare.<\/li>\n<\/ul>\n\n\n\n<p><\/p>\n\n\n\n<h3 class=\"wp-block-heading\">Profa. Dra. Siderly do Carmo Dahle de Almeida<\/h3>\n\n\n\n<figure class=\"wp-block-image size-full is-resized\"><img loading=\"lazy\" decoding=\"async\" width=\"151\" height=\"200\" src=\"https:\/\/eventos.uenp.edu.br\/ppeduenp\/wp-content\/uploads\/sites\/24\/2024\/10\/image.png\" alt=\"\" class=\"wp-image-1013\" style=\"aspect-ratio:0.755;width:354px;height:auto\"\/><\/figure>\n\n\n\n<p><strong>Forma\u00e7\u00e3o Acad\u00eamica:<\/strong><\/p>\n\n\n\n<ul class=\"wp-block-list\">\n<li><strong>Gradua\u00e7\u00e3o:<\/strong> Biblioteconomia \u2013 Universidade Federal do Paran\u00e1 (1988)<\/li>\n<\/ul>\n\n\n\n<ul class=\"wp-block-list\">\n<li><strong>Gradua\u00e7\u00e3o:<\/strong> Pedagogia \u2013 Universidade Castelo Branco (2010)<\/li>\n<\/ul>\n\n\n\n<ul class=\"wp-block-list\">\n<li><strong>Gradua\u00e7\u00e3o: <\/strong>Filosofia \u2013 UNINTER (2018)<\/li>\n<\/ul>\n\n\n\n<ul class=\"wp-block-list\">\n<li><strong>Gradua\u00e7\u00e3o: <\/strong>Letras \u2013 UNINTER (2019)<\/li>\n<\/ul>\n\n\n\n<ul class=\"wp-block-list\">\n<li><strong>Mestrado:<\/strong> Educa\u00e7\u00e3o \u2013 PUCPR (2006)<\/li>\n<\/ul>\n\n\n\n<ul class=\"wp-block-list\">\n<li><strong>Doutorado: <\/strong>Educa\u00e7\u00e3o e Curr\u00edculo \u2013 Pontif\u00edcia Universidade Cat\u00f3lica de S\u00e3o Paulo (2012)<\/li>\n<\/ul>\n\n\n\n<p><\/p>\n\n\n\n<p><strong>Experi\u00eancia Profissional:<\/strong><\/p>\n\n\n\n<ul class=\"wp-block-list\">\n<li><strong>Professora<\/strong>: Programa de Mestrado em Gest\u00e3o do Conhecimento nas Organiza\u00e7\u00f5es \u2013 Unicesumar<\/li>\n<\/ul>\n\n\n\n<ul class=\"wp-block-list\">\n<li><strong>Professora:<\/strong> Programa de P\u00f3s-Gradua\u00e7\u00e3o em Educa\u00e7\u00e3o \u2013 Universidade Estadual do Norte do Paran\u00e1<\/li>\n<\/ul>\n\n\n\n<ul class=\"wp-block-list\">\n<li><strong>Professora mentora:<\/strong> Programa de Desenvolvimento Educacional (PDE), Curso Gest\u00e3o de Ambientes de Aprendizagem, com o Grupo de Gest\u00e3o Escolar<\/li>\n<\/ul>\n\n\n\n<ul class=\"wp-block-list\">\n<li><strong>Pesquisadora:<\/strong> experi\u00eancia na \u00e1rea de Educa\u00e7\u00e3o, com \u00eanfase em tecnologias e m\u00eddias educacionais, forma\u00e7\u00e3o de professores, gest\u00e3o da educa\u00e7\u00e3o, ensino fundamental e educa\u00e7\u00e3o infantil, educa\u00e7\u00e3o a dist\u00e2ncia, e pesquisa em educa\u00e7\u00e3o e comunica\u00e7\u00e3o cient\u00edfica.<\/li>\n<\/ul>\n\n\n\n<ul class=\"wp-block-list\">\n<li><strong>Coordenadora:<\/strong> Programa de Mestrado e Doutorado Profissional em Educa\u00e7\u00e3o e Novas Tecnologias \u2013 Centro Universit\u00e1rio Internacional Uninter (6 anos).<\/li>\n<\/ul>\n\n\n\n<p><strong>Premia\u00e7\u00f5es:<\/strong><\/p>\n\n\n\n<ul class=\"wp-block-list\">\n<li>2023 &#8211; Homenageada com o nome da Biblioteca da FACIS, FACIS.<\/li>\n<\/ul>\n\n\n\n<ul class=\"wp-block-list\">\n<li>2016 &#8211; Melhor professora 2016 do N\u00facleo de Educa\u00e7\u00e3o a Dist\u00e2ncia, Centro Universit\u00e1rio Cesumar &#8211; Unicesumar.<\/li>\n<\/ul>\n\n\n\n<p><\/p>\n\n\n\n<h3 class=\"wp-block-heading\">Profa. Me. Silvia Mara da Silva<\/h3>\n\n\n\n<figure class=\"wp-block-image size-large is-resized\"><img loading=\"lazy\" decoding=\"async\" width=\"855\" height=\"1024\" src=\"https:\/\/eventos.uenp.edu.br\/ppeduenp\/wp-content\/uploads\/sites\/24\/2024\/10\/WhatsApp-Image-2024-10-15-at-14.55.06-1-855x1024.jpeg\" alt=\"\" class=\"wp-image-1025\" style=\"aspect-ratio:0.755;width:354px;height:auto\" srcset=\"https:\/\/eventos.uenp.edu.br\/ppeduenp\/wp-content\/uploads\/sites\/24\/2024\/10\/WhatsApp-Image-2024-10-15-at-14.55.06-1-855x1024.jpeg 855w, https:\/\/eventos.uenp.edu.br\/ppeduenp\/wp-content\/uploads\/sites\/24\/2024\/10\/WhatsApp-Image-2024-10-15-at-14.55.06-1-251x300.jpeg 251w, https:\/\/eventos.uenp.edu.br\/ppeduenp\/wp-content\/uploads\/sites\/24\/2024\/10\/WhatsApp-Image-2024-10-15-at-14.55.06-1-768x919.jpeg 768w, https:\/\/eventos.uenp.edu.br\/ppeduenp\/wp-content\/uploads\/sites\/24\/2024\/10\/WhatsApp-Image-2024-10-15-at-14.55.06-1.jpeg 1269w\" sizes=\"auto, (max-width: 855px) 100vw, 855px\" \/><\/figure>\n\n\n\n<p><strong>Forma\u00e7\u00e3o Acad\u00eamica:<\/strong><\/p>\n\n\n\n<ul class=\"wp-block-list\">\n<li><strong>Gradua\u00e7\u00e3o:<\/strong> Pedagogia &#8211; Universidade Estadual de Maring\u00e1 (UEM)<\/li>\n<\/ul>\n\n\n\n<ul class=\"wp-block-list\">\n<li><strong>Especializa\u00e7\u00e3o:<\/strong> Morfofisiologia Humana &#8211; Universidade Estadual de Maring\u00e1 (UEM); Educa\u00e7\u00e3o Inclusiva e Educa\u00e7\u00e3o Especial &#8211; Faveni<\/li>\n<\/ul>\n\n\n\n<ul class=\"wp-block-list\"><\/ul>\n\n\n\n<ul class=\"wp-block-list\">\n<li><strong>Mestrado:<\/strong> Educa\u00e7\u00e3o &#8211; Universidade Estadual de Maring\u00e1 (UEM)<\/li>\n<\/ul>\n\n\n\n<p><strong>Experi\u00eancia Profissional:<\/strong><\/p>\n\n\n\n<ul class=\"wp-block-list\">\n<li><strong>Docente Colaboradora:<\/strong> Universidade Estadual do Norte do Paran\u00e1 (UENP)<br>Atua\u00e7\u00e3o no colegiado de Pedagogia.<\/li>\n<\/ul>\n\n\n\n<ul class=\"wp-block-list\">\n<li><strong>Professora Mentora\/Orientadora:<\/strong><br>Programa de Desenvolvimento Educacional (PDE) &#8211; Universidade Virtual do Paran\u00e1 (UVPR).<\/li>\n<\/ul>\n\n\n\n<ul class=\"wp-block-list\">\n<li><strong>Docente Colaboradora:<\/strong><br>Universidade Tecnol\u00f3gica do Paran\u00e1 (UTFPR) &#8211; Departamento Acad\u00eamico de Humanidades.<\/li>\n<\/ul>\n\n\n\n<ul class=\"wp-block-list\">\n<li><strong>Professora Elaboradora:<\/strong> VG Educacional<br>Desenvolvimento de material t\u00e9cnico-pedag\u00f3gico nas \u00e1reas de atendimento educacional especializado, acessibilidade e inclus\u00e3o, avalia\u00e7\u00e3o diagn\u00f3stica em psicopedagogia, fundamentos da educa\u00e7\u00e3o infantil, gest\u00e3o escolar, did\u00e1tica, metodologias ativas e transtornos de aprendizagem.<\/li>\n<\/ul>\n\n\n\n<ul class=\"wp-block-list\">\n<li><strong>Pedagoga Empresarial:<\/strong><br>Arca da Alian\u00e7a Cal\u00e7ados, Juazeiro do Norte-CE.<\/li>\n<\/ul>\n\n\n\n<ul class=\"wp-block-list\">\n<li><strong>Bolsista:<\/strong> Coordena\u00e7\u00e3o de Aperfei\u00e7oamento de Pessoal de N\u00edvel Superior (CAPES) (2020-2021).<\/li>\n<\/ul>\n\n\n\n<ul class=\"wp-block-list\">\n<li><strong>Membro:<\/strong> Grupo de Estudos da Pedagogia Hist\u00f3rico-Cr\u00edtica &#8211; UENP; Grupo de Estudos Educa\u00e7\u00e3o Social em Sa\u00fade &#8211; UEM<\/li>\n<\/ul>\n\n\n\n<ul class=\"wp-block-list\">\n<li><strong>Pedagoga Social:<\/strong><br>Rede Feminina de Combate ao C\u00e2ncer (Maring\u00e1-PR)<br>Desenvolvimento de atividades de aten\u00e7\u00e3o e apoio educacional hospitalar e domiciliar para crian\u00e7as e adolescentes em tratamento de sa\u00fade.<\/li>\n<\/ul>\n\n\n\n<ul class=\"wp-block-list\">\n<li><strong>Professora Tutora:<\/strong><br>Atua\u00e7\u00e3o em cursos presenciais e EAD, e como docente supervisora de Est\u00e1gio Supervisionado em Pedagogia &#8211; Universidade Castelo Branco.<\/li>\n<\/ul>\n\n\n\n<ul class=\"wp-block-list\">\n<li><strong>Docente:<\/strong><br>Curso de P\u00f3s-Gradua\u00e7\u00e3o em Arte-Educa\u00e7\u00e3o &#8211; Instituto Paranaense de Ensino.<\/li>\n<\/ul>\n\n\n\n<ul class=\"wp-block-list\">\n<li><strong>Pedagoga Cl\u00ednica:<\/strong><br>Atua\u00e7\u00e3o com crian\u00e7as com dist\u00farbios de aprendizagem (1998-2003) e como professora titular da APAE-Londrina.<\/li>\n<\/ul>\n\n\n\n<ul class=\"wp-block-list\">\n<li><strong>Conselheira Municipal:<\/strong><br>Conselho de Defesa dos Direitos da Crian\u00e7a e do Adolescente em Maring\u00e1\/PR (2015-2019) e representante da Organiza\u00e7\u00e3o da Sociedade Civil no Programa do Leite das Crian\u00e7as do Governo do Paran\u00e1 (2017-2019).<\/li>\n<\/ul>\n\n\n\n<p><strong>Participa\u00e7\u00f5es Acad\u00eamicas:<\/strong><\/p>\n\n\n\n<ul class=\"wp-block-list\">\n<li>Parecerista e avaliadora de trabalhos acad\u00eamicos na XXXI Semana Educacional da UENP, XII Semin\u00e1rio de Extens\u00e3o e Inova\u00e7\u00e3o, XXVII Semin\u00e1rio de Inicia\u00e7\u00e3o Cient\u00edfica e Tecnol\u00f3gica da UTFPR (2022) e consultora Ad Hoc em Encontro Anual de Inicia\u00e7\u00e3o Cient\u00edfica &#8211; UEM.<\/li>\n<\/ul>\n\n\n\n<p><strong>Experi\u00eancia em Educa\u00e7\u00e3o Social em Sa\u00fade:<\/strong><\/p>\n\n\n\n<ul class=\"wp-block-list\">\n<li>Atua\u00e7\u00e3o como pedagoga para crian\u00e7as e adolescentes em tratamento de sa\u00fade, com \u00eanfase em ensino-aprendizagem em ambiente hospitalar e domiciliar, na perspectiva da epistemologia de Paulo Freire.<\/li>\n<\/ul>\n\n\n\n<p><\/p>\n","protected":false},"excerpt":{"rendered":"","protected":false},"author":15,"featured_media":0,"parent":0,"menu_order":0,"comment_status":"closed","ping_status":"closed","template":"","meta":{"footnotes":""},"class_list":["post-819","page","type-page","status-publish","hentry"],"_links":{"self":[{"href":"https:\/\/eventos.uenp.edu.br\/ppeduenp\/wp-json\/wp\/v2\/pages\/819","targetHints":{"allow":["GET"]}}],"collection":[{"href":"https:\/\/eventos.uenp.edu.br\/ppeduenp\/wp-json\/wp\/v2\/pages"}],"about":[{"href":"https:\/\/eventos.uenp.edu.br\/ppeduenp\/wp-json\/wp\/v2\/types\/page"}],"author":[{"embeddable":true,"href":"https:\/\/eventos.uenp.edu.br\/ppeduenp\/wp-json\/wp\/v2\/users\/15"}],"replies":[{"embeddable":true,"href":"https:\/\/eventos.uenp.edu.br\/ppeduenp\/wp-json\/wp\/v2\/comments?post=819"}],"version-history":[{"count":17,"href":"https:\/\/eventos.uenp.edu.br\/ppeduenp\/wp-json\/wp\/v2\/pages\/819\/revisions"}],"predecessor-version":[{"id":1026,"href":"https:\/\/eventos.uenp.edu.br\/ppeduenp\/wp-json\/wp\/v2\/pages\/819\/revisions\/1026"}],"wp:attachment":[{"href":"https:\/\/eventos.uenp.edu.br\/ppeduenp\/wp-json\/wp\/v2\/media?parent=819"}],"curies":[{"name":"wp","href":"https:\/\/api.w.org\/{rel}","templated":true}]}}