{"id":818,"date":"2024-09-05T10:26:12","date_gmt":"2024-09-05T13:26:12","guid":{"rendered":"https:\/\/eventos.uenp.edu.br\/ppeduenp\/?page_id=818"},"modified":"2024-10-11T14:18:12","modified_gmt":"2024-10-11T17:18:12","slug":"local","status":"publish","type":"page","link":"https:\/\/eventos.uenp.edu.br\/ppeduenp\/local\/","title":{"rendered":"Local"},"content":{"rendered":"\n<p><strong>Todas as atividades ocorrer\u00e3o no PDE.<\/strong><\/p>\n\n\n\n<p><strong>Universidade Estadual do Norte do Paran\u00e1<\/strong><br><strong>Centro de Ci\u00eancias Humanas e da Educa\u00e7\u00e3o &#8211; CCHE<\/strong><br>Rua Padre Melo, n\u00b0 1.200, Jardim Marimar<br>CEP 86400-000, Jacarezinho &#8211; Paran\u00e1 &#8211; Brasil<\/p>\n","protected":false},"excerpt":{"rendered":"","protected":false},"author":15,"featured_media":0,"parent":0,"menu_order":0,"comment_status":"closed","ping_status":"closed","template":"","meta":{"footnotes":""},"class_list":["post-818","page","type-page","status-publish","hentry"],"_links":{"self":[{"href":"https:\/\/eventos.uenp.edu.br\/ppeduenp\/wp-json\/wp\/v2\/pages\/818","targetHints":{"allow":["GET"]}}],"collection":[{"href":"https:\/\/eventos.uenp.edu.br\/ppeduenp\/wp-json\/wp\/v2\/pages"}],"about":[{"href":"https:\/\/eventos.uenp.edu.br\/ppeduenp\/wp-json\/wp\/v2\/types\/page"}],"author":[{"embeddable":true,"href":"https:\/\/eventos.uenp.edu.br\/ppeduenp\/wp-json\/wp\/v2\/users\/15"}],"replies":[{"embeddable":true,"href":"https:\/\/eventos.uenp.edu.br\/ppeduenp\/wp-json\/wp\/v2\/comments?post=818"}],"version-history":[{"count":9,"href":"https:\/\/eventos.uenp.edu.br\/ppeduenp\/wp-json\/wp\/v2\/pages\/818\/revisions"}],"predecessor-version":[{"id":988,"href":"https:\/\/eventos.uenp.edu.br\/ppeduenp\/wp-json\/wp\/v2\/pages\/818\/revisions\/988"}],"wp:attachment":[{"href":"https:\/\/eventos.uenp.edu.br\/ppeduenp\/wp-json\/wp\/v2\/media?parent=818"}],"curies":[{"name":"wp","href":"https:\/\/api.w.org\/{rel}","templated":true}]}}