{"id":814,"date":"2024-09-05T10:26:12","date_gmt":"2024-09-05T13:26:12","guid":{"rendered":"https:\/\/eventos.uenp.edu.br\/ppeduenp\/?page_id=814"},"modified":"2024-09-06T09:51:11","modified_gmt":"2024-09-06T12:51:11","slug":"certificados","status":"publish","type":"page","link":"https:\/\/eventos.uenp.edu.br\/ppeduenp\/certificados\/","title":{"rendered":"Certificados"},"content":{"rendered":"\n<p><\/p>\n\n\n\n<p><\/p>\n\n\n\n<p class=\"has-medium-font-size\">Ap\u00f3s a realiza\u00e7\u00e3o do evento, a comiss\u00e3o organizadora entrar\u00e1 em contato com os participantes, via e-mail, informando que os certificados est\u00e3o prontos. Ap\u00f3s isto, acesse <a href=\"https:\/\/secapee.uenp.edu.br\/secapee\/\" data-type=\"link\" data-id=\"https:\/\/secapee.uenp.edu.br\/secapee\/\"><strong>este link<\/strong><\/a>,  clique na op\u00e7\u00e3o &#8220;meus certificados&#8221; e realize o download do mesmo.<\/p>\n\n\n\n<p><\/p>\n","protected":false},"excerpt":{"rendered":"","protected":false},"author":15,"featured_media":0,"parent":0,"menu_order":0,"comment_status":"closed","ping_status":"closed","template":"","meta":{"footnotes":""},"class_list":["post-814","page","type-page","status-publish","hentry"],"_links":{"self":[{"href":"https:\/\/eventos.uenp.edu.br\/ppeduenp\/wp-json\/wp\/v2\/pages\/814","targetHints":{"allow":["GET"]}}],"collection":[{"href":"https:\/\/eventos.uenp.edu.br\/ppeduenp\/wp-json\/wp\/v2\/pages"}],"about":[{"href":"https:\/\/eventos.uenp.edu.br\/ppeduenp\/wp-json\/wp\/v2\/types\/page"}],"author":[{"embeddable":true,"href":"https:\/\/eventos.uenp.edu.br\/ppeduenp\/wp-json\/wp\/v2\/users\/15"}],"replies":[{"embeddable":true,"href":"https:\/\/eventos.uenp.edu.br\/ppeduenp\/wp-json\/wp\/v2\/comments?post=814"}],"version-history":[{"count":5,"href":"https:\/\/eventos.uenp.edu.br\/ppeduenp\/wp-json\/wp\/v2\/pages\/814\/revisions"}],"predecessor-version":[{"id":886,"href":"https:\/\/eventos.uenp.edu.br\/ppeduenp\/wp-json\/wp\/v2\/pages\/814\/revisions\/886"}],"wp:attachment":[{"href":"https:\/\/eventos.uenp.edu.br\/ppeduenp\/wp-json\/wp\/v2\/media?parent=814"}],"curies":[{"name":"wp","href":"https:\/\/api.w.org\/{rel}","templated":true}]}}