{"id":807,"date":"2024-09-05T10:21:05","date_gmt":"2024-09-05T13:21:05","guid":{"rendered":"https:\/\/eventos.uenp.edu.br\/ppeduenp\/?page_id=807"},"modified":"2024-10-10T11:20:50","modified_gmt":"2024-10-10T14:20:50","slug":"contato","status":"publish","type":"page","link":"https:\/\/eventos.uenp.edu.br\/ppeduenp\/contato\/","title":{"rendered":"Contato"},"content":{"rendered":"\n<p class=\"has-text-align-center\"><strong>VI Semin\u00e1rio de Pesquisa em Educa\u00e7\u00e3o e III Mostra de Produtos Educacionais<\/strong><\/p>\n\n\n\n<p class=\"has-text-align-center\"><strong>Universidade Estadual do Norte do Paran\u00e1 &#8211; UENP<\/strong><\/p>\n\n\n\n<p class=\"has-text-align-center\">Para obter mais informa\u00e7\u00f5es entre em contato: <strong><strong>pped@uenp.edu.br<\/strong><\/strong><\/p>\n","protected":false},"excerpt":{"rendered":"","protected":false},"author":15,"featured_media":0,"parent":0,"menu_order":0,"comment_status":"closed","ping_status":"closed","template":"","meta":{"footnotes":""},"class_list":["post-807","page","type-page","status-publish","hentry"],"_links":{"self":[{"href":"https:\/\/eventos.uenp.edu.br\/ppeduenp\/wp-json\/wp\/v2\/pages\/807","targetHints":{"allow":["GET"]}}],"collection":[{"href":"https:\/\/eventos.uenp.edu.br\/ppeduenp\/wp-json\/wp\/v2\/pages"}],"about":[{"href":"https:\/\/eventos.uenp.edu.br\/ppeduenp\/wp-json\/wp\/v2\/types\/page"}],"author":[{"embeddable":true,"href":"https:\/\/eventos.uenp.edu.br\/ppeduenp\/wp-json\/wp\/v2\/users\/15"}],"replies":[{"embeddable":true,"href":"https:\/\/eventos.uenp.edu.br\/ppeduenp\/wp-json\/wp\/v2\/comments?post=807"}],"version-history":[{"count":3,"href":"https:\/\/eventos.uenp.edu.br\/ppeduenp\/wp-json\/wp\/v2\/pages\/807\/revisions"}],"predecessor-version":[{"id":915,"href":"https:\/\/eventos.uenp.edu.br\/ppeduenp\/wp-json\/wp\/v2\/pages\/807\/revisions\/915"}],"wp:attachment":[{"href":"https:\/\/eventos.uenp.edu.br\/ppeduenp\/wp-json\/wp\/v2\/media?parent=807"}],"curies":[{"name":"wp","href":"https:\/\/api.w.org\/{rel}","templated":true}]}}