{"id":690,"date":"2022-11-25T08:50:51","date_gmt":"2022-11-25T11:50:51","guid":{"rendered":"https:\/\/eventos.uenp.edu.br\/ppeduenp\/?page_id=690"},"modified":"2024-11-05T16:05:42","modified_gmt":"2024-11-05T19:05:42","slug":"inscricoes","status":"publish","type":"page","link":"https:\/\/eventos.uenp.edu.br\/ppeduenp\/inscricoes\/","title":{"rendered":"Inscri\u00e7\u00f5es"},"content":{"rendered":"<p align=\"justify\"><span style=\"font-family: Arial, serif;\"><span style=\"font-size: large;\"><strong>INSTRU&Ccedil;&Otilde;ES PARA INSCRI&Ccedil;&Atilde;O<\/strong><\/span><\/span><\/p>\n<p align=\"justify\"> <\/p>\n<p align=\"justify\"><span style=\"font-family: Arial, serif;\"><span style=\"font-size: large;\"><strong>1) COM APRESENTA&Ccedil;&Atilde;O DE TRABALHO:<\/strong><\/span><\/span><\/p>\n<p align=\"justify\"><span style=\"font-family: Arial, serif;\"><span style=\"font-size: large;\"><strong>INSCRI&Ccedil;&Otilde;ES: <\/strong><\/span><\/span><span style=\"font-family: Arial, serif;\"><span style=\"font-size: large;\">DE 01\/10\/2024 AT&Eacute; 06\/11\/2024.<\/span><\/span><\/p>\n<p align=\"justify\"><span style=\"font-family: Arial, serif;\"><span style=\"font-size: large;\">O participante deve inscrever-se, obrigatoriamente, em um dos simp&oacute;sios ou apresenta\u00e7\u00e3o de p\u00f4ster.<\/span><\/span><\/p>\n<p align=\"justify\"><span style=\"font-family: Arial, serif;\"><span style=\"font-size: large;\"><strong>VALOR: R$ 40,00<\/strong><\/span><\/span><\/p>\n<p><a href=\"https:\/\/docs.google.com\/forms\/d\/1z2a5RmmO9_O3Bf_G6qqbxP21KmuHH8yiHhhIDIC5Vao\" style=\"background-color: #0073aa;color: #ffffff;padding: 10px 15px;text-decoration: none;border-radius: 5px\">Inscreva-se aqui!<\/a><\/p>\n<p align=\"justify\"> <\/p>\n<p align=\"justify\"><span style=\"font-family: Arial, serif;\"><span style=\"font-size: large;\"><strong>2) COMO OUVINTE:<\/strong><\/span><\/span><\/p>\n<p align=\"justify\"><span style=\"font-family: Arial, serif;\"><span style=\"font-size: large;\">De 01\/10\/2024 a 07\/11\/2024.<\/span><\/span><\/p>\n<p align=\"justify\"><span style=\"font-family: Arial, serif;\"><span style=\"font-size: large;\"><strong>VALOR: R$ 10,00<\/strong><\/span><\/span><\/p>\n<p><a href=\"https:\/\/docs.google.com\/forms\/d\/1z2a5RmmO9_O3Bf_G6qqbxP21KmuHH8yiHhhIDIC5Vao\" style=\"background-color: #0073aa;color: #ffffff;padding: 10px 15px;text-decoration: none;border-radius: 5px\">Inscreva-se aqui!<\/a><\/p>\n<p align=\"justify\"> <\/p>\n<p align=\"justify\"><span style=\"font-family: Arial, serif;\"><span style=\"font-size: large;\"><strong>INFORMA\u00c7\u00d5ES IMPORTANTES:<\/strong><\/span><\/span><\/p>\n<p align=\"justify\"><span style=\"font-family: Arial, serif;\"><span style=\"font-size: large;\">O comprovante de pagamento dever\u00e1 ser anexado ao formul\u00e1rio de inscri\u00e7\u00e3o e enviado, tamb\u00e9m, via e-mail para  <a href=\"mailto:secretaria.pped@uenp.edu.br\" style=\"color: #0073aa;text-decoration: underline;\">pped@uenp.edu.br<\/a>. Na mensagem, o campo assunto deve conter: &#8220;Comprovante de pagamento da inscri\u00e7\u00e3o de (nome completo)&#8221;.<\/span><\/span><\/p>\n\n\n<hr \/>","protected":false},"excerpt":{"rendered":"","protected":false},"author":1,"featured_media":0,"parent":0,"menu_order":0,"comment_status":"closed","ping_status":"closed","template":"","meta":{"footnotes":""},"class_list":["post-690","page","type-page","status-publish","hentry"],"_links":{"self":[{"href":"https:\/\/eventos.uenp.edu.br\/ppeduenp\/wp-json\/wp\/v2\/pages\/690","targetHints":{"allow":["GET"]}}],"collection":[{"href":"https:\/\/eventos.uenp.edu.br\/ppeduenp\/wp-json\/wp\/v2\/pages"}],"about":[{"href":"https:\/\/eventos.uenp.edu.br\/ppeduenp\/wp-json\/wp\/v2\/types\/page"}],"author":[{"embeddable":true,"href":"https:\/\/eventos.uenp.edu.br\/ppeduenp\/wp-json\/wp\/v2\/users\/1"}],"replies":[{"embeddable":true,"href":"https:\/\/eventos.uenp.edu.br\/ppeduenp\/wp-json\/wp\/v2\/comments?post=690"}],"version-history":[{"count":21,"href":"https:\/\/eventos.uenp.edu.br\/ppeduenp\/wp-json\/wp\/v2\/pages\/690\/revisions"}],"predecessor-version":[{"id":1027,"href":"https:\/\/eventos.uenp.edu.br\/ppeduenp\/wp-json\/wp\/v2\/pages\/690\/revisions\/1027"}],"wp:attachment":[{"href":"https:\/\/eventos.uenp.edu.br\/ppeduenp\/wp-json\/wp\/v2\/media?parent=690"}],"curies":[{"name":"wp","href":"https:\/\/api.w.org\/{rel}","templated":true}]}}