{"id":656,"date":"2022-11-23T09:07:58","date_gmt":"2022-11-23T12:07:58","guid":{"rendered":"https:\/\/eventos.uenp.edu.br\/ppeduenp\/?page_id=656"},"modified":"2024-10-11T14:23:32","modified_gmt":"2024-10-11T17:23:32","slug":"programacao","status":"publish","type":"page","link":"https:\/\/eventos.uenp.edu.br\/ppeduenp\/programacao\/","title":{"rendered":"Programa\u00e7\u00e3o do Evento"},"content":{"rendered":"\n<h3 class=\"wp-block-heading\"><\/h3>\n\n\n\n<h4 class=\"wp-block-heading\"><strong>07\/11\/2024 &#8211; QUINTA-FEIRA<\/strong><\/h4>\n\n\n\n<ul class=\"wp-block-list\">\n<li><strong>13h30 &#8211; 18h<\/strong><br><strong>Organiza\u00e7\u00e3o da Mostra de Produtos Educacionais<\/strong><br><em>Local: Hall de entrada PDE<\/em><\/li>\n\n\n\n<li><strong>18h &#8211; 19h30<\/strong><br><strong>Credenciamento<\/strong><br><em>Local: Hall de entrada PDE<\/em><\/li>\n\n\n\n<li><strong>18h &#8211; 19h00<\/strong><br><strong>Caf\u00e9 com Bits: Sabores e Saberes com IA<\/strong><br><em>Local: Hall de entrada PDE<\/em><\/li>\n\n\n\n<li><strong>19h30<\/strong><br><strong>Mesa de Abertura<\/strong><br><em>Local: Audit\u00f3rio PDE<\/em><\/li>\n\n\n\n<li><strong>20h<\/strong><br><strong>Apresenta\u00e7\u00e3o Art\u00edstico-Cultural<\/strong><\/li>\n\n\n\n<li><strong>20h15 &#8211; 22h30<\/strong><br><strong>Confer\u00eancia de Abertura:<\/strong><br><em>Conectando mentes: a revolu\u00e7\u00e3o que a intelig\u00eancia artificial (IA) provoca na educa\u00e7\u00e3o<\/em><br><strong>Prof. Dr. Paulo Ricardo Torres Diniz<\/strong> <strong>&#8211; (UniFil\/Londrina)<\/strong><\/li>\n<\/ul>\n\n\n\n<hr class=\"wp-block-separator has-alpha-channel-opacity\"\/>\n\n\n\n<h4 class=\"wp-block-heading\"><strong>08\/11\/2024 &#8211; SEXTA-FEIRA<\/strong><\/h4>\n\n\n\n<ul class=\"wp-block-list\">\n<li><strong>8h &#8211; 9h<\/strong><br><strong>Mostra de Produtos Educacionais<\/strong><br><em>Local: Hall de entrada PDE<\/em><\/li>\n\n\n\n<li><strong>9h &#8211; 12h<\/strong><br><strong><strong>Simp\u00f3sios <\/strong>Tem\u00e1ticos<\/strong><br><em>Local: Salas do PPEd<\/em><\/li>\n\n\n\n<li><strong>13h30 &#8211; 16h30<\/strong><br><strong>Simp\u00f3sios Tem\u00e1ticos<\/strong><\/li>\n\n\n\n<li><strong>16h30 &#8211; 18h<\/strong><br><strong>Mostra de Produtos Educacionais com Exposi\u00e7\u00e3o Oral<\/strong><br><em>Local: Hall de entrada PDE<\/em><\/li>\n\n\n\n<li><strong>18h &#8211; 19h<\/strong><br><strong>Caf\u00e9 com Bits:<\/strong> <em>Sabores e Saberes com IA<\/em><\/li>\n\n\n\n<li><strong>19h30<\/strong><br><strong>Apresenta\u00e7\u00e3o Art\u00edstico-Cultural<\/strong><\/li>\n\n\n\n<li><strong>20h &#8211; 22h30<\/strong><br><strong>Mesa Redonda:<\/strong><br><em>As Universidades est\u00e3o preparadas para a normatiza\u00e7\u00e3o do uso de Intelig\u00eancia Artificial? Desafios e Oportunidades<\/em><br><em>Local: Audit\u00f3rio do PDE<\/em><\/li>\n<\/ul>\n\n\n\n<ul class=\"wp-block-list\">\n<li><strong>Debatedores:<\/strong> Profa. Dra. Gina Morales (Universidad de Antofagasta, UANTOF, Chile). Prof. Dr. Ricardo Andr\u00e9 Ferreira Martins (UENP-CJ). Prof. Dr. S\u00e9rgio Vale da Paix\u00e3o (IFPR-Jacarezinho). Profa. Me. Silvia Mara da Silva (UENP-CJ). <\/li>\n<\/ul>\n\n\n\n<ul class=\"wp-block-list\">\n<li><strong>Mediadora:<\/strong> Profa. Dra. Siderly do Carmo Dahle de Almeida<\/li>\n<\/ul>\n\n\n\n<hr class=\"wp-block-separator has-alpha-channel-opacity\"\/>\n\n\n\n<h4 class=\"wp-block-heading\"><strong>09\/11\/2024 &#8211; S\u00c1BADO<\/strong><\/h4>\n\n\n\n<ul class=\"wp-block-list\">\n<li><strong>08h &#8211; 12h<\/strong><br><strong>Reuni\u00e3o dos Grupos de Pesquisa do PPEd\/UENP<\/strong><\/li>\n<\/ul>\n\n\n\n<hr class=\"wp-block-separator has-alpha-channel-opacity\"\/>\n\n\n\n<h3 class=\"wp-block-heading\"><strong>SIMP\u00d3SIOS<\/strong> <strong>TEM\u00c1TICOS<\/strong><\/h3>\n\n\n\n<p><strong>1. Bases Pol\u00edticas e Filos\u00f3ficas das Pol\u00edticas Educacionais <\/strong><\/p>\n\n\n\n<p><strong>Dia 08\/11\/24 &#8211; 9h \u00e0s 12h<\/strong><\/p>\n\n\n\n<p><a href=\"https:\/\/docs.google.com\/document\/d\/1yGevG7CEVIDXocWYcHH9lhQI5o5KxglT\/edit?usp=drive_link&amp;ouid=100001768719052145840&amp;rtpof=true&amp;sd=true\"><em>(Consulte a ementa aqui)<\/em><\/a><\/p>\n\n\n\n<p><strong>Professores:<\/strong><\/p>\n\n\n\n<ul class=\"wp-block-list\">\n<li>Prof. Dr. Ant\u00f4nio Carlos de Souza<\/li>\n\n\n\n<li>Prof. Dr. Fl\u00e1vio Massami Martins Ruckstadter<\/li>\n<\/ul>\n\n\n\n<hr class=\"wp-block-separator has-alpha-channel-opacity\"\/>\n\n\n\n<p><strong>2. Trajet\u00f3rias Hist\u00f3ricas da Educa\u00e7\u00e3o e Forma\u00e7\u00e3o Docente <\/strong><\/p>\n\n\n\n<p><strong>Dia 08\/11\/24 &#8211; 13h30 \u00e0s 16h30<\/strong><\/p>\n\n\n\n<p><a href=\"https:\/\/docs.google.com\/document\/d\/1yGevG7CEVIDXocWYcHH9lhQI5o5KxglT\/edit?usp=drive_link&amp;ouid=100001768719052145840&amp;rtpof=true&amp;sd=true\"><em>(Consulte a ementa aqui)<\/em><\/a><\/p>\n\n\n\n<p><strong>Professores:<\/strong><\/p>\n\n\n\n<ul class=\"wp-block-list\">\n<li>Prof. Dr. Jo\u00e3o Vicente Hadich Ferreira<\/li>\n\n\n\n<li>Profa. Dra. Marisa Noda<\/li>\n\n\n\n<li>Profa. Dra. Siderly do Carmo Dahle de Almeida<\/li>\n<\/ul>\n\n\n\n<hr class=\"wp-block-separator has-alpha-channel-opacity\"\/>\n\n\n\n<p><strong>3. A Pesquisa Qualitativa e suas Metodologias de Investiga\u00e7\u00e3o <\/strong><\/p>\n\n\n\n<p><strong>Dia 08\/11\/24 &#8211; 9h \u00e0s 12h<\/strong><\/p>\n\n\n\n<p><a href=\"https:\/\/docs.google.com\/document\/d\/1yGevG7CEVIDXocWYcHH9lhQI5o5KxglT\/edit?usp=drive_link&amp;ouid=100001768719052145840&amp;rtpof=true&amp;sd=true\"><em>(Consulte a ementa aqui)<\/em><\/a><\/p>\n\n\n\n<p><strong>Proponentes:<\/strong><\/p>\n\n\n\n<ul class=\"wp-block-list\">\n<li>Dr. George Francisco Santiago Martin<\/li>\n\n\n\n<li>Dra. Juliane Priscila Sacks<\/li>\n\n\n\n<li>Dr. Jonis Jecks Nervis<\/li>\n<\/ul>\n\n\n\n<hr class=\"wp-block-separator has-alpha-channel-opacity\"\/>\n\n\n\n<p><strong>4. Ensino-Aprendizagem e suas Pr\u00e1ticas na Educa\u00e7\u00e3o B\u00e1sica <\/strong><\/p>\n\n\n\n<p><strong>Dia 08\/11\/24 &#8211; 13h30 \u00e0s 16h30<\/strong><\/p>\n\n\n\n<p><a href=\"https:\/\/docs.google.com\/document\/d\/1yGevG7CEVIDXocWYcHH9lhQI5o5KxglT\/edit?usp=drive_link&amp;ouid=100001768719052145840&amp;rtpof=true&amp;sd=true\"><em>(Consulte a ementa aqui)<\/em><\/a><\/p>\n\n\n\n<p><strong>Professoras:<\/strong><\/p>\n\n\n\n<ul class=\"wp-block-list\">\n<li>Profa. Dra. Fl\u00e1via \u00c9velin Bandeira Lima Val\u00e9rio<\/li>\n\n\n\n<li>Profa. Dra. Patr\u00edcia Cristina de Oliveira Duarte<\/li>\n<\/ul>\n\n\n\n<p><\/p>\n\n\n\n<p><\/p>\n\n\n\n<p><\/p>\n\n\n\n<p><\/p>\n\n\n\n<p><\/p>\n\n\n\n<p><\/p>\n\n\n\n<p><\/p>\n\n\n\n<ol class=\"wp-block-list\"><\/ol>\n","protected":false},"excerpt":{"rendered":"","protected":false},"author":1,"featured_media":0,"parent":0,"menu_order":0,"comment_status":"closed","ping_status":"closed","template":"","meta":{"footnotes":""},"class_list":["post-656","page","type-page","status-publish","hentry"],"_links":{"self":[{"href":"https:\/\/eventos.uenp.edu.br\/ppeduenp\/wp-json\/wp\/v2\/pages\/656","targetHints":{"allow":["GET"]}}],"collection":[{"href":"https:\/\/eventos.uenp.edu.br\/ppeduenp\/wp-json\/wp\/v2\/pages"}],"about":[{"href":"https:\/\/eventos.uenp.edu.br\/ppeduenp\/wp-json\/wp\/v2\/types\/page"}],"author":[{"embeddable":true,"href":"https:\/\/eventos.uenp.edu.br\/ppeduenp\/wp-json\/wp\/v2\/users\/1"}],"replies":[{"embeddable":true,"href":"https:\/\/eventos.uenp.edu.br\/ppeduenp\/wp-json\/wp\/v2\/comments?post=656"}],"version-history":[{"count":23,"href":"https:\/\/eventos.uenp.edu.br\/ppeduenp\/wp-json\/wp\/v2\/pages\/656\/revisions"}],"predecessor-version":[{"id":1008,"href":"https:\/\/eventos.uenp.edu.br\/ppeduenp\/wp-json\/wp\/v2\/pages\/656\/revisions\/1008"}],"wp:attachment":[{"href":"https:\/\/eventos.uenp.edu.br\/ppeduenp\/wp-json\/wp\/v2\/media?parent=656"}],"curies":[{"name":"wp","href":"https:\/\/api.w.org\/{rel}","templated":true}]}}