{"id":898,"date":"2023-11-08T09:23:05","date_gmt":"2023-11-08T12:23:05","guid":{"rendered":"https:\/\/eventos.uenp.edu.br\/joresp\/?page_id=898"},"modified":"2025-12-08T08:05:54","modified_gmt":"2025-12-08T11:05:54","slug":"home","status":"publish","type":"page","link":"https:\/\/eventos.uenp.edu.br\/joresp\/","title":{"rendered":"Home"},"content":{"rendered":"<h2><b><i>JORESP &#8211; Jornada Regional de Educa\u00e7\u00e3o em Sexualidades do Paran\u00e1<\/i><\/b><\/h2>\n<h2><\/h2>\n<p><span style=\"font-weight: 400;\">A Jornada Regional de Educa\u00e7\u00e3o Sexual do Paran\u00e1 (<\/span><b>JORESP<\/b><span style=\"font-weight: 400;\">), promovida pela Universidade Estadual do Norte do Paran\u00e1 (<\/span><b>UENP<\/b><span style=\"font-weight: 400;\">), \u00e9 uma consolidada a\u00e7\u00e3o afirmativa que, desde 2008, se dedica ao debate e \u00e0 pesquisa sobre G\u00eanero e Sexualidade na Educa\u00e7\u00e3o.<\/span><\/p>\n<p><span style=\"font-weight: 400;\">A JORESP estabeleceu-se como um espa\u00e7o vital para a <\/span><b>produ\u00e7\u00e3o e socializa\u00e7\u00e3o do conhecimento cient\u00edfico, filos\u00f3fico e art\u00edstico<\/b><span style=\"font-weight: 400;\">, fomentando o interc\u00e2mbio cient\u00edfico e profissional em \u00e2mbito nacional e internacional. Nossa miss\u00e3o \u00e9 desnaturalizar e problematizar como as normas de g\u00eanero e sexualidade s\u00e3o constru\u00eddas, impostas e utilizadas historicamente para manter as estruturas de poder e domina\u00e7\u00e3o de classe.<\/span><\/p>\n<p><span style=\"font-weight: 400;\">As atividades da JORESP proporcionam um espa\u00e7o de debate plural e reflexivo, que prioriza as quest\u00f5es dos <\/span><b>corpos, g\u00eaneros e sexualidades<\/b><span style=\"font-weight: 400;\"> a partir da realidade hist\u00f3rica objetiva e da concep\u00e7\u00e3o cr\u00edtica dial\u00e9tica.<\/span><\/p>\n<p><span style=\"font-weight: 400;\">Nossa abordagem visa:<\/span><\/p>\n<ol>\n<li style=\"font-weight: 400;\" aria-level=\"1\"><span style=\"font-weight: 400;\">Promover uma reflex\u00e3o cr\u00edtica, problematizadora e sistem\u00e1tica sobre a rela\u00e7\u00e3o entre corpos, g\u00eaneros e sexualidades e as Pol\u00edticas P\u00fablicas, os Direitos Humanos e a Educa\u00e7\u00e3o.<\/span><\/li>\n<li style=\"font-weight: 400;\" aria-level=\"1\"><span style=\"font-weight: 400;\">Analisar o ato de educar como ato pol\u00edtico, focando criticamente nos direitos humanos, na luta de classes e nas rela\u00e7\u00f5es com a sociedade do capital.<\/span><\/li>\n<\/ol>\n<h2><\/h2>\n<h3><b>Nossa Trajet\u00f3ria: Legado e Impacto Cient\u00edfico<\/b><\/h3>\n<p><span style=\"font-weight: 400;\">Ao longo de suas edi\u00e7\u00f5es, a JORESP firmou-se como um palco de debates essenciais, abrindo caminhos para a comunidade acad\u00eamica e a sociedade e consolidando a UENP como refer\u00eancia na tem\u00e1tica no Norte do Paran\u00e1.<\/span><\/p>\n<h2><\/h2>\n<table>\n<tbody>\n<tr>\n<td><span style=\"font-weight: 400;\">EDI\u00c7\u00c3O \/ ANO<\/span><\/td>\n<td><span style=\"font-weight: 400;\">TEM\u00c1TICA E FOCO PRINCIPAL<\/span><\/td>\n<td><span style=\"font-weight: 400;\">DESTAQUE E IMPACTO<\/span><\/td>\n<\/tr>\n<tr>\n<td><span style=\"font-weight: 400;\">2008<\/span><\/td>\n<td><span style=\"font-weight: 400;\">Desmistificando tabus e preconceitos<\/span><\/td>\n<td><span style=\"font-weight: 400;\">Marcou o <\/span><b>in\u00edcio<\/b><span style=\"font-weight: 400;\"> da jornada e estabeleceu a UENP como refer\u00eancia.<\/span><\/td>\n<\/tr>\n<tr>\n<td><span style=\"font-weight: 400;\">2010<\/span><\/td>\n<td><span style=\"font-weight: 400;\">G\u00eanero e diversidade sexual na escola<\/span><\/td>\n<td><span style=\"font-weight: 400;\">Uma edi\u00e7\u00e3o especial com o <\/span><b>I JORESPINHO<\/b><span style=\"font-weight: 400;\">, estendendo o debate com qualidade cient\u00edfica a estudantes do Ensino Fundamental e M\u00e9dio.<\/span><\/td>\n<\/tr>\n<tr>\n<td><span style=\"font-weight: 400;\">2012<\/span><\/td>\n<td><span style=\"font-weight: 400;\">Pol\u00edticas P\u00fablicas Educacionais e Direitos Sexuais<\/span><\/td>\n<td><span style=\"font-weight: 400;\">Realizada junto ao <\/span><b>I CISEX<\/b><span style=\"font-weight: 400;\">, com participa\u00e7\u00e3o da Universidad de Alcal\u00e1 (Madrid), Espanha.<\/span><\/td>\n<\/tr>\n<tr>\n<td><span style=\"font-weight: 400;\">2014<\/span><\/td>\n<td><span style=\"font-weight: 400;\">Olhares plurais para as quest\u00f5es de g\u00eanero e sexualidade<\/span><\/td>\n<td><span style=\"font-weight: 400;\">Reafirmou a necessidade de <\/span><b>pol\u00edticas p\u00fablicas<\/b><span style=\"font-weight: 400;\"> e contou com a parceria da Universidad Aut\u00f3noma Metropolitana, M\u00e9xico.<\/span><\/td>\n<\/tr>\n<tr>\n<td><span style=\"font-weight: 400;\">2016<\/span><\/td>\n<td><span style=\"font-weight: 400;\">Educa\u00e7\u00e3o em sa\u00fade e pol\u00edticas p\u00fablicas para as sexualidades<\/span><\/td>\n<td><span style=\"font-weight: 400;\">Foco em<\/span><b> sa\u00fade e sexualidades<\/b><span style=\"font-weight: 400;\">, com participa\u00e7\u00e3o de pesquisadora da Universidad Pedag\u00f3gica y Tecnol\u00f3gica de Colombia, Colombia.<\/span><\/td>\n<\/tr>\n<tr>\n<td><span style=\"font-weight: 400;\">2018<\/span><\/td>\n<td><span style=\"font-weight: 400;\">O ato educativo como ato pol\u00edtico e as quest\u00f5es de g\u00eanero e as sexualidades: a plenitude humana condicionada \u00e0 supera\u00e7\u00e3o dos antagonismos sociais<\/span><\/td>\n<td><span style=\"font-weight: 400;\">I Congresso de Educa\u00e7\u00e3o em Sexualidades Cr\u00edtica (CESC). Marcou a estreia e a parceria com a <\/span><b>I Marcha Cultural da Diversidade<\/b><span style=\"font-weight: 400;\">.<\/span><\/td>\n<\/tr>\n<tr>\n<td><span style=\"font-weight: 400;\">2024<\/span><\/td>\n<td><span style=\"font-weight: 400;\">G\u00eanero, sexualidades e luta de classes: quest\u00f5es contempor\u00e2neas e as mazelas sociais<\/span><\/td>\n<td><span style=\"font-weight: 400;\">Marcou o retorno da JORESP e a estreia da <\/span><b>I Mostra de Arte e Cultura LGBT <\/b><span style=\"font-weight: 400;\">da UENP.<\/span><\/td>\n<\/tr>\n<\/tbody>\n<\/table>\n<h2><\/h2>\n<h3><b>Parcerias Estrat\u00e9gicas e Compromisso Social<\/b><\/h3>\n<p><span style=\"font-weight: 400;\">A JORESP assume seu papel de transforma\u00e7\u00e3o social, enfrentando a viol\u00eancia legitimada social e institucionalmente contra a popula\u00e7\u00e3o LGBTQIAPN+ no Brasil. Para isso, fortalecemos parcerias essenciais:<\/span><\/p>\n<p><b>. ONG N\u00fabia Rafaela Nogueira &#8211; ALGBTI:<\/b><span style=\"font-weight: 400;\"> Di\u00e1logo fundamental para o <\/span> <span style=\"font-weight: 400;\">processo de cidadania e o fortalecimento do acesso de pessoas trans, <\/span> <span style=\"font-weight: 400;\">n\u00e3o-bin\u00e1rias e travestis ao mercado de trabalho formal.<\/span><\/p>\n<p><b>. OAB &#8211; Subse\u00e7\u00e3o Jacarezinho:<\/b><span style=\"font-weight: 400;\"> Promo\u00e7\u00e3o de debates sobre Direitos Humanos, Direitos Reprodutivos e Sexuais, e Direito da Antidiscrimina\u00e7\u00e3o e Minorias.<\/span><\/p>\n<p><b>. Secretaria de Sa\u00fade e 19\u00ba Regional de Sa\u00fade (DST\/Aids):<\/b><span style=\"font-weight: 400;\"> A\u00e7\u00f5es e debates sobre Pol\u00edticas P\u00fablicas relacionadas \u00e0 Sa\u00fade Sexual e ISTs (HIV, S\u00edfilis, Hepatites Virais).<\/span><\/p>\n<h2><\/h2>\n<h3><b>Pr\u00f3xima Edi\u00e7\u00e3o: VIII JORESP (2026)<\/b><\/h3>\n<p><span style=\"font-weight: 400;\">Em prepara\u00e7\u00e3o para a <\/span><b>VIII JORESP<\/b><span style=\"font-weight: 400;\">, nosso compromisso permanece em criar um espa\u00e7o aberto e pluralista para a discuss\u00e3o dos mais variados temas da sexualidade e da Educa\u00e7\u00e3o em Sexualidades Cr\u00edtica, incluindo: respeito ao corpo, diferen\u00e7as de g\u00eanero, Movimento LGBTQIAPN+, pol\u00edticas p\u00fablicas, direitos sexuais e sa\u00fade da popula\u00e7\u00e3o trans.<\/span><\/p>\n<h2><\/h2>\n<p><b>Fique atenta(o) aos nossos canais!<\/b><\/p>\n<h2><span style=\"font-size: 12pt;\"><span style=\"font-weight: 400;\">A <\/span><b>UENP<\/b><span style=\"font-weight: 400;\"> convida voc\u00ea a continuar acompanhando o legado da JORESP. Em breve, divulgaremos mais informa\u00e7\u00f5es sobre a <\/span><b>VIII JORESP<\/b><span style=\"font-weight: 400;\"> e como submeter trabalhos para o pr\u00f3ximo evento.<\/span><\/span><\/h2>\n","protected":false},"excerpt":{"rendered":"","protected":false},"author":1,"featured_media":0,"parent":0,"menu_order":0,"comment_status":"closed","ping_status":"closed","template":"","meta":{"footnotes":""},"class_list":["post-898","page","type-page","status-publish","hentry"],"_links":{"self":[{"href":"https:\/\/eventos.uenp.edu.br\/joresp\/wp-json\/wp\/v2\/pages\/898","targetHints":{"allow":["GET"]}}],"collection":[{"href":"https:\/\/eventos.uenp.edu.br\/joresp\/wp-json\/wp\/v2\/pages"}],"about":[{"href":"https:\/\/eventos.uenp.edu.br\/joresp\/wp-json\/wp\/v2\/types\/page"}],"author":[{"embeddable":true,"href":"https:\/\/eventos.uenp.edu.br\/joresp\/wp-json\/wp\/v2\/users\/1"}],"replies":[{"embeddable":true,"href":"https:\/\/eventos.uenp.edu.br\/joresp\/wp-json\/wp\/v2\/comments?post=898"}],"version-history":[{"count":17,"href":"https:\/\/eventos.uenp.edu.br\/joresp\/wp-json\/wp\/v2\/pages\/898\/revisions"}],"predecessor-version":[{"id":1543,"href":"https:\/\/eventos.uenp.edu.br\/joresp\/wp-json\/wp\/v2\/pages\/898\/revisions\/1543"}],"wp:attachment":[{"href":"https:\/\/eventos.uenp.edu.br\/joresp\/wp-json\/wp\/v2\/media?parent=898"}],"curies":[{"name":"wp","href":"https:\/\/api.w.org\/{rel}","templated":true}]}}