{"id":789,"date":"2023-11-07T10:00:36","date_gmt":"2023-11-07T13:00:36","guid":{"rendered":"https:\/\/eventos.uenp.edu.br\/joresp\/?page_id=789"},"modified":"2025-12-05T16:27:25","modified_gmt":"2025-12-05T19:27:25","slug":"inscricoes","status":"publish","type":"page","link":"https:\/\/eventos.uenp.edu.br\/joresp\/vii-edicao\/inscricoes\/","title":{"rendered":"Inscri\u00e7\u00f5es"},"content":{"rendered":"<p><span style=\"font-weight: 400;\">As inscri\u00e7\u00f5es para a VIII Jornada Regional de Educa\u00e7\u00e3o Sexual do Paran\u00e1 (JORESP) e o III Congresso de Educa\u00e7\u00e3o em Sexualidades Cr\u00edtica (CESC) ser\u00e3o abertas a <\/span><b>partir de junho de 2026.<\/b><\/p>\n<p>&nbsp;<\/p>\n<p><b>Como se inscrever<\/b><\/p>\n<p><span style=\"font-weight: 400;\">O processo de inscri\u00e7\u00e3o ser\u00e1 conduzido pela plataforma Even3. Clique <a href=\"https:\/\/www.even3.com.br\/joresp2024-471332\/\">aqui<\/a> e garanta sua vaga.<\/span><\/p>\n<p>&nbsp;<\/p>\n<p><b>JORESP UENP:<\/b><span style=\"font-weight: 400;\"> R$ 20,00<\/span><\/p>\n<p><b>JORESP UENP Egressos:<\/b><span style=\"font-weight: 400;\"> R$ 20,00<\/span><\/p>\n<p><b>JORESP Professores da rede p\u00fablica:<\/b><span style=\"font-weight: 400;\"> R$ 20,00<\/span><\/p>\n<p><b>JORESP Comunidade Externa:<\/b><span style=\"font-weight: 400;\"> R$ 20,00<\/span><\/p>\n<p><b>Profissionais:<\/b><span style=\"font-weight: 400;\"> R$ 20,00<\/span><\/p>\n<p><span style=\"font-weight: 400;\">\u00a0<\/span><\/p>\n<p><span style=\"font-weight: 400;\">Os certificados de participa\u00e7\u00e3o no evento principal ter\u00e3o carga hor\u00e1ria de 40 horas. Adicionalmente, a participa\u00e7\u00e3o em oficinas gerar\u00e1 um certificado de 2 horas.<\/span><\/p>\n","protected":false},"excerpt":{"rendered":"","protected":false},"author":1,"featured_media":0,"parent":783,"menu_order":0,"comment_status":"closed","ping_status":"closed","template":"","meta":{"footnotes":""},"class_list":["post-789","page","type-page","status-publish","hentry"],"_links":{"self":[{"href":"https:\/\/eventos.uenp.edu.br\/joresp\/wp-json\/wp\/v2\/pages\/789","targetHints":{"allow":["GET"]}}],"collection":[{"href":"https:\/\/eventos.uenp.edu.br\/joresp\/wp-json\/wp\/v2\/pages"}],"about":[{"href":"https:\/\/eventos.uenp.edu.br\/joresp\/wp-json\/wp\/v2\/types\/page"}],"author":[{"embeddable":true,"href":"https:\/\/eventos.uenp.edu.br\/joresp\/wp-json\/wp\/v2\/users\/1"}],"replies":[{"embeddable":true,"href":"https:\/\/eventos.uenp.edu.br\/joresp\/wp-json\/wp\/v2\/comments?post=789"}],"version-history":[{"count":39,"href":"https:\/\/eventos.uenp.edu.br\/joresp\/wp-json\/wp\/v2\/pages\/789\/revisions"}],"predecessor-version":[{"id":1536,"href":"https:\/\/eventos.uenp.edu.br\/joresp\/wp-json\/wp\/v2\/pages\/789\/revisions\/1536"}],"up":[{"embeddable":true,"href":"https:\/\/eventos.uenp.edu.br\/joresp\/wp-json\/wp\/v2\/pages\/783"}],"wp:attachment":[{"href":"https:\/\/eventos.uenp.edu.br\/joresp\/wp-json\/wp\/v2\/media?parent=789"}],"curies":[{"name":"wp","href":"https:\/\/api.w.org\/{rel}","templated":true}]}}