{"id":777,"date":"2023-11-07T10:00:21","date_gmt":"2023-11-07T13:00:21","guid":{"rendered":"https:\/\/eventos.uenp.edu.br\/joresp\/?page_id=777"},"modified":"2024-09-03T12:31:18","modified_gmt":"2024-09-03T15:31:18","slug":"apresentacao-de-trabalhos","status":"publish","type":"page","link":"https:\/\/eventos.uenp.edu.br\/joresp\/vii-edicao\/apresentacao-de-trabalhos\/","title":{"rendered":"Apresenta\u00e7\u00e3o de Trabalhos"},"content":{"rendered":"<p><strong>DATA LIMITE PARA ENTREGA DOS TRABALHOS COMPLETOS: 01\/09\/2024<\/strong><\/p>\n<p><strong>\u00a0<\/strong><\/p>\n<p><strong>COMUNICA\u00c7\u00c3O ORAL<\/strong><\/p>\n<p>O envio do artigo ser\u00e1 feito por meio do sistema eletr\u00f4nico da <strong><a href=\"https:\/\/www.even3.com.br\/JORESP2024\">JORESP2024<\/a><\/strong>. O primeiro(a) autor(a) obrigatoriamente dever\u00e1 ser o(a) apresentador(a) do trabalho\u00a0 e dever\u00e1 indicar no sistema de submiss\u00e3o a data do dia\u00a0<strong>20\/09<\/strong>\u00a0(matutino) ou\u00a0<strong>24\/09<\/strong> (vespertino) para a apresenta\u00e7\u00e3o oral de forma presencial, ou <strong>23\/09\u00a0<\/strong>(vespertino) na forma online.<\/p>\n<p>Os artigos submetidos ser\u00e3o revisados e poder\u00e3o ser recusados caso n\u00e3o atendam \u00e0s normas, apresentem baixa qualidade cient\u00edfica, pesquisa sem resultados conclusivos, e\/ou falta de rela\u00e7\u00e3o com o eixo tem\u00e1tico proposto.<\/p>\n<p>Os artigos dever\u00e3o ser apresentados na forma de \u201cComunica\u00e7\u00e3o Oral\u201d que ser\u00e1 de <strong>quinze minutos<\/strong>. Caso haja perguntas do p\u00fablico, haver\u00e1 <strong>05 minutos para debate<\/strong>;<\/p>\n<p>A <strong>lista dos hor\u00e1rios<\/strong> das apresenta\u00e7\u00f5es ser\u00e1 disponibilizada na p\u00e1gina do evento at\u00e9 o dia <strong>15\u00a0de setembro de 2024<\/strong>.<\/p>\n<p>Os cinco melhores artigos, eleitos pelo Comit\u00ea Cient\u00edfico, ser\u00e3o convidados a integrar cap\u00edtulos do livro que ir\u00e1 sistematizar as a\u00e7\u00f5es do encontro.<\/p>\n<p>&nbsp;<\/p>\n<p><strong>RESUMO\/PAINEL<\/strong><\/p>\n<p>O envio do<strong> resumo<\/strong> ser\u00e1 feito por meio do sistema eletr\u00f4nico da\u00a0<a href=\"https:\/\/www.even3.com.br\/JORESP2024\">JORESP 2024.<\/a>\u00a0A(O) primeira(o) autor(a) obrigatoriamente dever\u00e1 ser o(a) apresentador(a) do trabalho e indicar no sistema de submiss\u00e3o a data do dia\u00a0<strong>20\/09<\/strong> (matutino), <strong>23\/09<\/strong> (vespertino) ou <strong>24\/09<\/strong> para a apresenta\u00e7\u00e3o na forma presencial.<\/p>\n<p>Os resumos submetidos ser\u00e3o revisados e poder\u00e3o ser recusados caso n\u00e3o atendam \u00e0s normas, apresentem baixa qualidade cient\u00edfica, pesquisa sem resultados conclusivos, e\/ou falta de rela\u00e7\u00e3o com o eixo tem\u00e1tico proposto.<\/p>\n<p>Os resumos dever\u00e3o ser apresentados na forma de \u201cPainel\u201d. A organiza\u00e7\u00e3o disponibilizar\u00e1 m\u00eddia para proje\u00e7\u00e3o do painel. Desta forma, o arquivo em formato .pdf dever\u00e3o ser enviados por e-mail em data a ser divulgada. A lista dos hor\u00e1rios das apresenta\u00e7\u00f5es ser\u00e1 disponibilizada na p\u00e1gina do evento at\u00e9 o dia 15 de setembro de 2024.<\/p>\n","protected":false},"excerpt":{"rendered":"","protected":false},"author":1,"featured_media":0,"parent":783,"menu_order":0,"comment_status":"closed","ping_status":"closed","template":"","meta":{"footnotes":""},"class_list":["post-777","page","type-page","status-publish","hentry"],"_links":{"self":[{"href":"https:\/\/eventos.uenp.edu.br\/joresp\/wp-json\/wp\/v2\/pages\/777","targetHints":{"allow":["GET"]}}],"collection":[{"href":"https:\/\/eventos.uenp.edu.br\/joresp\/wp-json\/wp\/v2\/pages"}],"about":[{"href":"https:\/\/eventos.uenp.edu.br\/joresp\/wp-json\/wp\/v2\/types\/page"}],"author":[{"embeddable":true,"href":"https:\/\/eventos.uenp.edu.br\/joresp\/wp-json\/wp\/v2\/users\/1"}],"replies":[{"embeddable":true,"href":"https:\/\/eventos.uenp.edu.br\/joresp\/wp-json\/wp\/v2\/comments?post=777"}],"version-history":[{"count":50,"href":"https:\/\/eventos.uenp.edu.br\/joresp\/wp-json\/wp\/v2\/pages\/777\/revisions"}],"predecessor-version":[{"id":1455,"href":"https:\/\/eventos.uenp.edu.br\/joresp\/wp-json\/wp\/v2\/pages\/777\/revisions\/1455"}],"up":[{"embeddable":true,"href":"https:\/\/eventos.uenp.edu.br\/joresp\/wp-json\/wp\/v2\/pages\/783"}],"wp:attachment":[{"href":"https:\/\/eventos.uenp.edu.br\/joresp\/wp-json\/wp\/v2\/media?parent=777"}],"curies":[{"name":"wp","href":"https:\/\/api.w.org\/{rel}","templated":true}]}}