{"id":771,"date":"2023-11-07T10:00:42","date_gmt":"2023-11-07T13:00:42","guid":{"rendered":"https:\/\/eventos.uenp.edu.br\/joresp\/?page_id=771"},"modified":"2024-09-24T12:55:36","modified_gmt":"2024-09-24T15:55:36","slug":"programacao","status":"publish","type":"page","link":"https:\/\/eventos.uenp.edu.br\/joresp\/vii-edicao\/programacao\/","title":{"rendered":"Programa\u00e7\u00e3o"},"content":{"rendered":"<p><strong>PROGRAMA\u00c7\u00c3O VII JORESP E II CESC \u2013 UENP \u2013 CJ<\/strong><\/p>\n<p>&nbsp;<\/p>\n<p><strong>Dia 20 de Setembro (Sexta-feira)<\/strong><\/p>\n<p><strong><em>TARDE<\/em><\/strong><\/p>\n<p><strong>CREDENCIAMENTO<\/strong><\/p>\n<p>Local: CAT \u2013 Conjunto Amadores de Teatro<\/p>\n<p>Hor\u00e1rio: 17h \u00e0s 19h<\/p>\n<p>&nbsp;<\/p>\n<p><strong><em>NOITE<\/em><\/strong><\/p>\n<p><strong>APRESENTA\u00c7\u00c3O CULTURAL DE RECEP\u00c7\u00c3O\u00a0<\/strong><\/p>\n<p>Local: CAT \u2013 Conjunto Amadores de Teatro<\/p>\n<p>Hor\u00e1rio: 19h<\/p>\n<p>Coral Popular da Universidade Estadual do Norte do Paran\u00e1<\/p>\n<p>Nome da apresenta\u00e7\u00e3o: <strong>Qualquer maneira de amor vale o canto.<\/strong><\/p>\n<p>Participa\u00e7\u00e3o especial: Bru Barboza e Kourtney Klose.<\/p>\n<p>Regente: Lucas Marin<\/p>\n<p>&nbsp;<\/p>\n<p><strong>CERIM\u00d4NIA DE ABERTURA<\/strong><\/p>\n<p>Local: CAT \u2013 Conjunto Amadores de Teatro<\/p>\n<p>Hor\u00e1rio: 20h<\/p>\n<p>&nbsp;<\/p>\n<p><strong>APRESENTA\u00c7\u00c3O MUSICAL<\/strong><\/p>\n<p>Local: CAT \u2013 Conjunto Amadores de Teatro<\/p>\n<p>Hor\u00e1rio: 20h15min.<\/p>\n<p>Nome da apresenta\u00e7\u00e3o: <strong>O filho negado de C\u00e9sar<\/strong><\/p>\n<p>M\u00fasicas: Vira-Lata, Sete Mares + Uptown Funk.<\/p>\n<p>Artistas: Felipe Ces\u00e1rio e Noem\u00ed Ces\u00e1rio<\/p>\n<p>Grupo: Cesari\u00e3o<\/p>\n<p>&nbsp;<\/p>\n<p>Hor\u00e1rio: 20h30min.<\/p>\n<p>Coreografia: Into the Groove, Boys!<\/p>\n<p>Dire\u00e7\u00e3o: Eder de Brito<\/p>\n<p>Core\u00f3grafo: Eder de Brito<\/p>\n<p>Dan\u00e7arinos: Ayana Lucas, Brenno Alexsander, Eder de Brito e Micahel dos Santos.<\/p>\n<p>Grupo: Conjunto<\/p>\n<p>&nbsp;<\/p>\n<p>Hor\u00e1rio: 20h45min.<\/p>\n<p>Coreografia: Eu, o sujeito Vulner\u00e1vel!<\/p>\n<p>Dire\u00e7\u00e3o: Eder de Brito<\/p>\n<p>Core\u00f3grafo e dan\u00e7arino: Eder de Brito<\/p>\n<p>Grupo: Solo<\/p>\n<p>&nbsp;<\/p>\n<p><strong>CONFER\u00caNCIA DE ABERTURA\u00a0<\/strong><\/p>\n<p>Local: CAT\u00a0 \u2013 Conjunto Amadores de Teatro<\/p>\n<p>Hor\u00e1rio: 21h<\/p>\n<p>Tema: <strong>G\u00eanero, Sexualidades e Direitos Humanos<\/strong><\/p>\n<p>Mesa redonda: Prof. Dr. Renan Quinalha (UNIFESP)<\/p>\n<p>Profa. Dra. Claudia Ramos de Souza Bonfim (Faculdade Superior Dom Bosco)<\/p>\n<p>Nathan Cavalheiros (Vice-Presidente da Comiss\u00e3o de Diversidade OAB Maring\u00e1)<\/p>\n<p>Mediador: Prof. Dr. Mateus Luiz Biancon (UENP)<\/p>\n<p>&nbsp;<\/p>\n<p><strong>Dia 21 de Setembro (S\u00e1bado)<\/strong><\/p>\n<p><strong><em>TARDE<\/em><\/strong><\/p>\n<p><strong>PALESTRA E OFICINA DE DAN\u00c7A \u2013 JAZZ FUSION<\/strong><\/p>\n<p>Local: Galp\u00e3o Cultural Romano Nunes \u201cCabelo\u201d &#8211; Parque Universit\u00e1rio de Ci\u00eancia, Cultura e Inova\u00e7\u00e3o da Universidade Estadual do Norte do Paran\u00e1<\/p>\n<p>Hor\u00e1rio: 14h<\/p>\n<p>Nome da oficina: <strong>Dan\u00e7a em sua Vulnerabilidade<\/strong><\/p>\n<p>Professor: Eder de Brito<\/p>\n<p>&nbsp;<\/p>\n<p><strong>Dia 22 de Setembro (Domingo)<\/strong><\/p>\n<p><strong><em>TARDE<\/em><\/strong><\/p>\n<p><strong>SEXTA MARCHA CULTURAL DA DIVERSIDADE ALGBTI+ DE JACAREZINHO<\/strong><\/p>\n<p>Local: Centro de Ci\u00eancias Humanas e da Educa\u00e7\u00e3o e Centro de Letras, Artes e Comunica\u00e7\u00e3o do Campus Jacarezinho da UENP.<\/p>\n<p>Hor\u00e1rio: 14h \u00e0s 22h<\/p>\n<p>Tema: <em>Nossa Noz, Nosso Poder: Conquistas Validadas pela Representatividade<\/em><\/p>\n<p>&nbsp;<\/p>\n<p><strong>Dia 23 de Setembro (Segunda-feira)<\/strong><\/p>\n<p><strong><em>TARDE<\/em><\/strong><\/p>\n<p><strong>APRESENTA\u00c7\u00c3O E EXPOSI\u00c7\u00c3O DE P\u00d4STERES \u2013\u00a0 PRESENCIAL\u00a0<\/strong><\/p>\n<p>Local: Espa\u00e7o Cultural Prof. Isidoro Selonk (Cantina) do Centro de Ci\u00eancias Humanas e da Educa\u00e7\u00e3o (CCHE) e Centro de Letras, Comunica\u00e7\u00e3o e Artes (CLCA)<\/p>\n<p>Hor\u00e1rio: 14h \u00e0s 15h<\/p>\n<p>&nbsp;<\/p>\n<p><strong>COMUNICA\u00c7\u00d5ES ORAIS\u00a0 (ARTIGOS) &#8211; ONLINE<\/strong><\/p>\n<p>Hor\u00e1rio: 15h \u00e0s 17h<\/p>\n<p>&nbsp;<\/p>\n<p><strong>PALESTRA<\/strong><\/p>\n<p>Local: PDE \u2013 Programa de Desenvolvimento Educacional \u2013 CJ\/UENP<\/p>\n<p>Hor\u00e1rio: 15h<\/p>\n<p>Tema: <strong>LGBT o que? &#8211; Conhecendo a sigla LGBTQIAPN+.<\/strong><\/p>\n<p>Adriane Morais &#8211; Esp. Comunica\u00e7\u00e3o Diversidade e Inclus\u00e3o nas organiza\u00e7\u00f5es.<\/p>\n<p>&nbsp;<\/p>\n<p>Hor\u00e1rio: 16h<\/p>\n<p>Tema: <strong>Reflexos da Luta Antimanicomial na proposta do PET SA\u00daDE 2024: inclus\u00e3o e equidade.<\/strong><\/p>\n<p>Adriano Jos\u00e9 Lopes &#8211; Psic\u00f3logo e Residente do PET-Sa\u00fade Equidade<\/p>\n<p>&nbsp;<\/p>\n<p><strong><em>NOITE<\/em><\/strong><\/p>\n<p><strong>MESA REDONDA<\/strong><\/p>\n<p>Local: PDE \u2013 Programa de Desenvolvimento Educacional \u2013 CJ\/UENP<\/p>\n<p>Hor\u00e1rio: 19h30min.<\/p>\n<p>Tema: <strong>Prote\u00e7\u00e3o Penal das Fam\u00edlias Homoafetivas e das Pessoas LGBTQIAPN+: enfrentamento da discrimina\u00e7\u00e3o e judicializa\u00e7\u00e3o dos Crimes Homotransf\u00f3bicos<\/strong><\/p>\n<p>Mesa redonda: Profa. Dra. Eliane Rose Maio (UEM)<\/p>\n<p>Dr. Emanuel Fernandes Monteiro de Almeida (Delegado Chefe da Pol\u00edcia Civil)<\/p>\n<p>Dra. Caroline dos Santos Fernandes (Delegada Chefe da Delegacia da Mulher)<\/p>\n<p>Dr. Bruno Fernandes Ferreira (Promotor de Justi\u00e7a Titular)<\/p>\n<p>Mediador: Dr. Luan Antunes (Advogado &#8211; Direitos da Comunidade LGBT+)<\/p>\n<p>&nbsp;<\/p>\n<p><strong>INTERVEN\u00c7\u00c3O CULTURAL DO CENTRO ACAD\u00caMICO DE HIST\u00d3RIA (CAHIS)\u00a0<\/strong><\/p>\n<p>Local: PDE \u2013 Programa de Desenvolvimento Educacional \u2013 CJ\/UENP<\/p>\n<p>Hor\u00e1rio: 21h<\/p>\n<p>&nbsp;<\/p>\n<p><strong>MESA REDONDA<\/strong><\/p>\n<p>Local: PDE \u2013 Programa de Desenvolvimento Educacional \u2013 CJ\/UENP<\/p>\n<p>Hor\u00e1rio: 21h30min.<\/p>\n<p>Tema: <strong>Conversa sobre Arte, Filosofia e Ci\u00eancia: a import\u00e2ncia das a\u00e7\u00f5es da Universidade para com as pessoas LGBTQIAPN+.<\/strong><\/p>\n<p>Mesa redonda: \u00c9dson Godinho (Artista e Ilustrador)<\/p>\n<p>Me. James Rios (Diretor de Cultura da UENP)<\/p>\n<p>Prof. Dr. Mateus Luiz Biancon (UENP)<\/p>\n<p>&nbsp;<\/p>\n<p><strong>Dia 24 de setembro (Ter\u00e7a-feira)<\/strong><\/p>\n<p><strong><em>TARDE<\/em><\/strong><\/p>\n<p><strong>OFICINAS &#8211; ONLINE<\/strong><\/p>\n<p>Hor\u00e1rio: 14h \u00e0s 15h.<\/p>\n<p>&nbsp;<\/p>\n<p><strong>MESA REDONDA<\/strong><\/p>\n<p>Local: PDE \u2013 Programa de Desenvolvimento Educacional \u2013 CJ\/UENP<\/p>\n<p>Hor\u00e1rio: 15h<\/p>\n<p>Tema: <strong>Reflex\u00e3o sobre pol\u00edticas de equidade de g\u00eanero, ra\u00e7a, etnia, sa\u00fade mental e inclus\u00e3o de pessoas com defici\u00eancias &#8211; Projeto PET_Sa\u00fade<\/strong><\/p>\n<p>Mesa redonda: Prof. Dra Michelle Moreira Abujamra Fillis (UENP)<\/p>\n<p>Prof Dra. J\u00e9ssica Kirsch Micheletti (UENP)<\/p>\n<p>Residente: Gabriel Henrique Costa da Silva<\/p>\n<p>&nbsp;<\/p>\n<p><strong><em>NOITE<\/em><\/strong><\/p>\n<p><strong>PREMIA\u00c7\u00c3O DOS TRABALHOS\u00a0<\/strong><\/p>\n<p><strong>AVALIA\u00c7\u00c3O DO EVENTO<\/strong><\/p>\n<p>Local: PDE \u2013 Programa de Desenvolvimento Educacional \u2013 CJ\/UENP<\/p>\n<p>Hor\u00e1rio: 19h<\/p>\n<p>&nbsp;<\/p>\n<p><strong>PALESTRA<\/strong><\/p>\n<p>Local: Audit\u00f3rio do PDE \u2013 Programa de Desenvolvimento Educacional \u2013 CJ\/UENP<\/p>\n<p>Hor\u00e1rio: 19h30min.<\/p>\n<p>Tema: G\u00eanero, sexualidade e as Pessoas Autistas<\/p>\n<p>Participantes: Prof. Dr. Pierpaolo Negri (UEM)<\/p>\n<p>Mediador: Dr. Luiz Geraldo do Carmo Gomes<\/p>\n<p>&nbsp;<\/p>\n<p>Hor\u00e1rio: 20h30min.<\/p>\n<p>Tema: Direitos Intersexo: a import\u00e2ncia do conhecimento<\/p>\n<p>Participantes: Dra. Thais Emilia de Santos dos Campos (Fundadora e Presidenta da ABRAI)<\/p>\n<p>Mediador: Dr. Luiz Geraldo do Carmo Gomes<\/p>\n<p>&nbsp;<\/p>\n<p><strong>APRESENTA\u00c7\u00c3O CULTURAL DE ENCERRAMENTO<\/strong><\/p>\n<p>Local: Audit\u00f3rio do PDE \u2013 Programa de Desenvolvimento Educacional \u2013 CJ\/UENP<\/p>\n<p>Hor\u00e1rio: 22h<\/p>\n<p>GRECES Acad\u00eamicos Capiau<\/p>\n<p>Nome da apresenta\u00e7\u00e3o: Quem tem medo da diversidade?<\/p>\n","protected":false},"excerpt":{"rendered":"","protected":false},"author":1,"featured_media":0,"parent":783,"menu_order":0,"comment_status":"closed","ping_status":"closed","template":"","meta":{"footnotes":""},"class_list":["post-771","page","type-page","status-publish","hentry"],"_links":{"self":[{"href":"https:\/\/eventos.uenp.edu.br\/joresp\/wp-json\/wp\/v2\/pages\/771","targetHints":{"allow":["GET"]}}],"collection":[{"href":"https:\/\/eventos.uenp.edu.br\/joresp\/wp-json\/wp\/v2\/pages"}],"about":[{"href":"https:\/\/eventos.uenp.edu.br\/joresp\/wp-json\/wp\/v2\/types\/page"}],"author":[{"embeddable":true,"href":"https:\/\/eventos.uenp.edu.br\/joresp\/wp-json\/wp\/v2\/users\/1"}],"replies":[{"embeddable":true,"href":"https:\/\/eventos.uenp.edu.br\/joresp\/wp-json\/wp\/v2\/comments?post=771"}],"version-history":[{"count":70,"href":"https:\/\/eventos.uenp.edu.br\/joresp\/wp-json\/wp\/v2\/pages\/771\/revisions"}],"predecessor-version":[{"id":1484,"href":"https:\/\/eventos.uenp.edu.br\/joresp\/wp-json\/wp\/v2\/pages\/771\/revisions\/1484"}],"up":[{"embeddable":true,"href":"https:\/\/eventos.uenp.edu.br\/joresp\/wp-json\/wp\/v2\/pages\/783"}],"wp:attachment":[{"href":"https:\/\/eventos.uenp.edu.br\/joresp\/wp-json\/wp\/v2\/media?parent=771"}],"curies":[{"name":"wp","href":"https:\/\/api.w.org\/{rel}","templated":true}]}}