{"id":1513,"date":"2025-12-05T15:49:24","date_gmt":"2025-12-05T18:49:24","guid":{"rendered":"https:\/\/eventos.uenp.edu.br\/joresp\/?page_id=1513"},"modified":"2025-12-05T16:40:14","modified_gmt":"2025-12-05T19:40:14","slug":"2014-2","status":"publish","type":"page","link":"https:\/\/eventos.uenp.edu.br\/joresp\/vii-edicao\/programacao\/2014-2\/","title":{"rendered":"2014"},"content":{"rendered":"<p><b>PROGRAMA\u00c7\u00c3O IV JORESP E II CISEX \u2013 UENP \u2013 CJ<\/b><\/p>\n<p>&nbsp;<\/p>\n<p><b>Dia 29 de outubro (Quarta-feira)<\/b><\/p>\n<p>&nbsp;<\/p>\n<p><b><i>MANH\u00c3<\/i><\/b><\/p>\n<p><b>CREDENCIAMENTO<\/b><\/p>\n<p><span style=\"font-weight: 400;\">Local: Pr\u00e9dio PDE \u2013 Campus de Jacarezinho \u2013 UENP<\/span><\/p>\n<p><span style=\"font-weight: 400;\">Hor\u00e1rio: 08h \u00e0s 17h<\/span><\/p>\n<p>&nbsp;<\/p>\n<p><b>APRESENTA\u00c7\u00c3O E EXPOSI\u00c7\u00c3O DE P\u00d4STERES<\/b><\/p>\n<p><span style=\"font-weight: 400;\">Local: Hall do Audit\u00f3rio do Pr\u00e9dio PDE \u2013 Campus Jacarezinho \u2013 UENP<\/span><\/p>\n<p><span style=\"font-weight: 400;\">Hor\u00e1rio: 08h \u00e0s 12h\u00a0<\/span><\/p>\n<p>&nbsp;<\/p>\n<p><b><i>TARDE<\/i><\/b><\/p>\n<p><b>EXPOSI\u00c7\u00c3O\u00a0<\/b><\/p>\n<p><span style=\"font-weight: 400;\">Local: Centro Cultural Prof. Isidoro Selonk<\/span><\/p>\n<p><span style=\"font-weight: 400;\">Hor\u00e1rio: 14h<\/span><\/p>\n<p><span style=\"font-weight: 400;\">Nome da apresenta\u00e7\u00e3o: Sexualidades: retratos da diversidade<\/span><\/p>\n<p><span style=\"font-weight: 400;\">Profa. Dra. Adenize Franco \u2013 UENP<\/span><\/p>\n<p><span style=\"font-weight: 400;\">Prof. Me. Mateus Luiz Biancon \u2013 UENP<\/span><\/p>\n<p>&nbsp;<\/p>\n<p><b>OFICINAS<\/b><\/p>\n<p><span style=\"font-weight: 400;\">Local: Salas do cursos de Ci\u00eancias Biol\u00f3gicas e Matem\u00e1tica do CCHE<\/span><\/p>\n<p><span style=\"font-weight: 400;\">Hor\u00e1rio: 15h \u00e0s 18h<\/span><\/p>\n<p>&nbsp;<\/p>\n<p><b><i>NOITE<\/i><\/b><\/p>\n<p><b>CERIM\u00d4NIA DE ABERTURA<\/b><\/p>\n<p><span style=\"font-weight: 400;\">Local: CAT \u2013 Conjunto Amador de Teatro<\/span><\/p>\n<p><span style=\"font-weight: 400;\">Hor\u00e1rio: 19h30min \u00e0s 20h<\/span><\/p>\n<p>&nbsp;<\/p>\n<p><b>APRESENTA\u00c7\u00c3O CULTURAL I<\/b><\/p>\n<p><span style=\"font-weight: 400;\">Local: CAT \u2013 Conjunto Amador de Teatro<\/span><\/p>\n<p><span style=\"font-weight: 400;\">Hor\u00e1rio: 20h<\/span><\/p>\n<p><span style=\"font-weight: 400;\">Ballet \u2013 Cia Ballet de Londrina<\/span><\/p>\n<p><span style=\"font-weight: 400;\">Nome da apresenta\u00e7\u00e3o: Dueto do bal\u00e9 &#8220;&#8230; \u00c0 Cidade&#8221;<\/span><\/p>\n<p><span style=\"font-weight: 400;\">Coreografia e Dire\u00e7\u00e3o: Leonardo Ramos<\/span><\/p>\n<p><span style=\"font-weight: 400;\">Bailarinos: Claudio de Souza e Marciano Boletti<\/span><\/p>\n<p><span style=\"font-weight: 400;\">Produ\u00e7\u00e3o: Danieli Pereira<\/span><\/p>\n<p><span style=\"font-weight: 400;\">Realiza\u00e7\u00e3o: FUNCART \u2013 Funda\u00e7\u00e3o Cultural Art\u00edstica de Londrina<\/span><\/p>\n<p>&nbsp;<\/p>\n<p><b>Palestra I<\/b><\/p>\n<p><span style=\"font-weight: 400;\">Local: CAT \u2013 Conjunto Amador de Teatro<\/span><\/p>\n<p><span style=\"font-weight: 400;\">Hor\u00e1rio: 20h15 \u00e0s 21h<\/span><\/p>\n<p><span style=\"font-weight: 400;\">Tema: Transexualidade e transfobia: Uma viagem solit\u00e1ria<\/span><\/p>\n<p><span style=\"font-weight: 400;\">Palestrante:\u00a0Jo\u00e3o\u00a0W\u00a0Nery<\/span><\/p>\n<p>&nbsp;<\/p>\n<p><b>COFFEE BREAK \/ SESS\u00c3O DE AUT\u00d3GRAFOS DO JO\u00c3O W NERY \/<\/b><\/p>\n<p><b>LAN\u00c7AMENTO E EXPOSI\u00c7\u00c3O DE LIVROS<\/b><\/p>\n<p>&nbsp;<\/p>\n<p><b>CONFER\u00caNCIA DE ABERTURA<\/b><\/p>\n<p><span style=\"font-weight: 400;\">Local: CAT \u2013 Conjunto Amador de Teatro<\/span><\/p>\n<p><span style=\"font-weight: 400;\">Hor\u00e1rio: 21h30min \u00e0s 22h40min<\/span><\/p>\n<p><span style=\"font-weight: 400;\">Tema: La cuerpa lesbiana como resistencia pol\u00edtica ante el modelo m\u00e9dico hegem\u00f3nico<\/span><\/p>\n<p><span style=\"font-weight: 400;\">Palestrante: Profa. Dra. Patricia Karina Vergara S\u00e1nchez, UAM, M\u00e9xico<\/span><\/p>\n<p>&nbsp;<\/p>\n<p><b>JANTAR DE ABERTURA DO IV JORESP E II CISEX\/UENP (por ades\u00e3o)<\/b><\/p>\n<p>&nbsp;<\/p>\n<p><b>Dia 30 de outubro (Quinta-feira)<\/b><\/p>\n<p>&nbsp;<\/p>\n<p><b><i>MANH\u00c3<\/i><\/b><\/p>\n<p><b>COMUNICA\u00c7\u00d5ES ORAIS<\/b><\/p>\n<p><span style=\"font-weight: 400;\">Local: Pr\u00e9dio PDE \u2013 CJ \u2013 UENP<\/span><\/p>\n<p><span style=\"font-weight: 400;\">Hor\u00e1rio: 08h \u00e0s 10h\u00a0<\/span><\/p>\n<p>&nbsp;<\/p>\n<p><b>COFFE BREAK<\/b><\/p>\n<p>&nbsp;<\/p>\n<p><b>PALESTRA II<\/b><\/p>\n<p><span style=\"font-weight: 400;\">Local: Pr\u00e9dio PDE \u2013 CJ \u2013 UENP<\/span><\/p>\n<p><span style=\"font-weight: 400;\">Hor\u00e1rio: 10h15min \u00e0s 11h15min<\/span><\/p>\n<p><span style=\"font-weight: 400;\">Tema: A Metade da Laranja?<\/span><\/p>\n<p><span style=\"font-weight: 400;\">Palestrante: Ana Cristina Canosa \u2013 Apresentadora do quadro \u201cFam\u00edlia pede socorro\u201d do Programa Eliana do SBT<\/span><\/p>\n<p>&nbsp;<\/p>\n<p><b>PALESTRA III<\/b><\/p>\n<p><span style=\"font-weight: 400;\">Local: Pr\u00e9dio PDE \u2013 CJ \u2013 UENP<\/span><\/p>\n<p><span style=\"font-weight: 400;\">Hor\u00e1rio: 11h15min \u00e0s 12h<\/span><\/p>\n<p><span style=\"font-weight: 400;\">Tema: G\u00eanero e sexualidade nos discursos midi\u00e1ticos<\/span><\/p>\n<p><span style=\"font-weight: 400;\">Palestrante: Prof. Me. Ricardo Desid\u00e9rio \u2013 UNESP\u00a0<\/span><\/p>\n<p>&nbsp;<\/p>\n<p><b><i>TARDE<\/i><\/b><\/p>\n<p><b>MESA REDONDA<\/b><\/p>\n<p><span style=\"font-weight: 400;\">Local: Pr\u00e9dio PDE \u2013 CJ \u2013 UENP<\/span><\/p>\n<p><span style=\"font-weight: 400;\">Hor\u00e1rio: 14h \u00e0s 15h30min<\/span><\/p>\n<p><span style=\"font-weight: 400;\">Tema: Olhares plurais para as quest\u00f5es da sexualidade<\/span><\/p>\n<p><span style=\"font-weight: 400;\">Participantes: Prof. Dr. Jos\u00e9 Roberto da Silva Br\u00eatas \u2013 UNIFESP\u00a0<\/span><\/p>\n<p><span style=\"font-weight: 400;\">Prof. Me. Luiz Fabiano Zanatta \u2013 UENP\u00a0<\/span><\/p>\n<p><span style=\"font-weight: 400;\">Profa. Dra. Mary Neide Damico Figueir\u00f3 \u2013 UEL\u00a0<\/span><\/p>\n<p><span style=\"font-weight: 400;\">Prof. Me.\u00a0 Mateus Luiz Biancon \u2013 UENP\u00a0<\/span><\/p>\n<p><span style=\"font-weight: 400;\">Media\u00e7\u00e3o: Profa. Dra. Annecy Tojeiro Giordani \u2013 UENP\u00a0<\/span><\/p>\n<p>&nbsp;<\/p>\n<p><b>MINICURSO I\u00a0<\/b><\/p>\n<p><span style=\"font-weight: 400;\">Local: Pr\u00e9dio PDE \u2013 CJ \u2013 UENP<\/span><\/p>\n<p><span style=\"font-weight: 400;\">Hor\u00e1rio: 16h \u00e0s 18h<\/span><\/p>\n<p><span style=\"font-weight: 400;\">Tema: Arte e feminismo lesbiano na Am\u00e9rica Latina\u00a0<\/span><\/p>\n<p><span style=\"font-weight: 400;\">Palestrantes: Profa. Dra. Patricia Lessa \u2013 UEM<\/span><\/p>\n<p><span style=\"font-weight: 400;\">Profa. Dra. Patricia Karina Vergara S\u00e1nchez \u2013 UAM, M\u00e9xico\u00a0<\/span><\/p>\n<p>&nbsp;<\/p>\n<p><b><i>NOITE<\/i><\/b><\/p>\n<p><b>APRESENTA\u00c7\u00c3O CULTURAL II<\/b><\/p>\n<p><span style=\"font-weight: 400;\">Local: CAT \u2013 Conjunto Amador de Teatro<\/span><\/p>\n<p><span style=\"font-weight: 400;\">Hor\u00e1rio: 19h30min \u00e0s 20h<\/span><\/p>\n<p><span style=\"font-weight: 400;\">Circo \/ Trupe Volare<\/span><\/p>\n<p><span style=\"font-weight: 400;\">Tecido Marinho \u2013 Welyton Renan Bispo da Silva<\/span><\/p>\n<p><span style=\"font-weight: 400;\">Wallace Rhuan Bispo da Silva\u00a0<\/span><\/p>\n<p><span style=\"font-weight: 400;\">Duo Acrob\u00e1tico \u2013 Welyton Renan Bispo da Silva<\/span><\/p>\n<p><span style=\"font-weight: 400;\">Patricia Kostecki Santos<\/span><\/p>\n<p><span style=\"font-weight: 400;\">Duo A\u00e9reo Lira \u2013 Patricia Kostecki Santos<\/span><\/p>\n<p><span style=\"font-weight: 400;\">Rafaela Oliveira<\/span><\/p>\n<p>&nbsp;<\/p>\n<p><b>MESA REDONDA<\/b><\/p>\n<p><span style=\"font-weight: 400;\">Local: CAT \u2013 Conjunto Amador de Teatro<\/span><\/p>\n<p><span style=\"font-weight: 400;\">Hor\u00e1rio: 20h \u00e0s 21h<\/span><\/p>\n<p><span style=\"font-weight: 400;\">Tema: Olhares plurais para as quest\u00f5es de g\u00eanero<\/span><\/p>\n<p><span style=\"font-weight: 400;\">Participantes: Profa. Dra. Eliane Rose Maio \u2013 UEM\u00a0<\/span><\/p>\n<p><span style=\"font-weight: 400;\">Profa. Me. Eliane Tortola \u2013 UEM\u00a0<\/span><\/p>\n<p><span style=\"font-weight: 400;\">Profa. Me. Crishna Mirella de Andrade Correa \u2013 UEM\u00a0<\/span><\/p>\n<p><span style=\"font-weight: 400;\">Media\u00e7\u00e3o: Prof. Dra. Adenize Franco \u2013 UENP\u00a0<\/span><\/p>\n<table>\n<tbody>\n<tr>\n<td><\/td>\n<td><\/td>\n<\/tr>\n<\/tbody>\n<\/table>\n<p>&nbsp;<\/p>\n<p><b>COFFEE BREAK<\/b><\/p>\n<p>&nbsp;<\/p>\n<p><b>APRESENTA\u00c7\u00c3O CULTURAL III<\/b><\/p>\n<p><span style=\"font-weight: 400;\">Local: CAT \u2013 Conjunto Amador de Teatro<\/span><\/p>\n<p><span style=\"font-weight: 400;\">Hor\u00e1rio: 21h15min<\/span><\/p>\n<p><span style=\"font-weight: 400;\">Tango\/Zouk fusion\u00a0<\/span><\/p>\n<p><span style=\"font-weight: 400;\">Nome da apresenta\u00e7\u00e3o: \u201cApenas corpos\u201d<\/span><\/p>\n<p><span style=\"font-weight: 400;\">Dan\u00e7arinas(o): Bruna Honorato<\/span><\/p>\n<p><span style=\"font-weight: 400;\">Danilo Schuenck<\/span><\/p>\n<p><span style=\"font-weight: 400;\">Eliane Tortola<\/span><\/p>\n<p>&nbsp;<\/p>\n<p><b>MESA REDONDA<\/b><\/p>\n<p><span style=\"font-weight: 400;\">Local: CAT \u2013 Conjunto Amador de Teatro<\/span><\/p>\n<p><span style=\"font-weight: 400;\">Hor\u00e1rio: 21h30min \u00e0s 22h40min<\/span><\/p>\n<p><span style=\"font-weight: 400;\">Tema: Jovens protagonistas na preven\u00e7\u00e3o DST\/AIDS<\/span><\/p>\n<p><span style=\"font-weight: 400;\">Participantes: Dr. Jan Walter Stegmann<\/span><span style=\"font-weight: 400;\">\u00a0<\/span><\/p>\n<p><span style=\"font-weight: 400;\">Rosa Vita de Almeida<\/span><\/p>\n<p><span style=\"font-weight: 400;\">Secretaria de Estado da Sa\u00fade do Paran\u00e1<\/span><\/p>\n<p><span style=\"font-weight: 400;\">Coordena\u00e7\u00e3o Estadual DST\/HIV\/AIDS\/HEPATITES<\/span><span style=\"font-weight: 400;\">\u00a0<\/span><\/p>\n<p><span style=\"font-weight: 400;\">Media\u00e7\u00e3o: Profa. Dra. Priscila Caroza Frasson Costa &#8211; UENP<\/span><\/p>\n<p>&nbsp;<\/p>\n<p><b>Dia 31 de outubro (Sexta-feira)<\/b><\/p>\n<p><b><i>MANH\u00c3<\/i><\/b><\/p>\n<p><b>COMUNICA\u00c7\u00d5ES ORAIS<\/b><\/p>\n<p><span style=\"font-weight: 400;\">Local: Pr\u00e9dio PDE \u2013 CJ \u2013 UENP<\/span><\/p>\n<p><span style=\"font-weight: 400;\">Hor\u00e1rio: 08h \u00e0s 12h\u00a0<\/span><\/p>\n<p>&nbsp;<\/p>\n<p><b><i>TARDE<\/i><\/b><\/p>\n<p><b>LAN\u00c7AMENTO DO DOCUMENT\u00c1RIO MORADA TRANSIT\u00d3RIA<\/b><\/p>\n<p><span style=\"font-weight: 400;\">Local: Anfiteatro do CCHE\/CLCA<\/span><\/p>\n<p><span style=\"font-weight: 400;\">Hor\u00e1rio: 14h \u00e0s 16h<\/span><\/p>\n<p><span style=\"font-weight: 400;\">Palestrante: Profa. Laysa Machado<\/span><\/p>\n<p>&nbsp;<\/p>\n<p><b>PALESTRA IV<\/b><\/p>\n<p><span style=\"font-weight: 400;\">Local: Anfiteatro do CCHE\/CLCA\u00a0<\/span><\/p>\n<p><span style=\"font-weight: 400;\">Hor\u00e1rio: 16h15min \u00e0s 18h<\/span><\/p>\n<p><span style=\"font-weight: 400;\">Tema: Aborto: um tema para ser pensado, sobretudo, nas universidades<\/span><\/p>\n<p><span style=\"font-weight: 400;\">Palestrante: Profa. Dra. Mary Neide Damico Figueir\u00f3<\/span><\/p>\n<p>&nbsp;<\/p>\n<p><b><i>NOITE<\/i><\/b><\/p>\n<p><b>PALESTRA V<\/b><\/p>\n<p><span style=\"font-weight: 400;\">Local: CAT \u2013 Conjunto Amador de Teatro<\/span><\/p>\n<p><span style=\"font-weight: 400;\">Hor\u00e1rio: 19h30min \u00e0s 20h30min<\/span><\/p>\n<p><span style=\"font-weight: 400;\">Tema: A influ\u00eancia das disfun\u00e7\u00f5es sexuais masculinas e femininas na din\u00e2mica do casal<\/span><\/p>\n<p><span style=\"font-weight: 400;\">Palestrante: Sex\u00f3loga Carla Cecarello<\/span><\/p>\n<p>&nbsp;<\/p>\n<p><b>PALESTRA VI<\/b><\/p>\n<p><span style=\"font-weight: 400;\">Local: CAT \u2013 Conjunto Amador de Teatro<\/span><\/p>\n<p><span style=\"font-weight: 400;\">Hor\u00e1rio: 20h30min \u00e0s 21h30min<\/span><\/p>\n<p><span style=\"font-weight: 400;\">Tema: Laicidade e direitos sexuais no Brasil<\/span><\/p>\n<p><span style=\"font-weight: 400;\">Palestrante: Profa. Dra.Tatiana Lion\u00e7o<\/span><\/p>\n<p>&nbsp;<\/p>\n<p><b>MON\u00d3LOGO \u2013 MORADA TRANSIT\u00d3RIA<\/b><\/p>\n<p><span style=\"font-weight: 400;\">Local: CAT \u2013 Conjunto Amador de Teatro<\/span><\/p>\n<p><span style=\"font-weight: 400;\">Hor\u00e1rio: 21h30 min<\/span><\/p>\n<p><span style=\"font-weight: 400;\">Tema: Travestilidade, transexualidade e Institui\u00e7\u00f5es excludentes<\/span><\/p>\n<p><span style=\"font-weight: 400;\">Participantes: Laysa Machado e M\u00e1rcio Ramos<\/span><\/p>\n<p><span style=\"font-weight: 400;\">Ilumina\u00e7\u00e3o: Gednilson Freitas<\/span><\/p>\n<p><b>COFFEE BREAK \/\u00a0 NOITE DE AUT\u00d3GRAFOS\u00a0<\/b><\/p>\n<p><b>EXPOSI\u00c7\u00c3O DE LIVROS<\/b><\/p>\n<p>&nbsp;<\/p>\n<p><b>Dia 01 de novembro (S\u00e1bado)<\/b><\/p>\n<p>&nbsp;<\/p>\n<p><b>PREMIA\u00c7\u00c3O DOS TRABALHOS\u00a0<\/b><\/p>\n<p>&nbsp;<\/p>\n<p><b>AVALIA\u00c7\u00c3O DO EVENTO<\/b><\/p>\n<p>&nbsp;<\/p>\n<p><b>ENTREGA DOS CERTIFICADOS<\/b><\/p>\n<p>&nbsp;<\/p>\n<p><b>ENCERRAMENTO<\/b><\/p>\n<p><span style=\"font-weight: 400;\">Local: Anfiteatro do CCHE\/CLCA<\/span><\/p>\n<p><span style=\"font-weight: 400;\">Hor\u00e1rio: 08h \u00e0s 12h<\/span><\/p>\n","protected":false},"excerpt":{"rendered":"","protected":false},"author":21,"featured_media":0,"parent":771,"menu_order":0,"comment_status":"closed","ping_status":"closed","template":"","meta":{"footnotes":""},"class_list":["post-1513","page","type-page","status-publish","hentry"],"_links":{"self":[{"href":"https:\/\/eventos.uenp.edu.br\/joresp\/wp-json\/wp\/v2\/pages\/1513","targetHints":{"allow":["GET"]}}],"collection":[{"href":"https:\/\/eventos.uenp.edu.br\/joresp\/wp-json\/wp\/v2\/pages"}],"about":[{"href":"https:\/\/eventos.uenp.edu.br\/joresp\/wp-json\/wp\/v2\/types\/page"}],"author":[{"embeddable":true,"href":"https:\/\/eventos.uenp.edu.br\/joresp\/wp-json\/wp\/v2\/users\/21"}],"replies":[{"embeddable":true,"href":"https:\/\/eventos.uenp.edu.br\/joresp\/wp-json\/wp\/v2\/comments?post=1513"}],"version-history":[{"count":2,"href":"https:\/\/eventos.uenp.edu.br\/joresp\/wp-json\/wp\/v2\/pages\/1513\/revisions"}],"predecessor-version":[{"id":1539,"href":"https:\/\/eventos.uenp.edu.br\/joresp\/wp-json\/wp\/v2\/pages\/1513\/revisions\/1539"}],"up":[{"embeddable":true,"href":"https:\/\/eventos.uenp.edu.br\/joresp\/wp-json\/wp\/v2\/pages\/771"}],"wp:attachment":[{"href":"https:\/\/eventos.uenp.edu.br\/joresp\/wp-json\/wp\/v2\/media?parent=1513"}],"curies":[{"name":"wp","href":"https:\/\/api.w.org\/{rel}","templated":true}]}}