{"id":1512,"date":"2025-12-05T15:49:24","date_gmt":"2025-12-05T18:49:24","guid":{"rendered":"https:\/\/eventos.uenp.edu.br\/joresp\/?page_id=1512"},"modified":"2025-12-05T16:38:58","modified_gmt":"2025-12-05T19:38:58","slug":"2016-2","status":"publish","type":"page","link":"https:\/\/eventos.uenp.edu.br\/joresp\/vii-edicao\/programacao\/2016-2\/","title":{"rendered":"2016"},"content":{"rendered":"<p><b>PROGRAMA\u00c7\u00c3O V JORESP E III CISEX \u2013 UENP \u2013 CJ<\/b><\/p>\n<p>&nbsp;<\/p>\n<p><b>Dia 25 de Setembro (Domingo)<\/b><\/p>\n<p><b><i>TARDE<\/i><\/b><\/p>\n<p><b>CREDENCIAMENTO<\/b><\/p>\n<p><span style=\"font-weight: 400;\">Local: CAT\u00a0 \u2013 Conjunto Amador de Teatro<\/span><\/p>\n<p><span style=\"font-weight: 400;\">Hor\u00e1rio: 14h<\/span><\/p>\n<p>&nbsp;<\/p>\n<p><b><i>NOITE<\/i><\/b><\/p>\n<p><b>CERIM\u00d4NIA DE ABERTURA<\/b><\/p>\n<p><span style=\"font-weight: 400;\">Local: CAT\u00a0 \u2013 Conjunto Amador de Teatro<\/span><\/p>\n<p><span style=\"font-weight: 400;\">Hor\u00e1rio: 19h<\/span><\/p>\n<p>&nbsp;<\/p>\n<p><b>APRESENTA\u00c7\u00c3O CULTURAL<\/b><\/p>\n<p><span style=\"font-weight: 400;\">Local: CAT\u00a0 \u2013 Conjunto Amador de Teatro<\/span><\/p>\n<p><span style=\"font-weight: 400;\">Hor\u00e1rio: 19h30 min.<\/span><\/p>\n<p><span style=\"font-weight: 400;\">Dan\u00e7a de sal\u00e3o contempor\u00e2nea<\/span><\/p>\n<p><span style=\"font-weight: 400;\">Nome da apresenta\u00e7\u00e3o: Connected in love<\/span><\/p>\n<p><span style=\"font-weight: 400;\">Dan\u00e7arinos: Thiago Henrique Boa Sorte e Eduardo Ara\u00fajo<\/span><\/p>\n<p>&nbsp;<\/p>\n<p><b>CONFER\u00caNCIA DE ABERTURA\u00a0<\/b><\/p>\n<p><span style=\"font-weight: 400;\">Local: CAT\u00a0 \u2013 Conjunto Amador de Teatro<\/span><\/p>\n<p><span style=\"font-weight: 400;\">Hor\u00e1rio: 20h<\/span><\/p>\n<p><span style=\"font-weight: 400;\">Tema: Sexualidade e Defici\u00eancia intelectual: apontamentos sobre a Educa\u00e7\u00e3o Sexual<\/span><\/p>\n<p><span style=\"font-weight: 400;\">Palestrante: Profa. Dra. Ana Cl\u00e1udia Bortolozzi Maia (UNESP\/Bauru-SP)<\/span><\/p>\n<p>&nbsp;<\/p>\n<p><b>MESA REDONDA<\/b><\/p>\n<p><span style=\"font-weight: 400;\">Local: CAT\u00a0 \u2013 Conjunto Amador de Teatro<\/span><\/p>\n<p><span style=\"font-weight: 400;\">Hor\u00e1rio: 21h<\/span><\/p>\n<p><span style=\"font-weight: 400;\">Tema: Pol\u00edticas p\u00fablicas de g\u00eanero em sa\u00fade e educa\u00e7\u00e3o: a escola p\u00fablica tem partido? Discuss\u00f5es sobre a Escola sem Partido e a Lei da Morda\u00e7a!<\/span><\/p>\n<p><span style=\"font-weight: 400;\">Palestrantes: Profa. Dra. Eliane Rose Maio (UEM\/Maring\u00e1-PR)<\/span><\/p>\n<p><span style=\"font-weight: 400;\">Prof. Ddo. Luiz Fabiano Zanatta (UENP\/Bandeirantes-Pr)<\/span><\/p>\n<p><span style=\"font-weight: 400;\">Mediador: Prof. Dr. Jorge Sobral da Silva Maia (UENP\/Jacarezinho-PR)<\/span><\/p>\n<p>&nbsp;<\/p>\n<p><b>COFFEE BREAK<\/b><\/p>\n<p><span style=\"font-weight: 400;\">Hor\u00e1rio: 22h 30min.<\/span><\/p>\n<p>&nbsp;<\/p>\n<p><b>Dia 26 de Setembro (Segunda-feira)<\/b><\/p>\n<p>&nbsp;<\/p>\n<p><b><i>MANH\u00c3\/TARDE<\/i><\/b><\/p>\n<p><b>APRESENTA\u00c7\u00c3O E EXPOSI\u00c7\u00c3O DE P\u00d4STERES<\/b><\/p>\n<p><span style=\"font-weight: 400;\">Local: Centro Cultural Prof. Isidoro Selonk \u2013 CCHE\/CLCA &#8211; CJ \u2013 UENP<\/span><\/p>\n<p><span style=\"font-weight: 400;\">Hor\u00e1rio: 8h \u00e0s 12h<\/span><\/p>\n<p>&nbsp;<\/p>\n<p><b>COMUNICA\u00c7\u00d5ES ORAIS<\/b><\/p>\n<p><span style=\"font-weight: 400;\">Local: Audit\u00f3rio do CCHE\/CLCA do CJ\/UENP\u00a0<\/span><\/p>\n<p><span style=\"font-weight: 400;\">Hor\u00e1rio: 8h \u00e0s 12h\u00a0<\/span><\/p>\n<p>&nbsp;<\/p>\n<p><b><i>TARDE<\/i><\/b><\/p>\n<p><b>OFICINAS<\/b><\/p>\n<p><span style=\"font-weight: 400;\">Local: Bloco 3. Salas dos cursos de Ci\u00eancias Biol\u00f3gicas e Matem\u00e1tica do CCHE<\/span><\/p>\n<p><span style=\"font-weight: 400;\">Hor\u00e1rio: 14h \u00e0s 18h<\/span><\/p>\n<p>&nbsp;<\/p>\n<p><b>PALESTRA<\/b><\/p>\n<p><span style=\"font-weight: 400;\">Local: Audit\u00f3rio do CCHE\/CLCA do CJ\/UENP<\/span><\/p>\n<p><span style=\"font-weight: 400;\">Hor\u00e1rio: 14h<\/span><\/p>\n<p><span style=\"font-weight: 400;\">Tema: Universidades p\u00fablicas, nome social e as transexualidades<\/span><\/p>\n<p><span style=\"font-weight: 400;\">Palestrante: Profa. Dra. Crishna Mirella de Andrade Correa (UEM\/Maring\u00e1-PR)<\/span><\/p>\n<p>&nbsp;<\/p>\n<p><b>MESA REDONDA<\/b><\/p>\n<p><span style=\"font-weight: 400;\">Local: Audit\u00f3rio do CCHE\/CLCA do CJ\/UENP<\/span><\/p>\n<p><span style=\"font-weight: 400;\">Hor\u00e1rio: 15h<\/span><\/p>\n<p><span style=\"font-weight: 400;\">Tema: Objetiva\u00e7\u00f5es da Sexualidade e dos g\u00eaneros \u2013 Curr\u00edculo e Artefatos Culturais<\/span><\/p>\n<p><span style=\"font-weight: 400;\">Participantes: Profa. Dda. Eliane Tortola (UEM\/Maring\u00e1-PR)<\/span><\/p>\n<p><span style=\"font-weight: 400;\">Profa. Dda. Fabiana Aparecida de Carvalho (UEM\/Maring\u00e1-PR)<\/span><\/p>\n<p><span style=\"font-weight: 400;\">Media\u00e7\u00e3o: Prof. Dr. Jean Carlos Moreno (UENP\/Jacarezinho-PR)<\/span><\/p>\n<p>&nbsp;<\/p>\n<p><b><i>NOITE<\/i><\/b><\/p>\n<p><b>OFICINA DRAG KING<\/b><\/p>\n<p><span style=\"font-weight: 400;\">Local: Sala 25 do Bloco III do CCHE<\/span><\/p>\n<p><span style=\"font-weight: 400;\">Hor\u00e1rio: 19h \u00e0s 21h<\/span><\/p>\n<p><span style=\"font-weight: 400;\">Tema: Qual\/Como \u00e9 a tua masculinidade?<\/span><\/p>\n<p><span style=\"font-weight: 400;\">Oficineira: Profa. Me. Camille Roberta Balestieri (UJFJ\/Juiz de Fora-MG)<\/span><\/p>\n<p><span style=\"font-weight: 400;\">Limite de 20 participantes<\/span><\/p>\n<p>&nbsp;<\/p>\n<p><b>APRESENTA\u00c7\u00c3O CULTURAL<\/b><\/p>\n<p><span style=\"font-weight: 400;\">Local: Audit\u00f3rio do CCHE\/CLCA &#8211; UENP<\/span><\/p>\n<p><span style=\"font-weight: 400;\">Hor\u00e1rio: 19h30 min.<\/span><\/p>\n<p><span style=\"font-weight: 400;\">Performance<\/span><\/p>\n<p><span style=\"font-weight: 400;\">Nome da apresenta\u00e7\u00e3o: Abra-se<\/span><\/p>\n<p><span style=\"font-weight: 400;\">Performer: Profa. Dda. Fabiana Aparecida de Carvalho (UEM\/Maring\u00e1-PR)<\/span><\/p>\n<p>&nbsp;<\/p>\n<p><b>MESA REDONDA<\/b><\/p>\n<p><span style=\"font-weight: 400;\">Local: Audit\u00f3rio do CCHE\/CLCA &#8211; UENP\u00a0<\/span><\/p>\n<p><span style=\"font-weight: 400;\">Hor\u00e1rio: 20h \u00e0s 21h\u00a0<\/span><\/p>\n<p><span style=\"font-weight: 400;\">Tema: Grupos de Pesquisas em Sexualidade e Educa\u00e7\u00e3o Sexual<\/span><\/p>\n<p><span style=\"font-weight: 400;\">Participantes: Profa. Dra. Maria Alves de Toledo Bruns (PUC\/S\u00e3o Paulo-SP)<\/span><\/p>\n<p><span style=\"font-weight: 400;\">Profa. Dra. Mary Neide Damico Figueir\u00f3 (UEL\/Londrina-PR)<\/span><\/p>\n<p><span style=\"font-weight: 400;\">Media\u00e7\u00e3o: Prof. Dr. Ricardo Desid\u00e9rio da Silva (UNESPAR\/Apucarana-PR)<\/span><\/p>\n<p>&nbsp;<\/p>\n<p><b>INTERVEN\u00c7\u00c3O DO CENTRO ACAD\u00caMICO DE CI\u00caNCIAS BIOL\u00d3GICAS E DO DIRET\u00d3RIO ACAD\u00caMICO\u00a0<\/b><\/p>\n<p><b>BRUNO PORF\u00d3LIO<\/b><\/p>\n<p><b>DESFILE<\/b><\/p>\n<p><span style=\"font-weight: 400;\">Local: Centro Cultural Prof. Isidoro Selonk \u2013 CJ \u2013 UENP<\/span><\/p>\n<p><span style=\"font-weight: 400;\">Hor\u00e1rio: 21h \u00e0s 21h40 min.<\/span><\/p>\n<p>&nbsp;<\/p>\n<p><b>PALESTRA<\/b><\/p>\n<p><span style=\"font-weight: 400;\">Local: Local: Audit\u00f3rio do CCHE\/CLCA &#8211; UENP\u00a0<\/span><\/p>\n<p><span style=\"font-weight: 400;\">Hor\u00e1rio: 21h40 min.<\/span><\/p>\n<p><span style=\"font-weight: 400;\">Tema: O conceito de G\u00eanero: usos e controv\u00e9rsias na sociedade contempor\u00e2nea.<\/span><\/p>\n<p><span style=\"font-weight: 400;\">Palestrante: Let\u00edcia Lanz<\/span><\/p>\n<p>&nbsp;<\/p>\n<p><b>JANTAR DE ABERTURA DO IV JORESP E II CISEX\/UENP (por ades\u00e3o)<\/b><\/p>\n<p><span style=\"font-weight: 400;\">Local: Hotel Casagrande<\/span><\/p>\n<p><span style=\"font-weight: 400;\">Hor\u00e1rio: 23h<\/span><\/p>\n<p>&nbsp;<\/p>\n<p><b>Dia 27 de setembro (Ter\u00e7a-feira)<\/b><\/p>\n<p>&nbsp;<\/p>\n<p><b><i>TARDE<\/i><\/b><\/p>\n<p><b>MESA REDONDA<\/b><\/p>\n<p><span style=\"font-weight: 400;\">Local: Audit\u00f3rio DO CCHE\/CLCA \u2013 CJ \u2013 UENP<\/span><\/p>\n<p><span style=\"font-weight: 400;\">Hor\u00e1rio: 14h<\/span><\/p>\n<p><span style=\"font-weight: 400;\">Tema: Educa\u00e7\u00e3o e sa\u00fade p\u00fablica: a quest\u00e3o da mulher negra cis e transg\u00eanera<\/span><\/p>\n<p><span style=\"font-weight: 400;\">Participantes: Profa. Dra. Eliane Oliveira (UEM\/Maring\u00e1)<\/span><\/p>\n<p><span style=\"font-weight: 400;\">Profa. Ma. Daniele Oliveira (UEM\/Maring\u00e1)<\/span><\/p>\n<p><span style=\"font-weight: 400;\">Media\u00e7\u00e3o: Prof. Dr. Antonio Donizeti Fernandes (UENP\/Jacrezinho-PR)<\/span><\/p>\n<p>&nbsp;<\/p>\n<p><b><i>NOITE<\/i><\/b><\/p>\n<p><b>MESA REDONDA<\/b><\/p>\n<p><span style=\"font-weight: 400;\">Local: Audit\u00f3rio DO CCHE\/CLCA \u2013 CJ \u2013 UENP\u00a0<\/span><\/p>\n<p><span style=\"font-weight: 400;\">Hor\u00e1rio: 19h 30min.<\/span><\/p>\n<p><span style=\"font-weight: 400;\">Tema: G\u00eanero e diversidade sexual: desafios das licenciaturas<\/span><\/p>\n<p><span style=\"font-weight: 400;\">Participantes: Prof. Dra. Priscila Carozza Frasson (UENP\/Bandeirantes-PR)<\/span><\/p>\n<p><span style=\"font-weight: 400;\">Profa. Dra. Maria Cristina Cavaleiro (UENP\/Corn\u00e9lio Proc\u00f3pio-PR)<\/span><\/p>\n<p><span style=\"font-weight: 400;\">Media\u00e7\u00e3o:\u00a0 Prof. Dr. Mateus Luiz Biancon (UENP\/Jacarezinho-PR)<\/span><\/p>\n<p>&nbsp;<\/p>\n<p><b>COFFEE BREAK \/ LAN\u00c7AMENTO DE LIVROS \/ NOITE DE AUT\u00d3GRAFOS<\/b><\/p>\n<p><span style=\"font-weight: 400;\">Local: Centro Cultural Prof. Isidoro Selonk \u2013 CJ \u2013 UENP<\/span><\/p>\n<p><span style=\"font-weight: 400;\">Hor\u00e1rio: 21h \u00e0s 21h30 min.<\/span><\/p>\n<p>&nbsp;<\/p>\n<p><b>MESA REDONDA<\/b><\/p>\n<p><span style=\"font-weight: 400;\">Local: Local: Audit\u00f3rio do CCHE\/CLCA &#8211; UENP\u00a0<\/span><\/p>\n<p><span style=\"font-weight: 400;\">Hor\u00e1rio: 21h30 min.<\/span><\/p>\n<p><span style=\"font-weight: 400;\">Tema: As pol\u00edticas p\u00fablicas educacionais e em sa\u00fade e as quest\u00f5es de g\u00eanero e em sexualidades.<\/span><\/p>\n<p><span style=\"font-weight: 400;\">Participantes: Prof. Dr. Fernando Alves de Brito (UENP\/Jacarezinho-PR)<\/span><\/p>\n<p><span style=\"font-weight: 400;\">Prof. Dr. Edinilson Donisete Machado (UENP\/Jacarezinho-PR)<\/span><\/p>\n<p><span style=\"font-weight: 400;\">Media\u00e7\u00e3o: Prof. Dr. Mauricio Gon\u00e7alves Saliba (UENP\/Jacarezinho-PR)<\/span><\/p>\n<p>&nbsp;<\/p>\n<p><b>Dia 28 de setembro (Quarta-feira)<\/b><\/p>\n<p><b><i>TARDE<\/i><\/b><\/p>\n<p><b>PREMIA\u00c7\u00c3O DOS TRABALHOS\u00a0<\/b><\/p>\n<p>&nbsp;<\/p>\n<p><b>AVALIA\u00c7\u00c3O DO EVENTO<\/b><\/p>\n<p>&nbsp;<\/p>\n<p><b>ENTREGA DOS CERTIFICADOS<\/b><\/p>\n<p>&nbsp;<\/p>\n<p><b><i>NOITE<\/i><\/b><\/p>\n<p><b>APRESENTA\u00c7\u00c3O CULTURAL<\/b><\/p>\n<p><span style=\"font-weight: 400;\">Local: Centro Cultural Prof. Isidoro Selonk \u2013 CJ \u2013 UENP<\/span><\/p>\n<p><span style=\"font-weight: 400;\">Hor\u00e1rio: 19h30 min.<\/span><\/p>\n<p><span style=\"font-weight: 400;\">BATERIA<\/span><\/p>\n<p><span style=\"font-weight: 400;\">Bateria Capiau do CCSA\/CJ<\/span><\/p>\n<p>&nbsp;<\/p>\n<p><b>MESA REDONDA<\/b><\/p>\n<p><span style=\"font-weight: 400;\">Local: Pr\u00e9dio PDE \u2013 CJ \u2013 UENP<\/span><\/p>\n<p><span style=\"font-weight: 400;\">Hor\u00e1rio: 20h<\/span><\/p>\n<p><span style=\"font-weight: 400;\">Tema: A literatura sob a \u00f3ptica da Educa\u00e7\u00e3o em Sexualidades e as Pol\u00edticas P\u00fablicas Educacionais na Am\u00e9rica do Sul<\/span><\/p>\n<p><span style=\"font-weight: 400;\">Participantes: Prof. Dr. Ricardo Andr\u00e9 Ferreira Martins (UENP\/Jacarezinho-PR)<\/span><\/p>\n<p><span style=\"font-weight: 400;\">Prof. Dr. Luiz Carlos Simon (UEL\/Londrina-PR)<\/span><\/p>\n<p><span style=\"font-weight: 400;\">Profa. Ma. Melida Paola Frye Cordoba (UPTC\/Col\u00f4mbia) e Dda. de interc\u00e2mbio UEL<\/span><\/p>\n<p><span style=\"font-weight: 400;\">Izabel Cristina Marson &#8211; UEL<\/span><\/p>\n<p><span style=\"font-weight: 400;\">Media\u00e7\u00e3o: Profa. Dra. Luciana Brito (UENP\/Jacrezinho-PR)<\/span><\/p>\n<p>&nbsp;<\/p>\n<p><b>Dia 29 de setembro (Quinta-feira)<\/b><\/p>\n<p>&nbsp;<\/p>\n<p><b><i>NOITE<\/i><\/b><\/p>\n<p><b>APRESENTA\u00c7\u00c3O CULTURAL (TEATRO)<\/b><\/p>\n<p><span style=\"font-weight: 400;\">Local: CAT\u00a0 \u2013 Conjunto Amador de Teatro<\/span><\/p>\n<p><span style=\"font-weight: 400;\">Hor\u00e1rio: 20h<\/span><\/p>\n<p><span style=\"font-weight: 400;\">Nome da apresenta\u00e7\u00e3o: <\/span><span style=\"font-weight: 400;\">O Evangelho Segundo Jesus, Rainha do C\u00e9u<\/span><span style=\"font-weight: 400;\">\u00a0<\/span><\/p>\n<p><span style=\"font-weight: 400;\">Dire\u00e7\u00e3o: <\/span><span style=\"font-weight: 400;\">Renata Carvalho<\/span><\/p>\n<p><span style=\"font-weight: 400;\">Elenco: Renata Carvalho<\/span><\/p>\n<p><span style=\"font-weight: 400;\">DEJO CLIFFORD<\/span><\/p>\n<p>&nbsp;<\/p>\n","protected":false},"excerpt":{"rendered":"","protected":false},"author":21,"featured_media":0,"parent":771,"menu_order":0,"comment_status":"closed","ping_status":"closed","template":"","meta":{"footnotes":""},"class_list":["post-1512","page","type-page","status-publish","hentry"],"_links":{"self":[{"href":"https:\/\/eventos.uenp.edu.br\/joresp\/wp-json\/wp\/v2\/pages\/1512","targetHints":{"allow":["GET"]}}],"collection":[{"href":"https:\/\/eventos.uenp.edu.br\/joresp\/wp-json\/wp\/v2\/pages"}],"about":[{"href":"https:\/\/eventos.uenp.edu.br\/joresp\/wp-json\/wp\/v2\/types\/page"}],"author":[{"embeddable":true,"href":"https:\/\/eventos.uenp.edu.br\/joresp\/wp-json\/wp\/v2\/users\/21"}],"replies":[{"embeddable":true,"href":"https:\/\/eventos.uenp.edu.br\/joresp\/wp-json\/wp\/v2\/comments?post=1512"}],"version-history":[{"count":3,"href":"https:\/\/eventos.uenp.edu.br\/joresp\/wp-json\/wp\/v2\/pages\/1512\/revisions"}],"predecessor-version":[{"id":1538,"href":"https:\/\/eventos.uenp.edu.br\/joresp\/wp-json\/wp\/v2\/pages\/1512\/revisions\/1538"}],"up":[{"embeddable":true,"href":"https:\/\/eventos.uenp.edu.br\/joresp\/wp-json\/wp\/v2\/pages\/771"}],"wp:attachment":[{"href":"https:\/\/eventos.uenp.edu.br\/joresp\/wp-json\/wp\/v2\/media?parent=1512"}],"curies":[{"name":"wp","href":"https:\/\/api.w.org\/{rel}","templated":true}]}}