{"id":1511,"date":"2025-12-05T15:49:24","date_gmt":"2025-12-05T18:49:24","guid":{"rendered":"https:\/\/eventos.uenp.edu.br\/joresp\/?page_id=1511"},"modified":"2025-12-08T08:00:10","modified_gmt":"2025-12-08T11:00:10","slug":"2018-2","status":"publish","type":"page","link":"https:\/\/eventos.uenp.edu.br\/joresp\/vii-edicao\/programacao\/2018-2\/","title":{"rendered":"2018"},"content":{"rendered":"<p><b>PROGRAMA\u00c7\u00c3O VI JORESP E I CESC \u2013 UENP \u2013 CJ<\/b><\/p>\n<p>&nbsp;<\/p>\n<p><b>Dia 30 de Setembro (Sexta)<\/b><\/p>\n<p>&nbsp;<\/p>\n<p><b><i>MANH\u00c3<\/i><\/b><\/p>\n<p><b>CREDENCIAMENTO<\/b><\/p>\n<p><span style=\"font-weight: 400;\">Local: PDE \u2013 Programa de Desenvolvimento Educacional \u2013 CJ\/UENP<\/span><\/p>\n<p><span style=\"font-weight: 400;\">Hor\u00e1rio: 8h \u00e0s 20h<\/span><\/p>\n<p>&nbsp;<\/p>\n<p><b><i>MANH\u00c3\/TARDE<\/i><\/b><\/p>\n<p><b>APRESENTA\u00c7\u00c3O E EXPOSI\u00c7\u00c3O DE P\u00d4STERES I<\/b><\/p>\n<p><span style=\"font-weight: 400;\">Local: PDE \u2013 Programa de Desenvolvimento Educacional \u2013 CJ\/UENP<\/span><\/p>\n<p><span style=\"font-weight: 400;\">Hor\u00e1rio: 8h \u00e0s 17h<\/span><\/p>\n<p><b><i>Banca examinadora da Apresenta\u00e7\u00e3o dos Trabalhos<\/i><\/b><\/p>\n<p><span style=\"font-weight: 400;\">Ser\u00e1 divulgada por edital<\/span><\/p>\n<p>&nbsp;<\/p>\n<p><b>COMUNICA\u00c7\u00d5ES ORAIS I<\/b><\/p>\n<p><span style=\"font-weight: 400;\">Local: PDE \u2013 Programa de Desenvolvimento Educacional \u2013 CJ\/UENP<\/span><\/p>\n<p><span style=\"font-weight: 400;\">Hor\u00e1rio: 14h \u00e0s 16h<\/span><\/p>\n<p><b><i>Banca examinadora da Apresenta\u00e7\u00e3o dos Trabalhos<\/i><\/b><\/p>\n<p><span style=\"font-weight: 400;\">Ser\u00e1 divulgada por edital<\/span><\/p>\n<p>&nbsp;<\/p>\n<p><b><i>NOITE<\/i><\/b><\/p>\n<p><b>CERIM\u00d4NIA DE ABERTURA<\/b><\/p>\n<p><span style=\"font-weight: 400;\">Local: Audit\u00f3rio do PDE\/CJ \u2013 UENP<\/span><\/p>\n<p><span style=\"font-weight: 400;\">Hor\u00e1rio: 19h30 min<\/span><\/p>\n<p>&nbsp;<\/p>\n<p><b>APRESENTA\u00c7\u00c3O ART\u00cdSTICA E CULTURAL<\/b><\/p>\n<p><span style=\"font-weight: 400;\">Local: Audit\u00f3rio do PDE\/CJ \u2013 UENP<\/span><\/p>\n<p><span style=\"font-weight: 400;\">Hor\u00e1rio: 20h<\/span><\/p>\n<p><span style=\"font-weight: 400;\">DAN\u00c7A<\/span><\/p>\n<p>&nbsp;<\/p>\n<p><b>CONFER\u00caNCIA DE ABERTURA\u00a0<\/b><\/p>\n<p><span style=\"font-weight: 400;\">Local: Audit\u00f3rio do PDE \u2013 Programa de Desenvolvimento Educacional<\/span><\/p>\n<p><span style=\"font-weight: 400;\">Hor\u00e1rio: 20h.<\/span><\/p>\n<p><span style=\"font-weight: 400;\">Tema: A extrema direita no Brasil e o cen\u00e1rio pol\u00edtico ideol\u00f3gico sobre a popula\u00e7\u00e3o LGBTQIAPN+<\/span><\/p>\n<p>&nbsp;<\/p>\n<p><b>JANTAR DE ABERTURA (por ades\u00e3o)<\/b><\/p>\n<p>&nbsp;<\/p>\n<p><b>Dia 31 de Setembro (S\u00e1bado)<\/b><\/p>\n<p><b><i>TARDE<\/i><\/b><\/p>\n<p><b>Conversas com pessoas LGBTQIAPN<\/b><\/p>\n<p><span style=\"font-weight: 400;\">Local: Pra\u00e7a Rui Barbosa\u00a0<\/span><\/p>\n<p><span style=\"font-weight: 400;\">Hor\u00e1rio: 8h<\/span><\/p>\n<p>&nbsp;<\/p>\n<p><b><i>NOITE<\/i><\/b><\/p>\n<p><b>APRESENTA\u00c7\u00c3O ART\u00cdSTICA E CULTURAL<\/b><\/p>\n<p><b>BAILE DE MARCHINHA<\/b><\/p>\n<p><span style=\"font-weight: 400;\">Local: Rua Santos Dumont, 131 (Esq. Pra\u00e7a Rui Barbosa)<\/span><\/p>\n<p><span style=\"font-weight: 400;\">Hor\u00e1rio: 18h \u00e0s 22h<\/span><\/p>\n<p>&nbsp;<\/p>\n<p><b>Dia 01 de Setembro (Domingo)<\/b><\/p>\n<p><b><i>TARDE<\/i><\/b><\/p>\n<p><b>SEXTA MARCHA CULTURAL DA DIVERSIDADE ALGBTI+ DE JACAREZINHO<\/b><\/p>\n<p><span style=\"font-weight: 400;\">Local: Centro de Ci\u00eancias Humanas e da Educa\u00e7\u00e3o e Centro de Letras, Artes e Comunica\u00e7\u00e3o da UENP.<\/span><\/p>\n<p><span style=\"font-weight: 400;\">Hor\u00e1rio: 14h \u00e0s 22h<\/span><\/p>\n<p><span style=\"font-weight: 400;\">Tema: O que define a minha fam\u00edlia \u00e9 o amor. E a sua?<\/span><\/p>\n<p>&nbsp;<\/p>\n<p><b>Dia 02 de Setembro (Segunda-feira)<\/b><\/p>\n<p><b><i>TARDE<\/i><\/b><\/p>\n<p><b>MESA REDONDA<\/b><\/p>\n<p><span style=\"font-weight: 400;\">Local: Audit\u00f3rio do PDE \u2013 CJ \u2013 UENP<\/span><\/p>\n<p><span style=\"font-weight: 400;\">Hor\u00e1rio: 14h<\/span><\/p>\n<p><span style=\"font-weight: 400;\">Tema: Encontro de vozes: perspectivas de g\u00eanero na literatura.<\/span><\/p>\n<p>&nbsp;<\/p>\n<p><b><i>NOITE<\/i><\/b><\/p>\n<p><b>APRESENTA\u00c7\u00c3O E EXPOSI\u00c7\u00c3O DE P\u00d4STERES II<\/b><\/p>\n<p><span style=\"font-weight: 400;\">Local: PDE \u2013 Programa de Desenvolvimento Educacional \u2013 CJ\/UENP<\/span><\/p>\n<p><span style=\"font-weight: 400;\">Hor\u00e1rio:19h<\/span><\/p>\n<p><b><i>Banca examinadora da Apresenta\u00e7\u00e3o dos Trabalhos<\/i><\/b><\/p>\n<p><span style=\"font-weight: 400;\">Ser\u00e1 divulgada por edital<\/span><\/p>\n<p>&nbsp;<\/p>\n<p><b>MESA REDONDA<\/b><\/p>\n<p><span style=\"font-weight: 400;\">Local: Audit\u00f3rio do PDE \u2013 CJ \u2013 UENP<\/span><\/p>\n<p><span style=\"font-weight: 400;\">Hor\u00e1rio: 19h30 min.<\/span><\/p>\n<p><span style=\"font-weight: 400;\">Tema: Sa\u00fade da Popula\u00e7\u00e3o LGBTQIAPN+.<\/span><\/p>\n<p>&nbsp;<\/p>\n<p><b>COFFEE BREAK<\/b><\/p>\n<p>&nbsp;<\/p>\n<p><b>Dia 03 de setembro (Ter\u00e7a-feira)<\/b><\/p>\n<p><b>PALESTRA<\/b><\/p>\n<p><span style=\"font-weight: 400;\">Local: Audit\u00f3rio do PDE \u2013 Programa de Desenvolvimento Educacional<\/span><\/p>\n<p><span style=\"font-weight: 400;\">Hor\u00e1rio: 13h<\/span><\/p>\n<p><span style=\"font-weight: 400;\">Tema: Direitos Humanos<\/span><\/p>\n<p>&nbsp;<\/p>\n<p><b><i>NOITE<\/i><\/b><\/p>\n<p>&nbsp;<\/p>\n<p><b>APRESENTA\u00c7\u00c3O ART\u00cdSTICA E CULTURAL<\/b><\/p>\n<p>&nbsp;<\/p>\n<p><b>OFICINA DRAG KING<\/b><\/p>\n<p><span style=\"font-weight: 400;\">Local: Bloco III do Centro de Ci\u00eancias Humanas e da Educa\u00e7\u00e3o<\/span><\/p>\n<p><span style=\"font-weight: 400;\">Hor\u00e1rio: 20h<\/span><\/p>\n<p><span style=\"font-weight: 400;\">Tema: Qual\/Como \u00e9 a tua masculinidade?<\/span><\/p>\n<p><span style=\"font-weight: 400;\">Limite de 20 participantes<\/span><\/p>\n<p>&nbsp;<\/p>\n<p><b>CIRCO<\/b><\/p>\n<p><span style=\"font-weight: 400;\">Local: Audit\u00f3rio do PDE \u2013 Programa de Desenvolvimento Educacional<\/span><\/p>\n<p><span style=\"font-weight: 400;\">Hor\u00e1rio: 20h<\/span><\/p>\n<p>&nbsp;<\/p>\n<p><b>MESA REDONDA<\/b><\/p>\n<p><span style=\"font-weight: 400;\">Local: Audit\u00f3rio do PDE \u2013 CJ \u2013 UENP<\/span><\/p>\n<p><span style=\"font-weight: 400;\">Hor\u00e1rio: 14h<\/span><\/p>\n<p><span style=\"font-weight: 400;\">Tema: Pol\u00edticas P\u00f9blicas.<\/span><\/p>\n<p>&nbsp;<\/p>\n<p><b>MINICURSO A (8h)<\/b><\/p>\n<p><span style=\"font-weight: 400;\">Data: 1 e 2 de setembro das 8h \u00e0s 12h<\/span><\/p>\n<p><span style=\"font-weight: 400;\">Local: Bloco 3 \u2013 Laborat\u00f3rio de Microscopia<\/span><\/p>\n<p><span style=\"font-weight: 400;\">Tema: Encontro de vozes e o HIV: a biologia, a medicina, as pol\u00edticas p\u00fablicas da 19\u00aa Reginonal de Sa\u00fade, as experi\u00eancias da CISNORPI e da Vigil\u00e2ncia Epidemiol\u00f3gica de Jacarezinho, a conviv\u00eancia com o v\u00edrus, o Encontro Estadual de Protagonismo Juvenil na Preven\u00e7\u00e3o das IST e a Forma\u00e7\u00e3o de Professores de Ci\u00eancias e Biologia.<\/span><\/p>\n<p><span style=\"font-weight: 400;\">Participantes: Profa. Dra. Cibele Bender Raio \u2013 UENP\/Jacarezinho.<\/span><\/p>\n<p><span style=\"font-weight: 400;\">Prof. Dr. Mateus Luiz Biancon \u2013 UENP\/Jacarezinho.<\/span><\/p>\n<p><span style=\"font-weight: 400;\">Bioqu\u00edmico Dr. Narciso Junior Vieira<\/span><\/p>\n<p><span style=\"font-weight: 400;\">M\u00e9dica Infectologista Daniele Orlandini<\/span><\/p>\n<p><span style=\"font-weight: 400;\">Me. Milene Moraes Vieira \u2013 Enfermeira da Vigil\u00e2ncia Epidemiol\u00f3gica da 19\u00aa Regional de Sa\u00fade de Jacarezinho<\/span><\/p>\n<p><span style=\"font-weight: 400;\">Esp. Suelene Manfre Petermann Dias Spagnuolo \u2013 Enfermeira e diretora do Setor de Vigil\u00e2ncia Epidemiol\u00f3gica da SMS de Jacarezinho<\/span><\/p>\n<p><span style=\"font-weight: 400;\">Esp. Jana\u00edna Luiz Pereira \u2013 Enfermeira chefe do centro regional de especialidades da CISNORPI (Cons\u00f3rcio Intermunicipal de Sa\u00fade do Norte Pioneiro).<\/span><\/p>\n<p>&nbsp;<\/p>\n<p><b>MINICURSO B (4h)<\/b><\/p>\n<p><span style=\"font-weight: 400;\">Data: 2 de setembro das 8h \u00e0s 12h<\/span><\/p>\n<p><span style=\"font-weight: 400;\">Local: Bloco 3 \u2013 Laborat\u00f3rio de Bioqu\u00edmica<\/span><\/p>\n<p><span style=\"font-weight: 400;\">Tema: IST \u2013 Infecc\u00e7\u00f5es Sexualmente Transmiss\u00edveis: s\u00edfilis, gonorr\u00e9ia e hepatites virais.<\/span><\/p>\n<p><span style=\"font-weight: 400;\">Participantes: Prof. Dr. Dyego Leonardo Ferraz Caetano \u2013 UENP\/Jacarezinho.<\/span><\/p>\n<p><span style=\"font-weight: 400;\">Esp. Suelene Manfre Petermann Dias Spagnuolo \u2013 Enfermeira e diretora do Setor de Vigil\u00e2ncia Epidemiol\u00f3gica da SMS de Jacarezinho<\/span><\/p>\n","protected":false},"excerpt":{"rendered":"","protected":false},"author":21,"featured_media":0,"parent":771,"menu_order":0,"comment_status":"closed","ping_status":"closed","template":"","meta":{"footnotes":""},"class_list":["post-1511","page","type-page","status-publish","hentry"],"_links":{"self":[{"href":"https:\/\/eventos.uenp.edu.br\/joresp\/wp-json\/wp\/v2\/pages\/1511","targetHints":{"allow":["GET"]}}],"collection":[{"href":"https:\/\/eventos.uenp.edu.br\/joresp\/wp-json\/wp\/v2\/pages"}],"about":[{"href":"https:\/\/eventos.uenp.edu.br\/joresp\/wp-json\/wp\/v2\/types\/page"}],"author":[{"embeddable":true,"href":"https:\/\/eventos.uenp.edu.br\/joresp\/wp-json\/wp\/v2\/users\/21"}],"replies":[{"embeddable":true,"href":"https:\/\/eventos.uenp.edu.br\/joresp\/wp-json\/wp\/v2\/comments?post=1511"}],"version-history":[{"count":3,"href":"https:\/\/eventos.uenp.edu.br\/joresp\/wp-json\/wp\/v2\/pages\/1511\/revisions"}],"predecessor-version":[{"id":1541,"href":"https:\/\/eventos.uenp.edu.br\/joresp\/wp-json\/wp\/v2\/pages\/1511\/revisions\/1541"}],"up":[{"embeddable":true,"href":"https:\/\/eventos.uenp.edu.br\/joresp\/wp-json\/wp\/v2\/pages\/771"}],"wp:attachment":[{"href":"https:\/\/eventos.uenp.edu.br\/joresp\/wp-json\/wp\/v2\/media?parent=1511"}],"curies":[{"name":"wp","href":"https:\/\/api.w.org\/{rel}","templated":true}]}}