{"id":1508,"date":"2025-12-05T15:49:24","date_gmt":"2025-12-05T18:49:24","guid":{"rendered":"https:\/\/eventos.uenp.edu.br\/joresp\/?page_id=1508"},"modified":"2025-12-05T15:56:40","modified_gmt":"2025-12-05T18:56:40","slug":"2026-2","status":"publish","type":"page","link":"https:\/\/eventos.uenp.edu.br\/joresp\/vii-edicao\/programacao\/2026-2\/","title":{"rendered":"2026"},"content":{"rendered":"<p><span style=\"font-weight: 400;\">A programa\u00e7\u00e3o completa da VIII JORESP e III CESC est\u00e1 em fase de elabora\u00e7\u00e3o e ser\u00e1 disponibilizada em breve nesta p\u00e1gina. Acompanhe nossas atualiza\u00e7\u00f5es!<\/span><\/p>\n","protected":false},"excerpt":{"rendered":"","protected":false},"author":21,"featured_media":0,"parent":771,"menu_order":0,"comment_status":"closed","ping_status":"closed","template":"","meta":{"footnotes":""},"class_list":["post-1508","page","type-page","status-publish","hentry"],"_links":{"self":[{"href":"https:\/\/eventos.uenp.edu.br\/joresp\/wp-json\/wp\/v2\/pages\/1508","targetHints":{"allow":["GET"]}}],"collection":[{"href":"https:\/\/eventos.uenp.edu.br\/joresp\/wp-json\/wp\/v2\/pages"}],"about":[{"href":"https:\/\/eventos.uenp.edu.br\/joresp\/wp-json\/wp\/v2\/types\/page"}],"author":[{"embeddable":true,"href":"https:\/\/eventos.uenp.edu.br\/joresp\/wp-json\/wp\/v2\/users\/21"}],"replies":[{"embeddable":true,"href":"https:\/\/eventos.uenp.edu.br\/joresp\/wp-json\/wp\/v2\/comments?post=1508"}],"version-history":[{"count":3,"href":"https:\/\/eventos.uenp.edu.br\/joresp\/wp-json\/wp\/v2\/pages\/1508\/revisions"}],"predecessor-version":[{"id":1532,"href":"https:\/\/eventos.uenp.edu.br\/joresp\/wp-json\/wp\/v2\/pages\/1508\/revisions\/1532"}],"up":[{"embeddable":true,"href":"https:\/\/eventos.uenp.edu.br\/joresp\/wp-json\/wp\/v2\/pages\/771"}],"wp:attachment":[{"href":"https:\/\/eventos.uenp.edu.br\/joresp\/wp-json\/wp\/v2\/media?parent=1508"}],"curies":[{"name":"wp","href":"https:\/\/api.w.org\/{rel}","templated":true}]}}